{"id":598066,"date":"2025-10-22T08:47:16","date_gmt":"2025-10-22T06:47:16","guid":{"rendered":"https:\/\/selleetools.com\/?post_type=product&#038;p=598066"},"modified":"2025-12-26T16:43:58","modified_gmt":"2025-12-26T15:43:58","slug":"pyunkang-yul-sleeping-mask-120-ml-ceramidowa-maska-na-noc","status":"publish","type":"product","link":"https:\/\/admincentral.selleetools.com\/pl\/product\/pyunkang-yul-sleeping-mask-120-ml-ceramidowa-maska-na-noc\/","title":{"rendered":"Pyunkang Yul Sleeping Mask 120 ml &#8211; Ceramidowa maska na noc"},"content":{"rendered":"<p>Pyunkang Yul Sleeping Mask to nawil\u017caj\u0105ca i regeneruj\u0105ca maska na noc, stworzona przez renomowan\u0105 korea\u0144sk\u0105 mark\u0119 Pyunkang Yul. Kosmetyk ten zosta\u0142 opracowany z my\u015bl\u0105 o intensywnej piel\u0119gnacji sk\u00f3ry w czasie snu, kiedy to sk\u00f3ra jest najbardziej podatna na wch\u0142anianie sk\u0142adnik\u00f3w aktywnych. Maska zawiera starannie dobrane sk\u0142adniki, takie jak ekstrakt z korzenia astragalusa, kt\u00f3ry jest znany ze swoich w\u0142a\u015bciwo\u015bci koj\u0105cych i przeciwzapalnych.<\/p>\n<p>Korzy\u015bci dla sk\u00f3ry:<br \/>\nG\u0142\u0119bokie nawil\u017cenie: Formu\u0142a bogata w substancje nawil\u017caj\u0105ce, kt\u00f3re zapewniaj\u0105 sk\u00f3rze odpowiedni poziom nawil\u017cenia przez ca\u0142\u0105 noc.<br \/>\nRegeneracja: Pomaga odbudowa\u0107 barier\u0119 ochronn\u0105 sk\u00f3ry, wspieraj\u0105c jej naturalny proces regeneracji.<br \/>\nPoprawa elastyczno\u015bci: Regularne stosowanie maski przyczynia si\u0119 do zwi\u0119kszenia elastyczno\u015bci sk\u00f3ry, czyni\u0105c j\u0105 bardziej j\u0119drn\u0105 i napi\u0119t\u0105.<br \/>\nRedukcja zaczerwienie\u0144: Dzi\u0119ki w\u0142a\u015bciwo\u015bciom koj\u0105cym i przeciwzapalnym, maska zmniejsza zaczerwienienia i podra\u017cnienia sk\u00f3ry.<br \/>\nRoz\u015bwietlenie: Sk\u00f3ra staje si\u0119 widocznie bardziej promienna i pe\u0142na blasku po przebudzeniu.<\/p>\n<p>Spos\u00f3b u\u017cycia:<br \/>\nPo wieczornym oczyszczeniu twarzy, na\u0142\u00f3\u017c tonik i serum wed\u0142ug swojego codziennego rytua\u0142u piel\u0119gnacyjnego.<br \/>\nNa\u0142\u00f3\u017c odpowiedni\u0105 ilo\u015b\u0107 Pyunkang Yul Sleeping Mask na twarz, delikatnie wklepuj\u0105c kosmetyk w sk\u00f3r\u0119.<br \/>\nPozostaw mask\u0119 na noc, nie sp\u0142ukuj\u0105c jej.<br \/>\nRano umyj twarz letni\u0105 wod\u0105 i kontynuuj swoj\u0105 porann\u0105 rutyn\u0119 piel\u0119gnacyjn\u0105.<\/p>\n<p>Pyunkang Yul Sleeping Mask to doskona\u0142y wyb\u00f3r dla os\u00f3b pragn\u0105cych zapewni\u0107 swojej sk\u00f3rze intensywn\u0105 piel\u0119gnacj\u0119 i regeneracj\u0119 podczas snu.<\/p>\n","protected":false},"excerpt":{"rendered":"<p>Pyunkang Yul Sleeping Mask to nawil\u017caj\u0105ca i regeneruj\u0105ca maska na noc, stworzona przez renomowan\u0105 korea\u0144sk\u0105 mark\u0119 Pyunkang Yul. Kosmetyk ten zosta\u0142 opracowany z my\u015bl\u0105 o intensywnej piel\u0119gnacji sk\u00f3ry w czasie snu, kiedy to sk\u00f3ra jest najbardziej podatna na wch\u0142anianie sk\u0142adnik\u00f3w aktywnych. Maska zawiera starannie dobrane sk\u0142adniki, takie jak ekstrakt z korzenia astragalusa, kt\u00f3ry jest znany &#8230; <a title=\"Pyunkang Yul Sleeping Mask 120 ml &#8211; Ceramidowa maska na noc\" class=\"read-more\" href=\"https:\/\/admincentral.selleetools.com\/pl\/product\/pyunkang-yul-sleeping-mask-120-ml-ceramidowa-maska-na-noc\/\">Read more<span class=\"screen-reader-text\">Pyunkang Yul Sleeping Mask 120 ml &#8211; Ceramidowa maska na noc<\/span><\/a><\/p>\n","protected":false},"featured_media":598060,"comment_status":"open","ping_status":"closed","template":"","meta":{"_links_to":"","_links_to_target":""},"yoast_head":"<!-- This site is optimized with the Yoast SEO plugin v19.4 - https:\/\/yoast.com\/wordpress\/plugins\/seo\/ -->\n<title>Pyunkang Yul Sleeping Mask 120 ml - Ceramidowa maska na noc - Selleetools.com<\/title>\n<meta name=\"robots\" content=\"index, follow, max-snippet:-1, max-image-preview:large, max-video-preview:-1\" \/>\n<link rel=\"canonical\" href=\"https:\/\/selleetools.com\/pl\/product\/pyunkang-yul-sleeping-mask-120-ml-ceramidowa-maska-na-noc\/\" \/>\n<meta property=\"og:locale\" content=\"pl_PL\" \/>\n<meta property=\"og:type\" content=\"article\" \/>\n<meta property=\"og:title\" content=\"Pyunkang Yul Sleeping Mask 120 ml - Ceramidowa maska na noc - Selleetools.com\" \/>\n<meta property=\"og:description\" content=\"Pyunkang Yul Sleeping Mask to nawil\u017caj\u0105ca i regeneruj\u0105ca maska na noc, stworzona przez renomowan\u0105 korea\u0144sk\u0105 mark\u0119 Pyunkang Yul. Kosmetyk ten zosta\u0142 opracowany z my\u015bl\u0105 o intensywnej piel\u0119gnacji sk\u00f3ry w czasie snu, kiedy to sk\u00f3ra jest najbardziej podatna na wch\u0142anianie sk\u0142adnik\u00f3w aktywnych. Maska zawiera starannie dobrane sk\u0142adniki, takie jak ekstrakt z korzenia astragalusa, kt\u00f3ry jest znany ... Read morePyunkang Yul Sleeping Mask 120 ml &#8211; Ceramidowa maska na noc\" \/>\n<meta property=\"og:url\" content=\"https:\/\/selleetools.com\/pl\/product\/pyunkang-yul-sleeping-mask-120-ml-ceramidowa-maska-na-noc\/\" \/>\n<meta property=\"og:site_name\" content=\"Selleetools.com\" \/>\n<meta property=\"article:modified_time\" content=\"2025-12-26T15:43:58+00:00\" \/>\n<meta property=\"og:image\" content=\"https:\/\/selleetools.com\/wp-content\/uploads\/2025\/10\/e7bf6d6d51b9b43fabbb614ee356aff0.jpg\" \/>\n\t<meta property=\"og:image:width\" content=\"1000\" \/>\n\t<meta property=\"og:image:height\" content=\"1000\" \/>\n\t<meta property=\"og:image:type\" content=\"image\/jpeg\" \/>\n<meta name=\"twitter:card\" content=\"summary_large_image\" \/>\n<meta name=\"twitter:label1\" content=\"Est. reading time\" \/>\n\t<meta name=\"twitter:data1\" content=\"1 minuta\" \/>\n<!-- \/ Yoast SEO plugin. -->","yoast_head_json":{"title":"Pyunkang Yul Sleeping Mask 120 ml - Ceramidowa maska na noc - Selleetools.com","robots":{"index":"index","follow":"follow","max-snippet":"max-snippet:-1","max-image-preview":"max-image-preview:large","max-video-preview":"max-video-preview:-1"},"canonical":"https:\/\/selleetools.com\/pl\/product\/pyunkang-yul-sleeping-mask-120-ml-ceramidowa-maska-na-noc\/","og_locale":"pl_PL","og_type":"article","og_title":"Pyunkang Yul Sleeping Mask 120 ml - Ceramidowa maska na noc - Selleetools.com","og_description":"Pyunkang Yul Sleeping Mask to nawil\u017caj\u0105ca i regeneruj\u0105ca maska na noc, stworzona przez renomowan\u0105 korea\u0144sk\u0105 mark\u0119 Pyunkang Yul. Kosmetyk ten zosta\u0142 opracowany z my\u015bl\u0105 o intensywnej piel\u0119gnacji sk\u00f3ry w czasie snu, kiedy to sk\u00f3ra jest najbardziej podatna na wch\u0142anianie sk\u0142adnik\u00f3w aktywnych. Maska zawiera starannie dobrane sk\u0142adniki, takie jak ekstrakt z korzenia astragalusa, kt\u00f3ry jest znany ... Read morePyunkang Yul Sleeping Mask 120 ml &#8211; Ceramidowa maska na noc","og_url":"https:\/\/selleetools.com\/pl\/product\/pyunkang-yul-sleeping-mask-120-ml-ceramidowa-maska-na-noc\/","og_site_name":"Selleetools.com","article_modified_time":"2025-12-26T15:43:58+00:00","og_image":[{"width":1000,"height":1000,"url":"https:\/\/selleetools.com\/wp-content\/uploads\/2025\/10\/e7bf6d6d51b9b43fabbb614ee356aff0.jpg","type":"image\/jpeg"}],"twitter_card":"summary_large_image","twitter_misc":{"Est. reading time":"1 minuta"},"schema":{"@context":"https:\/\/schema.org","@graph":[{"@type":"Organization","@id":"https:\/\/selleetools.com\/#organization","name":"Selleetools","url":"https:\/\/selleetools.com\/","sameAs":[],"logo":{"@type":"ImageObject","inLanguage":"pl-PL","@id":"https:\/\/selleetools.com\/#\/schema\/logo\/image\/","url":"https:\/\/selleetools.com\/wp-content\/uploads\/2021\/10\/logo-dark.png","contentUrl":"https:\/\/selleetools.com\/wp-content\/uploads\/2021\/10\/logo-dark.png","width":320,"height":76,"caption":"Selleetools"},"image":{"@id":"https:\/\/selleetools.com\/#\/schema\/logo\/image\/"}},{"@type":"WebSite","@id":"https:\/\/selleetools.com\/#website","url":"https:\/\/selleetools.com\/","name":"Selleetools.com","description":"","publisher":{"@id":"https:\/\/selleetools.com\/#organization"},"potentialAction":[{"@type":"SearchAction","target":{"@type":"EntryPoint","urlTemplate":"https:\/\/selleetools.com\/?s={search_term_string}"},"query-input":"required name=search_term_string"}],"inLanguage":"pl-PL"},{"@type":"WebPage","@id":"https:\/\/selleetools.com\/pl\/product\/pyunkang-yul-sleeping-mask-120-ml-ceramidowa-maska-na-noc\/","url":"https:\/\/selleetools.com\/pl\/product\/pyunkang-yul-sleeping-mask-120-ml-ceramidowa-maska-na-noc\/","name":"Pyunkang Yul Sleeping Mask 120 ml - Ceramidowa maska na noc - Selleetools.com","isPartOf":{"@id":"https:\/\/selleetools.com\/#website"},"datePublished":"2025-10-22T06:47:16+00:00","dateModified":"2025-12-26T15:43:58+00:00","breadcrumb":{"@id":"https:\/\/selleetools.com\/pl\/product\/pyunkang-yul-sleeping-mask-120-ml-ceramidowa-maska-na-noc\/#breadcrumb"},"inLanguage":"pl-PL","potentialAction":[{"@type":"ReadAction","target":["https:\/\/selleetools.com\/pl\/product\/pyunkang-yul-sleeping-mask-120-ml-ceramidowa-maska-na-noc\/"]}]},{"@type":"BreadcrumbList","@id":"https:\/\/selleetools.com\/pl\/product\/pyunkang-yul-sleeping-mask-120-ml-ceramidowa-maska-na-noc\/#breadcrumb","itemListElement":[{"@type":"ListItem","position":1,"name":"Home","item":"https:\/\/selleetools.com\/pl\/"},{"@type":"ListItem","position":2,"name":"Katalog","item":"https:\/\/selleetools.com\/pl\/katalog\/"},{"@type":"ListItem","position":3,"name":"Pyunkang Yul Sleeping Mask 120 ml &#8211; Ceramidowa maska na noc"}]}]}},"_links":{"self":[{"href":"https:\/\/admincentral.selleetools.com\/pl\/wp-json\/wp\/v2\/product\/598066"}],"collection":[{"href":"https:\/\/admincentral.selleetools.com\/pl\/wp-json\/wp\/v2\/product"}],"about":[{"href":"https:\/\/admincentral.selleetools.com\/pl\/wp-json\/wp\/v2\/types\/product"}],"replies":[{"embeddable":true,"href":"https:\/\/admincentral.selleetools.com\/pl\/wp-json\/wp\/v2\/comments?post=598066"}],"wp:featuredmedia":[{"embeddable":true,"href":"https:\/\/admincentral.selleetools.com\/pl\/wp-json\/wp\/v2\/media\/598060"}],"wp:attachment":[{"href":"https:\/\/admincentral.selleetools.com\/pl\/wp-json\/wp\/v2\/media?parent=598066"}],"curies":[{"name":"wp","href":"https:\/\/api.w.org\/{rel}","templated":true}]}}