{"id":598097,"date":"2025-10-22T08:47:48","date_gmt":"2025-10-22T06:47:48","guid":{"rendered":"https:\/\/selleetools.com\/?post_type=product&#038;p=598097"},"modified":"2025-12-26T16:44:00","modified_gmt":"2025-12-26T15:44:00","slug":"cosrx-pure-fit-cica-pad-90-szt-kojace-platki-do-twarzy","status":"publish","type":"product","link":"https:\/\/admincentral.selleetools.com\/pl\/product\/cosrx-pure-fit-cica-pad-90-szt-kojace-platki-do-twarzy\/","title":{"rendered":"COSRX Pure Fit Cica PAD 90 szt &#8211; koj\u0105ce p\u0142atki do twarzy"},"content":{"rendered":"<p>COSRX Pure Fit Cica PAD to intensywnie koj\u0105ce p\u0142atki nas\u0105czone formu\u0142\u0105 z 83,2% Pure Fit CICA-7 Complex, kt\u00f3ry zawiera 7 sk\u0142adnik\u00f3w aktywnych z w\u0105kroty azjatyckiej. Dzi\u0119ki temu produkt skutecznie \u0142agodzi podra\u017cnion\u0105 sk\u00f3r\u0119, redukuje zaczerwienienia i przyspiesza proces regeneracji. P\u0142atki dostarczaj\u0105 sk\u00f3rze niezb\u0119dne nawil\u017cenie, a tak\u017ce pomagaj\u0105 w utrzymaniu r\u00f3wnowagi sk\u00f3rnej. P\u0142atki s\u0105 idealnym rozwi\u0105zaniem dla sk\u00f3ry wra\u017cliwej i sk\u0142onnej do podra\u017cnie\u0144, a ich ch\u0142odz\u0105ce dzia\u0142anie zapewnia komfort i ukojenie.<\/p>\n<p>Korzy\u015bci dla sk\u00f3ry:<br \/>\nIntensywne nawil\u017cenie i ukojenie sk\u00f3ry dzi\u0119ki Pure Fit CICA-7 Complex<br \/>\nRedukcja podra\u017cnie\u0144 oraz \u0142agodzenie zaczerwienie\u0144<br \/>\nPoprawa regeneracji sk\u00f3ry, wspomaganie jej naturalnych proces\u00f3w naprawczych<br \/>\nPrzywr\u00f3cenie r\u00f3wnowagi sk\u00f3rnej, zapewniaj\u0105c komfort i g\u0142adko\u015b\u0107<\/p>\n<p>Spos\u00f3b u\u017cycia: Na oczyszczon\u0105 sk\u00f3r\u0119, na\u0142\u00f3\u017c p\u0142atek na miejsca wymagaj\u0105ce ukojenia na 5-10 minut. Po zdj\u0119ciu p\u0142atka, delikatnie wklep pozosta\u0142\u0105 esencj\u0119 w sk\u00f3r\u0119, aby wspom\u00f3c jej wch\u0142anianie.<\/p>\n","protected":false},"excerpt":{"rendered":"<p>COSRX Pure Fit Cica PAD to intensywnie koj\u0105ce p\u0142atki nas\u0105czone formu\u0142\u0105 z 83,2% Pure Fit CICA-7 Complex, kt\u00f3ry zawiera 7 sk\u0142adnik\u00f3w aktywnych z w\u0105kroty azjatyckiej. Dzi\u0119ki temu produkt skutecznie \u0142agodzi podra\u017cnion\u0105 sk\u00f3r\u0119, redukuje zaczerwienienia i przyspiesza proces regeneracji. P\u0142atki dostarczaj\u0105 sk\u00f3rze niezb\u0119dne nawil\u017cenie, a tak\u017ce pomagaj\u0105 w utrzymaniu r\u00f3wnowagi sk\u00f3rnej. P\u0142atki s\u0105 idealnym rozwi\u0105zaniem dla &#8230; <a title=\"COSRX Pure Fit Cica PAD 90 szt &#8211; koj\u0105ce p\u0142atki do twarzy\" class=\"read-more\" href=\"https:\/\/admincentral.selleetools.com\/pl\/product\/cosrx-pure-fit-cica-pad-90-szt-kojace-platki-do-twarzy\/\">Read more<span class=\"screen-reader-text\">COSRX Pure Fit Cica PAD 90 szt &#8211; koj\u0105ce p\u0142atki do twarzy<\/span><\/a><\/p>\n","protected":false},"featured_media":598095,"comment_status":"open","ping_status":"closed","template":"","meta":{"_links_to":"","_links_to_target":""},"yoast_head":"<!-- This site is optimized with the Yoast SEO plugin v19.4 - https:\/\/yoast.com\/wordpress\/plugins\/seo\/ -->\n<title>COSRX Pure Fit Cica PAD 90 szt - koj\u0105ce p\u0142atki do twarzy - Selleetools.com<\/title>\n<meta name=\"robots\" content=\"index, follow, max-snippet:-1, max-image-preview:large, max-video-preview:-1\" \/>\n<link rel=\"canonical\" href=\"https:\/\/selleetools.com\/pl\/product\/cosrx-pure-fit-cica-pad-90-szt-kojace-platki-do-twarzy\/\" \/>\n<meta property=\"og:locale\" content=\"pl_PL\" \/>\n<meta property=\"og:type\" content=\"article\" \/>\n<meta property=\"og:title\" content=\"COSRX Pure Fit Cica PAD 90 szt - koj\u0105ce p\u0142atki do twarzy - Selleetools.com\" \/>\n<meta property=\"og:description\" content=\"COSRX Pure Fit Cica PAD to intensywnie koj\u0105ce p\u0142atki nas\u0105czone formu\u0142\u0105 z 83,2% Pure Fit CICA-7 Complex, kt\u00f3ry zawiera 7 sk\u0142adnik\u00f3w aktywnych z w\u0105kroty azjatyckiej. Dzi\u0119ki temu produkt skutecznie \u0142agodzi podra\u017cnion\u0105 sk\u00f3r\u0119, redukuje zaczerwienienia i przyspiesza proces regeneracji. P\u0142atki dostarczaj\u0105 sk\u00f3rze niezb\u0119dne nawil\u017cenie, a tak\u017ce pomagaj\u0105 w utrzymaniu r\u00f3wnowagi sk\u00f3rnej. P\u0142atki s\u0105 idealnym rozwi\u0105zaniem dla ... Read moreCOSRX Pure Fit Cica PAD 90 szt &#8211; koj\u0105ce p\u0142atki do twarzy\" \/>\n<meta property=\"og:url\" content=\"https:\/\/selleetools.com\/pl\/product\/cosrx-pure-fit-cica-pad-90-szt-kojace-platki-do-twarzy\/\" \/>\n<meta property=\"og:site_name\" content=\"Selleetools.com\" \/>\n<meta property=\"article:modified_time\" content=\"2025-12-26T15:44:00+00:00\" \/>\n<meta property=\"og:image\" content=\"https:\/\/selleetools.com\/wp-content\/uploads\/2025\/10\/0c58a25983a3da9547bd549fbd774ef1.jpg\" \/>\n\t<meta property=\"og:image:width\" content=\"550\" \/>\n\t<meta property=\"og:image:height\" content=\"550\" \/>\n\t<meta property=\"og:image:type\" content=\"image\/jpeg\" \/>\n<meta name=\"twitter:card\" content=\"summary_large_image\" \/>\n<meta name=\"twitter:label1\" content=\"Est. reading time\" \/>\n\t<meta name=\"twitter:data1\" content=\"1 minuta\" \/>\n<!-- \/ Yoast SEO plugin. -->","yoast_head_json":{"title":"COSRX Pure Fit Cica PAD 90 szt - koj\u0105ce p\u0142atki do twarzy - Selleetools.com","robots":{"index":"index","follow":"follow","max-snippet":"max-snippet:-1","max-image-preview":"max-image-preview:large","max-video-preview":"max-video-preview:-1"},"canonical":"https:\/\/selleetools.com\/pl\/product\/cosrx-pure-fit-cica-pad-90-szt-kojace-platki-do-twarzy\/","og_locale":"pl_PL","og_type":"article","og_title":"COSRX Pure Fit Cica PAD 90 szt - koj\u0105ce p\u0142atki do twarzy - Selleetools.com","og_description":"COSRX Pure Fit Cica PAD to intensywnie koj\u0105ce p\u0142atki nas\u0105czone formu\u0142\u0105 z 83,2% Pure Fit CICA-7 Complex, kt\u00f3ry zawiera 7 sk\u0142adnik\u00f3w aktywnych z w\u0105kroty azjatyckiej. Dzi\u0119ki temu produkt skutecznie \u0142agodzi podra\u017cnion\u0105 sk\u00f3r\u0119, redukuje zaczerwienienia i przyspiesza proces regeneracji. P\u0142atki dostarczaj\u0105 sk\u00f3rze niezb\u0119dne nawil\u017cenie, a tak\u017ce pomagaj\u0105 w utrzymaniu r\u00f3wnowagi sk\u00f3rnej. P\u0142atki s\u0105 idealnym rozwi\u0105zaniem dla ... Read moreCOSRX Pure Fit Cica PAD 90 szt &#8211; koj\u0105ce p\u0142atki do twarzy","og_url":"https:\/\/selleetools.com\/pl\/product\/cosrx-pure-fit-cica-pad-90-szt-kojace-platki-do-twarzy\/","og_site_name":"Selleetools.com","article_modified_time":"2025-12-26T15:44:00+00:00","og_image":[{"width":550,"height":550,"url":"https:\/\/selleetools.com\/wp-content\/uploads\/2025\/10\/0c58a25983a3da9547bd549fbd774ef1.jpg","type":"image\/jpeg"}],"twitter_card":"summary_large_image","twitter_misc":{"Est. reading time":"1 minuta"},"schema":{"@context":"https:\/\/schema.org","@graph":[{"@type":"Organization","@id":"https:\/\/selleetools.com\/#organization","name":"Selleetools","url":"https:\/\/selleetools.com\/","sameAs":[],"logo":{"@type":"ImageObject","inLanguage":"pl-PL","@id":"https:\/\/selleetools.com\/#\/schema\/logo\/image\/","url":"https:\/\/selleetools.com\/wp-content\/uploads\/2021\/10\/logo-dark.png","contentUrl":"https:\/\/selleetools.com\/wp-content\/uploads\/2021\/10\/logo-dark.png","width":320,"height":76,"caption":"Selleetools"},"image":{"@id":"https:\/\/selleetools.com\/#\/schema\/logo\/image\/"}},{"@type":"WebSite","@id":"https:\/\/selleetools.com\/#website","url":"https:\/\/selleetools.com\/","name":"Selleetools.com","description":"","publisher":{"@id":"https:\/\/selleetools.com\/#organization"},"potentialAction":[{"@type":"SearchAction","target":{"@type":"EntryPoint","urlTemplate":"https:\/\/selleetools.com\/?s={search_term_string}"},"query-input":"required name=search_term_string"}],"inLanguage":"pl-PL"},{"@type":"WebPage","@id":"https:\/\/selleetools.com\/pl\/product\/cosrx-pure-fit-cica-pad-90-szt-kojace-platki-do-twarzy\/","url":"https:\/\/selleetools.com\/pl\/product\/cosrx-pure-fit-cica-pad-90-szt-kojace-platki-do-twarzy\/","name":"COSRX Pure Fit Cica PAD 90 szt - koj\u0105ce p\u0142atki do twarzy - Selleetools.com","isPartOf":{"@id":"https:\/\/selleetools.com\/#website"},"datePublished":"2025-10-22T06:47:48+00:00","dateModified":"2025-12-26T15:44:00+00:00","breadcrumb":{"@id":"https:\/\/selleetools.com\/pl\/product\/cosrx-pure-fit-cica-pad-90-szt-kojace-platki-do-twarzy\/#breadcrumb"},"inLanguage":"pl-PL","potentialAction":[{"@type":"ReadAction","target":["https:\/\/selleetools.com\/pl\/product\/cosrx-pure-fit-cica-pad-90-szt-kojace-platki-do-twarzy\/"]}]},{"@type":"BreadcrumbList","@id":"https:\/\/selleetools.com\/pl\/product\/cosrx-pure-fit-cica-pad-90-szt-kojace-platki-do-twarzy\/#breadcrumb","itemListElement":[{"@type":"ListItem","position":1,"name":"Home","item":"https:\/\/selleetools.com\/pl\/"},{"@type":"ListItem","position":2,"name":"Katalog","item":"https:\/\/selleetools.com\/pl\/katalog\/"},{"@type":"ListItem","position":3,"name":"COSRX Pure Fit Cica PAD 90 szt &#8211; koj\u0105ce p\u0142atki do twarzy"}]}]}},"_links":{"self":[{"href":"https:\/\/admincentral.selleetools.com\/pl\/wp-json\/wp\/v2\/product\/598097"}],"collection":[{"href":"https:\/\/admincentral.selleetools.com\/pl\/wp-json\/wp\/v2\/product"}],"about":[{"href":"https:\/\/admincentral.selleetools.com\/pl\/wp-json\/wp\/v2\/types\/product"}],"replies":[{"embeddable":true,"href":"https:\/\/admincentral.selleetools.com\/pl\/wp-json\/wp\/v2\/comments?post=598097"}],"wp:featuredmedia":[{"embeddable":true,"href":"https:\/\/admincentral.selleetools.com\/pl\/wp-json\/wp\/v2\/media\/598095"}],"wp:attachment":[{"href":"https:\/\/admincentral.selleetools.com\/pl\/wp-json\/wp\/v2\/media?parent=598097"}],"curies":[{"name":"wp","href":"https:\/\/api.w.org\/{rel}","templated":true}]}}