{"id":598110,"date":"2025-10-22T08:47:58","date_gmt":"2025-10-22T06:47:58","guid":{"rendered":"https:\/\/selleetools.com\/?post_type=product&#038;p=598110"},"modified":"2025-12-26T16:44:06","modified_gmt":"2025-12-26T15:44:06","slug":"pyunkang-yul-black-tea-line-gift-set-zestaw-prezentowy-linii-z-czarnej-herbaty-zel-tonik-serum-krem","status":"publish","type":"product","link":"https:\/\/admincentral.selleetools.com\/pl\/product\/pyunkang-yul-black-tea-line-gift-set-zestaw-prezentowy-linii-z-czarnej-herbaty-zel-tonik-serum-krem\/","title":{"rendered":"Pyunkang Yul Black Tea Line Gift Set &#8211; Zestaw prezentowy linii z czarnej herbaty (\u017cel + tonik + serum + krem)"},"content":{"rendered":"<p>Pyunkang Yul Black Tea Line Gift Set to luksusowy zestaw kosmetyk\u00f3w, kt\u00f3ry zawiera produkty oparte na ekstrakcie z czarnej herbaty. Linia ta zosta\u0142a stworzona z my\u015bl\u0105 o kompleksowej piel\u0119gnacji sk\u00f3ry, szczeg\u00f3lnie dla os\u00f3b poszukuj\u0105cych produkt\u00f3w o silnych w\u0142a\u015bciwo\u015bciach przeciwstarzeniowych. Ka\u017cdy produkt w zestawie dzia\u0142a harmonijnie, aby poprawi\u0107 elastyczno\u015b\u0107 sk\u00f3ry, zredukowa\u0107 zmarszczki i nada\u0107 jej promienny wygl\u0105d.<\/p>\n<p>Zestaw zawiera:<br \/>\n\u017bel\/piank\u0119 do mycia twarzy<br \/>\nTonik z czarnej herbaty<br \/>\nSerum z czarnej herbaty<br \/>\nKrem z czarnej herbaty<\/p>\n<p>Korzy\u015bci dla sk\u00f3ry:<br \/>\nPrzeciwstarzeniowe w\u0142a\u015bciwo\u015bci: Ekstrakt z czarnej herbaty jest bogaty w przeciwutleniacze, kt\u00f3re pomagaj\u0105 zwalcza\u0107 wolne rodniki, chroni\u0105c sk\u00f3r\u0119 przed przedwczesnym starzeniem.<br \/>\nNawil\u017cenie: Produkty w zestawie zapewniaj\u0105 g\u0142\u0119bokie nawil\u017cenie, co jest kluczowe dla zachowania m\u0142odzie\u0144czego wygl\u0105du sk\u00f3ry.<br \/>\nPoprawa elastyczno\u015bci: Regularne stosowanie pomaga wzmocni\u0107 struktur\u0119 sk\u00f3ry, czyni\u0105c j\u0105 bardziej j\u0119drn\u0105 i elastyczn\u0105.<br \/>\nRoz\u015bwietlenie: Zawarte w produktach sk\u0142adniki pomagaj\u0105 wyr\u00f3wna\u0107 koloryt sk\u00f3ry i nadaj\u0105 jej zdrowy blask.<\/p>\n<p>Spos\u00f3b u\u017cycia:<br \/>\nKrok 1: Oczyszczanie &#8211; U\u017cyj delikatnego \u017celu lub pianki do mycia twarzy, aby usun\u0105\u0107 zanieczyszczenia i przygotowa\u0107 sk\u00f3r\u0119 do dalszej piel\u0119gnacji.<br \/>\nKrok 2: Tonizowanie &#8211; Na\u0142\u00f3\u017c tonik z czarnej herbaty za pomoc\u0105 wacika lub d\u0142oni, delikatnie wklepuj\u0105c go w sk\u00f3r\u0119.<br \/>\nKrok 3: Serum &#8211; Na\u0142\u00f3\u017c serum z czarnej herbaty, kt\u00f3re intensywnie nawil\u017ca i od\u017cywia sk\u00f3r\u0119.<br \/>\nKrok 4: Krem &#8211; Zako\u0144cz piel\u0119gnacj\u0119, aplikuj\u0105c krem, kt\u00f3ry zamyka wilgo\u0107 w sk\u00f3rze i chroni j\u0105 przed czynnikami zewn\u0119trznymi.<\/p>\n<p>Pyunkang Yul Black Tea Line Gift Set to idealny prezent dla ka\u017cdego, kto pragnie zadba\u0107 o swoj\u0105 sk\u00f3r\u0119 w spos\u00f3b kompleksowy i skuteczny.<\/p>\n","protected":false},"excerpt":{"rendered":"<p>Pyunkang Yul Black Tea Line Gift Set to luksusowy zestaw kosmetyk\u00f3w, kt\u00f3ry zawiera produkty oparte na ekstrakcie z czarnej herbaty. Linia ta zosta\u0142a stworzona z my\u015bl\u0105 o kompleksowej piel\u0119gnacji sk\u00f3ry, szczeg\u00f3lnie dla os\u00f3b poszukuj\u0105cych produkt\u00f3w o silnych w\u0142a\u015bciwo\u015bciach przeciwstarzeniowych. Ka\u017cdy produkt w zestawie dzia\u0142a harmonijnie, aby poprawi\u0107 elastyczno\u015b\u0107 sk\u00f3ry, zredukowa\u0107 zmarszczki i nada\u0107 jej promienny &#8230; <a title=\"Pyunkang Yul Black Tea Line Gift Set &#8211; Zestaw prezentowy linii z czarnej herbaty (\u017cel + tonik + serum + krem)\" class=\"read-more\" href=\"https:\/\/admincentral.selleetools.com\/pl\/product\/pyunkang-yul-black-tea-line-gift-set-zestaw-prezentowy-linii-z-czarnej-herbaty-zel-tonik-serum-krem\/\">Read more<span class=\"screen-reader-text\">Pyunkang Yul Black Tea Line Gift Set &#8211; Zestaw prezentowy linii z czarnej herbaty (\u017cel + tonik + serum + krem)<\/span><\/a><\/p>\n","protected":false},"featured_media":598104,"comment_status":"open","ping_status":"closed","template":"","meta":{"_links_to":"","_links_to_target":""},"yoast_head":"<!-- This site is optimized with the Yoast SEO plugin v19.4 - https:\/\/yoast.com\/wordpress\/plugins\/seo\/ -->\n<title>Pyunkang Yul Black Tea Line Gift Set - Zestaw prezentowy linii z czarnej herbaty (\u017cel + tonik + serum + krem) - Selleetools.com<\/title>\n<meta name=\"robots\" content=\"index, follow, max-snippet:-1, max-image-preview:large, max-video-preview:-1\" \/>\n<link rel=\"canonical\" href=\"https:\/\/selleetools.com\/product\/pyunkang-yul-black-tea-line-gift-set-zestaw-prezentowy-linii-z-czarnej-herbaty-zel-tonik-serum-krem\/\" \/>\n<meta property=\"og:locale\" content=\"pl_PL\" \/>\n<meta property=\"og:type\" content=\"article\" \/>\n<meta property=\"og:title\" content=\"Pyunkang Yul Black Tea Line Gift Set - Zestaw prezentowy linii z czarnej herbaty (\u017cel + tonik + serum + krem) - Selleetools.com\" \/>\n<meta property=\"og:description\" content=\"Pyunkang Yul Black Tea Line Gift Set to luksusowy zestaw kosmetyk\u00f3w, kt\u00f3ry zawiera produkty oparte na ekstrakcie z czarnej herbaty. Linia ta zosta\u0142a stworzona z my\u015bl\u0105 o kompleksowej piel\u0119gnacji sk\u00f3ry, szczeg\u00f3lnie dla os\u00f3b poszukuj\u0105cych produkt\u00f3w o silnych w\u0142a\u015bciwo\u015bciach przeciwstarzeniowych. Ka\u017cdy produkt w zestawie dzia\u0142a harmonijnie, aby poprawi\u0107 elastyczno\u015b\u0107 sk\u00f3ry, zredukowa\u0107 zmarszczki i nada\u0107 jej promienny ... Read morePyunkang Yul Black Tea Line Gift Set &#8211; Zestaw prezentowy linii z czarnej herbaty (\u017cel + tonik + serum + krem)\" \/>\n<meta property=\"og:url\" content=\"https:\/\/selleetools.com\/product\/pyunkang-yul-black-tea-line-gift-set-zestaw-prezentowy-linii-z-czarnej-herbaty-zel-tonik-serum-krem\/\" \/>\n<meta property=\"og:site_name\" content=\"Selleetools.com\" \/>\n<meta property=\"article:modified_time\" content=\"2025-12-26T15:44:06+00:00\" \/>\n<meta property=\"og:image\" content=\"https:\/\/selleetools.com\/wp-content\/uploads\/2025\/10\/22c32bf8d13762a5127c1bf14b60f9ce.jpg\" \/>\n\t<meta property=\"og:image:width\" content=\"1000\" \/>\n\t<meta property=\"og:image:height\" content=\"1000\" \/>\n\t<meta property=\"og:image:type\" content=\"image\/jpeg\" \/>\n<meta name=\"twitter:card\" content=\"summary_large_image\" \/>\n<meta name=\"twitter:label1\" content=\"Est. reading time\" \/>\n\t<meta name=\"twitter:data1\" content=\"1 minuta\" \/>\n<!-- \/ Yoast SEO plugin. -->","yoast_head_json":{"title":"Pyunkang Yul Black Tea Line Gift Set - Zestaw prezentowy linii z czarnej herbaty (\u017cel + tonik + serum + krem) - Selleetools.com","robots":{"index":"index","follow":"follow","max-snippet":"max-snippet:-1","max-image-preview":"max-image-preview:large","max-video-preview":"max-video-preview:-1"},"canonical":"https:\/\/selleetools.com\/product\/pyunkang-yul-black-tea-line-gift-set-zestaw-prezentowy-linii-z-czarnej-herbaty-zel-tonik-serum-krem\/","og_locale":"pl_PL","og_type":"article","og_title":"Pyunkang Yul Black Tea Line Gift Set - Zestaw prezentowy linii z czarnej herbaty (\u017cel + tonik + serum + krem) - Selleetools.com","og_description":"Pyunkang Yul Black Tea Line Gift Set to luksusowy zestaw kosmetyk\u00f3w, kt\u00f3ry zawiera produkty oparte na ekstrakcie z czarnej herbaty. Linia ta zosta\u0142a stworzona z my\u015bl\u0105 o kompleksowej piel\u0119gnacji sk\u00f3ry, szczeg\u00f3lnie dla os\u00f3b poszukuj\u0105cych produkt\u00f3w o silnych w\u0142a\u015bciwo\u015bciach przeciwstarzeniowych. Ka\u017cdy produkt w zestawie dzia\u0142a harmonijnie, aby poprawi\u0107 elastyczno\u015b\u0107 sk\u00f3ry, zredukowa\u0107 zmarszczki i nada\u0107 jej promienny ... Read morePyunkang Yul Black Tea Line Gift Set &#8211; Zestaw prezentowy linii z czarnej herbaty (\u017cel + tonik + serum + krem)","og_url":"https:\/\/selleetools.com\/product\/pyunkang-yul-black-tea-line-gift-set-zestaw-prezentowy-linii-z-czarnej-herbaty-zel-tonik-serum-krem\/","og_site_name":"Selleetools.com","article_modified_time":"2025-12-26T15:44:06+00:00","og_image":[{"width":1000,"height":1000,"url":"https:\/\/selleetools.com\/wp-content\/uploads\/2025\/10\/22c32bf8d13762a5127c1bf14b60f9ce.jpg","type":"image\/jpeg"}],"twitter_card":"summary_large_image","twitter_misc":{"Est. reading time":"1 minuta"},"schema":{"@context":"https:\/\/schema.org","@graph":[{"@type":"Organization","@id":"https:\/\/selleetools.com\/#organization","name":"Selleetools","url":"https:\/\/selleetools.com\/","sameAs":[],"logo":{"@type":"ImageObject","inLanguage":"pl-PL","@id":"https:\/\/selleetools.com\/#\/schema\/logo\/image\/","url":"https:\/\/selleetools.com\/wp-content\/uploads\/2021\/10\/logo-dark.png","contentUrl":"https:\/\/selleetools.com\/wp-content\/uploads\/2021\/10\/logo-dark.png","width":320,"height":76,"caption":"Selleetools"},"image":{"@id":"https:\/\/selleetools.com\/#\/schema\/logo\/image\/"}},{"@type":"WebSite","@id":"https:\/\/selleetools.com\/#website","url":"https:\/\/selleetools.com\/","name":"Selleetools.com","description":"","publisher":{"@id":"https:\/\/selleetools.com\/#organization"},"potentialAction":[{"@type":"SearchAction","target":{"@type":"EntryPoint","urlTemplate":"https:\/\/selleetools.com\/?s={search_term_string}"},"query-input":"required name=search_term_string"}],"inLanguage":"pl-PL"},{"@type":"WebPage","@id":"https:\/\/selleetools.com\/product\/pyunkang-yul-black-tea-line-gift-set-zestaw-prezentowy-linii-z-czarnej-herbaty-zel-tonik-serum-krem\/","url":"https:\/\/selleetools.com\/product\/pyunkang-yul-black-tea-line-gift-set-zestaw-prezentowy-linii-z-czarnej-herbaty-zel-tonik-serum-krem\/","name":"Pyunkang Yul Black Tea Line Gift Set - Zestaw prezentowy linii z czarnej herbaty (\u017cel + tonik + serum + krem) - Selleetools.com","isPartOf":{"@id":"https:\/\/selleetools.com\/#website"},"datePublished":"2025-10-22T06:47:58+00:00","dateModified":"2025-12-26T15:44:06+00:00","breadcrumb":{"@id":"https:\/\/selleetools.com\/product\/pyunkang-yul-black-tea-line-gift-set-zestaw-prezentowy-linii-z-czarnej-herbaty-zel-tonik-serum-krem\/#breadcrumb"},"inLanguage":"pl-PL","potentialAction":[{"@type":"ReadAction","target":["https:\/\/selleetools.com\/product\/pyunkang-yul-black-tea-line-gift-set-zestaw-prezentowy-linii-z-czarnej-herbaty-zel-tonik-serum-krem\/"]}]},{"@type":"BreadcrumbList","@id":"https:\/\/selleetools.com\/product\/pyunkang-yul-black-tea-line-gift-set-zestaw-prezentowy-linii-z-czarnej-herbaty-zel-tonik-serum-krem\/#breadcrumb","itemListElement":[{"@type":"ListItem","position":1,"name":"Home","item":"https:\/\/selleetools.com\/pl\/"},{"@type":"ListItem","position":2,"name":"Katalog","item":"https:\/\/selleetools.com\/pl\/katalog\/"},{"@type":"ListItem","position":3,"name":"Pyunkang Yul Black Tea Line Gift Set &#8211; Zestaw prezentowy linii z czarnej herbaty (\u017cel + tonik + serum + krem)"}]}]}},"_links":{"self":[{"href":"https:\/\/admincentral.selleetools.com\/pl\/wp-json\/wp\/v2\/product\/598110"}],"collection":[{"href":"https:\/\/admincentral.selleetools.com\/pl\/wp-json\/wp\/v2\/product"}],"about":[{"href":"https:\/\/admincentral.selleetools.com\/pl\/wp-json\/wp\/v2\/types\/product"}],"replies":[{"embeddable":true,"href":"https:\/\/admincentral.selleetools.com\/pl\/wp-json\/wp\/v2\/comments?post=598110"}],"wp:featuredmedia":[{"embeddable":true,"href":"https:\/\/admincentral.selleetools.com\/pl\/wp-json\/wp\/v2\/media\/598104"}],"wp:attachment":[{"href":"https:\/\/admincentral.selleetools.com\/pl\/wp-json\/wp\/v2\/media?parent=598110"}],"curies":[{"name":"wp","href":"https:\/\/api.w.org\/{rel}","templated":true}]}}