{"id":598118,"date":"2025-10-22T08:48:05","date_gmt":"2025-10-22T06:48:05","guid":{"rendered":"https:\/\/selleetools.com\/?post_type=product&#038;p=598118"},"modified":"2025-10-23T19:48:14","modified_gmt":"2025-10-23T17:48:14","slug":"romnd-better-than-palette-04-dusty-fog-garden-8-g-paleta-cieni-do-powiek","status":"publish","type":"product","link":"https:\/\/admincentral.selleetools.com\/pl\/product\/romnd-better-than-palette-04-dusty-fog-garden-8-g-paleta-cieni-do-powiek\/","title":{"rendered":"rom&#038;nd Better Than Palette 04 Dusty Fog Garden 8 g &#8211; Paleta cieni do powiek"},"content":{"rendered":"<p>Rom&#038;nd Better Than Palette 04 Dusty Fog Garden to wyj\u0105tkowa paleta cieni do powiek, kt\u00f3ra \u0142\u0105czy eleganckie odcienie w zmys\u0142owym, kwiatowym zestawie. Ta paleta oferuje siedem wysokiej jako\u015bci cieni w r\u00f3\u017cnych wyko\u0144czeniach \u2013 od matowych po b\u0142yszcz\u0105ce, co pozwala na tworzenie zar\u00f3wno subtelnych, jak i intensywnych makija\u017cy.<\/p>\n<p>Korzy\u015bci dla sk\u00f3ry:<br \/>\nCienie s\u0105 wzbogacone o sk\u0142adniki piel\u0119gnuj\u0105ce, kt\u00f3re od\u017cywiaj\u0105 i chroni\u0105 delikatn\u0105 sk\u00f3r\u0119 powiek. Dzi\u0119ki swojej lekkiej formule, cienie nie obci\u0105\u017caj\u0105 sk\u00f3ry, zapewniaj\u0105c komfort i d\u0142ugotrwa\u0142y efekt.<\/p>\n<p>Spos\u00f3b u\u017cycia:<br \/>\nNa\u0142\u00f3\u017c cienie na powieki za pomoc\u0105 p\u0119dzelka lub palca, zaczynaj\u0105c od jasnych odcieni jako bazy i stopniowo dodaj\u0105c ciemniejsze kolory dla uzyskania g\u0142\u0119bi i definicji. Mo\u017cna je \u0142\u0105czy\u0107 w r\u00f3\u017cne kombinacje, aby uzyska\u0107 po\u017c\u0105dany efekt. Cienie s\u0105 \u0142atwe do blendowania i utrzymuj\u0105 si\u0119 przez ca\u0142y dzie\u0144, nie trac\u0105c intensywno\u015bci.<\/p>\n","protected":false},"excerpt":{"rendered":"<p>Rom&#038;nd Better Than Palette 04 Dusty Fog Garden to wyj\u0105tkowa paleta cieni do powiek, kt\u00f3ra \u0142\u0105czy eleganckie odcienie w zmys\u0142owym, kwiatowym zestawie. Ta paleta oferuje siedem wysokiej jako\u015bci cieni w r\u00f3\u017cnych wyko\u0144czeniach \u2013 od matowych po b\u0142yszcz\u0105ce, co pozwala na tworzenie zar\u00f3wno subtelnych, jak i intensywnych makija\u017cy. Korzy\u015bci dla sk\u00f3ry: Cienie s\u0105 wzbogacone o sk\u0142adniki &#8230; <a title=\"rom&#038;nd Better Than Palette 04 Dusty Fog Garden 8 g &#8211; Paleta cieni do powiek\" class=\"read-more\" href=\"https:\/\/admincentral.selleetools.com\/pl\/product\/romnd-better-than-palette-04-dusty-fog-garden-8-g-paleta-cieni-do-powiek\/\">Read more<span class=\"screen-reader-text\">rom&#038;nd Better Than Palette 04 Dusty Fog Garden 8 g &#8211; Paleta cieni do powiek<\/span><\/a><\/p>\n","protected":false},"featured_media":598114,"comment_status":"open","ping_status":"closed","template":"","meta":{"_links_to":"","_links_to_target":""},"yoast_head":"<!-- This site is optimized with the Yoast SEO plugin v19.4 - https:\/\/yoast.com\/wordpress\/plugins\/seo\/ -->\n<title>rom&amp;nd Better Than Palette 04 Dusty Fog Garden 8 g - Paleta cieni do powiek - Selleetools.com<\/title>\n<meta name=\"robots\" content=\"index, follow, max-snippet:-1, max-image-preview:large, max-video-preview:-1\" \/>\n<link rel=\"canonical\" href=\"https:\/\/admincentral.selleetools.com\/pl\/product\/romnd-better-than-palette-04-dusty-fog-garden-8-g-paleta-cieni-do-powiek\/\" \/>\n<meta property=\"og:locale\" content=\"pl_PL\" \/>\n<meta property=\"og:type\" content=\"article\" \/>\n<meta property=\"og:title\" content=\"rom&amp;nd Better Than Palette 04 Dusty Fog Garden 8 g - Paleta cieni do powiek - Selleetools.com\" \/>\n<meta property=\"og:description\" content=\"Rom&#038;nd Better Than Palette 04 Dusty Fog Garden to wyj\u0105tkowa paleta cieni do powiek, kt\u00f3ra \u0142\u0105czy eleganckie odcienie w zmys\u0142owym, kwiatowym zestawie. Ta paleta oferuje siedem wysokiej jako\u015bci cieni w r\u00f3\u017cnych wyko\u0144czeniach \u2013 od matowych po b\u0142yszcz\u0105ce, co pozwala na tworzenie zar\u00f3wno subtelnych, jak i intensywnych makija\u017cy. Korzy\u015bci dla sk\u00f3ry: Cienie s\u0105 wzbogacone o sk\u0142adniki ... Read morerom&#038;nd Better Than Palette 04 Dusty Fog Garden 8 g &#8211; Paleta cieni do powiek\" \/>\n<meta property=\"og:url\" content=\"https:\/\/admincentral.selleetools.com\/pl\/product\/romnd-better-than-palette-04-dusty-fog-garden-8-g-paleta-cieni-do-powiek\/\" \/>\n<meta property=\"og:site_name\" content=\"Selleetools.com\" \/>\n<meta property=\"article:modified_time\" content=\"2025-10-23T17:48:14+00:00\" \/>\n<meta property=\"og:image\" content=\"https:\/\/selleetools.com\/wp-content\/uploads\/2025\/10\/141e64c6b5e686276e10064ce9f6f4f5.jpg\" \/>\n\t<meta property=\"og:image:width\" content=\"400\" \/>\n\t<meta property=\"og:image:height\" content=\"400\" \/>\n\t<meta property=\"og:image:type\" content=\"image\/jpeg\" \/>\n<meta name=\"twitter:card\" content=\"summary_large_image\" \/>\n<meta name=\"twitter:label1\" content=\"Est. reading time\" \/>\n\t<meta name=\"twitter:data1\" content=\"1 minuta\" \/>\n<!-- \/ Yoast SEO plugin. -->","yoast_head_json":{"title":"rom&nd Better Than Palette 04 Dusty Fog Garden 8 g - Paleta cieni do powiek - Selleetools.com","robots":{"index":"index","follow":"follow","max-snippet":"max-snippet:-1","max-image-preview":"max-image-preview:large","max-video-preview":"max-video-preview:-1"},"canonical":"https:\/\/admincentral.selleetools.com\/pl\/product\/romnd-better-than-palette-04-dusty-fog-garden-8-g-paleta-cieni-do-powiek\/","og_locale":"pl_PL","og_type":"article","og_title":"rom&nd Better Than Palette 04 Dusty Fog Garden 8 g - Paleta cieni do powiek - Selleetools.com","og_description":"Rom&#038;nd Better Than Palette 04 Dusty Fog Garden to wyj\u0105tkowa paleta cieni do powiek, kt\u00f3ra \u0142\u0105czy eleganckie odcienie w zmys\u0142owym, kwiatowym zestawie. Ta paleta oferuje siedem wysokiej jako\u015bci cieni w r\u00f3\u017cnych wyko\u0144czeniach \u2013 od matowych po b\u0142yszcz\u0105ce, co pozwala na tworzenie zar\u00f3wno subtelnych, jak i intensywnych makija\u017cy. Korzy\u015bci dla sk\u00f3ry: Cienie s\u0105 wzbogacone o sk\u0142adniki ... Read morerom&#038;nd Better Than Palette 04 Dusty Fog Garden 8 g &#8211; Paleta cieni do powiek","og_url":"https:\/\/admincentral.selleetools.com\/pl\/product\/romnd-better-than-palette-04-dusty-fog-garden-8-g-paleta-cieni-do-powiek\/","og_site_name":"Selleetools.com","article_modified_time":"2025-10-23T17:48:14+00:00","og_image":[{"width":400,"height":400,"url":"https:\/\/selleetools.com\/wp-content\/uploads\/2025\/10\/141e64c6b5e686276e10064ce9f6f4f5.jpg","type":"image\/jpeg"}],"twitter_card":"summary_large_image","twitter_misc":{"Est. reading time":"1 minuta"},"schema":{"@context":"https:\/\/schema.org","@graph":[{"@type":"Organization","@id":"https:\/\/selleetools.com\/#organization","name":"Selleetools","url":"https:\/\/selleetools.com\/","sameAs":[],"logo":{"@type":"ImageObject","inLanguage":"pl-PL","@id":"https:\/\/selleetools.com\/#\/schema\/logo\/image\/","url":"https:\/\/selleetools.com\/wp-content\/uploads\/2021\/10\/logo-dark.png","contentUrl":"https:\/\/selleetools.com\/wp-content\/uploads\/2021\/10\/logo-dark.png","width":320,"height":76,"caption":"Selleetools"},"image":{"@id":"https:\/\/selleetools.com\/#\/schema\/logo\/image\/"}},{"@type":"WebSite","@id":"https:\/\/selleetools.com\/#website","url":"https:\/\/selleetools.com\/","name":"Selleetools.com","description":"","publisher":{"@id":"https:\/\/selleetools.com\/#organization"},"potentialAction":[{"@type":"SearchAction","target":{"@type":"EntryPoint","urlTemplate":"https:\/\/selleetools.com\/?s={search_term_string}"},"query-input":"required name=search_term_string"}],"inLanguage":"pl-PL"},{"@type":"WebPage","@id":"https:\/\/admincentral.selleetools.com\/pl\/product\/romnd-better-than-palette-04-dusty-fog-garden-8-g-paleta-cieni-do-powiek\/","url":"https:\/\/admincentral.selleetools.com\/pl\/product\/romnd-better-than-palette-04-dusty-fog-garden-8-g-paleta-cieni-do-powiek\/","name":"rom&nd Better Than Palette 04 Dusty Fog Garden 8 g - Paleta cieni do powiek - Selleetools.com","isPartOf":{"@id":"https:\/\/selleetools.com\/#website"},"datePublished":"2025-10-22T06:48:05+00:00","dateModified":"2025-10-23T17:48:14+00:00","breadcrumb":{"@id":"https:\/\/admincentral.selleetools.com\/pl\/product\/romnd-better-than-palette-04-dusty-fog-garden-8-g-paleta-cieni-do-powiek\/#breadcrumb"},"inLanguage":"pl-PL","potentialAction":[{"@type":"ReadAction","target":["https:\/\/admincentral.selleetools.com\/pl\/product\/romnd-better-than-palette-04-dusty-fog-garden-8-g-paleta-cieni-do-powiek\/"]}]},{"@type":"BreadcrumbList","@id":"https:\/\/admincentral.selleetools.com\/pl\/product\/romnd-better-than-palette-04-dusty-fog-garden-8-g-paleta-cieni-do-powiek\/#breadcrumb","itemListElement":[{"@type":"ListItem","position":1,"name":"Home","item":"https:\/\/selleetools.com\/pl\/"},{"@type":"ListItem","position":2,"name":"Katalog","item":"https:\/\/selleetools.com\/pl\/katalog\/"},{"@type":"ListItem","position":3,"name":"rom&#038;nd Better Than Palette 04 Dusty Fog Garden 8 g &#8211; Paleta cieni do powiek"}]}]}},"_links":{"self":[{"href":"https:\/\/admincentral.selleetools.com\/pl\/wp-json\/wp\/v2\/product\/598118"}],"collection":[{"href":"https:\/\/admincentral.selleetools.com\/pl\/wp-json\/wp\/v2\/product"}],"about":[{"href":"https:\/\/admincentral.selleetools.com\/pl\/wp-json\/wp\/v2\/types\/product"}],"replies":[{"embeddable":true,"href":"https:\/\/admincentral.selleetools.com\/pl\/wp-json\/wp\/v2\/comments?post=598118"}],"wp:featuredmedia":[{"embeddable":true,"href":"https:\/\/admincentral.selleetools.com\/pl\/wp-json\/wp\/v2\/media\/598114"}],"wp:attachment":[{"href":"https:\/\/admincentral.selleetools.com\/pl\/wp-json\/wp\/v2\/media?parent=598118"}],"curies":[{"name":"wp","href":"https:\/\/api.w.org\/{rel}","templated":true}]}}