{"id":598146,"date":"2025-10-22T08:48:28","date_gmt":"2025-10-22T06:48:28","guid":{"rendered":"https:\/\/selleetools.com\/?post_type=product&#038;p=598146"},"modified":"2026-01-04T15:26:25","modified_gmt":"2026-01-04T14:26:25","slug":"baroness-snail-mask-sheet-21-g-maska-w-plachcie-z-filtratem-ze-sluzu-slimaka","status":"publish","type":"product","link":"https:\/\/admincentral.selleetools.com\/pl\/product\/baroness-snail-mask-sheet-21-g-maska-w-plachcie-z-filtratem-ze-sluzu-slimaka\/","title":{"rendered":"BARONESS Snail Mask Sheet, 21 g &#8211; Maska w p\u0142achcie z filtratem ze \u015bluzu \u015blimaka"},"content":{"rendered":"<p><font style=\"font-size: 12px;\"><strong>BARONESS Snail Mask Sheet<\/strong> to wyj\u0105tkowa maseczka w p\u0142achcie, kt\u00f3ra jest idealnym rozwi\u0105zaniem dla os\u00f3b poszukuj\u0105cych intensywnej piel\u0119gnacji sk\u00f3ry. Dzi\u0119ki unikalnej formule z wyci\u0105giem ze \u015bluzu \u015blimaka, maska ta oferuje liczne korzy\u015bci dla sk\u00f3ry, zapewniaj\u0105c jej zdrowy, promienny wygl\u0105d.<\/font><\/p>\n<h4><font style=\"font-size: 12px;\">Korzy\u015bci dla sk\u00f3ry:<\/font><\/h4>\n<ol>\n<li><font style=\"font-size: 12px;\"><strong>Regeneracja i naprawa<\/strong>: Wyci\u0105g ze \u015bluzu \u015blimaka jest znany ze swoich w\u0142a\u015bciwo\u015bci regeneracyjnych, pomagaj\u0105c naprawi\u0107 uszkodzone kom\u00f3rki sk\u00f3ry i stymuluj\u0105c produkcj\u0119 kolagenu.<\/font><\/li>\n<li><font style=\"font-size: 12px;\"><strong>Nawil\u017cenie<\/strong>: Maska intensywnie nawil\u017ca sk\u00f3r\u0119, przywracaj\u0105c jej elastyczno\u015b\u0107 i mi\u0119kko\u015b\u0107.<\/font><\/li>\n<li><font style=\"font-size: 12px;\"><strong>Uj\u0119drnienie<\/strong>: Regularne stosowanie maski pomaga w uj\u0119drnieniu sk\u00f3ry, sprawiaj\u0105c, \u017ce wygl\u0105da m\u0142odziej i bardziej j\u0119drnie.<\/font><\/li>\n<li><font style=\"font-size: 12px;\"><strong>Redukcja zmarszczek<\/strong>: Dzi\u0119ki w\u0142a\u015bciwo\u015bciom anti-aging, maseczka pomaga w redukcji drobnych zmarszczek i linii mimicznych.<\/font><\/li>\n<li><font style=\"font-size: 12px;\"><strong>Roz\u015bwietlenie<\/strong>: Maska poprawia koloryt sk\u00f3ry, nadaj\u0105c jej zdrowy blask.<\/font><\/li>\n<\/ol>\n<h4><font style=\"font-size: 12px;\">Spos\u00f3b u\u017cycia:<\/font><\/h4>\n<ol>\n<li><font style=\"font-size: 12px;\"><strong>Oczyszczenie<\/strong>: Przed na\u0142o\u017ceniem maseczki dok\u0142adnie oczy\u015b\u0107 twarz za pomoc\u0105 swojego ulubionego \u015brodka do demakija\u017cu i toniku.<\/font><\/li>\n<li><font style=\"font-size: 12px;\"><strong>Aplikacja<\/strong>: Otw\u00f3rz opakowanie i delikatnie roz\u0142\u00f3\u017c maseczk\u0119. Na\u0142\u00f3\u017c j\u0105 r\u00f3wnomiernie na twarz, dopasowuj\u0105c otwory do oczu, nosa i ust.<\/font><\/li>\n<li><font style=\"font-size: 12px;\"><strong>Relaks<\/strong>: Pozostaw maseczk\u0119 na twarzy przez 15-20 minut, pozwalaj\u0105c sk\u0142adnikom aktywnym wnikn\u0105\u0107 g\u0142\u0119boko w sk\u00f3r\u0119.<\/font><\/li>\n<li><font style=\"font-size: 12px;\"><strong>Usuni\u0119cie<\/strong>: Po up\u0142ywie czasu, delikatnie zdejmij maseczk\u0119. Nie zmywaj pozosta\u0142o\u015bci serum, lecz delikatnie wmasuj je w sk\u00f3r\u0119, aby zapewni\u0107 maksymalne wch\u0142anianie.<\/font><\/li>\n<li><font style=\"font-size: 12px;\"><strong>Piel\u0119gnacja ko\u0144cowa<\/strong>: Dla uzyskania najlepszego efektu, kontynuuj swoj\u0105 codzienn\u0105 rutyn\u0119 piel\u0119gnacyjn\u0105, nak\u0142adaj\u0105c ulubiony krem nawil\u017caj\u0105cy.<\/font><\/li>\n<\/ol>\n<p><font style=\"font-size: 12px;\"><strong>BARONESS Snail Mask Sheet<\/strong> to doskona\u0142y wyb\u00f3r dla ka\u017cdego, kto pragnie zadba\u0107 o swoj\u0105 sk\u00f3r\u0119 w spos\u00f3b profesjonalny i efektywny, ciesz\u0105c si\u0119 jednocze\u015bnie chwil\u0105 relaksu i odpr\u0119\u017cenia.<\/font><\/p>\n","protected":false},"excerpt":{"rendered":"<p>BARONESS Snail Mask Sheet to wyj\u0105tkowa maseczka w p\u0142achcie, kt\u00f3ra jest idealnym rozwi\u0105zaniem dla os\u00f3b poszukuj\u0105cych intensywnej piel\u0119gnacji sk\u00f3ry. Dzi\u0119ki unikalnej formule z wyci\u0105giem ze \u015bluzu \u015blimaka, maska ta oferuje liczne korzy\u015bci dla sk\u00f3ry, zapewniaj\u0105c jej zdrowy, promienny wygl\u0105d. Korzy\u015bci dla sk\u00f3ry: Regeneracja i naprawa: Wyci\u0105g ze \u015bluzu \u015blimaka jest znany ze swoich w\u0142a\u015bciwo\u015bci regeneracyjnych, &#8230; <a title=\"BARONESS Snail Mask Sheet, 21 g &#8211; Maska w p\u0142achcie z filtratem ze \u015bluzu \u015blimaka\" class=\"read-more\" href=\"https:\/\/admincentral.selleetools.com\/pl\/product\/baroness-snail-mask-sheet-21-g-maska-w-plachcie-z-filtratem-ze-sluzu-slimaka\/\">Read more<span class=\"screen-reader-text\">BARONESS Snail Mask Sheet, 21 g &#8211; Maska w p\u0142achcie z filtratem ze \u015bluzu \u015blimaka<\/span><\/a><\/p>\n","protected":false},"featured_media":598144,"comment_status":"open","ping_status":"closed","template":"","meta":{"_links_to":"","_links_to_target":""},"yoast_head":"<!-- This site is optimized with the Yoast SEO plugin v19.4 - https:\/\/yoast.com\/wordpress\/plugins\/seo\/ -->\n<title>BARONESS Snail Mask Sheet, 21 g - Maska w p\u0142achcie z filtratem ze \u015bluzu \u015blimaka - Selleetools.com<\/title>\n<meta name=\"robots\" content=\"index, follow, max-snippet:-1, max-image-preview:large, max-video-preview:-1\" \/>\n<link rel=\"canonical\" href=\"https:\/\/selleetools.com\/pl\/product\/baroness-snail-mask-sheet-21-g-maska-w-plachcie-z-filtratem-ze-sluzu-slimaka\/\" \/>\n<meta property=\"og:locale\" content=\"pl_PL\" \/>\n<meta property=\"og:type\" content=\"article\" \/>\n<meta property=\"og:title\" content=\"BARONESS Snail Mask Sheet, 21 g - Maska w p\u0142achcie z filtratem ze \u015bluzu \u015blimaka - Selleetools.com\" \/>\n<meta property=\"og:description\" content=\"BARONESS Snail Mask Sheet to wyj\u0105tkowa maseczka w p\u0142achcie, kt\u00f3ra jest idealnym rozwi\u0105zaniem dla os\u00f3b poszukuj\u0105cych intensywnej piel\u0119gnacji sk\u00f3ry. Dzi\u0119ki unikalnej formule z wyci\u0105giem ze \u015bluzu \u015blimaka, maska ta oferuje liczne korzy\u015bci dla sk\u00f3ry, zapewniaj\u0105c jej zdrowy, promienny wygl\u0105d. Korzy\u015bci dla sk\u00f3ry: Regeneracja i naprawa: Wyci\u0105g ze \u015bluzu \u015blimaka jest znany ze swoich w\u0142a\u015bciwo\u015bci regeneracyjnych, ... Read moreBARONESS Snail Mask Sheet, 21 g &#8211; Maska w p\u0142achcie z filtratem ze \u015bluzu \u015blimaka\" \/>\n<meta property=\"og:url\" content=\"https:\/\/selleetools.com\/pl\/product\/baroness-snail-mask-sheet-21-g-maska-w-plachcie-z-filtratem-ze-sluzu-slimaka\/\" \/>\n<meta property=\"og:site_name\" content=\"Selleetools.com\" \/>\n<meta property=\"article:modified_time\" content=\"2026-01-04T14:26:25+00:00\" \/>\n<meta property=\"og:image\" content=\"https:\/\/selleetools.com\/wp-content\/uploads\/2025\/10\/8ad35d4267f377251da8fcd77677b4ee.jpg\" \/>\n\t<meta property=\"og:image:width\" content=\"600\" \/>\n\t<meta property=\"og:image:height\" content=\"811\" \/>\n\t<meta property=\"og:image:type\" content=\"image\/jpeg\" \/>\n<meta name=\"twitter:card\" content=\"summary_large_image\" \/>\n<meta name=\"twitter:label1\" content=\"Est. reading time\" \/>\n\t<meta name=\"twitter:data1\" content=\"2 minuty\" \/>\n<!-- \/ Yoast SEO plugin. -->","yoast_head_json":{"title":"BARONESS Snail Mask Sheet, 21 g - Maska w p\u0142achcie z filtratem ze \u015bluzu \u015blimaka - Selleetools.com","robots":{"index":"index","follow":"follow","max-snippet":"max-snippet:-1","max-image-preview":"max-image-preview:large","max-video-preview":"max-video-preview:-1"},"canonical":"https:\/\/selleetools.com\/pl\/product\/baroness-snail-mask-sheet-21-g-maska-w-plachcie-z-filtratem-ze-sluzu-slimaka\/","og_locale":"pl_PL","og_type":"article","og_title":"BARONESS Snail Mask Sheet, 21 g - Maska w p\u0142achcie z filtratem ze \u015bluzu \u015blimaka - Selleetools.com","og_description":"BARONESS Snail Mask Sheet to wyj\u0105tkowa maseczka w p\u0142achcie, kt\u00f3ra jest idealnym rozwi\u0105zaniem dla os\u00f3b poszukuj\u0105cych intensywnej piel\u0119gnacji sk\u00f3ry. Dzi\u0119ki unikalnej formule z wyci\u0105giem ze \u015bluzu \u015blimaka, maska ta oferuje liczne korzy\u015bci dla sk\u00f3ry, zapewniaj\u0105c jej zdrowy, promienny wygl\u0105d. Korzy\u015bci dla sk\u00f3ry: Regeneracja i naprawa: Wyci\u0105g ze \u015bluzu \u015blimaka jest znany ze swoich w\u0142a\u015bciwo\u015bci regeneracyjnych, ... Read moreBARONESS Snail Mask Sheet, 21 g &#8211; Maska w p\u0142achcie z filtratem ze \u015bluzu \u015blimaka","og_url":"https:\/\/selleetools.com\/pl\/product\/baroness-snail-mask-sheet-21-g-maska-w-plachcie-z-filtratem-ze-sluzu-slimaka\/","og_site_name":"Selleetools.com","article_modified_time":"2026-01-04T14:26:25+00:00","og_image":[{"width":600,"height":811,"url":"https:\/\/selleetools.com\/wp-content\/uploads\/2025\/10\/8ad35d4267f377251da8fcd77677b4ee.jpg","type":"image\/jpeg"}],"twitter_card":"summary_large_image","twitter_misc":{"Est. reading time":"2 minuty"},"schema":{"@context":"https:\/\/schema.org","@graph":[{"@type":"Organization","@id":"https:\/\/selleetools.com\/#organization","name":"Selleetools","url":"https:\/\/selleetools.com\/","sameAs":[],"logo":{"@type":"ImageObject","inLanguage":"pl-PL","@id":"https:\/\/selleetools.com\/#\/schema\/logo\/image\/","url":"https:\/\/selleetools.com\/wp-content\/uploads\/2021\/10\/logo-dark.png","contentUrl":"https:\/\/selleetools.com\/wp-content\/uploads\/2021\/10\/logo-dark.png","width":320,"height":76,"caption":"Selleetools"},"image":{"@id":"https:\/\/selleetools.com\/#\/schema\/logo\/image\/"}},{"@type":"WebSite","@id":"https:\/\/selleetools.com\/#website","url":"https:\/\/selleetools.com\/","name":"Selleetools.com","description":"","publisher":{"@id":"https:\/\/selleetools.com\/#organization"},"potentialAction":[{"@type":"SearchAction","target":{"@type":"EntryPoint","urlTemplate":"https:\/\/selleetools.com\/?s={search_term_string}"},"query-input":"required name=search_term_string"}],"inLanguage":"pl-PL"},{"@type":"WebPage","@id":"https:\/\/selleetools.com\/pl\/product\/baroness-snail-mask-sheet-21-g-maska-w-plachcie-z-filtratem-ze-sluzu-slimaka\/","url":"https:\/\/selleetools.com\/pl\/product\/baroness-snail-mask-sheet-21-g-maska-w-plachcie-z-filtratem-ze-sluzu-slimaka\/","name":"BARONESS Snail Mask Sheet, 21 g - Maska w p\u0142achcie z filtratem ze \u015bluzu \u015blimaka - Selleetools.com","isPartOf":{"@id":"https:\/\/selleetools.com\/#website"},"datePublished":"2025-10-22T06:48:28+00:00","dateModified":"2026-01-04T14:26:25+00:00","breadcrumb":{"@id":"https:\/\/selleetools.com\/pl\/product\/baroness-snail-mask-sheet-21-g-maska-w-plachcie-z-filtratem-ze-sluzu-slimaka\/#breadcrumb"},"inLanguage":"pl-PL","potentialAction":[{"@type":"ReadAction","target":["https:\/\/selleetools.com\/pl\/product\/baroness-snail-mask-sheet-21-g-maska-w-plachcie-z-filtratem-ze-sluzu-slimaka\/"]}]},{"@type":"BreadcrumbList","@id":"https:\/\/selleetools.com\/pl\/product\/baroness-snail-mask-sheet-21-g-maska-w-plachcie-z-filtratem-ze-sluzu-slimaka\/#breadcrumb","itemListElement":[{"@type":"ListItem","position":1,"name":"Home","item":"https:\/\/selleetools.com\/pl\/"},{"@type":"ListItem","position":2,"name":"Katalog","item":"https:\/\/selleetools.com\/pl\/katalog\/"},{"@type":"ListItem","position":3,"name":"BARONESS Snail Mask Sheet, 21 g &#8211; Maska w p\u0142achcie z filtratem ze \u015bluzu \u015blimaka"}]}]}},"_links":{"self":[{"href":"https:\/\/admincentral.selleetools.com\/pl\/wp-json\/wp\/v2\/product\/598146"}],"collection":[{"href":"https:\/\/admincentral.selleetools.com\/pl\/wp-json\/wp\/v2\/product"}],"about":[{"href":"https:\/\/admincentral.selleetools.com\/pl\/wp-json\/wp\/v2\/types\/product"}],"replies":[{"embeddable":true,"href":"https:\/\/admincentral.selleetools.com\/pl\/wp-json\/wp\/v2\/comments?post=598146"}],"wp:featuredmedia":[{"embeddable":true,"href":"https:\/\/admincentral.selleetools.com\/pl\/wp-json\/wp\/v2\/media\/598144"}],"wp:attachment":[{"href":"https:\/\/admincentral.selleetools.com\/pl\/wp-json\/wp\/v2\/media?parent=598146"}],"curies":[{"name":"wp","href":"https:\/\/api.w.org\/{rel}","templated":true}]}}