{"id":598152,"date":"2025-10-22T08:48:34","date_gmt":"2025-10-22T06:48:34","guid":{"rendered":"https:\/\/selleetools.com\/?post_type=product&#038;p=598152"},"modified":"2025-10-30T16:26:14","modified_gmt":"2025-10-30T15:26:14","slug":"baroness-aloe-mask-sheet-21-g-maska-w-plachcie-z-ekstraktem-z-aloesu","status":"publish","type":"product","link":"https:\/\/admincentral.selleetools.com\/pl\/product\/baroness-aloe-mask-sheet-21-g-maska-w-plachcie-z-ekstraktem-z-aloesu\/","title":{"rendered":"BARONESS Aloe Mask Sheet 21 g &#8211; Maska w p\u0142achcie z ekstraktem z aloesu"},"content":{"rendered":"<p style=\"caret-color: rgb(0, 0, 0); color: rgb(0, 0, 0);\"><font style=\"font-size: 12px;\">BARONESS Aloe Mask Sheet 21g to nawil\u017caj\u0105ca i \u0142agodz\u0105ca maseczka w p\u0142achcie, kt\u00f3ra zapewnia intensywn\u0105 piel\u0119gnacj\u0119 sk\u00f3ry. Maseczka jest nas\u0105czona esencj\u0105 z aloesu, kt\u00f3ra g\u0142\u0119boko nawil\u017ca, koi podra\u017cnienia oraz wspomaga regeneracj\u0119 sk\u00f3ry, pozostawiaj\u0105c j\u0105 mi\u0119kk\u0105, g\u0142adk\u0105 i od\u015bwie\u017con\u0105. Idealna dla ka\u017cdego typu cery, szczeg\u00f3lnie wra\u017cliwej i suchej.<\/font><\/p>\n<p style=\"caret-color: rgb(0, 0, 0); color: rgb(0, 0, 0);\"><font style=\"font-size: 12px;\"><strong>Korzy\u015bci dla sk\u00f3ry<\/strong>:<\/font><\/p>\n<ul style=\"caret-color: rgb(0, 0, 0); color: rgb(0, 0, 0);\">\n<li><font style=\"font-size: 12px;\">G\u0142\u0119bokie nawil\u017cenie<\/font><\/li>\n<li><font style=\"font-size: 12px;\">\u0141agodzenie podra\u017cnie\u0144<\/font><\/li>\n<li><font style=\"font-size: 12px;\">Wspomaganie regeneracji sk\u00f3ry<\/font><\/li>\n<\/ul>\n<p style=\"caret-color: rgb(0, 0, 0); color: rgb(0, 0, 0);\"><font style=\"font-size: 12px;\"><strong>Spos\u00f3b u\u017cycia<\/strong>:<\/font><\/p>\n<ol style=\"caret-color: rgb(0, 0, 0); color: rgb(0, 0, 0);\">\n<li><font style=\"font-size: 12px;\">Oczy\u015b\u0107 i osusz twarz.<\/font><\/li>\n<li><font style=\"font-size: 12px;\">Roz\u0142\u00f3\u017c maseczk\u0119 i na\u0142\u00f3\u017c j\u0105 na twarz, dopasowuj\u0105c do kontur\u00f3w.<\/font><\/li>\n<li><font style=\"font-size: 12px;\">Pozostaw na 15-20 minut.<\/font><\/li>\n<li><font style=\"font-size: 12px;\">Usu\u0144 maseczk\u0119 i delikatnie wklep pozosta\u0142\u0105 esencj\u0119 w sk\u00f3r\u0119.<\/font><\/li>\n<\/ol>\n","protected":false},"excerpt":{"rendered":"<p>BARONESS Aloe Mask Sheet 21g to nawil\u017caj\u0105ca i \u0142agodz\u0105ca maseczka w p\u0142achcie, kt\u00f3ra zapewnia intensywn\u0105 piel\u0119gnacj\u0119 sk\u00f3ry. Maseczka jest nas\u0105czona esencj\u0105 z aloesu, kt\u00f3ra g\u0142\u0119boko nawil\u017ca, koi podra\u017cnienia oraz wspomaga regeneracj\u0119 sk\u00f3ry, pozostawiaj\u0105c j\u0105 mi\u0119kk\u0105, g\u0142adk\u0105 i od\u015bwie\u017con\u0105. Idealna dla ka\u017cdego typu cery, szczeg\u00f3lnie wra\u017cliwej i suchej. Korzy\u015bci dla sk\u00f3ry: G\u0142\u0119bokie nawil\u017cenie \u0141agodzenie podra\u017cnie\u0144 Wspomaganie &#8230; <a title=\"BARONESS Aloe Mask Sheet 21 g &#8211; Maska w p\u0142achcie z ekstraktem z aloesu\" class=\"read-more\" href=\"https:\/\/admincentral.selleetools.com\/pl\/product\/baroness-aloe-mask-sheet-21-g-maska-w-plachcie-z-ekstraktem-z-aloesu\/\">Read more<span class=\"screen-reader-text\">BARONESS Aloe Mask Sheet 21 g &#8211; Maska w p\u0142achcie z ekstraktem z aloesu<\/span><\/a><\/p>\n","protected":false},"featured_media":598150,"comment_status":"open","ping_status":"closed","template":"","meta":{"_links_to":"","_links_to_target":""},"yoast_head":"<!-- This site is optimized with the Yoast SEO plugin v19.4 - https:\/\/yoast.com\/wordpress\/plugins\/seo\/ -->\n<title>BARONESS Aloe Mask Sheet 21 g - Maska w p\u0142achcie z ekstraktem z aloesu - Selleetools.com<\/title>\n<meta name=\"robots\" content=\"index, follow, max-snippet:-1, max-image-preview:large, max-video-preview:-1\" \/>\n<link rel=\"canonical\" href=\"https:\/\/admincentral.selleetools.com\/pl\/product\/baroness-aloe-mask-sheet-21-g-maska-w-plachcie-z-ekstraktem-z-aloesu\/\" \/>\n<meta property=\"og:locale\" content=\"pl_PL\" \/>\n<meta property=\"og:type\" content=\"article\" \/>\n<meta property=\"og:title\" content=\"BARONESS Aloe Mask Sheet 21 g - Maska w p\u0142achcie z ekstraktem z aloesu - Selleetools.com\" \/>\n<meta property=\"og:description\" content=\"BARONESS Aloe Mask Sheet 21g to nawil\u017caj\u0105ca i \u0142agodz\u0105ca maseczka w p\u0142achcie, kt\u00f3ra zapewnia intensywn\u0105 piel\u0119gnacj\u0119 sk\u00f3ry. Maseczka jest nas\u0105czona esencj\u0105 z aloesu, kt\u00f3ra g\u0142\u0119boko nawil\u017ca, koi podra\u017cnienia oraz wspomaga regeneracj\u0119 sk\u00f3ry, pozostawiaj\u0105c j\u0105 mi\u0119kk\u0105, g\u0142adk\u0105 i od\u015bwie\u017con\u0105. Idealna dla ka\u017cdego typu cery, szczeg\u00f3lnie wra\u017cliwej i suchej. Korzy\u015bci dla sk\u00f3ry: G\u0142\u0119bokie nawil\u017cenie \u0141agodzenie podra\u017cnie\u0144 Wspomaganie ... Read moreBARONESS Aloe Mask Sheet 21 g &#8211; Maska w p\u0142achcie z ekstraktem z aloesu\" \/>\n<meta property=\"og:url\" content=\"https:\/\/admincentral.selleetools.com\/pl\/product\/baroness-aloe-mask-sheet-21-g-maska-w-plachcie-z-ekstraktem-z-aloesu\/\" \/>\n<meta property=\"og:site_name\" content=\"Selleetools.com\" \/>\n<meta property=\"article:modified_time\" content=\"2025-10-30T15:26:14+00:00\" \/>\n<meta property=\"og:image\" content=\"https:\/\/selleetools.com\/wp-content\/uploads\/2025\/10\/3e1c5acde38f92a6570e8af204e94301.jpg\" \/>\n\t<meta property=\"og:image:width\" content=\"617\" \/>\n\t<meta property=\"og:image:height\" content=\"885\" \/>\n\t<meta property=\"og:image:type\" content=\"image\/jpeg\" \/>\n<meta name=\"twitter:card\" content=\"summary_large_image\" \/>\n<meta name=\"twitter:label1\" content=\"Est. reading time\" \/>\n\t<meta name=\"twitter:data1\" content=\"1 minuta\" \/>\n<!-- \/ Yoast SEO plugin. -->","yoast_head_json":{"title":"BARONESS Aloe Mask Sheet 21 g - Maska w p\u0142achcie z ekstraktem z aloesu - Selleetools.com","robots":{"index":"index","follow":"follow","max-snippet":"max-snippet:-1","max-image-preview":"max-image-preview:large","max-video-preview":"max-video-preview:-1"},"canonical":"https:\/\/admincentral.selleetools.com\/pl\/product\/baroness-aloe-mask-sheet-21-g-maska-w-plachcie-z-ekstraktem-z-aloesu\/","og_locale":"pl_PL","og_type":"article","og_title":"BARONESS Aloe Mask Sheet 21 g - Maska w p\u0142achcie z ekstraktem z aloesu - Selleetools.com","og_description":"BARONESS Aloe Mask Sheet 21g to nawil\u017caj\u0105ca i \u0142agodz\u0105ca maseczka w p\u0142achcie, kt\u00f3ra zapewnia intensywn\u0105 piel\u0119gnacj\u0119 sk\u00f3ry. Maseczka jest nas\u0105czona esencj\u0105 z aloesu, kt\u00f3ra g\u0142\u0119boko nawil\u017ca, koi podra\u017cnienia oraz wspomaga regeneracj\u0119 sk\u00f3ry, pozostawiaj\u0105c j\u0105 mi\u0119kk\u0105, g\u0142adk\u0105 i od\u015bwie\u017con\u0105. Idealna dla ka\u017cdego typu cery, szczeg\u00f3lnie wra\u017cliwej i suchej. Korzy\u015bci dla sk\u00f3ry: G\u0142\u0119bokie nawil\u017cenie \u0141agodzenie podra\u017cnie\u0144 Wspomaganie ... Read moreBARONESS Aloe Mask Sheet 21 g &#8211; Maska w p\u0142achcie z ekstraktem z aloesu","og_url":"https:\/\/admincentral.selleetools.com\/pl\/product\/baroness-aloe-mask-sheet-21-g-maska-w-plachcie-z-ekstraktem-z-aloesu\/","og_site_name":"Selleetools.com","article_modified_time":"2025-10-30T15:26:14+00:00","og_image":[{"width":617,"height":885,"url":"https:\/\/selleetools.com\/wp-content\/uploads\/2025\/10\/3e1c5acde38f92a6570e8af204e94301.jpg","type":"image\/jpeg"}],"twitter_card":"summary_large_image","twitter_misc":{"Est. reading time":"1 minuta"},"schema":{"@context":"https:\/\/schema.org","@graph":[{"@type":"Organization","@id":"https:\/\/selleetools.com\/#organization","name":"Selleetools","url":"https:\/\/selleetools.com\/","sameAs":[],"logo":{"@type":"ImageObject","inLanguage":"pl-PL","@id":"https:\/\/selleetools.com\/#\/schema\/logo\/image\/","url":"https:\/\/selleetools.com\/wp-content\/uploads\/2021\/10\/logo-dark.png","contentUrl":"https:\/\/selleetools.com\/wp-content\/uploads\/2021\/10\/logo-dark.png","width":320,"height":76,"caption":"Selleetools"},"image":{"@id":"https:\/\/selleetools.com\/#\/schema\/logo\/image\/"}},{"@type":"WebSite","@id":"https:\/\/selleetools.com\/#website","url":"https:\/\/selleetools.com\/","name":"Selleetools.com","description":"","publisher":{"@id":"https:\/\/selleetools.com\/#organization"},"potentialAction":[{"@type":"SearchAction","target":{"@type":"EntryPoint","urlTemplate":"https:\/\/selleetools.com\/?s={search_term_string}"},"query-input":"required name=search_term_string"}],"inLanguage":"pl-PL"},{"@type":"WebPage","@id":"https:\/\/admincentral.selleetools.com\/pl\/product\/baroness-aloe-mask-sheet-21-g-maska-w-plachcie-z-ekstraktem-z-aloesu\/","url":"https:\/\/admincentral.selleetools.com\/pl\/product\/baroness-aloe-mask-sheet-21-g-maska-w-plachcie-z-ekstraktem-z-aloesu\/","name":"BARONESS Aloe Mask Sheet 21 g - Maska w p\u0142achcie z ekstraktem z aloesu - Selleetools.com","isPartOf":{"@id":"https:\/\/selleetools.com\/#website"},"datePublished":"2025-10-22T06:48:34+00:00","dateModified":"2025-10-30T15:26:14+00:00","breadcrumb":{"@id":"https:\/\/admincentral.selleetools.com\/pl\/product\/baroness-aloe-mask-sheet-21-g-maska-w-plachcie-z-ekstraktem-z-aloesu\/#breadcrumb"},"inLanguage":"pl-PL","potentialAction":[{"@type":"ReadAction","target":["https:\/\/admincentral.selleetools.com\/pl\/product\/baroness-aloe-mask-sheet-21-g-maska-w-plachcie-z-ekstraktem-z-aloesu\/"]}]},{"@type":"BreadcrumbList","@id":"https:\/\/admincentral.selleetools.com\/pl\/product\/baroness-aloe-mask-sheet-21-g-maska-w-plachcie-z-ekstraktem-z-aloesu\/#breadcrumb","itemListElement":[{"@type":"ListItem","position":1,"name":"Home","item":"https:\/\/selleetools.com\/pl\/"},{"@type":"ListItem","position":2,"name":"Katalog","item":"https:\/\/selleetools.com\/pl\/katalog\/"},{"@type":"ListItem","position":3,"name":"BARONESS Aloe Mask Sheet 21 g &#8211; Maska w p\u0142achcie z ekstraktem z aloesu"}]}]}},"_links":{"self":[{"href":"https:\/\/admincentral.selleetools.com\/pl\/wp-json\/wp\/v2\/product\/598152"}],"collection":[{"href":"https:\/\/admincentral.selleetools.com\/pl\/wp-json\/wp\/v2\/product"}],"about":[{"href":"https:\/\/admincentral.selleetools.com\/pl\/wp-json\/wp\/v2\/types\/product"}],"replies":[{"embeddable":true,"href":"https:\/\/admincentral.selleetools.com\/pl\/wp-json\/wp\/v2\/comments?post=598152"}],"wp:featuredmedia":[{"embeddable":true,"href":"https:\/\/admincentral.selleetools.com\/pl\/wp-json\/wp\/v2\/media\/598150"}],"wp:attachment":[{"href":"https:\/\/admincentral.selleetools.com\/pl\/wp-json\/wp\/v2\/media?parent=598152"}],"curies":[{"name":"wp","href":"https:\/\/api.w.org\/{rel}","templated":true}]}}