{"id":598193,"date":"2025-10-22T08:49:18","date_gmt":"2025-10-22T06:49:18","guid":{"rendered":"https:\/\/selleetools.com\/?post_type=product&#038;p=598193"},"modified":"2025-12-26T16:44:22","modified_gmt":"2025-12-26T15:44:22","slug":"marymay-houttuynia-cordata-tea-tree-cleansing-foam-150-ml-pianka-do-oczyszczania-twarzy-o-dzialaniu-kojacym","status":"publish","type":"product","link":"https:\/\/admincentral.selleetools.com\/pl\/product\/marymay-houttuynia-cordata-tea-tree-cleansing-foam-150-ml-pianka-do-oczyszczania-twarzy-o-dzialaniu-kojacym\/","title":{"rendered":"Mary&#038;May Houttuynia Cordata + Tea Tree Cleansing Foam 150 ml &#8211; Pianka do oczyszczania twarzy o dzia\u0142aniu koj\u0105cym"},"content":{"rendered":"<section class=\"section\">\n<div class=\"item item-6\">\n<section class=\"image-item\">\n<p style=\"caret-color: rgb(0, 0, 0); color: rgb(0, 0, 0);\"><font style=\"font-size: 12px;\">Mary&amp;May Houttuynia Cordata + Tea Tree Cleansing Foam to delikatna pianka do mycia twarzy, kt\u00f3ra skutecznie usuwa zanieczyszczenia i nadmiar sebum, jednocze\u015bnie koj\u0105c i nawil\u017caj\u0105c sk\u00f3r\u0119. G\u0142\u00f3wne sk\u0142adniki aktywne to ekstrakt z Houttuynia Cordata oraz olejek z drzewa herbacianego, znane ze swoich w\u0142a\u015bciwo\u015bci przeciwzapalnych i antybakteryjnych.<\/font><\/p>\n<h4 style=\"caret-color: rgb(0, 0, 0); color: rgb(0, 0, 0);\"><font style=\"font-size: 12px;\">Korzy\u015bci dla sk\u00f3ry<\/font><\/h4>\n<ul style=\"caret-color: rgb(0, 0, 0); color: rgb(0, 0, 0);\">\n<li><font style=\"font-size: 12px;\"><strong>Oczyszczenie i od\u015bwie\u017cenie<\/strong>: Pianka dok\u0142adnie usuwa brud, zanieczyszczenia i nadmiar sebum, pozostawiaj\u0105c sk\u00f3r\u0119 czyst\u0105 i \u015bwie\u017c\u0105.<\/font><\/li>\n<li><font style=\"font-size: 12px;\"><strong>\u0141agodzenie podra\u017cnie\u0144<\/strong>: Ekstrakt z Houttuynia Cordata dzia\u0142a koj\u0105co na sk\u00f3r\u0119, redukuj\u0105c zaczerwienienia i stany zapalne.<\/font><\/li>\n<li><font style=\"font-size: 12px;\"><strong>Dzia\u0142anie antybakteryjne<\/strong>: Olejek z drzewa herbacianego pomaga zwalcza\u0107 bakterie, co jest szczeg\u00f3lnie korzystne dla sk\u00f3ry tr\u0105dzikowej.<\/font><\/li>\n<\/ul>\n<h4 style=\"caret-color: rgb(0, 0, 0); color: rgb(0, 0, 0);\"><font style=\"font-size: 12px;\">Spos\u00f3b u\u017cycia<\/font><\/h4>\n<ol style=\"caret-color: rgb(0, 0, 0); color: rgb(0, 0, 0);\">\n<li><font style=\"font-size: 12px;\"><strong>Nawil\u017cenie sk\u00f3ry<\/strong>: Zwil\u017c twarz letni\u0105 wod\u0105.<\/font><\/li>\n<li><font style=\"font-size: 12px;\"><strong>Aplikacja<\/strong>: Niewielk\u0105 ilo\u015b\u0107 pianki nanie\u015b na d\u0142onie i rozprowad\u017a na twarzy, delikatnie masuj\u0105c kolistymi ruchami.<\/font><\/li>\n<li><font style=\"font-size: 12px;\"><strong>Sp\u0142ukanie<\/strong>: Dok\u0142adnie sp\u0142ucz ciep\u0142\u0105 wod\u0105 i delikatnie osusz twarz r\u0119cznikiem.<\/font><\/li>\n<li><font style=\"font-size: 12px;\"><strong>Cz\u0119stotliwo\u015b\u0107<\/strong>: Stosuj rano i wieczorem jako pierwszy krok w rutynie piel\u0119gnacyjnej.<\/font><\/li>\n<\/ol>\n<\/section>\n<\/div>\n<\/section>\n<section class=\"section\">\n<div class=\"item item-12\">\n<section class=\"text-item\">\n        <\/section>\n<\/p><\/div>\n<\/section>\n","protected":false},"excerpt":{"rendered":"<p>Mary&amp;May Houttuynia Cordata + Tea Tree Cleansing Foam to delikatna pianka do mycia twarzy, kt\u00f3ra skutecznie usuwa zanieczyszczenia i nadmiar sebum, jednocze\u015bnie koj\u0105c i nawil\u017caj\u0105c sk\u00f3r\u0119. G\u0142\u00f3wne sk\u0142adniki aktywne to ekstrakt z Houttuynia Cordata oraz olejek z drzewa herbacianego, znane ze swoich w\u0142a\u015bciwo\u015bci przeciwzapalnych i antybakteryjnych. Korzy\u015bci dla sk\u00f3ry Oczyszczenie i od\u015bwie\u017cenie: Pianka dok\u0142adnie usuwa &#8230; <a title=\"Mary&#038;May Houttuynia Cordata + Tea Tree Cleansing Foam 150 ml &#8211; Pianka do oczyszczania twarzy o dzia\u0142aniu koj\u0105cym\" class=\"read-more\" href=\"https:\/\/admincentral.selleetools.com\/pl\/product\/marymay-houttuynia-cordata-tea-tree-cleansing-foam-150-ml-pianka-do-oczyszczania-twarzy-o-dzialaniu-kojacym\/\">Read more<span class=\"screen-reader-text\">Mary&#038;May Houttuynia Cordata + Tea Tree Cleansing Foam 150 ml &#8211; Pianka do oczyszczania twarzy o dzia\u0142aniu koj\u0105cym<\/span><\/a><\/p>\n","protected":false},"featured_media":598189,"comment_status":"open","ping_status":"closed","template":"","meta":{"_links_to":"","_links_to_target":""},"yoast_head":"<!-- This site is optimized with the Yoast SEO plugin v19.4 - https:\/\/yoast.com\/wordpress\/plugins\/seo\/ -->\n<title>Mary&amp;May Houttuynia Cordata + Tea Tree Cleansing Foam 150 ml - Pianka do oczyszczania twarzy o dzia\u0142aniu koj\u0105cym - Selleetools.com<\/title>\n<meta name=\"robots\" content=\"index, follow, max-snippet:-1, max-image-preview:large, max-video-preview:-1\" \/>\n<link rel=\"canonical\" href=\"https:\/\/admincentral.selleetools.com\/pl\/product\/marymay-houttuynia-cordata-tea-tree-cleansing-foam-150-ml-pianka-do-oczyszczania-twarzy-o-dzialaniu-kojacym\/\" \/>\n<meta property=\"og:locale\" content=\"pl_PL\" \/>\n<meta property=\"og:type\" content=\"article\" \/>\n<meta property=\"og:title\" content=\"Mary&amp;May Houttuynia Cordata + Tea Tree Cleansing Foam 150 ml - Pianka do oczyszczania twarzy o dzia\u0142aniu koj\u0105cym - Selleetools.com\" \/>\n<meta property=\"og:description\" content=\"Mary&amp;May Houttuynia Cordata + Tea Tree Cleansing Foam to delikatna pianka do mycia twarzy, kt\u00f3ra skutecznie usuwa zanieczyszczenia i nadmiar sebum, jednocze\u015bnie koj\u0105c i nawil\u017caj\u0105c sk\u00f3r\u0119. G\u0142\u00f3wne sk\u0142adniki aktywne to ekstrakt z Houttuynia Cordata oraz olejek z drzewa herbacianego, znane ze swoich w\u0142a\u015bciwo\u015bci przeciwzapalnych i antybakteryjnych. Korzy\u015bci dla sk\u00f3ry Oczyszczenie i od\u015bwie\u017cenie: Pianka dok\u0142adnie usuwa ... Read moreMary&#038;May Houttuynia Cordata + Tea Tree Cleansing Foam 150 ml &#8211; Pianka do oczyszczania twarzy o dzia\u0142aniu koj\u0105cym\" \/>\n<meta property=\"og:url\" content=\"https:\/\/admincentral.selleetools.com\/pl\/product\/marymay-houttuynia-cordata-tea-tree-cleansing-foam-150-ml-pianka-do-oczyszczania-twarzy-o-dzialaniu-kojacym\/\" \/>\n<meta property=\"og:site_name\" content=\"Selleetools.com\" \/>\n<meta property=\"article:modified_time\" content=\"2025-12-26T15:44:22+00:00\" \/>\n<meta property=\"og:image\" content=\"https:\/\/selleetools.com\/wp-content\/uploads\/2025\/10\/c9025cffd21c2da97a01e96bdb27b937.jpg\" \/>\n\t<meta property=\"og:image:width\" content=\"1000\" \/>\n\t<meta property=\"og:image:height\" content=\"1000\" \/>\n\t<meta property=\"og:image:type\" content=\"image\/jpeg\" \/>\n<meta name=\"twitter:card\" content=\"summary_large_image\" \/>\n<meta name=\"twitter:label1\" content=\"Est. reading time\" \/>\n\t<meta name=\"twitter:data1\" content=\"1 minuta\" \/>\n<!-- \/ Yoast SEO plugin. -->","yoast_head_json":{"title":"Mary&May Houttuynia Cordata + Tea Tree Cleansing Foam 150 ml - Pianka do oczyszczania twarzy o dzia\u0142aniu koj\u0105cym - Selleetools.com","robots":{"index":"index","follow":"follow","max-snippet":"max-snippet:-1","max-image-preview":"max-image-preview:large","max-video-preview":"max-video-preview:-1"},"canonical":"https:\/\/admincentral.selleetools.com\/pl\/product\/marymay-houttuynia-cordata-tea-tree-cleansing-foam-150-ml-pianka-do-oczyszczania-twarzy-o-dzialaniu-kojacym\/","og_locale":"pl_PL","og_type":"article","og_title":"Mary&May Houttuynia Cordata + Tea Tree Cleansing Foam 150 ml - Pianka do oczyszczania twarzy o dzia\u0142aniu koj\u0105cym - Selleetools.com","og_description":"Mary&amp;May Houttuynia Cordata + Tea Tree Cleansing Foam to delikatna pianka do mycia twarzy, kt\u00f3ra skutecznie usuwa zanieczyszczenia i nadmiar sebum, jednocze\u015bnie koj\u0105c i nawil\u017caj\u0105c sk\u00f3r\u0119. G\u0142\u00f3wne sk\u0142adniki aktywne to ekstrakt z Houttuynia Cordata oraz olejek z drzewa herbacianego, znane ze swoich w\u0142a\u015bciwo\u015bci przeciwzapalnych i antybakteryjnych. Korzy\u015bci dla sk\u00f3ry Oczyszczenie i od\u015bwie\u017cenie: Pianka dok\u0142adnie usuwa ... Read moreMary&#038;May Houttuynia Cordata + Tea Tree Cleansing Foam 150 ml &#8211; Pianka do oczyszczania twarzy o dzia\u0142aniu koj\u0105cym","og_url":"https:\/\/admincentral.selleetools.com\/pl\/product\/marymay-houttuynia-cordata-tea-tree-cleansing-foam-150-ml-pianka-do-oczyszczania-twarzy-o-dzialaniu-kojacym\/","og_site_name":"Selleetools.com","article_modified_time":"2025-12-26T15:44:22+00:00","og_image":[{"width":1000,"height":1000,"url":"https:\/\/selleetools.com\/wp-content\/uploads\/2025\/10\/c9025cffd21c2da97a01e96bdb27b937.jpg","type":"image\/jpeg"}],"twitter_card":"summary_large_image","twitter_misc":{"Est. reading time":"1 minuta"},"schema":{"@context":"https:\/\/schema.org","@graph":[{"@type":"Organization","@id":"https:\/\/selleetools.com\/#organization","name":"Selleetools","url":"https:\/\/selleetools.com\/","sameAs":[],"logo":{"@type":"ImageObject","inLanguage":"pl-PL","@id":"https:\/\/selleetools.com\/#\/schema\/logo\/image\/","url":"https:\/\/selleetools.com\/wp-content\/uploads\/2021\/10\/logo-dark.png","contentUrl":"https:\/\/selleetools.com\/wp-content\/uploads\/2021\/10\/logo-dark.png","width":320,"height":76,"caption":"Selleetools"},"image":{"@id":"https:\/\/selleetools.com\/#\/schema\/logo\/image\/"}},{"@type":"WebSite","@id":"https:\/\/selleetools.com\/#website","url":"https:\/\/selleetools.com\/","name":"Selleetools.com","description":"","publisher":{"@id":"https:\/\/selleetools.com\/#organization"},"potentialAction":[{"@type":"SearchAction","target":{"@type":"EntryPoint","urlTemplate":"https:\/\/selleetools.com\/?s={search_term_string}"},"query-input":"required name=search_term_string"}],"inLanguage":"pl-PL"},{"@type":"WebPage","@id":"https:\/\/admincentral.selleetools.com\/pl\/product\/marymay-houttuynia-cordata-tea-tree-cleansing-foam-150-ml-pianka-do-oczyszczania-twarzy-o-dzialaniu-kojacym\/","url":"https:\/\/admincentral.selleetools.com\/pl\/product\/marymay-houttuynia-cordata-tea-tree-cleansing-foam-150-ml-pianka-do-oczyszczania-twarzy-o-dzialaniu-kojacym\/","name":"Mary&May Houttuynia Cordata + Tea Tree Cleansing Foam 150 ml - Pianka do oczyszczania twarzy o dzia\u0142aniu koj\u0105cym - Selleetools.com","isPartOf":{"@id":"https:\/\/selleetools.com\/#website"},"datePublished":"2025-10-22T06:49:18+00:00","dateModified":"2025-12-26T15:44:22+00:00","breadcrumb":{"@id":"https:\/\/admincentral.selleetools.com\/pl\/product\/marymay-houttuynia-cordata-tea-tree-cleansing-foam-150-ml-pianka-do-oczyszczania-twarzy-o-dzialaniu-kojacym\/#breadcrumb"},"inLanguage":"pl-PL","potentialAction":[{"@type":"ReadAction","target":["https:\/\/admincentral.selleetools.com\/pl\/product\/marymay-houttuynia-cordata-tea-tree-cleansing-foam-150-ml-pianka-do-oczyszczania-twarzy-o-dzialaniu-kojacym\/"]}]},{"@type":"BreadcrumbList","@id":"https:\/\/admincentral.selleetools.com\/pl\/product\/marymay-houttuynia-cordata-tea-tree-cleansing-foam-150-ml-pianka-do-oczyszczania-twarzy-o-dzialaniu-kojacym\/#breadcrumb","itemListElement":[{"@type":"ListItem","position":1,"name":"Home","item":"https:\/\/selleetools.com\/pl\/"},{"@type":"ListItem","position":2,"name":"Katalog","item":"https:\/\/selleetools.com\/pl\/katalog\/"},{"@type":"ListItem","position":3,"name":"Mary&#038;May Houttuynia Cordata + Tea Tree Cleansing Foam 150 ml &#8211; Pianka do oczyszczania twarzy o dzia\u0142aniu koj\u0105cym"}]}]}},"_links":{"self":[{"href":"https:\/\/admincentral.selleetools.com\/pl\/wp-json\/wp\/v2\/product\/598193"}],"collection":[{"href":"https:\/\/admincentral.selleetools.com\/pl\/wp-json\/wp\/v2\/product"}],"about":[{"href":"https:\/\/admincentral.selleetools.com\/pl\/wp-json\/wp\/v2\/types\/product"}],"replies":[{"embeddable":true,"href":"https:\/\/admincentral.selleetools.com\/pl\/wp-json\/wp\/v2\/comments?post=598193"}],"wp:featuredmedia":[{"embeddable":true,"href":"https:\/\/admincentral.selleetools.com\/pl\/wp-json\/wp\/v2\/media\/598189"}],"wp:attachment":[{"href":"https:\/\/admincentral.selleetools.com\/pl\/wp-json\/wp\/v2\/media?parent=598193"}],"curies":[{"name":"wp","href":"https:\/\/api.w.org\/{rel}","templated":true}]}}