{"id":598201,"date":"2025-10-22T08:49:25","date_gmt":"2025-10-22T06:49:25","guid":{"rendered":"https:\/\/selleetools.com\/?post_type=product&#038;p=598201"},"modified":"2025-11-04T20:04:35","modified_gmt":"2025-11-04T19:04:35","slug":"marymay-cica-houttuynia-tea-tree-calming-mask-30-szt-maseczki-do-twarzy-o-dzialaniu-kojacym","status":"publish","type":"product","link":"https:\/\/admincentral.selleetools.com\/pl\/product\/marymay-cica-houttuynia-tea-tree-calming-mask-30-szt-maseczki-do-twarzy-o-dzialaniu-kojacym\/","title":{"rendered":"Mary&#038;May CICA Houttuynia Tea Tree Calming Mask, 30 szt &#8211; Maseczki do twarzy o dzia\u0142aniu koj\u0105cym"},"content":{"rendered":"<p style=\"caret-color: rgb(0, 0, 0); color: rgb(0, 0, 0);\"><font style=\"font-size: 12px;\">Mary&#038;May CICA Houttuynia Tea Tree Calming Mask to koj\u0105ca maseczka do twarzy, kt\u00f3ra \u0142\u0105czy w sobie moc naturalnych sk\u0142adnik\u00f3w, takich jak w\u0105krota azjatycka (CICA), ekstrakt z houttuynia cordata oraz olejek z drzewa herbacianego. Dzi\u0119ki starannie dobranym sk\u0142adnikom aktywnym, maseczka skutecznie \u0142agodzi podra\u017cnienia, redukuje zaczerwienienia i wspiera regeneracj\u0119 sk\u00f3ry, pozostawiaj\u0105c j\u0105 \u015bwie\u017c\u0105 i nawil\u017con\u0105.<\/font><\/p>\n<h4 style=\"caret-color: rgb(0, 0, 0); color: rgb(0, 0, 0);\"><font style=\"font-size: 12px;\">Korzy\u015bci dla sk\u00f3ry<\/font><\/h4>\n<ul style=\"caret-color: rgb(0, 0, 0); color: rgb(0, 0, 0);\">\n<li><font style=\"font-size: 12px;\"><strong>\u0141agodzenie podra\u017cnie\u0144<\/strong>: Ekstrakt z w\u0105kroty azjatyckiej (CICA) i houttuynia cordata dzia\u0142aj\u0105 koj\u0105co i przeciwzapalnie, idealne dla sk\u00f3ry wra\u017cliwej i problematycznej.<\/font><\/li>\n<li><font style=\"font-size: 12px;\"><strong>Redukcja zaczerwienie\u0144<\/strong>: Olejek z drzewa herbacianego pomaga w redukcji zaczerwienie\u0144 i wyprysk\u00f3w, wspomagaj\u0105c r\u00f3wnowag\u0119 sk\u00f3ry.<\/font><\/li>\n<li><font style=\"font-size: 12px;\"><strong>Nawil\u017cenie i regeneracja<\/strong>: Sk\u0142adniki nawil\u017caj\u0105ce zapewniaj\u0105 intensywne nawil\u017cenie, wspomagaj\u0105c regeneracj\u0119 i zdrowy wygl\u0105d sk\u00f3ry.<\/font><\/li>\n<\/ul>\n<h4 style=\"caret-color: rgb(0, 0, 0); color: rgb(0, 0, 0);\"><font style=\"font-size: 12px;\">Spos\u00f3b u\u017cycia<\/font><\/h4>\n<ol style=\"caret-color: rgb(0, 0, 0); color: rgb(0, 0, 0);\">\n<li><font style=\"font-size: 12px;\"><strong>Oczyszczenie<\/strong>: Dok\u0142adnie oczy\u015b\u0107 twarz przed na\u0142o\u017ceniem maseczki.<\/font><\/li>\n<li><font style=\"font-size: 12px;\"><strong>Aplikacja<\/strong>: Roz\u0142\u00f3\u017c maseczk\u0119 r\u00f3wnomiernie na twarzy, dopasowuj\u0105c j\u0105 do kontur\u00f3w twarzy.<\/font><\/li>\n<li><font style=\"font-size: 12px;\"><strong>Relaks<\/strong>: Pozostaw maseczk\u0119 na twarzy na 10-20 minut, aby sk\u0142adniki mog\u0142y w pe\u0142ni si\u0119 wch\u0142on\u0105\u0107.<\/font><\/li>\n<li><font style=\"font-size: 12px;\"><strong>Usuni\u0119cie<\/strong>: Delikatnie zdejmij maseczk\u0119, a pozosta\u0142o\u015bci esencji wklep w sk\u00f3r\u0119 a\u017c do ca\u0142kowitego wch\u0142oni\u0119cia.<\/font><\/li>\n<\/ol>\n<p style=\"caret-color: rgb(0, 0, 0); color: rgb(0, 0, 0);\"><font style=\"font-size: 12px;\">Mary&#038;May CICA Houttuynia Tea Tree Calming Mask to doskona\u0142y wyb\u00f3r dla os\u00f3b szukaj\u0105cych natychmiastowego ukojenia i nawil\u017cenia sk\u00f3ry, zapewniaj\u0105c jej zdrowy i promienny wygl\u0105d.<\/font><\/p>\n","protected":false},"excerpt":{"rendered":"<p>Mary&#038;May CICA Houttuynia Tea Tree Calming Mask to koj\u0105ca maseczka do twarzy, kt\u00f3ra \u0142\u0105czy w sobie moc naturalnych sk\u0142adnik\u00f3w, takich jak w\u0105krota azjatycka (CICA), ekstrakt z houttuynia cordata oraz olejek z drzewa herbacianego. Dzi\u0119ki starannie dobranym sk\u0142adnikom aktywnym, maseczka skutecznie \u0142agodzi podra\u017cnienia, redukuje zaczerwienienia i wspiera regeneracj\u0119 sk\u00f3ry, pozostawiaj\u0105c j\u0105 \u015bwie\u017c\u0105 i nawil\u017con\u0105. Korzy\u015bci dla &#8230; <a title=\"Mary&#038;May CICA Houttuynia Tea Tree Calming Mask, 30 szt &#8211; Maseczki do twarzy o dzia\u0142aniu koj\u0105cym\" class=\"read-more\" href=\"https:\/\/admincentral.selleetools.com\/pl\/product\/marymay-cica-houttuynia-tea-tree-calming-mask-30-szt-maseczki-do-twarzy-o-dzialaniu-kojacym\/\">Read more<span class=\"screen-reader-text\">Mary&#038;May CICA Houttuynia Tea Tree Calming Mask, 30 szt &#8211; Maseczki do twarzy o dzia\u0142aniu koj\u0105cym<\/span><\/a><\/p>\n","protected":false},"featured_media":598197,"comment_status":"open","ping_status":"closed","template":"","meta":{"_links_to":"","_links_to_target":""},"yoast_head":"<!-- This site is optimized with the Yoast SEO plugin v19.4 - https:\/\/yoast.com\/wordpress\/plugins\/seo\/ -->\n<title>Mary&amp;May CICA Houttuynia Tea Tree Calming Mask, 30 szt - Maseczki do twarzy o dzia\u0142aniu koj\u0105cym - Selleetools.com<\/title>\n<meta name=\"robots\" content=\"index, follow, max-snippet:-1, max-image-preview:large, max-video-preview:-1\" \/>\n<link rel=\"canonical\" href=\"https:\/\/selleetools.com\/pl\/product\/marymay-cica-houttuynia-tea-tree-calming-mask-30-szt-maseczki-do-twarzy-o-dzialaniu-kojacym\/\" \/>\n<meta property=\"og:locale\" content=\"pl_PL\" \/>\n<meta property=\"og:type\" content=\"article\" \/>\n<meta property=\"og:title\" content=\"Mary&amp;May CICA Houttuynia Tea Tree Calming Mask, 30 szt - Maseczki do twarzy o dzia\u0142aniu koj\u0105cym - Selleetools.com\" \/>\n<meta property=\"og:description\" content=\"Mary&#038;May CICA Houttuynia Tea Tree Calming Mask to koj\u0105ca maseczka do twarzy, kt\u00f3ra \u0142\u0105czy w sobie moc naturalnych sk\u0142adnik\u00f3w, takich jak w\u0105krota azjatycka (CICA), ekstrakt z houttuynia cordata oraz olejek z drzewa herbacianego. Dzi\u0119ki starannie dobranym sk\u0142adnikom aktywnym, maseczka skutecznie \u0142agodzi podra\u017cnienia, redukuje zaczerwienienia i wspiera regeneracj\u0119 sk\u00f3ry, pozostawiaj\u0105c j\u0105 \u015bwie\u017c\u0105 i nawil\u017con\u0105. Korzy\u015bci dla ... Read moreMary&#038;May CICA Houttuynia Tea Tree Calming Mask, 30 szt &#8211; Maseczki do twarzy o dzia\u0142aniu koj\u0105cym\" \/>\n<meta property=\"og:url\" content=\"https:\/\/selleetools.com\/pl\/product\/marymay-cica-houttuynia-tea-tree-calming-mask-30-szt-maseczki-do-twarzy-o-dzialaniu-kojacym\/\" \/>\n<meta property=\"og:site_name\" content=\"Selleetools.com\" \/>\n<meta property=\"article:modified_time\" content=\"2025-11-04T19:04:35+00:00\" \/>\n<meta property=\"og:image\" content=\"https:\/\/selleetools.com\/wp-content\/uploads\/2025\/10\/4b0d90aa017f8983a0d39ede0ef7ddee.jpg\" \/>\n\t<meta property=\"og:image:width\" content=\"405\" \/>\n\t<meta property=\"og:image:height\" content=\"405\" \/>\n\t<meta property=\"og:image:type\" content=\"image\/jpeg\" \/>\n<meta name=\"twitter:card\" content=\"summary_large_image\" \/>\n<meta name=\"twitter:label1\" content=\"Est. reading time\" \/>\n\t<meta name=\"twitter:data1\" content=\"1 minuta\" \/>\n<!-- \/ Yoast SEO plugin. -->","yoast_head_json":{"title":"Mary&May CICA Houttuynia Tea Tree Calming Mask, 30 szt - Maseczki do twarzy o dzia\u0142aniu koj\u0105cym - Selleetools.com","robots":{"index":"index","follow":"follow","max-snippet":"max-snippet:-1","max-image-preview":"max-image-preview:large","max-video-preview":"max-video-preview:-1"},"canonical":"https:\/\/selleetools.com\/pl\/product\/marymay-cica-houttuynia-tea-tree-calming-mask-30-szt-maseczki-do-twarzy-o-dzialaniu-kojacym\/","og_locale":"pl_PL","og_type":"article","og_title":"Mary&May CICA Houttuynia Tea Tree Calming Mask, 30 szt - Maseczki do twarzy o dzia\u0142aniu koj\u0105cym - Selleetools.com","og_description":"Mary&#038;May CICA Houttuynia Tea Tree Calming Mask to koj\u0105ca maseczka do twarzy, kt\u00f3ra \u0142\u0105czy w sobie moc naturalnych sk\u0142adnik\u00f3w, takich jak w\u0105krota azjatycka (CICA), ekstrakt z houttuynia cordata oraz olejek z drzewa herbacianego. Dzi\u0119ki starannie dobranym sk\u0142adnikom aktywnym, maseczka skutecznie \u0142agodzi podra\u017cnienia, redukuje zaczerwienienia i wspiera regeneracj\u0119 sk\u00f3ry, pozostawiaj\u0105c j\u0105 \u015bwie\u017c\u0105 i nawil\u017con\u0105. Korzy\u015bci dla ... Read moreMary&#038;May CICA Houttuynia Tea Tree Calming Mask, 30 szt &#8211; Maseczki do twarzy o dzia\u0142aniu koj\u0105cym","og_url":"https:\/\/selleetools.com\/pl\/product\/marymay-cica-houttuynia-tea-tree-calming-mask-30-szt-maseczki-do-twarzy-o-dzialaniu-kojacym\/","og_site_name":"Selleetools.com","article_modified_time":"2025-11-04T19:04:35+00:00","og_image":[{"width":405,"height":405,"url":"https:\/\/selleetools.com\/wp-content\/uploads\/2025\/10\/4b0d90aa017f8983a0d39ede0ef7ddee.jpg","type":"image\/jpeg"}],"twitter_card":"summary_large_image","twitter_misc":{"Est. reading time":"1 minuta"},"schema":{"@context":"https:\/\/schema.org","@graph":[{"@type":"Organization","@id":"https:\/\/selleetools.com\/#organization","name":"Selleetools","url":"https:\/\/selleetools.com\/","sameAs":[],"logo":{"@type":"ImageObject","inLanguage":"pl-PL","@id":"https:\/\/selleetools.com\/#\/schema\/logo\/image\/","url":"https:\/\/selleetools.com\/wp-content\/uploads\/2021\/10\/logo-dark.png","contentUrl":"https:\/\/selleetools.com\/wp-content\/uploads\/2021\/10\/logo-dark.png","width":320,"height":76,"caption":"Selleetools"},"image":{"@id":"https:\/\/selleetools.com\/#\/schema\/logo\/image\/"}},{"@type":"WebSite","@id":"https:\/\/selleetools.com\/#website","url":"https:\/\/selleetools.com\/","name":"Selleetools.com","description":"","publisher":{"@id":"https:\/\/selleetools.com\/#organization"},"potentialAction":[{"@type":"SearchAction","target":{"@type":"EntryPoint","urlTemplate":"https:\/\/selleetools.com\/?s={search_term_string}"},"query-input":"required name=search_term_string"}],"inLanguage":"pl-PL"},{"@type":"WebPage","@id":"https:\/\/selleetools.com\/pl\/product\/marymay-cica-houttuynia-tea-tree-calming-mask-30-szt-maseczki-do-twarzy-o-dzialaniu-kojacym\/","url":"https:\/\/selleetools.com\/pl\/product\/marymay-cica-houttuynia-tea-tree-calming-mask-30-szt-maseczki-do-twarzy-o-dzialaniu-kojacym\/","name":"Mary&May CICA Houttuynia Tea Tree Calming Mask, 30 szt - Maseczki do twarzy o dzia\u0142aniu koj\u0105cym - Selleetools.com","isPartOf":{"@id":"https:\/\/selleetools.com\/#website"},"datePublished":"2025-10-22T06:49:25+00:00","dateModified":"2025-11-04T19:04:35+00:00","breadcrumb":{"@id":"https:\/\/selleetools.com\/pl\/product\/marymay-cica-houttuynia-tea-tree-calming-mask-30-szt-maseczki-do-twarzy-o-dzialaniu-kojacym\/#breadcrumb"},"inLanguage":"pl-PL","potentialAction":[{"@type":"ReadAction","target":["https:\/\/selleetools.com\/pl\/product\/marymay-cica-houttuynia-tea-tree-calming-mask-30-szt-maseczki-do-twarzy-o-dzialaniu-kojacym\/"]}]},{"@type":"BreadcrumbList","@id":"https:\/\/selleetools.com\/pl\/product\/marymay-cica-houttuynia-tea-tree-calming-mask-30-szt-maseczki-do-twarzy-o-dzialaniu-kojacym\/#breadcrumb","itemListElement":[{"@type":"ListItem","position":1,"name":"Home","item":"https:\/\/selleetools.com\/pl\/"},{"@type":"ListItem","position":2,"name":"Katalog","item":"https:\/\/selleetools.com\/pl\/katalog\/"},{"@type":"ListItem","position":3,"name":"Mary&#038;May CICA Houttuynia Tea Tree Calming Mask, 30 szt &#8211; Maseczki do twarzy o dzia\u0142aniu koj\u0105cym"}]}]}},"_links":{"self":[{"href":"https:\/\/admincentral.selleetools.com\/pl\/wp-json\/wp\/v2\/product\/598201"}],"collection":[{"href":"https:\/\/admincentral.selleetools.com\/pl\/wp-json\/wp\/v2\/product"}],"about":[{"href":"https:\/\/admincentral.selleetools.com\/pl\/wp-json\/wp\/v2\/types\/product"}],"replies":[{"embeddable":true,"href":"https:\/\/admincentral.selleetools.com\/pl\/wp-json\/wp\/v2\/comments?post=598201"}],"wp:featuredmedia":[{"embeddable":true,"href":"https:\/\/admincentral.selleetools.com\/pl\/wp-json\/wp\/v2\/media\/598197"}],"wp:attachment":[{"href":"https:\/\/admincentral.selleetools.com\/pl\/wp-json\/wp\/v2\/media?parent=598201"}],"curies":[{"name":"wp","href":"https:\/\/api.w.org\/{rel}","templated":true}]}}