{"id":598206,"date":"2025-10-22T08:49:29","date_gmt":"2025-10-22T06:49:29","guid":{"rendered":"https:\/\/selleetools.com\/?post_type=product&#038;p=598206"},"modified":"2026-03-03T11:14:33","modified_gmt":"2026-03-03T10:14:33","slug":"marymay-niacinanide-vitamin-c-brightening-mask-30-szt-rozjasniajace-maseczki-w-plachcie","status":"publish","type":"product","link":"https:\/\/admincentral.selleetools.com\/pl\/product\/marymay-niacinanide-vitamin-c-brightening-mask-30-szt-rozjasniajace-maseczki-w-plachcie\/","title":{"rendered":"Mary&#038;May Niacinanide Vitamin C Brightening Mask, 30 szt &#8211; Rozja\u015bniaj\u0105ce maseczki w p\u0142achcie"},"content":{"rendered":"<p style=\"caret-color: rgb(0, 0, 0); color: rgb(0, 0, 0);\"><font style=\"font-size: 12px;\"><strong>Mary&#038;May Niacinamide Vitamin C Brightening Mask<\/strong> to zestaw 30 masek nas\u0105czonych serum, kt\u00f3re \u0142\u0105cz\u0105 w sobie moc niacynamidu i witaminy C. Te dwie pot\u0119\u017cne sk\u0142adniki aktywne s\u0105 znane ze swoich w\u0142a\u015bciwo\u015bci rozja\u015bniaj\u0105cych, wyr\u00f3wnuj\u0105cych koloryt sk\u00f3ry oraz wspomagaj\u0105cych regeneracj\u0119 i nawil\u017cenie.<\/font><\/p>\n<h3 style=\"caret-color: rgb(0, 0, 0); color: rgb(0, 0, 0);\"><font style=\"font-size: 12px;\">Korzy\u015bci dla sk\u00f3ry<\/font><\/h3>\n<ul style=\"caret-color: rgb(0, 0, 0); color: rgb(0, 0, 0);\">\n<li><font style=\"font-size: 12px;\"><strong>Rozja\u015bnienie cery<\/strong>: Niacynamid i witamina C wsp\u00f3\u0142pracuj\u0105, aby rozja\u015bni\u0107 przebarwienia i wyr\u00f3wna\u0107 koloryt sk\u00f3ry.<\/font><\/li>\n<li><font style=\"font-size: 12px;\"><strong>Nawil\u017cenie i regeneracja<\/strong>: Maska zapewnia intensywne nawil\u017cenie, wspomagaj\u0105c regeneracj\u0119 i odm\u0142odzenie sk\u00f3ry.<\/font><\/li>\n<li><font style=\"font-size: 12px;\"><strong>Zmniejszenie widoczno\u015bci por\u00f3w<\/strong>: Dzi\u0119ki niacynamidowi maska pomaga zmniejszy\u0107 widoczno\u015b\u0107 por\u00f3w i poprawi\u0107 tekstur\u0119 sk\u00f3ry.<\/font><\/li>\n<\/ul>\n<h3 style=\"caret-color: rgb(0, 0, 0); color: rgb(0, 0, 0);\"><font style=\"font-size: 12px;\">Spos\u00f3b u\u017cycia<\/font><\/h3>\n<ol style=\"caret-color: rgb(0, 0, 0); color: rgb(0, 0, 0);\">\n<li><font style=\"font-size: 12px;\"><strong>Oczyszczenie<\/strong>: Umyj twarz i osusz j\u0105 r\u0119cznikiem.<\/font><\/li>\n<li><font style=\"font-size: 12px;\"><strong>Aplikacja<\/strong>: Na\u0142\u00f3\u017c mask\u0119 r\u00f3wnomiernie na twarz, dopasowuj\u0105c j\u0105 do kontur\u00f3w twarzy.<\/font><\/li>\n<li><font style=\"font-size: 12px;\"><strong>Czas<\/strong>: Pozostaw mask\u0119 na twarzy na 15-20 minut.<\/font><\/li>\n<li><font style=\"font-size: 12px;\"><strong>Usuni\u0119cie<\/strong>: Delikatnie usu\u0144 mask\u0119, a pozosta\u0142e serum wmasuj w sk\u00f3r\u0119, a\u017c do ca\u0142kowitego wch\u0142oni\u0119cia.<\/font><\/li>\n<li><font style=\"font-size: 12px;\"><strong>Cz\u0119stotliwo\u015b\u0107<\/strong>: Stosuj 2-3 razy w tygodniu dla najlepszych efekt\u00f3w.<\/font><\/li>\n<\/ol>\n","protected":false},"excerpt":{"rendered":"<p>Mary&#038;May Niacinamide Vitamin C Brightening Mask to zestaw 30 masek nas\u0105czonych serum, kt\u00f3re \u0142\u0105cz\u0105 w sobie moc niacynamidu i witaminy C. Te dwie pot\u0119\u017cne sk\u0142adniki aktywne s\u0105 znane ze swoich w\u0142a\u015bciwo\u015bci rozja\u015bniaj\u0105cych, wyr\u00f3wnuj\u0105cych koloryt sk\u00f3ry oraz wspomagaj\u0105cych regeneracj\u0119 i nawil\u017cenie. Korzy\u015bci dla sk\u00f3ry Rozja\u015bnienie cery: Niacynamid i witamina C wsp\u00f3\u0142pracuj\u0105, aby rozja\u015bni\u0107 przebarwienia i wyr\u00f3wna\u0107 &#8230; <a title=\"Mary&#038;May Niacinanide Vitamin C Brightening Mask, 30 szt &#8211; Rozja\u015bniaj\u0105ce maseczki w p\u0142achcie\" class=\"read-more\" href=\"https:\/\/admincentral.selleetools.com\/pl\/product\/marymay-niacinanide-vitamin-c-brightening-mask-30-szt-rozjasniajace-maseczki-w-plachcie\/\">Read more<span class=\"screen-reader-text\">Mary&#038;May Niacinanide Vitamin C Brightening Mask, 30 szt &#8211; Rozja\u015bniaj\u0105ce maseczki w p\u0142achcie<\/span><\/a><\/p>\n","protected":false},"featured_media":598202,"comment_status":"open","ping_status":"closed","template":"","meta":{"_links_to":"","_links_to_target":""},"yoast_head":"<!-- This site is optimized with the Yoast SEO plugin v19.4 - https:\/\/yoast.com\/wordpress\/plugins\/seo\/ -->\n<title>Mary&amp;May Niacinanide Vitamin C Brightening Mask, 30 szt - Rozja\u015bniaj\u0105ce maseczki w p\u0142achcie - Selleetools.com<\/title>\n<meta name=\"robots\" content=\"index, follow, max-snippet:-1, max-image-preview:large, max-video-preview:-1\" \/>\n<link rel=\"canonical\" href=\"https:\/\/selleetools.com\/pl\/product\/marymay-niacinanide-vitamin-c-brightening-mask-30-szt-rozjasniajace-maseczki-w-plachcie\/\" \/>\n<meta property=\"og:locale\" content=\"pl_PL\" \/>\n<meta property=\"og:type\" content=\"article\" \/>\n<meta property=\"og:title\" content=\"Mary&amp;May Niacinanide Vitamin C Brightening Mask, 30 szt - Rozja\u015bniaj\u0105ce maseczki w p\u0142achcie - Selleetools.com\" \/>\n<meta property=\"og:description\" content=\"Mary&#038;May Niacinamide Vitamin C Brightening Mask to zestaw 30 masek nas\u0105czonych serum, kt\u00f3re \u0142\u0105cz\u0105 w sobie moc niacynamidu i witaminy C. Te dwie pot\u0119\u017cne sk\u0142adniki aktywne s\u0105 znane ze swoich w\u0142a\u015bciwo\u015bci rozja\u015bniaj\u0105cych, wyr\u00f3wnuj\u0105cych koloryt sk\u00f3ry oraz wspomagaj\u0105cych regeneracj\u0119 i nawil\u017cenie. Korzy\u015bci dla sk\u00f3ry Rozja\u015bnienie cery: Niacynamid i witamina C wsp\u00f3\u0142pracuj\u0105, aby rozja\u015bni\u0107 przebarwienia i wyr\u00f3wna\u0107 ... Read moreMary&#038;May Niacinanide Vitamin C Brightening Mask, 30 szt &#8211; Rozja\u015bniaj\u0105ce maseczki w p\u0142achcie\" \/>\n<meta property=\"og:url\" content=\"https:\/\/selleetools.com\/pl\/product\/marymay-niacinanide-vitamin-c-brightening-mask-30-szt-rozjasniajace-maseczki-w-plachcie\/\" \/>\n<meta property=\"og:site_name\" content=\"Selleetools.com\" \/>\n<meta property=\"article:modified_time\" content=\"2026-03-03T10:14:33+00:00\" \/>\n<meta property=\"og:image\" content=\"https:\/\/selleetools.com\/wp-content\/uploads\/2025\/10\/815c5f4e7da7e8caa43402aa245cd465.jpg\" \/>\n\t<meta property=\"og:image:width\" content=\"405\" \/>\n\t<meta property=\"og:image:height\" content=\"405\" \/>\n\t<meta property=\"og:image:type\" content=\"image\/jpeg\" \/>\n<meta name=\"twitter:card\" content=\"summary_large_image\" \/>\n<meta name=\"twitter:label1\" content=\"Est. reading time\" \/>\n\t<meta name=\"twitter:data1\" content=\"1 minuta\" \/>\n<!-- \/ Yoast SEO plugin. -->","yoast_head_json":{"title":"Mary&May Niacinanide Vitamin C Brightening Mask, 30 szt - Rozja\u015bniaj\u0105ce maseczki w p\u0142achcie - Selleetools.com","robots":{"index":"index","follow":"follow","max-snippet":"max-snippet:-1","max-image-preview":"max-image-preview:large","max-video-preview":"max-video-preview:-1"},"canonical":"https:\/\/selleetools.com\/pl\/product\/marymay-niacinanide-vitamin-c-brightening-mask-30-szt-rozjasniajace-maseczki-w-plachcie\/","og_locale":"pl_PL","og_type":"article","og_title":"Mary&May Niacinanide Vitamin C Brightening Mask, 30 szt - Rozja\u015bniaj\u0105ce maseczki w p\u0142achcie - Selleetools.com","og_description":"Mary&#038;May Niacinamide Vitamin C Brightening Mask to zestaw 30 masek nas\u0105czonych serum, kt\u00f3re \u0142\u0105cz\u0105 w sobie moc niacynamidu i witaminy C. Te dwie pot\u0119\u017cne sk\u0142adniki aktywne s\u0105 znane ze swoich w\u0142a\u015bciwo\u015bci rozja\u015bniaj\u0105cych, wyr\u00f3wnuj\u0105cych koloryt sk\u00f3ry oraz wspomagaj\u0105cych regeneracj\u0119 i nawil\u017cenie. Korzy\u015bci dla sk\u00f3ry Rozja\u015bnienie cery: Niacynamid i witamina C wsp\u00f3\u0142pracuj\u0105, aby rozja\u015bni\u0107 przebarwienia i wyr\u00f3wna\u0107 ... Read moreMary&#038;May Niacinanide Vitamin C Brightening Mask, 30 szt &#8211; Rozja\u015bniaj\u0105ce maseczki w p\u0142achcie","og_url":"https:\/\/selleetools.com\/pl\/product\/marymay-niacinanide-vitamin-c-brightening-mask-30-szt-rozjasniajace-maseczki-w-plachcie\/","og_site_name":"Selleetools.com","article_modified_time":"2026-03-03T10:14:33+00:00","og_image":[{"width":405,"height":405,"url":"https:\/\/selleetools.com\/wp-content\/uploads\/2025\/10\/815c5f4e7da7e8caa43402aa245cd465.jpg","type":"image\/jpeg"}],"twitter_card":"summary_large_image","twitter_misc":{"Est. reading time":"1 minuta"},"schema":{"@context":"https:\/\/schema.org","@graph":[{"@type":"Organization","@id":"https:\/\/selleetools.com\/#organization","name":"Selleetools","url":"https:\/\/selleetools.com\/","sameAs":[],"logo":{"@type":"ImageObject","inLanguage":"pl-PL","@id":"https:\/\/selleetools.com\/#\/schema\/logo\/image\/","url":"https:\/\/selleetools.com\/wp-content\/uploads\/2021\/10\/logo-dark.png","contentUrl":"https:\/\/selleetools.com\/wp-content\/uploads\/2021\/10\/logo-dark.png","width":320,"height":76,"caption":"Selleetools"},"image":{"@id":"https:\/\/selleetools.com\/#\/schema\/logo\/image\/"}},{"@type":"WebSite","@id":"https:\/\/selleetools.com\/#website","url":"https:\/\/selleetools.com\/","name":"Selleetools.com","description":"","publisher":{"@id":"https:\/\/selleetools.com\/#organization"},"potentialAction":[{"@type":"SearchAction","target":{"@type":"EntryPoint","urlTemplate":"https:\/\/selleetools.com\/?s={search_term_string}"},"query-input":"required name=search_term_string"}],"inLanguage":"pl-PL"},{"@type":"WebPage","@id":"https:\/\/selleetools.com\/pl\/product\/marymay-niacinanide-vitamin-c-brightening-mask-30-szt-rozjasniajace-maseczki-w-plachcie\/","url":"https:\/\/selleetools.com\/pl\/product\/marymay-niacinanide-vitamin-c-brightening-mask-30-szt-rozjasniajace-maseczki-w-plachcie\/","name":"Mary&May Niacinanide Vitamin C Brightening Mask, 30 szt - Rozja\u015bniaj\u0105ce maseczki w p\u0142achcie - Selleetools.com","isPartOf":{"@id":"https:\/\/selleetools.com\/#website"},"datePublished":"2025-10-22T06:49:29+00:00","dateModified":"2026-03-03T10:14:33+00:00","breadcrumb":{"@id":"https:\/\/selleetools.com\/pl\/product\/marymay-niacinanide-vitamin-c-brightening-mask-30-szt-rozjasniajace-maseczki-w-plachcie\/#breadcrumb"},"inLanguage":"pl-PL","potentialAction":[{"@type":"ReadAction","target":["https:\/\/selleetools.com\/pl\/product\/marymay-niacinanide-vitamin-c-brightening-mask-30-szt-rozjasniajace-maseczki-w-plachcie\/"]}]},{"@type":"BreadcrumbList","@id":"https:\/\/selleetools.com\/pl\/product\/marymay-niacinanide-vitamin-c-brightening-mask-30-szt-rozjasniajace-maseczki-w-plachcie\/#breadcrumb","itemListElement":[{"@type":"ListItem","position":1,"name":"Home","item":"https:\/\/selleetools.com\/pl\/"},{"@type":"ListItem","position":2,"name":"Katalog","item":"https:\/\/selleetools.com\/pl\/katalog\/"},{"@type":"ListItem","position":3,"name":"Mary&#038;May Niacinanide Vitamin C Brightening Mask, 30 szt &#8211; Rozja\u015bniaj\u0105ce maseczki w p\u0142achcie"}]}]}},"_links":{"self":[{"href":"https:\/\/admincentral.selleetools.com\/pl\/wp-json\/wp\/v2\/product\/598206"}],"collection":[{"href":"https:\/\/admincentral.selleetools.com\/pl\/wp-json\/wp\/v2\/product"}],"about":[{"href":"https:\/\/admincentral.selleetools.com\/pl\/wp-json\/wp\/v2\/types\/product"}],"replies":[{"embeddable":true,"href":"https:\/\/admincentral.selleetools.com\/pl\/wp-json\/wp\/v2\/comments?post=598206"}],"wp:featuredmedia":[{"embeddable":true,"href":"https:\/\/admincentral.selleetools.com\/pl\/wp-json\/wp\/v2\/media\/598202"}],"wp:attachment":[{"href":"https:\/\/admincentral.selleetools.com\/pl\/wp-json\/wp\/v2\/media?parent=598206"}],"curies":[{"name":"wp","href":"https:\/\/api.w.org\/{rel}","templated":true}]}}