{"id":598211,"date":"2025-10-22T08:49:35","date_gmt":"2025-10-22T06:49:35","guid":{"rendered":"https:\/\/selleetools.com\/?post_type=product&#038;p=598211"},"modified":"2025-10-23T12:22:28","modified_gmt":"2025-10-23T10:22:28","slug":"marymay-citrus-unshiu-tremella-fuciformis-serum-30-ml-nawilzajaco-rozjasniajace-serum-do-twarzy","status":"publish","type":"product","link":"https:\/\/admincentral.selleetools.com\/pl\/product\/marymay-citrus-unshiu-tremella-fuciformis-serum-30-ml-nawilzajaco-rozjasniajace-serum-do-twarzy\/","title":{"rendered":"Mary&#038;May Citrus Unshiu + Tremella Fuciformis Serum, 30 ml &#8211; Nawil\u017caj\u0105co-rozja\u015bniaj\u0105ce serum do twarzy"},"content":{"rendered":"<p style=\"caret-color: rgb(0, 0, 0); color: rgb(0, 0, 0);\"><font style=\"font-size: 12px;\">Mary&#038;May Citrus Unshiu + Tremella Fuciformis Serum to intensywnie nawil\u017caj\u0105ce i rozja\u015bniaj\u0105ce serum do twarzy, kt\u00f3re \u0142\u0105czy moc naturalnych ekstrakt\u00f3w z zaawansowan\u0105 technologi\u0105 piel\u0119gnacyjn\u0105. G\u0142\u00f3wne sk\u0142adniki aktywne to ekstrakt z Citrus Unshiu, bogaty w witamin\u0119 C, oraz Tremella Fuciformis, znana jako grzyb \u015bnie\u017cny, kt\u00f3ry zapewnia sk\u00f3rze g\u0142\u0119bokie nawil\u017cenie i poprawia jej elastyczno\u015b\u0107.<\/font><\/p>\n<h4 style=\"caret-color: rgb(0, 0, 0); color: rgb(0, 0, 0);\"><font style=\"font-size: 12px;\">Korzy\u015bci dla sk\u00f3ry<\/font><\/h4>\n<ul style=\"caret-color: rgb(0, 0, 0); color: rgb(0, 0, 0);\">\n<li><font style=\"font-size: 12px;\"><strong>Nawil\u017cenie<\/strong>: Tremella Fuciformis intensywnie nawil\u017ca sk\u00f3r\u0119, poprawiaj\u0105c jej mi\u0119kko\u015b\u0107 i elastyczno\u015b\u0107.<\/font><\/li>\n<li><font style=\"font-size: 12px;\"><strong>Rozja\u015bnienie<\/strong>: Ekstrakt z Citrus Unshiu pomaga rozja\u015bni\u0107 sk\u00f3r\u0119, wyr\u00f3wnuj\u0105c jej koloryt i redukuj\u0105c przebarwienia.<\/font><\/li>\n<li><font style=\"font-size: 12px;\"><strong>Ochrona<\/strong>: Serum dzia\u0142a antyoksydacyjnie, chroni\u0105c sk\u00f3r\u0119 przed szkodliwymi czynnikami zewn\u0119trznymi.<\/font><\/li>\n<\/ul>\n<h4 style=\"caret-color: rgb(0, 0, 0); color: rgb(0, 0, 0);\"><font style=\"font-size: 12px;\">Spos\u00f3b u\u017cycia<\/font><\/h4>\n<p style=\"caret-color: rgb(0, 0, 0); color: rgb(0, 0, 0);\"><font style=\"font-size: 12px;\">Na\u0142\u00f3\u017c kilka kropli serum na oczyszczon\u0105 sk\u00f3r\u0119 twarzy i szyi, delikatnie wklepuj\u0105c a\u017c do ca\u0142kowitego wch\u0142oni\u0119cia. Stosuj rano i wieczorem przed na\u0142o\u017ceniem kremu nawil\u017caj\u0105cego.<\/font><\/p>\n","protected":false},"excerpt":{"rendered":"<p>Mary&#038;May Citrus Unshiu + Tremella Fuciformis Serum to intensywnie nawil\u017caj\u0105ce i rozja\u015bniaj\u0105ce serum do twarzy, kt\u00f3re \u0142\u0105czy moc naturalnych ekstrakt\u00f3w z zaawansowan\u0105 technologi\u0105 piel\u0119gnacyjn\u0105. G\u0142\u00f3wne sk\u0142adniki aktywne to ekstrakt z Citrus Unshiu, bogaty w witamin\u0119 C, oraz Tremella Fuciformis, znana jako grzyb \u015bnie\u017cny, kt\u00f3ry zapewnia sk\u00f3rze g\u0142\u0119bokie nawil\u017cenie i poprawia jej elastyczno\u015b\u0107. Korzy\u015bci dla sk\u00f3ry &#8230; <a title=\"Mary&#038;May Citrus Unshiu + Tremella Fuciformis Serum, 30 ml &#8211; Nawil\u017caj\u0105co-rozja\u015bniaj\u0105ce serum do twarzy\" class=\"read-more\" href=\"https:\/\/admincentral.selleetools.com\/pl\/product\/marymay-citrus-unshiu-tremella-fuciformis-serum-30-ml-nawilzajaco-rozjasniajace-serum-do-twarzy\/\">Read more<span class=\"screen-reader-text\">Mary&#038;May Citrus Unshiu + Tremella Fuciformis Serum, 30 ml &#8211; Nawil\u017caj\u0105co-rozja\u015bniaj\u0105ce serum do twarzy<\/span><\/a><\/p>\n","protected":false},"featured_media":598207,"comment_status":"open","ping_status":"closed","template":"","meta":{"_links_to":"","_links_to_target":""},"yoast_head":"<!-- This site is optimized with the Yoast SEO plugin v19.4 - https:\/\/yoast.com\/wordpress\/plugins\/seo\/ -->\n<title>Mary&amp;May Citrus Unshiu + Tremella Fuciformis Serum, 30 ml - Nawil\u017caj\u0105co-rozja\u015bniaj\u0105ce serum do twarzy - Selleetools.com<\/title>\n<meta name=\"robots\" content=\"index, follow, max-snippet:-1, max-image-preview:large, max-video-preview:-1\" \/>\n<link rel=\"canonical\" href=\"https:\/\/selleetools.com\/pl\/product\/marymay-citrus-unshiu-tremella-fuciformis-serum-30-ml-nawilzajaco-rozjasniajace-serum-do-twarzy\/\" \/>\n<meta property=\"og:locale\" content=\"pl_PL\" \/>\n<meta property=\"og:type\" content=\"article\" \/>\n<meta property=\"og:title\" content=\"Mary&amp;May Citrus Unshiu + Tremella Fuciformis Serum, 30 ml - Nawil\u017caj\u0105co-rozja\u015bniaj\u0105ce serum do twarzy - Selleetools.com\" \/>\n<meta property=\"og:description\" content=\"Mary&#038;May Citrus Unshiu + Tremella Fuciformis Serum to intensywnie nawil\u017caj\u0105ce i rozja\u015bniaj\u0105ce serum do twarzy, kt\u00f3re \u0142\u0105czy moc naturalnych ekstrakt\u00f3w z zaawansowan\u0105 technologi\u0105 piel\u0119gnacyjn\u0105. G\u0142\u00f3wne sk\u0142adniki aktywne to ekstrakt z Citrus Unshiu, bogaty w witamin\u0119 C, oraz Tremella Fuciformis, znana jako grzyb \u015bnie\u017cny, kt\u00f3ry zapewnia sk\u00f3rze g\u0142\u0119bokie nawil\u017cenie i poprawia jej elastyczno\u015b\u0107. Korzy\u015bci dla sk\u00f3ry ... Read moreMary&#038;May Citrus Unshiu + Tremella Fuciformis Serum, 30 ml &#8211; Nawil\u017caj\u0105co-rozja\u015bniaj\u0105ce serum do twarzy\" \/>\n<meta property=\"og:url\" content=\"https:\/\/selleetools.com\/pl\/product\/marymay-citrus-unshiu-tremella-fuciformis-serum-30-ml-nawilzajaco-rozjasniajace-serum-do-twarzy\/\" \/>\n<meta property=\"og:site_name\" content=\"Selleetools.com\" \/>\n<meta property=\"article:modified_time\" content=\"2025-10-23T10:22:28+00:00\" \/>\n<meta property=\"og:image\" content=\"https:\/\/selleetools.com\/wp-content\/uploads\/2025\/10\/677edf1947ab54acd1f17c30ec4b1d94.jpg\" \/>\n\t<meta property=\"og:image:width\" content=\"405\" \/>\n\t<meta property=\"og:image:height\" content=\"405\" \/>\n\t<meta property=\"og:image:type\" content=\"image\/jpeg\" \/>\n<meta name=\"twitter:card\" content=\"summary_large_image\" \/>\n<meta name=\"twitter:label1\" content=\"Est. reading time\" \/>\n\t<meta name=\"twitter:data1\" content=\"1 minuta\" \/>\n<!-- \/ Yoast SEO plugin. -->","yoast_head_json":{"title":"Mary&May Citrus Unshiu + Tremella Fuciformis Serum, 30 ml - Nawil\u017caj\u0105co-rozja\u015bniaj\u0105ce serum do twarzy - Selleetools.com","robots":{"index":"index","follow":"follow","max-snippet":"max-snippet:-1","max-image-preview":"max-image-preview:large","max-video-preview":"max-video-preview:-1"},"canonical":"https:\/\/selleetools.com\/pl\/product\/marymay-citrus-unshiu-tremella-fuciformis-serum-30-ml-nawilzajaco-rozjasniajace-serum-do-twarzy\/","og_locale":"pl_PL","og_type":"article","og_title":"Mary&May Citrus Unshiu + Tremella Fuciformis Serum, 30 ml - Nawil\u017caj\u0105co-rozja\u015bniaj\u0105ce serum do twarzy - Selleetools.com","og_description":"Mary&#038;May Citrus Unshiu + Tremella Fuciformis Serum to intensywnie nawil\u017caj\u0105ce i rozja\u015bniaj\u0105ce serum do twarzy, kt\u00f3re \u0142\u0105czy moc naturalnych ekstrakt\u00f3w z zaawansowan\u0105 technologi\u0105 piel\u0119gnacyjn\u0105. G\u0142\u00f3wne sk\u0142adniki aktywne to ekstrakt z Citrus Unshiu, bogaty w witamin\u0119 C, oraz Tremella Fuciformis, znana jako grzyb \u015bnie\u017cny, kt\u00f3ry zapewnia sk\u00f3rze g\u0142\u0119bokie nawil\u017cenie i poprawia jej elastyczno\u015b\u0107. Korzy\u015bci dla sk\u00f3ry ... Read moreMary&#038;May Citrus Unshiu + Tremella Fuciformis Serum, 30 ml &#8211; Nawil\u017caj\u0105co-rozja\u015bniaj\u0105ce serum do twarzy","og_url":"https:\/\/selleetools.com\/pl\/product\/marymay-citrus-unshiu-tremella-fuciformis-serum-30-ml-nawilzajaco-rozjasniajace-serum-do-twarzy\/","og_site_name":"Selleetools.com","article_modified_time":"2025-10-23T10:22:28+00:00","og_image":[{"width":405,"height":405,"url":"https:\/\/selleetools.com\/wp-content\/uploads\/2025\/10\/677edf1947ab54acd1f17c30ec4b1d94.jpg","type":"image\/jpeg"}],"twitter_card":"summary_large_image","twitter_misc":{"Est. reading time":"1 minuta"},"schema":{"@context":"https:\/\/schema.org","@graph":[{"@type":"Organization","@id":"https:\/\/selleetools.com\/#organization","name":"Selleetools","url":"https:\/\/selleetools.com\/","sameAs":[],"logo":{"@type":"ImageObject","inLanguage":"pl-PL","@id":"https:\/\/selleetools.com\/#\/schema\/logo\/image\/","url":"https:\/\/selleetools.com\/wp-content\/uploads\/2021\/10\/logo-dark.png","contentUrl":"https:\/\/selleetools.com\/wp-content\/uploads\/2021\/10\/logo-dark.png","width":320,"height":76,"caption":"Selleetools"},"image":{"@id":"https:\/\/selleetools.com\/#\/schema\/logo\/image\/"}},{"@type":"WebSite","@id":"https:\/\/selleetools.com\/#website","url":"https:\/\/selleetools.com\/","name":"Selleetools.com","description":"","publisher":{"@id":"https:\/\/selleetools.com\/#organization"},"potentialAction":[{"@type":"SearchAction","target":{"@type":"EntryPoint","urlTemplate":"https:\/\/selleetools.com\/?s={search_term_string}"},"query-input":"required name=search_term_string"}],"inLanguage":"pl-PL"},{"@type":"WebPage","@id":"https:\/\/selleetools.com\/pl\/product\/marymay-citrus-unshiu-tremella-fuciformis-serum-30-ml-nawilzajaco-rozjasniajace-serum-do-twarzy\/","url":"https:\/\/selleetools.com\/pl\/product\/marymay-citrus-unshiu-tremella-fuciformis-serum-30-ml-nawilzajaco-rozjasniajace-serum-do-twarzy\/","name":"Mary&May Citrus Unshiu + Tremella Fuciformis Serum, 30 ml - Nawil\u017caj\u0105co-rozja\u015bniaj\u0105ce serum do twarzy - Selleetools.com","isPartOf":{"@id":"https:\/\/selleetools.com\/#website"},"datePublished":"2025-10-22T06:49:35+00:00","dateModified":"2025-10-23T10:22:28+00:00","breadcrumb":{"@id":"https:\/\/selleetools.com\/pl\/product\/marymay-citrus-unshiu-tremella-fuciformis-serum-30-ml-nawilzajaco-rozjasniajace-serum-do-twarzy\/#breadcrumb"},"inLanguage":"pl-PL","potentialAction":[{"@type":"ReadAction","target":["https:\/\/selleetools.com\/pl\/product\/marymay-citrus-unshiu-tremella-fuciformis-serum-30-ml-nawilzajaco-rozjasniajace-serum-do-twarzy\/"]}]},{"@type":"BreadcrumbList","@id":"https:\/\/selleetools.com\/pl\/product\/marymay-citrus-unshiu-tremella-fuciformis-serum-30-ml-nawilzajaco-rozjasniajace-serum-do-twarzy\/#breadcrumb","itemListElement":[{"@type":"ListItem","position":1,"name":"Home","item":"https:\/\/selleetools.com\/pl\/"},{"@type":"ListItem","position":2,"name":"Katalog","item":"https:\/\/selleetools.com\/pl\/katalog\/"},{"@type":"ListItem","position":3,"name":"Mary&#038;May Citrus Unshiu + Tremella Fuciformis Serum, 30 ml &#8211; Nawil\u017caj\u0105co-rozja\u015bniaj\u0105ce serum do twarzy"}]}]}},"_links":{"self":[{"href":"https:\/\/admincentral.selleetools.com\/pl\/wp-json\/wp\/v2\/product\/598211"}],"collection":[{"href":"https:\/\/admincentral.selleetools.com\/pl\/wp-json\/wp\/v2\/product"}],"about":[{"href":"https:\/\/admincentral.selleetools.com\/pl\/wp-json\/wp\/v2\/types\/product"}],"replies":[{"embeddable":true,"href":"https:\/\/admincentral.selleetools.com\/pl\/wp-json\/wp\/v2\/comments?post=598211"}],"wp:featuredmedia":[{"embeddable":true,"href":"https:\/\/admincentral.selleetools.com\/pl\/wp-json\/wp\/v2\/media\/598207"}],"wp:attachment":[{"href":"https:\/\/admincentral.selleetools.com\/pl\/wp-json\/wp\/v2\/media?parent=598211"}],"curies":[{"name":"wp","href":"https:\/\/api.w.org\/{rel}","templated":true}]}}