{"id":598239,"date":"2025-10-22T08:49:59","date_gmt":"2025-10-22T06:49:59","guid":{"rendered":"https:\/\/selleetools.com\/?post_type=product&#038;p=598239"},"modified":"2025-12-26T16:45:14","modified_gmt":"2025-12-26T15:45:14","slug":"marymay-houttuynia-cordata-tea-tree-serum-30-ml-lagodzace-podraznienia-serum-do-twarzy","status":"publish","type":"product","link":"https:\/\/admincentral.selleetools.com\/pl\/product\/marymay-houttuynia-cordata-tea-tree-serum-30-ml-lagodzace-podraznienia-serum-do-twarzy\/","title":{"rendered":"Mary&#038;May Houttuynia Cordata + Tea Tree Serum, 30 ml &#8211; \u0141agodz\u0105ce podra\u017cnienia serum do twarzy"},"content":{"rendered":"<p style=\"caret-color: rgb(0, 0, 0); color: rgb(0, 0, 0);\"><font style=\"font-size: 12px;\">Mary&#038;May Houttuynia Cordata + Tea Tree Serum to lekkie serum do twarzy, kt\u00f3re \u0142\u0105czy moc naturalnych sk\u0142adnik\u00f3w w celu kompleksowej piel\u0119gnacji sk\u00f3ry. G\u0142\u00f3wne sk\u0142adniki aktywne to Houttuynia Cordata (znana r\u00f3wnie\u017c jako jask\u00f3\u0142cze ziele) oraz olejek z drzewa herbacianego, kt\u00f3re dzia\u0142aj\u0105 synergicznie, aby \u0142agodzi\u0107, oczyszcza\u0107 i nawil\u017ca\u0107 sk\u00f3r\u0119.<\/font><\/p>\n<h4 style=\"caret-color: rgb(0, 0, 0); color: rgb(0, 0, 0);\"><font style=\"font-size: 12px;\">Korzy\u015bci dla sk\u00f3ry<\/font><\/h4>\n<ul style=\"caret-color: rgb(0, 0, 0); color: rgb(0, 0, 0);\">\n<li><font style=\"font-size: 12px;\"><strong>\u0141agodzenie podra\u017cnie\u0144<\/strong>: Houttuynia Cordata dzia\u0142a koj\u0105co, redukuj\u0105c zaczerwienienia i stany zapalne.<\/font><\/li>\n<li><font style=\"font-size: 12px;\"><strong>Oczyszczanie<\/strong>: Olejek z drzewa herbacianego ma w\u0142a\u015bciwo\u015bci antybakteryjne, pomagaj\u0105c w walce z niedoskona\u0142o\u015bciami i tr\u0105dzikiem.<\/font><\/li>\n<li><font style=\"font-size: 12px;\"><strong>Nawil\u017cenie i od\u015bwie\u017cenie<\/strong>: Serum zapewnia lekkie, ale efektywne nawil\u017cenie, pozostawiaj\u0105c sk\u00f3r\u0119 \u015bwie\u017c\u0105 i promienn\u0105.<\/font><\/li>\n<\/ul>\n<h4 style=\"caret-color: rgb(0, 0, 0); color: rgb(0, 0, 0);\"><font style=\"font-size: 12px;\">Spos\u00f3b u\u017cycia<\/font><\/h4>\n<ol style=\"caret-color: rgb(0, 0, 0); color: rgb(0, 0, 0);\">\n<li><font style=\"font-size: 12px;\"><strong>Oczyszczanie<\/strong>: Po umyciu twarzy i u\u017cyciu toniku, na\u0142\u00f3\u017c kilka kropli serum na czyst\u0105 sk\u00f3r\u0119.<\/font><\/li>\n<li><font style=\"font-size: 12px;\"><strong>Aplikacja<\/strong>: Delikatnie wklep serum w sk\u00f3r\u0119 twarzy, omijaj\u0105c okolice oczu.<\/font><\/li>\n<li><font style=\"font-size: 12px;\"><strong>Cz\u0119stotliwo\u015b\u0107<\/strong>: Stosuj codziennie rano i wieczorem przed na\u0142o\u017ceniem kremu nawil\u017caj\u0105cego.<\/font><\/li>\n<\/ol>\n<p style=\"caret-color: rgb(0, 0, 0); color: rgb(0, 0, 0);\"><font style=\"font-size: 12px;\">To serum od Mary&#038;May jest idealne dla os\u00f3b poszukuj\u0105cych delikatnej, ale skutecznej piel\u0119gnacji, kt\u00f3ra \u0142agodzi i oczyszcza sk\u00f3r\u0119, jednocze\u015bnie dostarczaj\u0105c jej niezb\u0119dnego nawil\u017cenia.<\/font><\/p>\n","protected":false},"excerpt":{"rendered":"<p>Mary&#038;May Houttuynia Cordata + Tea Tree Serum to lekkie serum do twarzy, kt\u00f3re \u0142\u0105czy moc naturalnych sk\u0142adnik\u00f3w w celu kompleksowej piel\u0119gnacji sk\u00f3ry. G\u0142\u00f3wne sk\u0142adniki aktywne to Houttuynia Cordata (znana r\u00f3wnie\u017c jako jask\u00f3\u0142cze ziele) oraz olejek z drzewa herbacianego, kt\u00f3re dzia\u0142aj\u0105 synergicznie, aby \u0142agodzi\u0107, oczyszcza\u0107 i nawil\u017ca\u0107 sk\u00f3r\u0119. Korzy\u015bci dla sk\u00f3ry \u0141agodzenie podra\u017cnie\u0144: Houttuynia Cordata dzia\u0142a &#8230; <a title=\"Mary&#038;May Houttuynia Cordata + Tea Tree Serum, 30 ml &#8211; \u0141agodz\u0105ce podra\u017cnienia serum do twarzy\" class=\"read-more\" href=\"https:\/\/admincentral.selleetools.com\/pl\/product\/marymay-houttuynia-cordata-tea-tree-serum-30-ml-lagodzace-podraznienia-serum-do-twarzy\/\">Read more<span class=\"screen-reader-text\">Mary&#038;May Houttuynia Cordata + Tea Tree Serum, 30 ml &#8211; \u0141agodz\u0105ce podra\u017cnienia serum do twarzy<\/span><\/a><\/p>\n","protected":false},"featured_media":598233,"comment_status":"open","ping_status":"closed","template":"","meta":{"_links_to":"","_links_to_target":""},"yoast_head":"<!-- This site is optimized with the Yoast SEO plugin v19.4 - https:\/\/yoast.com\/wordpress\/plugins\/seo\/ -->\n<title>Mary&amp;May Houttuynia Cordata + Tea Tree Serum, 30 ml - \u0141agodz\u0105ce podra\u017cnienia serum do twarzy - Selleetools.com<\/title>\n<meta name=\"robots\" content=\"index, follow, max-snippet:-1, max-image-preview:large, max-video-preview:-1\" \/>\n<link rel=\"canonical\" href=\"https:\/\/selleetools.com\/pl\/product\/marymay-houttuynia-cordata-tea-tree-serum-30-ml-lagodzace-podraznienia-serum-do-twarzy\/\" \/>\n<meta property=\"og:locale\" content=\"pl_PL\" \/>\n<meta property=\"og:type\" content=\"article\" \/>\n<meta property=\"og:title\" content=\"Mary&amp;May Houttuynia Cordata + Tea Tree Serum, 30 ml - \u0141agodz\u0105ce podra\u017cnienia serum do twarzy - Selleetools.com\" \/>\n<meta property=\"og:description\" content=\"Mary&#038;May Houttuynia Cordata + Tea Tree Serum to lekkie serum do twarzy, kt\u00f3re \u0142\u0105czy moc naturalnych sk\u0142adnik\u00f3w w celu kompleksowej piel\u0119gnacji sk\u00f3ry. G\u0142\u00f3wne sk\u0142adniki aktywne to Houttuynia Cordata (znana r\u00f3wnie\u017c jako jask\u00f3\u0142cze ziele) oraz olejek z drzewa herbacianego, kt\u00f3re dzia\u0142aj\u0105 synergicznie, aby \u0142agodzi\u0107, oczyszcza\u0107 i nawil\u017ca\u0107 sk\u00f3r\u0119. Korzy\u015bci dla sk\u00f3ry \u0141agodzenie podra\u017cnie\u0144: Houttuynia Cordata dzia\u0142a ... Read moreMary&#038;May Houttuynia Cordata + Tea Tree Serum, 30 ml &#8211; \u0141agodz\u0105ce podra\u017cnienia serum do twarzy\" \/>\n<meta property=\"og:url\" content=\"https:\/\/selleetools.com\/pl\/product\/marymay-houttuynia-cordata-tea-tree-serum-30-ml-lagodzace-podraznienia-serum-do-twarzy\/\" \/>\n<meta property=\"og:site_name\" content=\"Selleetools.com\" \/>\n<meta property=\"article:modified_time\" content=\"2025-12-26T15:45:14+00:00\" \/>\n<meta property=\"og:image\" content=\"https:\/\/selleetools.com\/wp-content\/uploads\/2025\/10\/6c6f184923e2a17516d476f5c3acb1d7.png\" \/>\n\t<meta property=\"og:image:width\" content=\"1200\" \/>\n\t<meta property=\"og:image:height\" content=\"1200\" \/>\n\t<meta property=\"og:image:type\" content=\"image\/png\" \/>\n<meta name=\"twitter:card\" content=\"summary_large_image\" \/>\n<meta name=\"twitter:label1\" content=\"Est. reading time\" \/>\n\t<meta name=\"twitter:data1\" content=\"1 minuta\" \/>\n<!-- \/ Yoast SEO plugin. -->","yoast_head_json":{"title":"Mary&May Houttuynia Cordata + Tea Tree Serum, 30 ml - \u0141agodz\u0105ce podra\u017cnienia serum do twarzy - Selleetools.com","robots":{"index":"index","follow":"follow","max-snippet":"max-snippet:-1","max-image-preview":"max-image-preview:large","max-video-preview":"max-video-preview:-1"},"canonical":"https:\/\/selleetools.com\/pl\/product\/marymay-houttuynia-cordata-tea-tree-serum-30-ml-lagodzace-podraznienia-serum-do-twarzy\/","og_locale":"pl_PL","og_type":"article","og_title":"Mary&May Houttuynia Cordata + Tea Tree Serum, 30 ml - \u0141agodz\u0105ce podra\u017cnienia serum do twarzy - Selleetools.com","og_description":"Mary&#038;May Houttuynia Cordata + Tea Tree Serum to lekkie serum do twarzy, kt\u00f3re \u0142\u0105czy moc naturalnych sk\u0142adnik\u00f3w w celu kompleksowej piel\u0119gnacji sk\u00f3ry. G\u0142\u00f3wne sk\u0142adniki aktywne to Houttuynia Cordata (znana r\u00f3wnie\u017c jako jask\u00f3\u0142cze ziele) oraz olejek z drzewa herbacianego, kt\u00f3re dzia\u0142aj\u0105 synergicznie, aby \u0142agodzi\u0107, oczyszcza\u0107 i nawil\u017ca\u0107 sk\u00f3r\u0119. Korzy\u015bci dla sk\u00f3ry \u0141agodzenie podra\u017cnie\u0144: Houttuynia Cordata dzia\u0142a ... Read moreMary&#038;May Houttuynia Cordata + Tea Tree Serum, 30 ml &#8211; \u0141agodz\u0105ce podra\u017cnienia serum do twarzy","og_url":"https:\/\/selleetools.com\/pl\/product\/marymay-houttuynia-cordata-tea-tree-serum-30-ml-lagodzace-podraznienia-serum-do-twarzy\/","og_site_name":"Selleetools.com","article_modified_time":"2025-12-26T15:45:14+00:00","og_image":[{"width":1200,"height":1200,"url":"https:\/\/selleetools.com\/wp-content\/uploads\/2025\/10\/6c6f184923e2a17516d476f5c3acb1d7.png","type":"image\/png"}],"twitter_card":"summary_large_image","twitter_misc":{"Est. reading time":"1 minuta"},"schema":{"@context":"https:\/\/schema.org","@graph":[{"@type":"Organization","@id":"https:\/\/selleetools.com\/#organization","name":"Selleetools","url":"https:\/\/selleetools.com\/","sameAs":[],"logo":{"@type":"ImageObject","inLanguage":"pl-PL","@id":"https:\/\/selleetools.com\/#\/schema\/logo\/image\/","url":"https:\/\/selleetools.com\/wp-content\/uploads\/2021\/10\/logo-dark.png","contentUrl":"https:\/\/selleetools.com\/wp-content\/uploads\/2021\/10\/logo-dark.png","width":320,"height":76,"caption":"Selleetools"},"image":{"@id":"https:\/\/selleetools.com\/#\/schema\/logo\/image\/"}},{"@type":"WebSite","@id":"https:\/\/selleetools.com\/#website","url":"https:\/\/selleetools.com\/","name":"Selleetools.com","description":"","publisher":{"@id":"https:\/\/selleetools.com\/#organization"},"potentialAction":[{"@type":"SearchAction","target":{"@type":"EntryPoint","urlTemplate":"https:\/\/selleetools.com\/?s={search_term_string}"},"query-input":"required name=search_term_string"}],"inLanguage":"pl-PL"},{"@type":"WebPage","@id":"https:\/\/selleetools.com\/pl\/product\/marymay-houttuynia-cordata-tea-tree-serum-30-ml-lagodzace-podraznienia-serum-do-twarzy\/","url":"https:\/\/selleetools.com\/pl\/product\/marymay-houttuynia-cordata-tea-tree-serum-30-ml-lagodzace-podraznienia-serum-do-twarzy\/","name":"Mary&May Houttuynia Cordata + Tea Tree Serum, 30 ml - \u0141agodz\u0105ce podra\u017cnienia serum do twarzy - Selleetools.com","isPartOf":{"@id":"https:\/\/selleetools.com\/#website"},"datePublished":"2025-10-22T06:49:59+00:00","dateModified":"2025-12-26T15:45:14+00:00","breadcrumb":{"@id":"https:\/\/selleetools.com\/pl\/product\/marymay-houttuynia-cordata-tea-tree-serum-30-ml-lagodzace-podraznienia-serum-do-twarzy\/#breadcrumb"},"inLanguage":"pl-PL","potentialAction":[{"@type":"ReadAction","target":["https:\/\/selleetools.com\/pl\/product\/marymay-houttuynia-cordata-tea-tree-serum-30-ml-lagodzace-podraznienia-serum-do-twarzy\/"]}]},{"@type":"BreadcrumbList","@id":"https:\/\/selleetools.com\/pl\/product\/marymay-houttuynia-cordata-tea-tree-serum-30-ml-lagodzace-podraznienia-serum-do-twarzy\/#breadcrumb","itemListElement":[{"@type":"ListItem","position":1,"name":"Home","item":"https:\/\/selleetools.com\/pl\/"},{"@type":"ListItem","position":2,"name":"Katalog","item":"https:\/\/selleetools.com\/pl\/katalog\/"},{"@type":"ListItem","position":3,"name":"Mary&#038;May Houttuynia Cordata + Tea Tree Serum, 30 ml &#8211; \u0141agodz\u0105ce podra\u017cnienia serum do twarzy"}]}]}},"_links":{"self":[{"href":"https:\/\/admincentral.selleetools.com\/pl\/wp-json\/wp\/v2\/product\/598239"}],"collection":[{"href":"https:\/\/admincentral.selleetools.com\/pl\/wp-json\/wp\/v2\/product"}],"about":[{"href":"https:\/\/admincentral.selleetools.com\/pl\/wp-json\/wp\/v2\/types\/product"}],"replies":[{"embeddable":true,"href":"https:\/\/admincentral.selleetools.com\/pl\/wp-json\/wp\/v2\/comments?post=598239"}],"wp:featuredmedia":[{"embeddable":true,"href":"https:\/\/admincentral.selleetools.com\/pl\/wp-json\/wp\/v2\/media\/598233"}],"wp:attachment":[{"href":"https:\/\/admincentral.selleetools.com\/pl\/wp-json\/wp\/v2\/media?parent=598239"}],"curies":[{"name":"wp","href":"https:\/\/api.w.org\/{rel}","templated":true}]}}