{"id":598277,"date":"2025-10-22T08:50:39","date_gmt":"2025-10-22T06:50:39","guid":{"rendered":"https:\/\/selleetools.com\/?post_type=product&#038;p=598277"},"modified":"2025-10-23T19:48:49","modified_gmt":"2025-10-23T17:48:49","slug":"iunik-centella-mini-set-toner-serum-cream-zestaw-podrozny-kosmetykow-z-wakrota-azjatycka","status":"publish","type":"product","link":"https:\/\/admincentral.selleetools.com\/pl\/product\/iunik-centella-mini-set-toner-serum-cream-zestaw-podrozny-kosmetykow-z-wakrota-azjatycka\/","title":{"rendered":"IUNIK &#8211; Centella Mini Set (Toner + Serum + Cream) &#8211; Zestaw podr\u00f3\u017cny kosmetyk\u00f3w z w\u0105krot\u0105 azjatyck\u0105"},"content":{"rendered":"<section class=\"section\">\n<div class=\"item item-6\">\n<section class=\"image-item\">\n<p style=\"text-align: justify; caret-color: rgb(0, 0, 0); color: rgb(0, 0, 0);\"><font style=\"font-size: 12px;\">IUNIK Centella Mini Set to kompleksowy zestaw piel\u0119gnacyjny zawieraj\u0105cy tonik, serum i krem, kt\u00f3re wsp\u00f3lnie dzia\u0142aj\u0105, aby \u0142agodzi\u0107, nawil\u017ca\u0107 i regenerowa\u0107 sk\u00f3r\u0119. Idealny dla sk\u00f3ry wra\u017cliwej i podra\u017cnionej, zestaw ten wykorzystuje koj\u0105ce w\u0142a\u015bciwo\u015bci w\u0105kroty azjatyckiej (Centella Asiatica), aby zmniejszy\u0107 zaczerwienienia, poprawi\u0107 elastyczno\u015b\u0107 sk\u00f3ry i przyspieszy\u0107 jej regeneracj\u0119.<\/font><\/p>\n<h4 style=\"caret-color: rgb(0, 0, 0); color: rgb(0, 0, 0);\"><font style=\"font-size: 12px;\">Korzy\u015bci dla sk\u00f3ry:<\/font><\/h4>\n<ul style=\"caret-color: rgb(0, 0, 0); color: rgb(0, 0, 0);\">\n<li><strong><font style=\"font-size: 12px;\">\u0141agodzi podra\u017cnienia i zaczerwienienia<\/font><\/strong><\/li>\n<li><strong><font style=\"font-size: 12px;\">G\u0142\u0119bokie nawil\u017cenie i od\u017cywienie<\/font><\/strong><\/li>\n<li><strong><font style=\"font-size: 12px;\">Poprawa elastyczno\u015bci i regeneracja sk\u00f3ry<\/font><\/strong><\/li>\n<\/ul>\n<h4 style=\"caret-color: rgb(0, 0, 0); color: rgb(0, 0, 0);\"><font style=\"font-size: 12px;\">Spos\u00f3b u\u017cycia:<\/font><\/h4>\n<ol style=\"caret-color: rgb(0, 0, 0); color: rgb(0, 0, 0);\">\n<li><font style=\"font-size: 12px;\"><strong>Tonik<\/strong>: Po oczyszczeniu twarzy, na\u0142\u00f3\u017c niewielk\u0105 ilo\u015b\u0107 toniku na wacik i delikatnie przetrzyj sk\u00f3r\u0119.<\/font><\/li>\n<li><font style=\"font-size: 12px;\"><strong>Serum<\/strong>: Nast\u0119pnie na\u0142\u00f3\u017c kilka kropel serum na twarz i wmasuj delikatnie, a\u017c do wch\u0142oni\u0119cia.<\/font><\/li>\n<li><font style=\"font-size: 12px;\"><strong>Krem<\/strong>: Na zako\u0144czenie na\u0142\u00f3\u017c odpowiedni\u0105 ilo\u015b\u0107 kremu i r\u00f3wnomiernie rozprowad\u017a na twarzy, delikatnie wklepuj\u0105c dla lepszego wch\u0142aniania.<\/font><\/li>\n<\/ol>\n<p style=\"caret-color: rgb(0, 0, 0); color: rgb(0, 0, 0);\"><font style=\"font-size: 12px;\">Ten zestaw zapewnia kompleksow\u0105 piel\u0119gnacj\u0119, kt\u00f3ra przywraca sk\u00f3rze zdrowy i promienny wygl\u0105d.<\/font><\/p>\n<\/section>\n<\/div>\n<\/section>\n<section class=\"section\">\n<div class=\"item item-12\">\n<section class=\"text-item\">\n        <\/section>\n<\/p><\/div>\n<\/section>\n","protected":false},"excerpt":{"rendered":"<p>IUNIK Centella Mini Set to kompleksowy zestaw piel\u0119gnacyjny zawieraj\u0105cy tonik, serum i krem, kt\u00f3re wsp\u00f3lnie dzia\u0142aj\u0105, aby \u0142agodzi\u0107, nawil\u017ca\u0107 i regenerowa\u0107 sk\u00f3r\u0119. Idealny dla sk\u00f3ry wra\u017cliwej i podra\u017cnionej, zestaw ten wykorzystuje koj\u0105ce w\u0142a\u015bciwo\u015bci w\u0105kroty azjatyckiej (Centella Asiatica), aby zmniejszy\u0107 zaczerwienienia, poprawi\u0107 elastyczno\u015b\u0107 sk\u00f3ry i przyspieszy\u0107 jej regeneracj\u0119. Korzy\u015bci dla sk\u00f3ry: \u0141agodzi podra\u017cnienia i zaczerwienienia G\u0142\u0119bokie &#8230; <a title=\"IUNIK &#8211; Centella Mini Set (Toner + Serum + Cream) &#8211; Zestaw podr\u00f3\u017cny kosmetyk\u00f3w z w\u0105krot\u0105 azjatyck\u0105\" class=\"read-more\" href=\"https:\/\/admincentral.selleetools.com\/pl\/product\/iunik-centella-mini-set-toner-serum-cream-zestaw-podrozny-kosmetykow-z-wakrota-azjatycka\/\">Read more<span class=\"screen-reader-text\">IUNIK &#8211; Centella Mini Set (Toner + Serum + Cream) &#8211; Zestaw podr\u00f3\u017cny kosmetyk\u00f3w z w\u0105krot\u0105 azjatyck\u0105<\/span><\/a><\/p>\n","protected":false},"featured_media":598273,"comment_status":"open","ping_status":"closed","template":"","meta":{"_links_to":"","_links_to_target":""},"yoast_head":"<!-- This site is optimized with the Yoast SEO plugin v19.4 - https:\/\/yoast.com\/wordpress\/plugins\/seo\/ -->\n<title>IUNIK - Centella Mini Set (Toner + Serum + Cream) - Zestaw podr\u00f3\u017cny kosmetyk\u00f3w z w\u0105krot\u0105 azjatyck\u0105 - Selleetools.com<\/title>\n<meta name=\"robots\" content=\"index, follow, max-snippet:-1, max-image-preview:large, max-video-preview:-1\" \/>\n<link rel=\"canonical\" href=\"https:\/\/admincentral.selleetools.com\/product\/iunik-centella-mini-set-toner-serum-cream-zestaw-podrozny-kosmetykow-z-wakrota-azjatycka\/\" \/>\n<meta property=\"og:locale\" content=\"pl_PL\" \/>\n<meta property=\"og:type\" content=\"article\" \/>\n<meta property=\"og:title\" content=\"IUNIK - Centella Mini Set (Toner + Serum + Cream) - Zestaw podr\u00f3\u017cny kosmetyk\u00f3w z w\u0105krot\u0105 azjatyck\u0105 - Selleetools.com\" \/>\n<meta property=\"og:description\" content=\"IUNIK Centella Mini Set to kompleksowy zestaw piel\u0119gnacyjny zawieraj\u0105cy tonik, serum i krem, kt\u00f3re wsp\u00f3lnie dzia\u0142aj\u0105, aby \u0142agodzi\u0107, nawil\u017ca\u0107 i regenerowa\u0107 sk\u00f3r\u0119. Idealny dla sk\u00f3ry wra\u017cliwej i podra\u017cnionej, zestaw ten wykorzystuje koj\u0105ce w\u0142a\u015bciwo\u015bci w\u0105kroty azjatyckiej (Centella Asiatica), aby zmniejszy\u0107 zaczerwienienia, poprawi\u0107 elastyczno\u015b\u0107 sk\u00f3ry i przyspieszy\u0107 jej regeneracj\u0119. Korzy\u015bci dla sk\u00f3ry: \u0141agodzi podra\u017cnienia i zaczerwienienia G\u0142\u0119bokie ... Read moreIUNIK &#8211; Centella Mini Set (Toner + Serum + Cream) &#8211; Zestaw podr\u00f3\u017cny kosmetyk\u00f3w z w\u0105krot\u0105 azjatyck\u0105\" \/>\n<meta property=\"og:url\" content=\"https:\/\/admincentral.selleetools.com\/product\/iunik-centella-mini-set-toner-serum-cream-zestaw-podrozny-kosmetykow-z-wakrota-azjatycka\/\" \/>\n<meta property=\"og:site_name\" content=\"Selleetools.com\" \/>\n<meta property=\"article:modified_time\" content=\"2025-10-23T17:48:49+00:00\" \/>\n<meta property=\"og:image\" content=\"https:\/\/selleetools.com\/wp-content\/uploads\/2025\/10\/cec2615802ee4b117b79dc7db2ba2483.jpg\" \/>\n\t<meta property=\"og:image:width\" content=\"1200\" \/>\n\t<meta property=\"og:image:height\" content=\"1200\" \/>\n\t<meta property=\"og:image:type\" content=\"image\/jpeg\" \/>\n<meta name=\"twitter:card\" content=\"summary_large_image\" \/>\n<meta name=\"twitter:label1\" content=\"Est. reading time\" \/>\n\t<meta name=\"twitter:data1\" content=\"1 minuta\" \/>\n<!-- \/ Yoast SEO plugin. -->","yoast_head_json":{"title":"IUNIK - Centella Mini Set (Toner + Serum + Cream) - Zestaw podr\u00f3\u017cny kosmetyk\u00f3w z w\u0105krot\u0105 azjatyck\u0105 - Selleetools.com","robots":{"index":"index","follow":"follow","max-snippet":"max-snippet:-1","max-image-preview":"max-image-preview:large","max-video-preview":"max-video-preview:-1"},"canonical":"https:\/\/admincentral.selleetools.com\/product\/iunik-centella-mini-set-toner-serum-cream-zestaw-podrozny-kosmetykow-z-wakrota-azjatycka\/","og_locale":"pl_PL","og_type":"article","og_title":"IUNIK - Centella Mini Set (Toner + Serum + Cream) - Zestaw podr\u00f3\u017cny kosmetyk\u00f3w z w\u0105krot\u0105 azjatyck\u0105 - Selleetools.com","og_description":"IUNIK Centella Mini Set to kompleksowy zestaw piel\u0119gnacyjny zawieraj\u0105cy tonik, serum i krem, kt\u00f3re wsp\u00f3lnie dzia\u0142aj\u0105, aby \u0142agodzi\u0107, nawil\u017ca\u0107 i regenerowa\u0107 sk\u00f3r\u0119. Idealny dla sk\u00f3ry wra\u017cliwej i podra\u017cnionej, zestaw ten wykorzystuje koj\u0105ce w\u0142a\u015bciwo\u015bci w\u0105kroty azjatyckiej (Centella Asiatica), aby zmniejszy\u0107 zaczerwienienia, poprawi\u0107 elastyczno\u015b\u0107 sk\u00f3ry i przyspieszy\u0107 jej regeneracj\u0119. Korzy\u015bci dla sk\u00f3ry: \u0141agodzi podra\u017cnienia i zaczerwienienia G\u0142\u0119bokie ... Read moreIUNIK &#8211; Centella Mini Set (Toner + Serum + Cream) &#8211; Zestaw podr\u00f3\u017cny kosmetyk\u00f3w z w\u0105krot\u0105 azjatyck\u0105","og_url":"https:\/\/admincentral.selleetools.com\/product\/iunik-centella-mini-set-toner-serum-cream-zestaw-podrozny-kosmetykow-z-wakrota-azjatycka\/","og_site_name":"Selleetools.com","article_modified_time":"2025-10-23T17:48:49+00:00","og_image":[{"width":1200,"height":1200,"url":"https:\/\/selleetools.com\/wp-content\/uploads\/2025\/10\/cec2615802ee4b117b79dc7db2ba2483.jpg","type":"image\/jpeg"}],"twitter_card":"summary_large_image","twitter_misc":{"Est. reading time":"1 minuta"},"schema":{"@context":"https:\/\/schema.org","@graph":[{"@type":"Organization","@id":"https:\/\/selleetools.com\/#organization","name":"Selleetools","url":"https:\/\/selleetools.com\/","sameAs":[],"logo":{"@type":"ImageObject","inLanguage":"pl-PL","@id":"https:\/\/selleetools.com\/#\/schema\/logo\/image\/","url":"https:\/\/selleetools.com\/wp-content\/uploads\/2021\/10\/logo-dark.png","contentUrl":"https:\/\/selleetools.com\/wp-content\/uploads\/2021\/10\/logo-dark.png","width":320,"height":76,"caption":"Selleetools"},"image":{"@id":"https:\/\/selleetools.com\/#\/schema\/logo\/image\/"}},{"@type":"WebSite","@id":"https:\/\/selleetools.com\/#website","url":"https:\/\/selleetools.com\/","name":"Selleetools.com","description":"","publisher":{"@id":"https:\/\/selleetools.com\/#organization"},"potentialAction":[{"@type":"SearchAction","target":{"@type":"EntryPoint","urlTemplate":"https:\/\/selleetools.com\/?s={search_term_string}"},"query-input":"required name=search_term_string"}],"inLanguage":"pl-PL"},{"@type":"WebPage","@id":"https:\/\/admincentral.selleetools.com\/product\/iunik-centella-mini-set-toner-serum-cream-zestaw-podrozny-kosmetykow-z-wakrota-azjatycka\/","url":"https:\/\/admincentral.selleetools.com\/product\/iunik-centella-mini-set-toner-serum-cream-zestaw-podrozny-kosmetykow-z-wakrota-azjatycka\/","name":"IUNIK - Centella Mini Set (Toner + Serum + Cream) - Zestaw podr\u00f3\u017cny kosmetyk\u00f3w z w\u0105krot\u0105 azjatyck\u0105 - Selleetools.com","isPartOf":{"@id":"https:\/\/selleetools.com\/#website"},"datePublished":"2025-10-22T06:50:39+00:00","dateModified":"2025-10-23T17:48:49+00:00","breadcrumb":{"@id":"https:\/\/admincentral.selleetools.com\/product\/iunik-centella-mini-set-toner-serum-cream-zestaw-podrozny-kosmetykow-z-wakrota-azjatycka\/#breadcrumb"},"inLanguage":"pl-PL","potentialAction":[{"@type":"ReadAction","target":["https:\/\/admincentral.selleetools.com\/product\/iunik-centella-mini-set-toner-serum-cream-zestaw-podrozny-kosmetykow-z-wakrota-azjatycka\/"]}]},{"@type":"BreadcrumbList","@id":"https:\/\/admincentral.selleetools.com\/product\/iunik-centella-mini-set-toner-serum-cream-zestaw-podrozny-kosmetykow-z-wakrota-azjatycka\/#breadcrumb","itemListElement":[{"@type":"ListItem","position":1,"name":"Home","item":"https:\/\/selleetools.com\/pl\/"},{"@type":"ListItem","position":2,"name":"Katalog","item":"https:\/\/selleetools.com\/pl\/katalog\/"},{"@type":"ListItem","position":3,"name":"IUNIK &#8211; Centella Mini Set (Toner + Serum + Cream) &#8211; Zestaw podr\u00f3\u017cny kosmetyk\u00f3w z w\u0105krot\u0105 azjatyck\u0105"}]}]}},"_links":{"self":[{"href":"https:\/\/admincentral.selleetools.com\/pl\/wp-json\/wp\/v2\/product\/598277"}],"collection":[{"href":"https:\/\/admincentral.selleetools.com\/pl\/wp-json\/wp\/v2\/product"}],"about":[{"href":"https:\/\/admincentral.selleetools.com\/pl\/wp-json\/wp\/v2\/types\/product"}],"replies":[{"embeddable":true,"href":"https:\/\/admincentral.selleetools.com\/pl\/wp-json\/wp\/v2\/comments?post=598277"}],"wp:featuredmedia":[{"embeddable":true,"href":"https:\/\/admincentral.selleetools.com\/pl\/wp-json\/wp\/v2\/media\/598273"}],"wp:attachment":[{"href":"https:\/\/admincentral.selleetools.com\/pl\/wp-json\/wp\/v2\/media?parent=598277"}],"curies":[{"name":"wp","href":"https:\/\/api.w.org\/{rel}","templated":true}]}}