{"id":598319,"date":"2025-10-22T08:51:17","date_gmt":"2025-10-22T06:51:17","guid":{"rendered":"https:\/\/selleetools.com\/?post_type=product&#038;p=598319"},"modified":"2025-12-26T16:45:18","modified_gmt":"2025-12-26T15:45:18","slug":"purederm-shape-up-modelujaca-maska-na-podbrodek-10-g","status":"publish","type":"product","link":"https:\/\/admincentral.selleetools.com\/pl\/product\/purederm-shape-up-modelujaca-maska-na-podbrodek-10-g\/","title":{"rendered":"PUREDERM SHAPE-UP modeluj\u0105ca maska na podbr\u00f3dek 10 g"},"content":{"rendered":"<p>PUREDERM SHAPE-UP modeluj\u0105ca maska na podbr\u00f3dek<br \/>\nInnowacyjny produkt stworzony z my\u015bl\u0105 o skutecznym modelowaniu i uj\u0119drnianiu sk\u00f3ry w okolicach podbr\u00f3dka. Maska ta jest idealnym rozwi\u0105zaniem dla os\u00f3b, kt\u00f3re pragn\u0105 poprawi\u0107 kontur twarzy i zredukowa\u0107 widoczno\u015b\u0107 podw\u00f3jnego podbr\u00f3dka, zapewniaj\u0105c sk\u00f3rze j\u0119drno\u015b\u0107 i spr\u0119\u017cysto\u015b\u0107. Maska w kszta\u0142cie pasa, kt\u00f3r\u0105 nak\u0142ada si\u0119 na podbr\u00f3dek, obejmuj\u0105c doln\u0105 cz\u0119\u015b\u0107 twarzy. Maska zosta\u0142a nas\u0105czona specjalnymi sk\u0142adnikami aktywnymi, kt\u00f3re dzia\u0142aj\u0105 uj\u0119drniaj\u0105co i modeluj\u0105co na sk\u00f3r\u0119. Dzi\u0119ki elastycznej formule, maska doskonale przylega do sk\u00f3ry, zapewniaj\u0105c komfort noszenia i skuteczno\u015b\u0107 dzia\u0142ania. Maska pomaga unie\u015b\u0107 i wymodelowa\u0107 sk\u00f3r\u0119 podbr\u00f3dka, co optycznie wysmukla twarz. Sk\u0142adniki aktywne zawarte w masce przyczyniaj\u0105 si\u0119 do uj\u0119drnienia sk\u00f3ry, nadaj\u0105c jej spr\u0119\u017cysto\u015b\u0107 i elastyczno\u015b\u0107. Maska intensywnie nawil\u017ca sk\u00f3r\u0119, zapobiegaj\u0105c jej przesuszeniu i pozostawiaj\u0105c j\u0105 mi\u0119kk\u0105 i g\u0142adk\u0105.<\/p>\n<p>Korzy\u015bci dla sk\u00f3ry:<br \/>\nPoprawa konturu twarzy: Regularne stosowanie maski pomaga w redukcji podw\u00f3jnego podbr\u00f3dka i poprawie konturu dolnej cz\u0119\u015bci twarzy.<br \/>\nWzmocnienie sk\u00f3ry: Sk\u00f3ra staje si\u0119 bardziej j\u0119drna i elastyczna, co przek\u0142ada si\u0119 na m\u0142odszy wygl\u0105d.<br \/>\n\u0141atwo\u015b\u0107 u\u017cycia: Maska jest prosta w aplikacji, a dzi\u0119ki ergonomicznemu kszta\u0142towi idealnie dopasowuje si\u0119 do twarzy.<\/p>\n<p>Spos\u00f3b u\u017cycia: Oczy\u015b\u0107 i osusz sk\u00f3r\u0119 twarzy przed na\u0142o\u017ceniem maski. Wyjmij mask\u0119 z opakowania i delikatnie rozci\u0105gnij. Umie\u015b\u0107 mask\u0119 na podbr\u00f3dku, naci\u0105gaj\u0105c j\u0105 na uszy, aby dobrze przylega\u0142a do sk\u00f3ry.  Pozostaw mask\u0119 na twarzy przez 20-30 minut, pozwalaj\u0105c sk\u0142adnikom aktywnym wnikn\u0105\u0107 w sk\u00f3r\u0119.  Zdejmij mask\u0119 i delikatnie wmasuj pozosta\u0142o\u015bci esencji w sk\u00f3r\u0119, a\u017c do ca\u0142kowitego wch\u0142oni\u0119cia.<\/p>\n","protected":false},"excerpt":{"rendered":"<p>PUREDERM SHAPE-UP modeluj\u0105ca maska na podbr\u00f3dek Innowacyjny produkt stworzony z my\u015bl\u0105 o skutecznym modelowaniu i uj\u0119drnianiu sk\u00f3ry w okolicach podbr\u00f3dka. Maska ta jest idealnym rozwi\u0105zaniem dla os\u00f3b, kt\u00f3re pragn\u0105 poprawi\u0107 kontur twarzy i zredukowa\u0107 widoczno\u015b\u0107 podw\u00f3jnego podbr\u00f3dka, zapewniaj\u0105c sk\u00f3rze j\u0119drno\u015b\u0107 i spr\u0119\u017cysto\u015b\u0107. Maska w kszta\u0142cie pasa, kt\u00f3r\u0105 nak\u0142ada si\u0119 na podbr\u00f3dek, obejmuj\u0105c doln\u0105 cz\u0119\u015b\u0107 twarzy. &#8230; <a title=\"PUREDERM SHAPE-UP modeluj\u0105ca maska na podbr\u00f3dek 10 g\" class=\"read-more\" href=\"https:\/\/admincentral.selleetools.com\/pl\/product\/purederm-shape-up-modelujaca-maska-na-podbrodek-10-g\/\">Read more<span class=\"screen-reader-text\">PUREDERM SHAPE-UP modeluj\u0105ca maska na podbr\u00f3dek 10 g<\/span><\/a><\/p>\n","protected":false},"featured_media":598317,"comment_status":"open","ping_status":"closed","template":"","meta":{"_links_to":"","_links_to_target":""},"yoast_head":"<!-- This site is optimized with the Yoast SEO plugin v19.4 - https:\/\/yoast.com\/wordpress\/plugins\/seo\/ -->\n<title>PUREDERM SHAPE-UP modeluj\u0105ca maska na podbr\u00f3dek 10 g - Selleetools.com<\/title>\n<meta name=\"robots\" content=\"index, follow, max-snippet:-1, max-image-preview:large, max-video-preview:-1\" \/>\n<link rel=\"canonical\" href=\"https:\/\/admincentral.selleetools.com\/pl\/product\/purederm-shape-up-modelujaca-maska-na-podbrodek-10-g\/\" \/>\n<meta property=\"og:locale\" content=\"pl_PL\" \/>\n<meta property=\"og:type\" content=\"article\" \/>\n<meta property=\"og:title\" content=\"PUREDERM SHAPE-UP modeluj\u0105ca maska na podbr\u00f3dek 10 g - Selleetools.com\" \/>\n<meta property=\"og:description\" content=\"PUREDERM SHAPE-UP modeluj\u0105ca maska na podbr\u00f3dek Innowacyjny produkt stworzony z my\u015bl\u0105 o skutecznym modelowaniu i uj\u0119drnianiu sk\u00f3ry w okolicach podbr\u00f3dka. Maska ta jest idealnym rozwi\u0105zaniem dla os\u00f3b, kt\u00f3re pragn\u0105 poprawi\u0107 kontur twarzy i zredukowa\u0107 widoczno\u015b\u0107 podw\u00f3jnego podbr\u00f3dka, zapewniaj\u0105c sk\u00f3rze j\u0119drno\u015b\u0107 i spr\u0119\u017cysto\u015b\u0107. Maska w kszta\u0142cie pasa, kt\u00f3r\u0105 nak\u0142ada si\u0119 na podbr\u00f3dek, obejmuj\u0105c doln\u0105 cz\u0119\u015b\u0107 twarzy. ... Read morePUREDERM SHAPE-UP modeluj\u0105ca maska na podbr\u00f3dek 10 g\" \/>\n<meta property=\"og:url\" content=\"https:\/\/admincentral.selleetools.com\/pl\/product\/purederm-shape-up-modelujaca-maska-na-podbrodek-10-g\/\" \/>\n<meta property=\"og:site_name\" content=\"Selleetools.com\" \/>\n<meta property=\"article:modified_time\" content=\"2025-12-26T15:45:18+00:00\" \/>\n<meta property=\"og:image\" content=\"https:\/\/selleetools.com\/wp-content\/uploads\/2025\/10\/a8d43bb36c179dcd748d257e218adf45.png\" \/>\n\t<meta property=\"og:image:width\" content=\"580\" \/>\n\t<meta property=\"og:image:height\" content=\"574\" \/>\n\t<meta property=\"og:image:type\" content=\"image\/png\" \/>\n<meta name=\"twitter:card\" content=\"summary_large_image\" \/>\n<meta name=\"twitter:label1\" content=\"Est. reading time\" \/>\n\t<meta name=\"twitter:data1\" content=\"2 minuty\" \/>\n<!-- \/ Yoast SEO plugin. -->","yoast_head_json":{"title":"PUREDERM SHAPE-UP modeluj\u0105ca maska na podbr\u00f3dek 10 g - Selleetools.com","robots":{"index":"index","follow":"follow","max-snippet":"max-snippet:-1","max-image-preview":"max-image-preview:large","max-video-preview":"max-video-preview:-1"},"canonical":"https:\/\/admincentral.selleetools.com\/pl\/product\/purederm-shape-up-modelujaca-maska-na-podbrodek-10-g\/","og_locale":"pl_PL","og_type":"article","og_title":"PUREDERM SHAPE-UP modeluj\u0105ca maska na podbr\u00f3dek 10 g - Selleetools.com","og_description":"PUREDERM SHAPE-UP modeluj\u0105ca maska na podbr\u00f3dek Innowacyjny produkt stworzony z my\u015bl\u0105 o skutecznym modelowaniu i uj\u0119drnianiu sk\u00f3ry w okolicach podbr\u00f3dka. Maska ta jest idealnym rozwi\u0105zaniem dla os\u00f3b, kt\u00f3re pragn\u0105 poprawi\u0107 kontur twarzy i zredukowa\u0107 widoczno\u015b\u0107 podw\u00f3jnego podbr\u00f3dka, zapewniaj\u0105c sk\u00f3rze j\u0119drno\u015b\u0107 i spr\u0119\u017cysto\u015b\u0107. Maska w kszta\u0142cie pasa, kt\u00f3r\u0105 nak\u0142ada si\u0119 na podbr\u00f3dek, obejmuj\u0105c doln\u0105 cz\u0119\u015b\u0107 twarzy. ... Read morePUREDERM SHAPE-UP modeluj\u0105ca maska na podbr\u00f3dek 10 g","og_url":"https:\/\/admincentral.selleetools.com\/pl\/product\/purederm-shape-up-modelujaca-maska-na-podbrodek-10-g\/","og_site_name":"Selleetools.com","article_modified_time":"2025-12-26T15:45:18+00:00","og_image":[{"width":580,"height":574,"url":"https:\/\/selleetools.com\/wp-content\/uploads\/2025\/10\/a8d43bb36c179dcd748d257e218adf45.png","type":"image\/png"}],"twitter_card":"summary_large_image","twitter_misc":{"Est. reading time":"2 minuty"},"schema":{"@context":"https:\/\/schema.org","@graph":[{"@type":"Organization","@id":"https:\/\/selleetools.com\/#organization","name":"Selleetools","url":"https:\/\/selleetools.com\/","sameAs":[],"logo":{"@type":"ImageObject","inLanguage":"pl-PL","@id":"https:\/\/selleetools.com\/#\/schema\/logo\/image\/","url":"https:\/\/selleetools.com\/wp-content\/uploads\/2021\/10\/logo-dark.png","contentUrl":"https:\/\/selleetools.com\/wp-content\/uploads\/2021\/10\/logo-dark.png","width":320,"height":76,"caption":"Selleetools"},"image":{"@id":"https:\/\/selleetools.com\/#\/schema\/logo\/image\/"}},{"@type":"WebSite","@id":"https:\/\/selleetools.com\/#website","url":"https:\/\/selleetools.com\/","name":"Selleetools.com","description":"","publisher":{"@id":"https:\/\/selleetools.com\/#organization"},"potentialAction":[{"@type":"SearchAction","target":{"@type":"EntryPoint","urlTemplate":"https:\/\/selleetools.com\/?s={search_term_string}"},"query-input":"required name=search_term_string"}],"inLanguage":"pl-PL"},{"@type":"WebPage","@id":"https:\/\/admincentral.selleetools.com\/pl\/product\/purederm-shape-up-modelujaca-maska-na-podbrodek-10-g\/","url":"https:\/\/admincentral.selleetools.com\/pl\/product\/purederm-shape-up-modelujaca-maska-na-podbrodek-10-g\/","name":"PUREDERM SHAPE-UP modeluj\u0105ca maska na podbr\u00f3dek 10 g - Selleetools.com","isPartOf":{"@id":"https:\/\/selleetools.com\/#website"},"datePublished":"2025-10-22T06:51:17+00:00","dateModified":"2025-12-26T15:45:18+00:00","breadcrumb":{"@id":"https:\/\/admincentral.selleetools.com\/pl\/product\/purederm-shape-up-modelujaca-maska-na-podbrodek-10-g\/#breadcrumb"},"inLanguage":"pl-PL","potentialAction":[{"@type":"ReadAction","target":["https:\/\/admincentral.selleetools.com\/pl\/product\/purederm-shape-up-modelujaca-maska-na-podbrodek-10-g\/"]}]},{"@type":"BreadcrumbList","@id":"https:\/\/admincentral.selleetools.com\/pl\/product\/purederm-shape-up-modelujaca-maska-na-podbrodek-10-g\/#breadcrumb","itemListElement":[{"@type":"ListItem","position":1,"name":"Home","item":"https:\/\/selleetools.com\/pl\/"},{"@type":"ListItem","position":2,"name":"Katalog","item":"https:\/\/selleetools.com\/pl\/katalog\/"},{"@type":"ListItem","position":3,"name":"PUREDERM SHAPE-UP modeluj\u0105ca maska na podbr\u00f3dek 10 g"}]}]}},"_links":{"self":[{"href":"https:\/\/admincentral.selleetools.com\/pl\/wp-json\/wp\/v2\/product\/598319"}],"collection":[{"href":"https:\/\/admincentral.selleetools.com\/pl\/wp-json\/wp\/v2\/product"}],"about":[{"href":"https:\/\/admincentral.selleetools.com\/pl\/wp-json\/wp\/v2\/types\/product"}],"replies":[{"embeddable":true,"href":"https:\/\/admincentral.selleetools.com\/pl\/wp-json\/wp\/v2\/comments?post=598319"}],"wp:featuredmedia":[{"embeddable":true,"href":"https:\/\/admincentral.selleetools.com\/pl\/wp-json\/wp\/v2\/media\/598317"}],"wp:attachment":[{"href":"https:\/\/admincentral.selleetools.com\/pl\/wp-json\/wp\/v2\/media?parent=598319"}],"curies":[{"name":"wp","href":"https:\/\/api.w.org\/{rel}","templated":true}]}}