{"id":598381,"date":"2025-10-22T08:52:14","date_gmt":"2025-10-22T06:52:14","guid":{"rendered":"https:\/\/selleetools.com\/?post_type=product&#038;p=598381"},"modified":"2025-10-22T14:10:20","modified_gmt":"2025-10-22T12:10:20","slug":"altruist-sunscreen-fluid-spf-50-50-ml-ochronny-fluid-przeciwsloneczny","status":"publish","type":"product","link":"https:\/\/admincentral.selleetools.com\/pl\/product\/altruist-sunscreen-fluid-spf-50-50-ml-ochronny-fluid-przeciwsloneczny\/","title":{"rendered":"ALTRUIST Sunscreen Fluid SPF 50 50 ml &#8211; Ochronny fluid przeciws\u0142oneczny"},"content":{"rendered":"<p>ALTRUIST Sunscreen Fluid SPF 50 to lekki fluid przeciws\u0142oneczny, kt\u00f3ry zapewnia skuteczn\u0105 ochron\u0119 sk\u00f3ry przed szkodliwym dzia\u0142aniem promieni UV. Dzi\u0119ki wysokiemu filtrowi SPF 50, skutecznie chroni sk\u00f3r\u0119 przed oparzeniami s\u0142onecznymi oraz przedwczesnym starzeniem spowodowanym przez s\u0142o\u0144ce. Formu\u0142a kosmetyku jest wzbogacona o sk\u0142adniki nawil\u017caj\u0105ce, kt\u00f3re utrzymuj\u0105 sk\u00f3r\u0119 mi\u0119kk\u0105 i elastyczn\u0105, nie pozostawiaj\u0105c t\u0142ustego filmu.<\/p>\n<p>Korzy\u015bci dla sk\u00f3ry:<br \/>\nWysoka ochrona przeciws\u0142oneczna SPF 50<br \/>\nNawil\u017ca i od\u017cywia sk\u00f3r\u0119<br \/>\nSzybko si\u0119 wch\u0142ania, nie pozostawiaj\u0105c t\u0142ustego filmu<br \/>\nOdpowiedni do codziennego stosowania<\/p>\n<p>Spos\u00f3b u\u017cycia:<br \/>\nNa\u0142\u00f3\u017c odpowiedni\u0105 ilo\u015b\u0107 produktu na sk\u00f3r\u0119 twarzy i cia\u0142a na oko\u0142o 15 minut przed ekspozycj\u0105 na s\u0142o\u0144ce. Aby utrzyma\u0107 ochron\u0119, aplikuj ponownie co 2 godziny, zw\u0142aszcza po p\u0142ywaniu, poceniu si\u0119 lub osuszaniu sk\u00f3ry r\u0119cznikiem.<\/p>\n","protected":false},"excerpt":{"rendered":"<p>ALTRUIST Sunscreen Fluid SPF 50 to lekki fluid przeciws\u0142oneczny, kt\u00f3ry zapewnia skuteczn\u0105 ochron\u0119 sk\u00f3ry przed szkodliwym dzia\u0142aniem promieni UV. Dzi\u0119ki wysokiemu filtrowi SPF 50, skutecznie chroni sk\u00f3r\u0119 przed oparzeniami s\u0142onecznymi oraz przedwczesnym starzeniem spowodowanym przez s\u0142o\u0144ce. Formu\u0142a kosmetyku jest wzbogacona o sk\u0142adniki nawil\u017caj\u0105ce, kt\u00f3re utrzymuj\u0105 sk\u00f3r\u0119 mi\u0119kk\u0105 i elastyczn\u0105, nie pozostawiaj\u0105c t\u0142ustego filmu. Korzy\u015bci dla &#8230; <a title=\"ALTRUIST Sunscreen Fluid SPF 50 50 ml &#8211; Ochronny fluid przeciws\u0142oneczny\" class=\"read-more\" href=\"https:\/\/admincentral.selleetools.com\/pl\/product\/altruist-sunscreen-fluid-spf-50-50-ml-ochronny-fluid-przeciwsloneczny\/\">Read more<span class=\"screen-reader-text\">ALTRUIST Sunscreen Fluid SPF 50 50 ml &#8211; Ochronny fluid przeciws\u0142oneczny<\/span><\/a><\/p>\n","protected":false},"featured_media":598379,"comment_status":"open","ping_status":"closed","template":"","meta":{"_links_to":"","_links_to_target":""},"yoast_head":"<!-- This site is optimized with the Yoast SEO plugin v19.4 - https:\/\/yoast.com\/wordpress\/plugins\/seo\/ -->\n<title>ALTRUIST Sunscreen Fluid SPF 50 50 ml - Ochronny fluid przeciws\u0142oneczny - Selleetools.com<\/title>\n<meta name=\"robots\" content=\"index, follow, max-snippet:-1, max-image-preview:large, max-video-preview:-1\" \/>\n<link rel=\"canonical\" href=\"https:\/\/selleetools.com\/pl\/product\/altruist-sunscreen-fluid-spf-50-50-ml-ochronny-fluid-przeciwsloneczny\/\" \/>\n<meta property=\"og:locale\" content=\"pl_PL\" \/>\n<meta property=\"og:type\" content=\"article\" \/>\n<meta property=\"og:title\" content=\"ALTRUIST Sunscreen Fluid SPF 50 50 ml - Ochronny fluid przeciws\u0142oneczny - Selleetools.com\" \/>\n<meta property=\"og:description\" content=\"ALTRUIST Sunscreen Fluid SPF 50 to lekki fluid przeciws\u0142oneczny, kt\u00f3ry zapewnia skuteczn\u0105 ochron\u0119 sk\u00f3ry przed szkodliwym dzia\u0142aniem promieni UV. Dzi\u0119ki wysokiemu filtrowi SPF 50, skutecznie chroni sk\u00f3r\u0119 przed oparzeniami s\u0142onecznymi oraz przedwczesnym starzeniem spowodowanym przez s\u0142o\u0144ce. Formu\u0142a kosmetyku jest wzbogacona o sk\u0142adniki nawil\u017caj\u0105ce, kt\u00f3re utrzymuj\u0105 sk\u00f3r\u0119 mi\u0119kk\u0105 i elastyczn\u0105, nie pozostawiaj\u0105c t\u0142ustego filmu. Korzy\u015bci dla ... Read moreALTRUIST Sunscreen Fluid SPF 50 50 ml &#8211; Ochronny fluid przeciws\u0142oneczny\" \/>\n<meta property=\"og:url\" content=\"https:\/\/selleetools.com\/pl\/product\/altruist-sunscreen-fluid-spf-50-50-ml-ochronny-fluid-przeciwsloneczny\/\" \/>\n<meta property=\"og:site_name\" content=\"Selleetools.com\" \/>\n<meta property=\"article:modified_time\" content=\"2025-10-22T12:10:20+00:00\" \/>\n<meta property=\"og:image\" content=\"https:\/\/selleetools.com\/wp-content\/uploads\/2025\/10\/7e5007298b366ed70385d6861745dea7.png\" \/>\n\t<meta property=\"og:image:width\" content=\"600\" \/>\n\t<meta property=\"og:image:height\" content=\"600\" \/>\n\t<meta property=\"og:image:type\" content=\"image\/png\" \/>\n<meta name=\"twitter:card\" content=\"summary_large_image\" \/>\n<meta name=\"twitter:label1\" content=\"Est. reading time\" \/>\n\t<meta name=\"twitter:data1\" content=\"1 minuta\" \/>\n<!-- \/ Yoast SEO plugin. -->","yoast_head_json":{"title":"ALTRUIST Sunscreen Fluid SPF 50 50 ml - Ochronny fluid przeciws\u0142oneczny - Selleetools.com","robots":{"index":"index","follow":"follow","max-snippet":"max-snippet:-1","max-image-preview":"max-image-preview:large","max-video-preview":"max-video-preview:-1"},"canonical":"https:\/\/selleetools.com\/pl\/product\/altruist-sunscreen-fluid-spf-50-50-ml-ochronny-fluid-przeciwsloneczny\/","og_locale":"pl_PL","og_type":"article","og_title":"ALTRUIST Sunscreen Fluid SPF 50 50 ml - Ochronny fluid przeciws\u0142oneczny - Selleetools.com","og_description":"ALTRUIST Sunscreen Fluid SPF 50 to lekki fluid przeciws\u0142oneczny, kt\u00f3ry zapewnia skuteczn\u0105 ochron\u0119 sk\u00f3ry przed szkodliwym dzia\u0142aniem promieni UV. Dzi\u0119ki wysokiemu filtrowi SPF 50, skutecznie chroni sk\u00f3r\u0119 przed oparzeniami s\u0142onecznymi oraz przedwczesnym starzeniem spowodowanym przez s\u0142o\u0144ce. Formu\u0142a kosmetyku jest wzbogacona o sk\u0142adniki nawil\u017caj\u0105ce, kt\u00f3re utrzymuj\u0105 sk\u00f3r\u0119 mi\u0119kk\u0105 i elastyczn\u0105, nie pozostawiaj\u0105c t\u0142ustego filmu. Korzy\u015bci dla ... Read moreALTRUIST Sunscreen Fluid SPF 50 50 ml &#8211; Ochronny fluid przeciws\u0142oneczny","og_url":"https:\/\/selleetools.com\/pl\/product\/altruist-sunscreen-fluid-spf-50-50-ml-ochronny-fluid-przeciwsloneczny\/","og_site_name":"Selleetools.com","article_modified_time":"2025-10-22T12:10:20+00:00","og_image":[{"width":600,"height":600,"url":"https:\/\/selleetools.com\/wp-content\/uploads\/2025\/10\/7e5007298b366ed70385d6861745dea7.png","type":"image\/png"}],"twitter_card":"summary_large_image","twitter_misc":{"Est. reading time":"1 minuta"},"schema":{"@context":"https:\/\/schema.org","@graph":[{"@type":"Organization","@id":"https:\/\/selleetools.com\/#organization","name":"Selleetools","url":"https:\/\/selleetools.com\/","sameAs":[],"logo":{"@type":"ImageObject","inLanguage":"pl-PL","@id":"https:\/\/selleetools.com\/#\/schema\/logo\/image\/","url":"https:\/\/selleetools.com\/wp-content\/uploads\/2021\/10\/logo-dark.png","contentUrl":"https:\/\/selleetools.com\/wp-content\/uploads\/2021\/10\/logo-dark.png","width":320,"height":76,"caption":"Selleetools"},"image":{"@id":"https:\/\/selleetools.com\/#\/schema\/logo\/image\/"}},{"@type":"WebSite","@id":"https:\/\/selleetools.com\/#website","url":"https:\/\/selleetools.com\/","name":"Selleetools.com","description":"","publisher":{"@id":"https:\/\/selleetools.com\/#organization"},"potentialAction":[{"@type":"SearchAction","target":{"@type":"EntryPoint","urlTemplate":"https:\/\/selleetools.com\/?s={search_term_string}"},"query-input":"required name=search_term_string"}],"inLanguage":"pl-PL"},{"@type":"WebPage","@id":"https:\/\/selleetools.com\/pl\/product\/altruist-sunscreen-fluid-spf-50-50-ml-ochronny-fluid-przeciwsloneczny\/","url":"https:\/\/selleetools.com\/pl\/product\/altruist-sunscreen-fluid-spf-50-50-ml-ochronny-fluid-przeciwsloneczny\/","name":"ALTRUIST Sunscreen Fluid SPF 50 50 ml - Ochronny fluid przeciws\u0142oneczny - Selleetools.com","isPartOf":{"@id":"https:\/\/selleetools.com\/#website"},"datePublished":"2025-10-22T06:52:14+00:00","dateModified":"2025-10-22T12:10:20+00:00","breadcrumb":{"@id":"https:\/\/selleetools.com\/pl\/product\/altruist-sunscreen-fluid-spf-50-50-ml-ochronny-fluid-przeciwsloneczny\/#breadcrumb"},"inLanguage":"pl-PL","potentialAction":[{"@type":"ReadAction","target":["https:\/\/selleetools.com\/pl\/product\/altruist-sunscreen-fluid-spf-50-50-ml-ochronny-fluid-przeciwsloneczny\/"]}]},{"@type":"BreadcrumbList","@id":"https:\/\/selleetools.com\/pl\/product\/altruist-sunscreen-fluid-spf-50-50-ml-ochronny-fluid-przeciwsloneczny\/#breadcrumb","itemListElement":[{"@type":"ListItem","position":1,"name":"Home","item":"https:\/\/selleetools.com\/pl\/"},{"@type":"ListItem","position":2,"name":"Katalog","item":"https:\/\/selleetools.com\/pl\/katalog\/"},{"@type":"ListItem","position":3,"name":"ALTRUIST Sunscreen Fluid SPF 50 50 ml &#8211; Ochronny fluid przeciws\u0142oneczny"}]}]}},"_links":{"self":[{"href":"https:\/\/admincentral.selleetools.com\/pl\/wp-json\/wp\/v2\/product\/598381"}],"collection":[{"href":"https:\/\/admincentral.selleetools.com\/pl\/wp-json\/wp\/v2\/product"}],"about":[{"href":"https:\/\/admincentral.selleetools.com\/pl\/wp-json\/wp\/v2\/types\/product"}],"replies":[{"embeddable":true,"href":"https:\/\/admincentral.selleetools.com\/pl\/wp-json\/wp\/v2\/comments?post=598381"}],"wp:featuredmedia":[{"embeddable":true,"href":"https:\/\/admincentral.selleetools.com\/pl\/wp-json\/wp\/v2\/media\/598379"}],"wp:attachment":[{"href":"https:\/\/admincentral.selleetools.com\/pl\/wp-json\/wp\/v2\/media?parent=598381"}],"curies":[{"name":"wp","href":"https:\/\/api.w.org\/{rel}","templated":true}]}}