{"id":598422,"date":"2025-10-22T08:52:48","date_gmt":"2025-10-22T06:52:48","guid":{"rendered":"https:\/\/selleetools.com\/?post_type=product&#038;p=598422"},"modified":"2025-12-26T16:45:46","modified_gmt":"2025-12-26T15:45:46","slug":"marymay-lemon-niacinamide-glow-wash-off-pack-125-g-redukujaca-przebarwienia-maseczka-do-twarzy","status":"publish","type":"product","link":"https:\/\/admincentral.selleetools.com\/pl\/product\/marymay-lemon-niacinamide-glow-wash-off-pack-125-g-redukujaca-przebarwienia-maseczka-do-twarzy\/","title":{"rendered":"Mary&#038;May Lemon Niacinamide Glow Wash off Pack 125 g &#8211; Redukuj\u0105ca przebarwienia maseczka do twarzy"},"content":{"rendered":"<p style=\"text-align: justify; caret-color: rgb(0, 0, 0); color: rgb(0, 0, 0);\"><font style=\"font-size: 12px;\">Mary&#038;May Lemon Niacinamide Glow Wash Off Pack to maseczka do twarzy o dzia\u0142aniu rozja\u015bniaj\u0105cym i od\u017cywczym. Jej formu\u0142a opiera si\u0119 na naturalnych ekstraktach z cytryny oraz niacynamidzie, kt\u00f3re wsp\u00f3lnie dzia\u0142aj\u0105 na popraw\u0119 wygl\u0105du i kondycji sk\u00f3ry. Produkt zawiera tak\u017ce bentonit, kaolin oraz ekstrakt z zielonej herbaty, co pomaga w oczyszczaniu i od\u015bwie\u017caniu cery.<\/font><\/p>\n<h4 style=\"caret-color: rgb(0, 0, 0); color: rgb(0, 0, 0);\"><font style=\"font-size: 12px;\">Korzy\u015bci dla sk\u00f3ry<\/font><\/h4>\n<ul style=\"caret-color: rgb(0, 0, 0); color: rgb(0, 0, 0);\">\n<li><font style=\"font-size: 12px;\"><strong>Rozja\u015bnianie i wyr\u00f3wnanie kolorytu sk\u00f3ry<\/strong>: Ekstrakt z cytryny i niacynamid skutecznie rozja\u015bniaj\u0105 przebarwienia i nadaj\u0105 sk\u00f3rze zdrowy blask.<\/font><\/li>\n<li><font style=\"font-size: 12px;\"><strong>G\u0142\u0119bokie oczyszczenie<\/strong>: Bentonit i kaolin pomagaj\u0105 w usuni\u0119ciu zanieczyszcze\u0144 i nadmiaru sebum, pozostawiaj\u0105c sk\u00f3r\u0119 od\u015bwie\u017con\u0105.<\/font><\/li>\n<li><font style=\"font-size: 12px;\"><strong>Nawil\u017cenie i od\u017cywienie<\/strong>: Sk\u0142adniki nawil\u017caj\u0105ce zapewniaj\u0105 sk\u00f3rze odpowiedni poziom nawil\u017cenia, zapobiegaj\u0105c jej przesuszeniu.<\/font><\/li>\n<li><font style=\"font-size: 12px;\"><strong>\u0141agodzenie podra\u017cnie\u0144<\/strong>: Ekstrakt z zielonej herbaty dzia\u0142a przeciwzapalnie i koj\u0105co, idealny dla sk\u00f3ry wra\u017cliwej.<\/font><\/li>\n<\/ul>\n<h4 style=\"caret-color: rgb(0, 0, 0); color: rgb(0, 0, 0);\"><font style=\"font-size: 12px;\">Spos\u00f3b u\u017cycia<\/font><\/h4>\n<ol style=\"caret-color: rgb(0, 0, 0); color: rgb(0, 0, 0);\">\n<li><font style=\"font-size: 12px;\"><strong>Aplikacja<\/strong>: Na\u0142\u00f3\u017c odpowiedni\u0105 ilo\u015b\u0107 maseczki na oczyszczon\u0105 sk\u00f3r\u0119 twarzy, omijaj\u0105c okolice oczu i ust.<\/font><\/li>\n<li><font style=\"font-size: 12px;\"><strong>Czas dzia\u0142ania<\/strong>: Pozostaw na sk\u00f3rze na oko\u0142o 10-15 minut.<\/font><\/li>\n<li><font style=\"font-size: 12px;\"><strong>Zmycie<\/strong>: Delikatnie zmyj maseczk\u0119 letni\u0105 wod\u0105, wykonuj\u0105c przy tym \u0142agodny masa\u017c twarzy.<\/font><\/li>\n<li><font style=\"font-size: 12px;\"><strong>Cz\u0119stotliwo\u015b\u0107<\/strong>: Stosuj 1-2 razy w tygodniu, w zale\u017cno\u015bci od potrzeb sk\u00f3ry.<\/font><\/li>\n<\/ol>\n","protected":false},"excerpt":{"rendered":"<p>Mary&#038;May Lemon Niacinamide Glow Wash Off Pack to maseczka do twarzy o dzia\u0142aniu rozja\u015bniaj\u0105cym i od\u017cywczym. Jej formu\u0142a opiera si\u0119 na naturalnych ekstraktach z cytryny oraz niacynamidzie, kt\u00f3re wsp\u00f3lnie dzia\u0142aj\u0105 na popraw\u0119 wygl\u0105du i kondycji sk\u00f3ry. Produkt zawiera tak\u017ce bentonit, kaolin oraz ekstrakt z zielonej herbaty, co pomaga w oczyszczaniu i od\u015bwie\u017caniu cery. Korzy\u015bci dla &#8230; <a title=\"Mary&#038;May Lemon Niacinamide Glow Wash off Pack 125 g &#8211; Redukuj\u0105ca przebarwienia maseczka do twarzy\" class=\"read-more\" href=\"https:\/\/admincentral.selleetools.com\/pl\/product\/marymay-lemon-niacinamide-glow-wash-off-pack-125-g-redukujaca-przebarwienia-maseczka-do-twarzy\/\">Read more<span class=\"screen-reader-text\">Mary&#038;May Lemon Niacinamide Glow Wash off Pack 125 g &#8211; Redukuj\u0105ca przebarwienia maseczka do twarzy<\/span><\/a><\/p>\n","protected":false},"featured_media":598418,"comment_status":"open","ping_status":"closed","template":"","meta":{"_links_to":"","_links_to_target":""},"yoast_head":"<!-- This site is optimized with the Yoast SEO plugin v19.4 - https:\/\/yoast.com\/wordpress\/plugins\/seo\/ -->\n<title>Mary&amp;May Lemon Niacinamide Glow Wash off Pack 125 g - Redukuj\u0105ca przebarwienia maseczka do twarzy - Selleetools.com<\/title>\n<meta name=\"robots\" content=\"index, follow, max-snippet:-1, max-image-preview:large, max-video-preview:-1\" \/>\n<link rel=\"canonical\" href=\"https:\/\/admincentral.selleetools.com\/pl\/product\/marymay-lemon-niacinamide-glow-wash-off-pack-125-g-redukujaca-przebarwienia-maseczka-do-twarzy\/\" \/>\n<meta property=\"og:locale\" content=\"pl_PL\" \/>\n<meta property=\"og:type\" content=\"article\" \/>\n<meta property=\"og:title\" content=\"Mary&amp;May Lemon Niacinamide Glow Wash off Pack 125 g - Redukuj\u0105ca przebarwienia maseczka do twarzy - Selleetools.com\" \/>\n<meta property=\"og:description\" content=\"Mary&#038;May Lemon Niacinamide Glow Wash Off Pack to maseczka do twarzy o dzia\u0142aniu rozja\u015bniaj\u0105cym i od\u017cywczym. Jej formu\u0142a opiera si\u0119 na naturalnych ekstraktach z cytryny oraz niacynamidzie, kt\u00f3re wsp\u00f3lnie dzia\u0142aj\u0105 na popraw\u0119 wygl\u0105du i kondycji sk\u00f3ry. Produkt zawiera tak\u017ce bentonit, kaolin oraz ekstrakt z zielonej herbaty, co pomaga w oczyszczaniu i od\u015bwie\u017caniu cery. Korzy\u015bci dla ... Read moreMary&#038;May Lemon Niacinamide Glow Wash off Pack 125 g &#8211; Redukuj\u0105ca przebarwienia maseczka do twarzy\" \/>\n<meta property=\"og:url\" content=\"https:\/\/admincentral.selleetools.com\/pl\/product\/marymay-lemon-niacinamide-glow-wash-off-pack-125-g-redukujaca-przebarwienia-maseczka-do-twarzy\/\" \/>\n<meta property=\"og:site_name\" content=\"Selleetools.com\" \/>\n<meta property=\"article:modified_time\" content=\"2025-12-26T15:45:46+00:00\" \/>\n<meta property=\"og:image\" content=\"https:\/\/selleetools.com\/wp-content\/uploads\/2025\/10\/d62e687b8ea4927d7128be0e96b18d02.jpg\" \/>\n\t<meta property=\"og:image:width\" content=\"692\" \/>\n\t<meta property=\"og:image:height\" content=\"633\" \/>\n\t<meta property=\"og:image:type\" content=\"image\/jpeg\" \/>\n<meta name=\"twitter:card\" content=\"summary_large_image\" \/>\n<meta name=\"twitter:label1\" content=\"Est. reading time\" \/>\n\t<meta name=\"twitter:data1\" content=\"1 minuta\" \/>\n<!-- \/ Yoast SEO plugin. -->","yoast_head_json":{"title":"Mary&May Lemon Niacinamide Glow Wash off Pack 125 g - Redukuj\u0105ca przebarwienia maseczka do twarzy - Selleetools.com","robots":{"index":"index","follow":"follow","max-snippet":"max-snippet:-1","max-image-preview":"max-image-preview:large","max-video-preview":"max-video-preview:-1"},"canonical":"https:\/\/admincentral.selleetools.com\/pl\/product\/marymay-lemon-niacinamide-glow-wash-off-pack-125-g-redukujaca-przebarwienia-maseczka-do-twarzy\/","og_locale":"pl_PL","og_type":"article","og_title":"Mary&May Lemon Niacinamide Glow Wash off Pack 125 g - Redukuj\u0105ca przebarwienia maseczka do twarzy - Selleetools.com","og_description":"Mary&#038;May Lemon Niacinamide Glow Wash Off Pack to maseczka do twarzy o dzia\u0142aniu rozja\u015bniaj\u0105cym i od\u017cywczym. Jej formu\u0142a opiera si\u0119 na naturalnych ekstraktach z cytryny oraz niacynamidzie, kt\u00f3re wsp\u00f3lnie dzia\u0142aj\u0105 na popraw\u0119 wygl\u0105du i kondycji sk\u00f3ry. Produkt zawiera tak\u017ce bentonit, kaolin oraz ekstrakt z zielonej herbaty, co pomaga w oczyszczaniu i od\u015bwie\u017caniu cery. Korzy\u015bci dla ... Read moreMary&#038;May Lemon Niacinamide Glow Wash off Pack 125 g &#8211; Redukuj\u0105ca przebarwienia maseczka do twarzy","og_url":"https:\/\/admincentral.selleetools.com\/pl\/product\/marymay-lemon-niacinamide-glow-wash-off-pack-125-g-redukujaca-przebarwienia-maseczka-do-twarzy\/","og_site_name":"Selleetools.com","article_modified_time":"2025-12-26T15:45:46+00:00","og_image":[{"width":692,"height":633,"url":"https:\/\/selleetools.com\/wp-content\/uploads\/2025\/10\/d62e687b8ea4927d7128be0e96b18d02.jpg","type":"image\/jpeg"}],"twitter_card":"summary_large_image","twitter_misc":{"Est. reading time":"1 minuta"},"schema":{"@context":"https:\/\/schema.org","@graph":[{"@type":"Organization","@id":"https:\/\/selleetools.com\/#organization","name":"Selleetools","url":"https:\/\/selleetools.com\/","sameAs":[],"logo":{"@type":"ImageObject","inLanguage":"pl-PL","@id":"https:\/\/selleetools.com\/#\/schema\/logo\/image\/","url":"https:\/\/selleetools.com\/wp-content\/uploads\/2021\/10\/logo-dark.png","contentUrl":"https:\/\/selleetools.com\/wp-content\/uploads\/2021\/10\/logo-dark.png","width":320,"height":76,"caption":"Selleetools"},"image":{"@id":"https:\/\/selleetools.com\/#\/schema\/logo\/image\/"}},{"@type":"WebSite","@id":"https:\/\/selleetools.com\/#website","url":"https:\/\/selleetools.com\/","name":"Selleetools.com","description":"","publisher":{"@id":"https:\/\/selleetools.com\/#organization"},"potentialAction":[{"@type":"SearchAction","target":{"@type":"EntryPoint","urlTemplate":"https:\/\/selleetools.com\/?s={search_term_string}"},"query-input":"required name=search_term_string"}],"inLanguage":"pl-PL"},{"@type":"WebPage","@id":"https:\/\/admincentral.selleetools.com\/pl\/product\/marymay-lemon-niacinamide-glow-wash-off-pack-125-g-redukujaca-przebarwienia-maseczka-do-twarzy\/","url":"https:\/\/admincentral.selleetools.com\/pl\/product\/marymay-lemon-niacinamide-glow-wash-off-pack-125-g-redukujaca-przebarwienia-maseczka-do-twarzy\/","name":"Mary&May Lemon Niacinamide Glow Wash off Pack 125 g - Redukuj\u0105ca przebarwienia maseczka do twarzy - Selleetools.com","isPartOf":{"@id":"https:\/\/selleetools.com\/#website"},"datePublished":"2025-10-22T06:52:48+00:00","dateModified":"2025-12-26T15:45:46+00:00","breadcrumb":{"@id":"https:\/\/admincentral.selleetools.com\/pl\/product\/marymay-lemon-niacinamide-glow-wash-off-pack-125-g-redukujaca-przebarwienia-maseczka-do-twarzy\/#breadcrumb"},"inLanguage":"pl-PL","potentialAction":[{"@type":"ReadAction","target":["https:\/\/admincentral.selleetools.com\/pl\/product\/marymay-lemon-niacinamide-glow-wash-off-pack-125-g-redukujaca-przebarwienia-maseczka-do-twarzy\/"]}]},{"@type":"BreadcrumbList","@id":"https:\/\/admincentral.selleetools.com\/pl\/product\/marymay-lemon-niacinamide-glow-wash-off-pack-125-g-redukujaca-przebarwienia-maseczka-do-twarzy\/#breadcrumb","itemListElement":[{"@type":"ListItem","position":1,"name":"Home","item":"https:\/\/selleetools.com\/pl\/"},{"@type":"ListItem","position":2,"name":"Katalog","item":"https:\/\/selleetools.com\/pl\/katalog\/"},{"@type":"ListItem","position":3,"name":"Mary&#038;May Lemon Niacinamide Glow Wash off Pack 125 g &#8211; Redukuj\u0105ca przebarwienia maseczka do twarzy"}]}]}},"_links":{"self":[{"href":"https:\/\/admincentral.selleetools.com\/pl\/wp-json\/wp\/v2\/product\/598422"}],"collection":[{"href":"https:\/\/admincentral.selleetools.com\/pl\/wp-json\/wp\/v2\/product"}],"about":[{"href":"https:\/\/admincentral.selleetools.com\/pl\/wp-json\/wp\/v2\/types\/product"}],"replies":[{"embeddable":true,"href":"https:\/\/admincentral.selleetools.com\/pl\/wp-json\/wp\/v2\/comments?post=598422"}],"wp:featuredmedia":[{"embeddable":true,"href":"https:\/\/admincentral.selleetools.com\/pl\/wp-json\/wp\/v2\/media\/598418"}],"wp:attachment":[{"href":"https:\/\/admincentral.selleetools.com\/pl\/wp-json\/wp\/v2\/media?parent=598422"}],"curies":[{"name":"wp","href":"https:\/\/api.w.org\/{rel}","templated":true}]}}