{"id":598425,"date":"2025-10-22T08:52:51","date_gmt":"2025-10-22T06:52:51","guid":{"rendered":"https:\/\/selleetools.com\/?post_type=product&#038;p=598425"},"modified":"2026-01-04T15:26:37","modified_gmt":"2026-01-04T14:26:37","slug":"mediheal-pure-calming-mask-20-ml-kojaca-maska-w-plachcie","status":"publish","type":"product","link":"https:\/\/admincentral.selleetools.com\/pl\/product\/mediheal-pure-calming-mask-20-ml-kojaca-maska-w-plachcie\/","title":{"rendered":"MEDIHEAL PURE CALMING MASK 20 ml &#8211; KOJ\u0104CA MASKA W P\u0141ACHCIE"},"content":{"rendered":"<p>Maska z serii Daily Mask od marki Mediheal ma za zadanie ukoi\u0107 sk\u00f3r\u0119, pozostawiaj\u0105c j\u0105 g\u0142adk\u0105 i przyjemn\u0105 w dotyku. Za skuteczne dzia\u0142anie odpowiada zawarto\u015b\u0107 ekstraktu z w\u0105kroty azjatyckiej w esencji, kt\u00f3r\u0105 nas\u0105czona jest ekologiczna p\u0142achta wykonana z celulozy. Dodatkowo formu\u0142\u0119 wzbogacono o ekstrakt z li\u015bci bylicy pospolitej wykazuj\u0105cy w\u0142a\u015bciwo\u015bci przeciwzapalne, a tak\u017ce o odm\u0142adzaj\u0105c\u0105 adenozyn\u0119.<\/p>\n<p>Cechy charakterystyczne:<br \/>\ndo codziennego stosowaniakoi<br \/>\n\u0142agodzi podra\u017cnienia<br \/>\nprzeciwzapalna<br \/>\nodm\u0142adza<\/p>\n<p>Maski z serii Daily Mask s\u0142u\u017c\u0105 do codziennego stosowania. Pomagaj\u0105 one doprowadzi\u0107 sk\u00f3r\u0119 do pi\u0119knego, zdrowego wygl\u0105du.<\/p>\n<p>Spos\u00f3b u\u017cycia: Na\u0142\u00f3\u017c mask\u0119 na oczyszczon\u0105 sk\u00f3r\u0119 twarzy, zaczynaj\u0105c od czo\u0142a, poprzez policzki w kierunku uszu i brody. Dok\u0142adnie dopasuj. Pozosta\u0142\u0105 esencj\u0119 wmasuj w szyj\u0119 i dekolt. Zdejmij mask\u0119 po 10-20 minutach, a niewch\u0142oni\u0119t\u0105 esencj\u0119 wmasuj w sk\u00f3r\u0119.<\/p>\n","protected":false},"excerpt":{"rendered":"<p>Maska z serii Daily Mask od marki Mediheal ma za zadanie ukoi\u0107 sk\u00f3r\u0119, pozostawiaj\u0105c j\u0105 g\u0142adk\u0105 i przyjemn\u0105 w dotyku. Za skuteczne dzia\u0142anie odpowiada zawarto\u015b\u0107 ekstraktu z w\u0105kroty azjatyckiej w esencji, kt\u00f3r\u0105 nas\u0105czona jest ekologiczna p\u0142achta wykonana z celulozy. Dodatkowo formu\u0142\u0119 wzbogacono o ekstrakt z li\u015bci bylicy pospolitej wykazuj\u0105cy w\u0142a\u015bciwo\u015bci przeciwzapalne, a tak\u017ce o odm\u0142adzaj\u0105c\u0105 &#8230; <a title=\"MEDIHEAL PURE CALMING MASK 20 ml &#8211; KOJ\u0104CA MASKA W P\u0141ACHCIE\" class=\"read-more\" href=\"https:\/\/admincentral.selleetools.com\/pl\/product\/mediheal-pure-calming-mask-20-ml-kojaca-maska-w-plachcie\/\">Read more<span class=\"screen-reader-text\">MEDIHEAL PURE CALMING MASK 20 ml &#8211; KOJ\u0104CA MASKA W P\u0141ACHCIE<\/span><\/a><\/p>\n","protected":false},"featured_media":598423,"comment_status":"open","ping_status":"closed","template":"","meta":{"_links_to":"","_links_to_target":""},"yoast_head":"<!-- This site is optimized with the Yoast SEO plugin v19.4 - https:\/\/yoast.com\/wordpress\/plugins\/seo\/ -->\n<title>MEDIHEAL PURE CALMING MASK 20 ml - KOJ\u0104CA MASKA W P\u0141ACHCIE - Selleetools.com<\/title>\n<meta name=\"robots\" content=\"index, follow, max-snippet:-1, max-image-preview:large, max-video-preview:-1\" \/>\n<link rel=\"canonical\" href=\"https:\/\/admincentral.selleetools.com\/pl\/product\/mediheal-pure-calming-mask-20-ml-kojaca-maska-w-plachcie\/\" \/>\n<meta property=\"og:locale\" content=\"pl_PL\" \/>\n<meta property=\"og:type\" content=\"article\" \/>\n<meta property=\"og:title\" content=\"MEDIHEAL PURE CALMING MASK 20 ml - KOJ\u0104CA MASKA W P\u0141ACHCIE - Selleetools.com\" \/>\n<meta property=\"og:description\" content=\"Maska z serii Daily Mask od marki Mediheal ma za zadanie ukoi\u0107 sk\u00f3r\u0119, pozostawiaj\u0105c j\u0105 g\u0142adk\u0105 i przyjemn\u0105 w dotyku. Za skuteczne dzia\u0142anie odpowiada zawarto\u015b\u0107 ekstraktu z w\u0105kroty azjatyckiej w esencji, kt\u00f3r\u0105 nas\u0105czona jest ekologiczna p\u0142achta wykonana z celulozy. Dodatkowo formu\u0142\u0119 wzbogacono o ekstrakt z li\u015bci bylicy pospolitej wykazuj\u0105cy w\u0142a\u015bciwo\u015bci przeciwzapalne, a tak\u017ce o odm\u0142adzaj\u0105c\u0105 ... Read moreMEDIHEAL PURE CALMING MASK 20 ml &#8211; KOJ\u0104CA MASKA W P\u0141ACHCIE\" \/>\n<meta property=\"og:url\" content=\"https:\/\/admincentral.selleetools.com\/pl\/product\/mediheal-pure-calming-mask-20-ml-kojaca-maska-w-plachcie\/\" \/>\n<meta property=\"og:site_name\" content=\"Selleetools.com\" \/>\n<meta property=\"article:modified_time\" content=\"2026-01-04T14:26:37+00:00\" \/>\n<meta property=\"og:image\" content=\"https:\/\/selleetools.com\/wp-content\/uploads\/2025\/10\/9a88e2fb8267617bd697c4a783117fb1.png\" \/>\n\t<meta property=\"og:image:width\" content=\"433\" \/>\n\t<meta property=\"og:image:height\" content=\"650\" \/>\n\t<meta property=\"og:image:type\" content=\"image\/png\" \/>\n<meta name=\"twitter:card\" content=\"summary_large_image\" \/>\n<meta name=\"twitter:label1\" content=\"Est. reading time\" \/>\n\t<meta name=\"twitter:data1\" content=\"1 minuta\" \/>\n<!-- \/ Yoast SEO plugin. -->","yoast_head_json":{"title":"MEDIHEAL PURE CALMING MASK 20 ml - KOJ\u0104CA MASKA W P\u0141ACHCIE - Selleetools.com","robots":{"index":"index","follow":"follow","max-snippet":"max-snippet:-1","max-image-preview":"max-image-preview:large","max-video-preview":"max-video-preview:-1"},"canonical":"https:\/\/admincentral.selleetools.com\/pl\/product\/mediheal-pure-calming-mask-20-ml-kojaca-maska-w-plachcie\/","og_locale":"pl_PL","og_type":"article","og_title":"MEDIHEAL PURE CALMING MASK 20 ml - KOJ\u0104CA MASKA W P\u0141ACHCIE - Selleetools.com","og_description":"Maska z serii Daily Mask od marki Mediheal ma za zadanie ukoi\u0107 sk\u00f3r\u0119, pozostawiaj\u0105c j\u0105 g\u0142adk\u0105 i przyjemn\u0105 w dotyku. Za skuteczne dzia\u0142anie odpowiada zawarto\u015b\u0107 ekstraktu z w\u0105kroty azjatyckiej w esencji, kt\u00f3r\u0105 nas\u0105czona jest ekologiczna p\u0142achta wykonana z celulozy. Dodatkowo formu\u0142\u0119 wzbogacono o ekstrakt z li\u015bci bylicy pospolitej wykazuj\u0105cy w\u0142a\u015bciwo\u015bci przeciwzapalne, a tak\u017ce o odm\u0142adzaj\u0105c\u0105 ... Read moreMEDIHEAL PURE CALMING MASK 20 ml &#8211; KOJ\u0104CA MASKA W P\u0141ACHCIE","og_url":"https:\/\/admincentral.selleetools.com\/pl\/product\/mediheal-pure-calming-mask-20-ml-kojaca-maska-w-plachcie\/","og_site_name":"Selleetools.com","article_modified_time":"2026-01-04T14:26:37+00:00","og_image":[{"width":433,"height":650,"url":"https:\/\/selleetools.com\/wp-content\/uploads\/2025\/10\/9a88e2fb8267617bd697c4a783117fb1.png","type":"image\/png"}],"twitter_card":"summary_large_image","twitter_misc":{"Est. reading time":"1 minuta"},"schema":{"@context":"https:\/\/schema.org","@graph":[{"@type":"Organization","@id":"https:\/\/selleetools.com\/#organization","name":"Selleetools","url":"https:\/\/selleetools.com\/","sameAs":[],"logo":{"@type":"ImageObject","inLanguage":"pl-PL","@id":"https:\/\/selleetools.com\/#\/schema\/logo\/image\/","url":"https:\/\/selleetools.com\/wp-content\/uploads\/2021\/10\/logo-dark.png","contentUrl":"https:\/\/selleetools.com\/wp-content\/uploads\/2021\/10\/logo-dark.png","width":320,"height":76,"caption":"Selleetools"},"image":{"@id":"https:\/\/selleetools.com\/#\/schema\/logo\/image\/"}},{"@type":"WebSite","@id":"https:\/\/selleetools.com\/#website","url":"https:\/\/selleetools.com\/","name":"Selleetools.com","description":"","publisher":{"@id":"https:\/\/selleetools.com\/#organization"},"potentialAction":[{"@type":"SearchAction","target":{"@type":"EntryPoint","urlTemplate":"https:\/\/selleetools.com\/?s={search_term_string}"},"query-input":"required name=search_term_string"}],"inLanguage":"pl-PL"},{"@type":"WebPage","@id":"https:\/\/admincentral.selleetools.com\/pl\/product\/mediheal-pure-calming-mask-20-ml-kojaca-maska-w-plachcie\/","url":"https:\/\/admincentral.selleetools.com\/pl\/product\/mediheal-pure-calming-mask-20-ml-kojaca-maska-w-plachcie\/","name":"MEDIHEAL PURE CALMING MASK 20 ml - KOJ\u0104CA MASKA W P\u0141ACHCIE - Selleetools.com","isPartOf":{"@id":"https:\/\/selleetools.com\/#website"},"datePublished":"2025-10-22T06:52:51+00:00","dateModified":"2026-01-04T14:26:37+00:00","breadcrumb":{"@id":"https:\/\/admincentral.selleetools.com\/pl\/product\/mediheal-pure-calming-mask-20-ml-kojaca-maska-w-plachcie\/#breadcrumb"},"inLanguage":"pl-PL","potentialAction":[{"@type":"ReadAction","target":["https:\/\/admincentral.selleetools.com\/pl\/product\/mediheal-pure-calming-mask-20-ml-kojaca-maska-w-plachcie\/"]}]},{"@type":"BreadcrumbList","@id":"https:\/\/admincentral.selleetools.com\/pl\/product\/mediheal-pure-calming-mask-20-ml-kojaca-maska-w-plachcie\/#breadcrumb","itemListElement":[{"@type":"ListItem","position":1,"name":"Home","item":"https:\/\/selleetools.com\/pl\/"},{"@type":"ListItem","position":2,"name":"Katalog","item":"https:\/\/selleetools.com\/pl\/katalog\/"},{"@type":"ListItem","position":3,"name":"MEDIHEAL PURE CALMING MASK 20 ml &#8211; KOJ\u0104CA MASKA W P\u0141ACHCIE"}]}]}},"_links":{"self":[{"href":"https:\/\/admincentral.selleetools.com\/pl\/wp-json\/wp\/v2\/product\/598425"}],"collection":[{"href":"https:\/\/admincentral.selleetools.com\/pl\/wp-json\/wp\/v2\/product"}],"about":[{"href":"https:\/\/admincentral.selleetools.com\/pl\/wp-json\/wp\/v2\/types\/product"}],"replies":[{"embeddable":true,"href":"https:\/\/admincentral.selleetools.com\/pl\/wp-json\/wp\/v2\/comments?post=598425"}],"wp:featuredmedia":[{"embeddable":true,"href":"https:\/\/admincentral.selleetools.com\/pl\/wp-json\/wp\/v2\/media\/598423"}],"wp:attachment":[{"href":"https:\/\/admincentral.selleetools.com\/pl\/wp-json\/wp\/v2\/media?parent=598425"}],"curies":[{"name":"wp","href":"https:\/\/api.w.org\/{rel}","templated":true}]}}