{"id":598528,"date":"2025-10-22T08:54:15","date_gmt":"2025-10-22T06:54:15","guid":{"rendered":"https:\/\/selleetools.com\/?post_type=product&#038;p=598528"},"modified":"2025-12-26T16:46:02","modified_gmt":"2025-12-26T15:46:02","slug":"pyunkang-yul-calming-pore-clear-wash-off-pack-100-ml-maska-oczyszczajaca-pory-i-lagodzaca-skore","status":"publish","type":"product","link":"https:\/\/admincentral.selleetools.com\/pl\/product\/pyunkang-yul-calming-pore-clear-wash-off-pack-100-ml-maska-oczyszczajaca-pory-i-lagodzaca-skore\/","title":{"rendered":"Pyunkang yul Calming Pore Clear Wash Off Pack 100 ml &#8211; Maska oczyszczaj\u0105ca pory i \u0142agodz\u0105ca sk\u00f3r\u0119"},"content":{"rendered":"<p>Pyunkang Yul Calming Pore Clear Wash Off Pack to maseczka oczyszczaj\u0105ca, kt\u00f3ra zosta\u0142a stworzona z my\u015bl\u0105 o sk\u00f3rze wra\u017cliwej, sk\u0142onnej do podra\u017cnie\u0144 i wyprysk\u00f3w. Produkt ten jest idealnym rozwi\u0105zaniem dla os\u00f3b, kt\u00f3re chc\u0105 g\u0142\u0119boko oczy\u015bci\u0107 pory, jednocze\u015bnie \u0142agodz\u0105c i nawil\u017caj\u0105c sk\u00f3r\u0119. Maseczka zawiera naturalne sk\u0142adniki, takie jak ekstrakt z w\u0105kroty azjatyckiej (Centella Asiatica) i w\u0119giel drzewny, kt\u00f3re wspomagaj\u0105 oczyszczanie sk\u00f3ry i redukcj\u0119 stan\u00f3w zapalnych.<\/p>\n<p>Korzy\u015bci dla sk\u00f3ry:<br \/>\nG\u0142\u0119bokie oczyszczenie por\u00f3w: W\u0119giel drzewny w sk\u0142adzie maski dzia\u0142a jak magnes, przyci\u0105gaj\u0105c zanieczyszczenia i sebum z por\u00f3w, pozostawiaj\u0105c sk\u00f3r\u0119 czyst\u0105 i \u015bwie\u017c\u0105.<br \/>\n\u0141agodzenie podra\u017cnie\u0144: Ekstrakt z w\u0105kroty azjatyckiej ma w\u0142a\u015bciwo\u015bci przeciwzapalne i koj\u0105ce, co pomaga redukowa\u0107 zaczerwienienia i podra\u017cnienia sk\u00f3ry.<br \/>\nNawil\u017cenie i od\u017cywienie: Maseczka nie tylko oczyszcza, ale tak\u017ce nawil\u017ca sk\u00f3r\u0119, dzi\u0119ki czemu jest idealna dla os\u00f3b z such\u0105 i wra\u017cliw\u0105 cer\u0105.<br \/>\nPoprawa tekstury sk\u00f3ry: Regularne stosowanie maski pomaga wyg\u0142adzi\u0107 sk\u00f3r\u0119, zmniejszaj\u0105c widoczno\u015b\u0107 por\u00f3w i nier\u00f3wno\u015bci.<\/p>\n<p>Spos\u00f3b u\u017cycia:<br \/>\nOczyszczanie: Na\u0142\u00f3\u017c maseczk\u0119 na oczyszczon\u0105 sk\u00f3r\u0119 twarzy, omijaj\u0105c okolice oczu i ust.<br \/>\nAplikacja: Rozprowad\u017a r\u00f3wnomiernie cienk\u0105 warstw\u0119 produktu na ca\u0142ej twarzy.<br \/>\nCzas dzia\u0142ania: Pozostaw maseczk\u0119 na sk\u00f3rze przez oko\u0142o 10-15 minut.<br \/>\nZmywanie: Po up\u0142ywie czasu delikatnie zmyj maseczk\u0119 ciep\u0142\u0105 wod\u0105, wykonuj\u0105c przy tym lekkie ruchy masuj\u0105ce.<br \/>\nDalsza piel\u0119gnacja: Po zmyciu maseczki, kontynuuj swoj\u0105 rutyn\u0119 piel\u0119gnacyjn\u0105, stosuj\u0105c tonik, serum i krem nawil\u017caj\u0105cy.<\/p>\n<p>Regularne stosowanie maseczki Pyunkang Yul Calming Pore Clear Wash Off Pack przyczyni si\u0119 do poprawy kondycji sk\u00f3ry, pozostawiaj\u0105c j\u0105 czyst\u0105, nawil\u017con\u0105 i promienn\u0105.<\/p>\n","protected":false},"excerpt":{"rendered":"<p>Pyunkang Yul Calming Pore Clear Wash Off Pack to maseczka oczyszczaj\u0105ca, kt\u00f3ra zosta\u0142a stworzona z my\u015bl\u0105 o sk\u00f3rze wra\u017cliwej, sk\u0142onnej do podra\u017cnie\u0144 i wyprysk\u00f3w. Produkt ten jest idealnym rozwi\u0105zaniem dla os\u00f3b, kt\u00f3re chc\u0105 g\u0142\u0119boko oczy\u015bci\u0107 pory, jednocze\u015bnie \u0142agodz\u0105c i nawil\u017caj\u0105c sk\u00f3r\u0119. Maseczka zawiera naturalne sk\u0142adniki, takie jak ekstrakt z w\u0105kroty azjatyckiej (Centella Asiatica) i w\u0119giel &#8230; <a title=\"Pyunkang yul Calming Pore Clear Wash Off Pack 100 ml &#8211; Maska oczyszczaj\u0105ca pory i \u0142agodz\u0105ca sk\u00f3r\u0119\" class=\"read-more\" href=\"https:\/\/admincentral.selleetools.com\/pl\/product\/pyunkang-yul-calming-pore-clear-wash-off-pack-100-ml-maska-oczyszczajaca-pory-i-lagodzaca-skore\/\">Read more<span class=\"screen-reader-text\">Pyunkang yul Calming Pore Clear Wash Off Pack 100 ml &#8211; Maska oczyszczaj\u0105ca pory i \u0142agodz\u0105ca sk\u00f3r\u0119<\/span><\/a><\/p>\n","protected":false},"featured_media":598522,"comment_status":"open","ping_status":"closed","template":"","meta":{"_links_to":"","_links_to_target":""},"yoast_head":"<!-- This site is optimized with the Yoast SEO plugin v19.4 - https:\/\/yoast.com\/wordpress\/plugins\/seo\/ -->\n<title>Pyunkang yul Calming Pore Clear Wash Off Pack 100 ml - Maska oczyszczaj\u0105ca pory i \u0142agodz\u0105ca sk\u00f3r\u0119 - Selleetools.com<\/title>\n<meta name=\"robots\" content=\"index, follow, max-snippet:-1, max-image-preview:large, max-video-preview:-1\" \/>\n<link rel=\"canonical\" href=\"https:\/\/selleetools.com\/pl\/product\/pyunkang-yul-calming-pore-clear-wash-off-pack-100-ml-maska-oczyszczajaca-pory-i-lagodzaca-skore\/\" \/>\n<meta property=\"og:locale\" content=\"pl_PL\" \/>\n<meta property=\"og:type\" content=\"article\" \/>\n<meta property=\"og:title\" content=\"Pyunkang yul Calming Pore Clear Wash Off Pack 100 ml - Maska oczyszczaj\u0105ca pory i \u0142agodz\u0105ca sk\u00f3r\u0119 - Selleetools.com\" \/>\n<meta property=\"og:description\" content=\"Pyunkang Yul Calming Pore Clear Wash Off Pack to maseczka oczyszczaj\u0105ca, kt\u00f3ra zosta\u0142a stworzona z my\u015bl\u0105 o sk\u00f3rze wra\u017cliwej, sk\u0142onnej do podra\u017cnie\u0144 i wyprysk\u00f3w. Produkt ten jest idealnym rozwi\u0105zaniem dla os\u00f3b, kt\u00f3re chc\u0105 g\u0142\u0119boko oczy\u015bci\u0107 pory, jednocze\u015bnie \u0142agodz\u0105c i nawil\u017caj\u0105c sk\u00f3r\u0119. Maseczka zawiera naturalne sk\u0142adniki, takie jak ekstrakt z w\u0105kroty azjatyckiej (Centella Asiatica) i w\u0119giel ... Read morePyunkang yul Calming Pore Clear Wash Off Pack 100 ml &#8211; Maska oczyszczaj\u0105ca pory i \u0142agodz\u0105ca sk\u00f3r\u0119\" \/>\n<meta property=\"og:url\" content=\"https:\/\/selleetools.com\/pl\/product\/pyunkang-yul-calming-pore-clear-wash-off-pack-100-ml-maska-oczyszczajaca-pory-i-lagodzaca-skore\/\" \/>\n<meta property=\"og:site_name\" content=\"Selleetools.com\" \/>\n<meta property=\"article:modified_time\" content=\"2025-12-26T15:46:02+00:00\" \/>\n<meta property=\"og:image\" content=\"https:\/\/selleetools.com\/wp-content\/uploads\/2025\/10\/099649be97870443d209f47a600bf999.jpg\" \/>\n\t<meta property=\"og:image:width\" content=\"1200\" \/>\n\t<meta property=\"og:image:height\" content=\"1200\" \/>\n\t<meta property=\"og:image:type\" content=\"image\/jpeg\" \/>\n<meta name=\"twitter:card\" content=\"summary_large_image\" \/>\n<meta name=\"twitter:label1\" content=\"Est. reading time\" \/>\n\t<meta name=\"twitter:data1\" content=\"2 minuty\" \/>\n<!-- \/ Yoast SEO plugin. -->","yoast_head_json":{"title":"Pyunkang yul Calming Pore Clear Wash Off Pack 100 ml - Maska oczyszczaj\u0105ca pory i \u0142agodz\u0105ca sk\u00f3r\u0119 - Selleetools.com","robots":{"index":"index","follow":"follow","max-snippet":"max-snippet:-1","max-image-preview":"max-image-preview:large","max-video-preview":"max-video-preview:-1"},"canonical":"https:\/\/selleetools.com\/pl\/product\/pyunkang-yul-calming-pore-clear-wash-off-pack-100-ml-maska-oczyszczajaca-pory-i-lagodzaca-skore\/","og_locale":"pl_PL","og_type":"article","og_title":"Pyunkang yul Calming Pore Clear Wash Off Pack 100 ml - Maska oczyszczaj\u0105ca pory i \u0142agodz\u0105ca sk\u00f3r\u0119 - Selleetools.com","og_description":"Pyunkang Yul Calming Pore Clear Wash Off Pack to maseczka oczyszczaj\u0105ca, kt\u00f3ra zosta\u0142a stworzona z my\u015bl\u0105 o sk\u00f3rze wra\u017cliwej, sk\u0142onnej do podra\u017cnie\u0144 i wyprysk\u00f3w. Produkt ten jest idealnym rozwi\u0105zaniem dla os\u00f3b, kt\u00f3re chc\u0105 g\u0142\u0119boko oczy\u015bci\u0107 pory, jednocze\u015bnie \u0142agodz\u0105c i nawil\u017caj\u0105c sk\u00f3r\u0119. Maseczka zawiera naturalne sk\u0142adniki, takie jak ekstrakt z w\u0105kroty azjatyckiej (Centella Asiatica) i w\u0119giel ... Read morePyunkang yul Calming Pore Clear Wash Off Pack 100 ml &#8211; Maska oczyszczaj\u0105ca pory i \u0142agodz\u0105ca sk\u00f3r\u0119","og_url":"https:\/\/selleetools.com\/pl\/product\/pyunkang-yul-calming-pore-clear-wash-off-pack-100-ml-maska-oczyszczajaca-pory-i-lagodzaca-skore\/","og_site_name":"Selleetools.com","article_modified_time":"2025-12-26T15:46:02+00:00","og_image":[{"width":1200,"height":1200,"url":"https:\/\/selleetools.com\/wp-content\/uploads\/2025\/10\/099649be97870443d209f47a600bf999.jpg","type":"image\/jpeg"}],"twitter_card":"summary_large_image","twitter_misc":{"Est. reading time":"2 minuty"},"schema":{"@context":"https:\/\/schema.org","@graph":[{"@type":"Organization","@id":"https:\/\/selleetools.com\/#organization","name":"Selleetools","url":"https:\/\/selleetools.com\/","sameAs":[],"logo":{"@type":"ImageObject","inLanguage":"pl-PL","@id":"https:\/\/selleetools.com\/#\/schema\/logo\/image\/","url":"https:\/\/selleetools.com\/wp-content\/uploads\/2021\/10\/logo-dark.png","contentUrl":"https:\/\/selleetools.com\/wp-content\/uploads\/2021\/10\/logo-dark.png","width":320,"height":76,"caption":"Selleetools"},"image":{"@id":"https:\/\/selleetools.com\/#\/schema\/logo\/image\/"}},{"@type":"WebSite","@id":"https:\/\/selleetools.com\/#website","url":"https:\/\/selleetools.com\/","name":"Selleetools.com","description":"","publisher":{"@id":"https:\/\/selleetools.com\/#organization"},"potentialAction":[{"@type":"SearchAction","target":{"@type":"EntryPoint","urlTemplate":"https:\/\/selleetools.com\/?s={search_term_string}"},"query-input":"required name=search_term_string"}],"inLanguage":"pl-PL"},{"@type":"WebPage","@id":"https:\/\/selleetools.com\/pl\/product\/pyunkang-yul-calming-pore-clear-wash-off-pack-100-ml-maska-oczyszczajaca-pory-i-lagodzaca-skore\/","url":"https:\/\/selleetools.com\/pl\/product\/pyunkang-yul-calming-pore-clear-wash-off-pack-100-ml-maska-oczyszczajaca-pory-i-lagodzaca-skore\/","name":"Pyunkang yul Calming Pore Clear Wash Off Pack 100 ml - Maska oczyszczaj\u0105ca pory i \u0142agodz\u0105ca sk\u00f3r\u0119 - Selleetools.com","isPartOf":{"@id":"https:\/\/selleetools.com\/#website"},"datePublished":"2025-10-22T06:54:15+00:00","dateModified":"2025-12-26T15:46:02+00:00","breadcrumb":{"@id":"https:\/\/selleetools.com\/pl\/product\/pyunkang-yul-calming-pore-clear-wash-off-pack-100-ml-maska-oczyszczajaca-pory-i-lagodzaca-skore\/#breadcrumb"},"inLanguage":"pl-PL","potentialAction":[{"@type":"ReadAction","target":["https:\/\/selleetools.com\/pl\/product\/pyunkang-yul-calming-pore-clear-wash-off-pack-100-ml-maska-oczyszczajaca-pory-i-lagodzaca-skore\/"]}]},{"@type":"BreadcrumbList","@id":"https:\/\/selleetools.com\/pl\/product\/pyunkang-yul-calming-pore-clear-wash-off-pack-100-ml-maska-oczyszczajaca-pory-i-lagodzaca-skore\/#breadcrumb","itemListElement":[{"@type":"ListItem","position":1,"name":"Home","item":"https:\/\/selleetools.com\/pl\/"},{"@type":"ListItem","position":2,"name":"Katalog","item":"https:\/\/selleetools.com\/pl\/katalog\/"},{"@type":"ListItem","position":3,"name":"Pyunkang yul Calming Pore Clear Wash Off Pack 100 ml &#8211; Maska oczyszczaj\u0105ca pory i \u0142agodz\u0105ca sk\u00f3r\u0119"}]}]}},"_links":{"self":[{"href":"https:\/\/admincentral.selleetools.com\/pl\/wp-json\/wp\/v2\/product\/598528"}],"collection":[{"href":"https:\/\/admincentral.selleetools.com\/pl\/wp-json\/wp\/v2\/product"}],"about":[{"href":"https:\/\/admincentral.selleetools.com\/pl\/wp-json\/wp\/v2\/types\/product"}],"replies":[{"embeddable":true,"href":"https:\/\/admincentral.selleetools.com\/pl\/wp-json\/wp\/v2\/comments?post=598528"}],"wp:featuredmedia":[{"embeddable":true,"href":"https:\/\/admincentral.selleetools.com\/pl\/wp-json\/wp\/v2\/media\/598522"}],"wp:attachment":[{"href":"https:\/\/admincentral.selleetools.com\/pl\/wp-json\/wp\/v2\/media?parent=598528"}],"curies":[{"name":"wp","href":"https:\/\/api.w.org\/{rel}","templated":true}]}}