{"id":598639,"date":"2025-10-22T08:55:50","date_gmt":"2025-10-22T06:55:50","guid":{"rendered":"https:\/\/selleetools.com\/?post_type=product&#038;p=598639"},"modified":"2025-10-22T14:10:04","modified_gmt":"2025-10-22T12:10:04","slug":"romnd-nu-zero-cushion-05-sand-25-15-g-podklad-w-formie-cushion","status":"publish","type":"product","link":"https:\/\/admincentral.selleetools.com\/pl\/product\/romnd-nu-zero-cushion-05-sand-25-15-g-podklad-w-formie-cushion\/","title":{"rendered":"rom&#038;nd Nu Zero Cushion 05 Sand 25 15 g &#8211; Podk\u0142ad w formie cushion"},"content":{"rendered":"<p>rom&#038;nd Nu Zero Cushion 05 Sand to innowacyjny podk\u0142ad w formie cushion, kt\u00f3ry zapewnia doskona\u0142e krycie i naturalne wyko\u0144czenie. Formu\u0142a podk\u0142adu \u0142\u0105czy lekk\u0105 konsystencj\u0119 z pe\u0142nym kryciem, dzi\u0119ki czemu idealnie wyr\u00f3wnuje koloryt sk\u00f3ry, jednocze\u015bnie zapewniaj\u0105c jej naturalny blask. Zawarte w nim sk\u0142adniki piel\u0119gnacyjne nawil\u017caj\u0105 sk\u00f3r\u0119 i utrzymuj\u0105 jej \u015bwie\u017co\u015b\u0107 przez ca\u0142y dzie\u0144.<\/p>\n<p>Korzy\u015bci:<br \/>\nNaturalne wyko\u0144czenie: Formu\u0142a cushionu gwarantuje lekkie, ale pe\u0142ne krycie, kt\u00f3re wygl\u0105da naturalnie na sk\u00f3rze.<br \/>\nNawil\u017cenie: Wzbogacony o sk\u0142adniki nawil\u017caj\u0105ce, kt\u00f3re pomagaj\u0105 utrzyma\u0107 sk\u00f3r\u0119 mi\u0119kk\u0105 i g\u0142adk\u0105.<br \/>\nD\u0142ugotrwa\u0142y efekt: Utrzymuje si\u0119 na sk\u00f3rze przez ca\u0142y dzie\u0144, nie wymagaj\u0105c poprawek.<br \/>\nOchrona: Chroni sk\u00f3r\u0119 przed szkodliwym dzia\u0142aniem czynnik\u00f3w zewn\u0119trznych.<\/p>\n<p>Spos\u00f3b u\u017cycia:<br \/>\nNa\u0142\u00f3\u017c niewielk\u0105 ilo\u015b\u0107 podk\u0142adu na g\u0105bk\u0119 do\u0142\u0105czon\u0105 do opakowania. Delikatnie wklep produkt w sk\u00f3r\u0119 twarzy, zaczynaj\u0105c od \u015brodka i rozprowadzaj\u0105c go na boki. Stosuj wed\u0142ug potrzeby, aby uzyska\u0107 po\u017c\u0105dane krycie i efekt. Idealny do codziennego u\u017cytku, szczeg\u00f3lnie dla os\u00f3b poszukuj\u0105cych naturalnego, \u015bwie\u017cego wygl\u0105du.<\/p>\n","protected":false},"excerpt":{"rendered":"<p>rom&#038;nd Nu Zero Cushion 05 Sand to innowacyjny podk\u0142ad w formie cushion, kt\u00f3ry zapewnia doskona\u0142e krycie i naturalne wyko\u0144czenie. Formu\u0142a podk\u0142adu \u0142\u0105czy lekk\u0105 konsystencj\u0119 z pe\u0142nym kryciem, dzi\u0119ki czemu idealnie wyr\u00f3wnuje koloryt sk\u00f3ry, jednocze\u015bnie zapewniaj\u0105c jej naturalny blask. Zawarte w nim sk\u0142adniki piel\u0119gnacyjne nawil\u017caj\u0105 sk\u00f3r\u0119 i utrzymuj\u0105 jej \u015bwie\u017co\u015b\u0107 przez ca\u0142y dzie\u0144. Korzy\u015bci: Naturalne wyko\u0144czenie: &#8230; <a title=\"rom&#038;nd Nu Zero Cushion 05 Sand 25 15 g &#8211; Podk\u0142ad w formie cushion\" class=\"read-more\" href=\"https:\/\/admincentral.selleetools.com\/pl\/product\/romnd-nu-zero-cushion-05-sand-25-15-g-podklad-w-formie-cushion\/\">Read more<span class=\"screen-reader-text\">rom&#038;nd Nu Zero Cushion 05 Sand 25 15 g &#8211; Podk\u0142ad w formie cushion<\/span><\/a><\/p>\n","protected":false},"featured_media":598633,"comment_status":"open","ping_status":"closed","template":"","meta":{"_links_to":"","_links_to_target":""},"yoast_head":"<!-- This site is optimized with the Yoast SEO plugin v19.4 - https:\/\/yoast.com\/wordpress\/plugins\/seo\/ -->\n<title>rom&amp;nd Nu Zero Cushion 05 Sand 25 15 g - Podk\u0142ad w formie cushion - Selleetools.com<\/title>\n<meta name=\"robots\" content=\"index, follow, max-snippet:-1, max-image-preview:large, max-video-preview:-1\" \/>\n<link rel=\"canonical\" href=\"https:\/\/selleetools.com\/pl\/product\/romnd-nu-zero-cushion-05-sand-25-15-g-podklad-w-formie-cushion\/\" \/>\n<meta property=\"og:locale\" content=\"pl_PL\" \/>\n<meta property=\"og:type\" content=\"article\" \/>\n<meta property=\"og:title\" content=\"rom&amp;nd Nu Zero Cushion 05 Sand 25 15 g - Podk\u0142ad w formie cushion - Selleetools.com\" \/>\n<meta property=\"og:description\" content=\"rom&#038;nd Nu Zero Cushion 05 Sand to innowacyjny podk\u0142ad w formie cushion, kt\u00f3ry zapewnia doskona\u0142e krycie i naturalne wyko\u0144czenie. Formu\u0142a podk\u0142adu \u0142\u0105czy lekk\u0105 konsystencj\u0119 z pe\u0142nym kryciem, dzi\u0119ki czemu idealnie wyr\u00f3wnuje koloryt sk\u00f3ry, jednocze\u015bnie zapewniaj\u0105c jej naturalny blask. Zawarte w nim sk\u0142adniki piel\u0119gnacyjne nawil\u017caj\u0105 sk\u00f3r\u0119 i utrzymuj\u0105 jej \u015bwie\u017co\u015b\u0107 przez ca\u0142y dzie\u0144. Korzy\u015bci: Naturalne wyko\u0144czenie: ... Read morerom&#038;nd Nu Zero Cushion 05 Sand 25 15 g &#8211; Podk\u0142ad w formie cushion\" \/>\n<meta property=\"og:url\" content=\"https:\/\/selleetools.com\/pl\/product\/romnd-nu-zero-cushion-05-sand-25-15-g-podklad-w-formie-cushion\/\" \/>\n<meta property=\"og:site_name\" content=\"Selleetools.com\" \/>\n<meta property=\"article:modified_time\" content=\"2025-10-22T12:10:04+00:00\" \/>\n<meta property=\"og:image\" content=\"https:\/\/selleetools.com\/wp-content\/uploads\/2025\/10\/077439f5f6d202dfbf7828fe183e01d9.jpg\" \/>\n\t<meta property=\"og:image:width\" content=\"640\" \/>\n\t<meta property=\"og:image:height\" content=\"640\" \/>\n\t<meta property=\"og:image:type\" content=\"image\/jpeg\" \/>\n<meta name=\"twitter:card\" content=\"summary_large_image\" \/>\n<meta name=\"twitter:label1\" content=\"Est. reading time\" \/>\n\t<meta name=\"twitter:data1\" content=\"1 minuta\" \/>\n<!-- \/ Yoast SEO plugin. -->","yoast_head_json":{"title":"rom&nd Nu Zero Cushion 05 Sand 25 15 g - Podk\u0142ad w formie cushion - Selleetools.com","robots":{"index":"index","follow":"follow","max-snippet":"max-snippet:-1","max-image-preview":"max-image-preview:large","max-video-preview":"max-video-preview:-1"},"canonical":"https:\/\/selleetools.com\/pl\/product\/romnd-nu-zero-cushion-05-sand-25-15-g-podklad-w-formie-cushion\/","og_locale":"pl_PL","og_type":"article","og_title":"rom&nd Nu Zero Cushion 05 Sand 25 15 g - Podk\u0142ad w formie cushion - Selleetools.com","og_description":"rom&#038;nd Nu Zero Cushion 05 Sand to innowacyjny podk\u0142ad w formie cushion, kt\u00f3ry zapewnia doskona\u0142e krycie i naturalne wyko\u0144czenie. Formu\u0142a podk\u0142adu \u0142\u0105czy lekk\u0105 konsystencj\u0119 z pe\u0142nym kryciem, dzi\u0119ki czemu idealnie wyr\u00f3wnuje koloryt sk\u00f3ry, jednocze\u015bnie zapewniaj\u0105c jej naturalny blask. Zawarte w nim sk\u0142adniki piel\u0119gnacyjne nawil\u017caj\u0105 sk\u00f3r\u0119 i utrzymuj\u0105 jej \u015bwie\u017co\u015b\u0107 przez ca\u0142y dzie\u0144. Korzy\u015bci: Naturalne wyko\u0144czenie: ... Read morerom&#038;nd Nu Zero Cushion 05 Sand 25 15 g &#8211; Podk\u0142ad w formie cushion","og_url":"https:\/\/selleetools.com\/pl\/product\/romnd-nu-zero-cushion-05-sand-25-15-g-podklad-w-formie-cushion\/","og_site_name":"Selleetools.com","article_modified_time":"2025-10-22T12:10:04+00:00","og_image":[{"width":640,"height":640,"url":"https:\/\/selleetools.com\/wp-content\/uploads\/2025\/10\/077439f5f6d202dfbf7828fe183e01d9.jpg","type":"image\/jpeg"}],"twitter_card":"summary_large_image","twitter_misc":{"Est. reading time":"1 minuta"},"schema":{"@context":"https:\/\/schema.org","@graph":[{"@type":"Organization","@id":"https:\/\/selleetools.com\/#organization","name":"Selleetools","url":"https:\/\/selleetools.com\/","sameAs":[],"logo":{"@type":"ImageObject","inLanguage":"pl-PL","@id":"https:\/\/selleetools.com\/#\/schema\/logo\/image\/","url":"https:\/\/selleetools.com\/wp-content\/uploads\/2021\/10\/logo-dark.png","contentUrl":"https:\/\/selleetools.com\/wp-content\/uploads\/2021\/10\/logo-dark.png","width":320,"height":76,"caption":"Selleetools"},"image":{"@id":"https:\/\/selleetools.com\/#\/schema\/logo\/image\/"}},{"@type":"WebSite","@id":"https:\/\/selleetools.com\/#website","url":"https:\/\/selleetools.com\/","name":"Selleetools.com","description":"","publisher":{"@id":"https:\/\/selleetools.com\/#organization"},"potentialAction":[{"@type":"SearchAction","target":{"@type":"EntryPoint","urlTemplate":"https:\/\/selleetools.com\/?s={search_term_string}"},"query-input":"required name=search_term_string"}],"inLanguage":"pl-PL"},{"@type":"WebPage","@id":"https:\/\/selleetools.com\/pl\/product\/romnd-nu-zero-cushion-05-sand-25-15-g-podklad-w-formie-cushion\/","url":"https:\/\/selleetools.com\/pl\/product\/romnd-nu-zero-cushion-05-sand-25-15-g-podklad-w-formie-cushion\/","name":"rom&nd Nu Zero Cushion 05 Sand 25 15 g - Podk\u0142ad w formie cushion - Selleetools.com","isPartOf":{"@id":"https:\/\/selleetools.com\/#website"},"datePublished":"2025-10-22T06:55:50+00:00","dateModified":"2025-10-22T12:10:04+00:00","breadcrumb":{"@id":"https:\/\/selleetools.com\/pl\/product\/romnd-nu-zero-cushion-05-sand-25-15-g-podklad-w-formie-cushion\/#breadcrumb"},"inLanguage":"pl-PL","potentialAction":[{"@type":"ReadAction","target":["https:\/\/selleetools.com\/pl\/product\/romnd-nu-zero-cushion-05-sand-25-15-g-podklad-w-formie-cushion\/"]}]},{"@type":"BreadcrumbList","@id":"https:\/\/selleetools.com\/pl\/product\/romnd-nu-zero-cushion-05-sand-25-15-g-podklad-w-formie-cushion\/#breadcrumb","itemListElement":[{"@type":"ListItem","position":1,"name":"Home","item":"https:\/\/selleetools.com\/pl\/"},{"@type":"ListItem","position":2,"name":"Katalog","item":"https:\/\/selleetools.com\/pl\/katalog\/"},{"@type":"ListItem","position":3,"name":"rom&#038;nd Nu Zero Cushion 05 Sand 25 15 g &#8211; Podk\u0142ad w formie cushion"}]}]}},"_links":{"self":[{"href":"https:\/\/admincentral.selleetools.com\/pl\/wp-json\/wp\/v2\/product\/598639"}],"collection":[{"href":"https:\/\/admincentral.selleetools.com\/pl\/wp-json\/wp\/v2\/product"}],"about":[{"href":"https:\/\/admincentral.selleetools.com\/pl\/wp-json\/wp\/v2\/types\/product"}],"replies":[{"embeddable":true,"href":"https:\/\/admincentral.selleetools.com\/pl\/wp-json\/wp\/v2\/comments?post=598639"}],"wp:featuredmedia":[{"embeddable":true,"href":"https:\/\/admincentral.selleetools.com\/pl\/wp-json\/wp\/v2\/media\/598633"}],"wp:attachment":[{"href":"https:\/\/admincentral.selleetools.com\/pl\/wp-json\/wp\/v2\/media?parent=598639"}],"curies":[{"name":"wp","href":"https:\/\/api.w.org\/{rel}","templated":true}]}}