{"id":598691,"date":"2025-10-22T08:56:42","date_gmt":"2025-10-22T06:56:42","guid":{"rendered":"https:\/\/selleetools.com\/?post_type=product&#038;p=598691"},"modified":"2025-12-26T16:47:58","modified_gmt":"2025-12-26T15:47:58","slug":"marymay-vegan-blackberry-complex-cream-essence-140-ml-rozjasniajaco-nawilzajaca-esencja-do-twarzy","status":"publish","type":"product","link":"https:\/\/admincentral.selleetools.com\/pl\/product\/marymay-vegan-blackberry-complex-cream-essence-140-ml-rozjasniajaco-nawilzajaca-esencja-do-twarzy\/","title":{"rendered":"Mary&#038;May Vegan Blackberry Complex Cream Essence, 140 ml &#8211; Rozja\u015bniaj\u0105co-nawil\u017caj\u0105ca esencja do twarzy"},"content":{"rendered":"<p style=\"caret-color: rgb(0, 0, 0); color: rgb(0, 0, 0);\"><font style=\"font-size: 12px;\">Mary&#038;May Vegan Blackberry Complex Cream Essence 140ml to zaawansowany kosmetyk piel\u0119gnacyjny, \u0142\u0105cz\u0105cy w\u0142a\u015bciwo\u015bci kremu i esencji. Formu\u0142a oparta jest na wega\u0144skim kompleksie z je\u017cyn, wzbogacona sk\u0142adnikami aktywnymi takimi jak niacynamid, kwas hialuronowy i witamina E. Kosmetyk przeznaczony jest do intensywnego nawil\u017cania, rozja\u015bniania i regeneracji sk\u00f3ry, dostarczaj\u0105c jej niezb\u0119dnych sk\u0142adnik\u00f3w od\u017cywczych.<\/font><\/p>\n<h4 style=\"caret-color: rgb(0, 0, 0); color: rgb(0, 0, 0);\"><font style=\"font-size: 12px;\">Korzy\u015bci dla sk\u00f3ry<\/font><\/h4>\n<ul style=\"caret-color: rgb(0, 0, 0); color: rgb(0, 0, 0);\">\n<li><font style=\"font-size: 12px;\"><strong>Nawil\u017cenie<\/strong>: Kwas hialuronowy zapewnia d\u0142ugotrwa\u0142e nawil\u017cenie i wyg\u0142adzenie sk\u00f3ry.<\/font><\/li>\n<li><font style=\"font-size: 12px;\"><strong>Rozja\u015bnienie<\/strong>: Niacynamid pomaga w rozja\u015bnianiu przebarwie\u0144 i wyr\u00f3wnaniu kolorytu sk\u00f3ry.<\/font><\/li>\n<li><font style=\"font-size: 12px;\"><strong>Regeneracja<\/strong>: Witamina E dzia\u0142a przeciwutleniaj\u0105co, wspomagaj\u0105c regeneracj\u0119 i ochron\u0119 przed szkodliwymi czynnikami zewn\u0119trznymi.<\/font><\/li>\n<\/ul>\n<h4 style=\"caret-color: rgb(0, 0, 0); color: rgb(0, 0, 0);\"><font style=\"font-size: 12px;\">Spos\u00f3b u\u017cycia<\/font><\/h4>\n<ol style=\"caret-color: rgb(0, 0, 0); color: rgb(0, 0, 0);\">\n<li><font style=\"font-size: 12px;\"><strong>Oczyszczenie<\/strong>: Na\u0142\u00f3\u017c kosmetyk na dobrze oczyszczon\u0105 sk\u00f3r\u0119 twarzy, najlepiej po u\u017cyciu toniku.<\/font><\/li>\n<li><font style=\"font-size: 12px;\"><strong>Aplikacja<\/strong>: Delikatnie wmasuj odpowiedni\u0105 ilo\u015b\u0107 esencji-kremu w sk\u00f3r\u0119 twarzy i szyi, omijaj\u0105c okolice oczu.<\/font><\/li>\n<li><font style=\"font-size: 12px;\"><strong>Cz\u0119stotliwo\u015b\u0107<\/strong>: Stosuj codziennie rano i wieczorem jako cz\u0119\u015b\u0107 rutyny piel\u0119gnacyjnej.<\/font><\/li>\n<\/ol>\n","protected":false},"excerpt":{"rendered":"<p>Mary&#038;May Vegan Blackberry Complex Cream Essence 140ml to zaawansowany kosmetyk piel\u0119gnacyjny, \u0142\u0105cz\u0105cy w\u0142a\u015bciwo\u015bci kremu i esencji. Formu\u0142a oparta jest na wega\u0144skim kompleksie z je\u017cyn, wzbogacona sk\u0142adnikami aktywnymi takimi jak niacynamid, kwas hialuronowy i witamina E. Kosmetyk przeznaczony jest do intensywnego nawil\u017cania, rozja\u015bniania i regeneracji sk\u00f3ry, dostarczaj\u0105c jej niezb\u0119dnych sk\u0142adnik\u00f3w od\u017cywczych. Korzy\u015bci dla sk\u00f3ry Nawil\u017cenie: Kwas &#8230; <a title=\"Mary&#038;May Vegan Blackberry Complex Cream Essence, 140 ml &#8211; Rozja\u015bniaj\u0105co-nawil\u017caj\u0105ca esencja do twarzy\" class=\"read-more\" href=\"https:\/\/admincentral.selleetools.com\/pl\/product\/marymay-vegan-blackberry-complex-cream-essence-140-ml-rozjasniajaco-nawilzajaca-esencja-do-twarzy\/\">Read more<span class=\"screen-reader-text\">Mary&#038;May Vegan Blackberry Complex Cream Essence, 140 ml &#8211; Rozja\u015bniaj\u0105co-nawil\u017caj\u0105ca esencja do twarzy<\/span><\/a><\/p>\n","protected":false},"featured_media":598689,"comment_status":"open","ping_status":"closed","template":"","meta":{"_links_to":"","_links_to_target":""},"yoast_head":"<!-- This site is optimized with the Yoast SEO plugin v19.4 - https:\/\/yoast.com\/wordpress\/plugins\/seo\/ -->\n<title>Mary&amp;May Vegan Blackberry Complex Cream Essence, 140 ml - Rozja\u015bniaj\u0105co-nawil\u017caj\u0105ca esencja do twarzy - Selleetools.com<\/title>\n<meta name=\"robots\" content=\"index, follow, max-snippet:-1, max-image-preview:large, max-video-preview:-1\" \/>\n<link rel=\"canonical\" href=\"https:\/\/selleetools.com\/pl\/product\/marymay-vegan-blackberry-complex-cream-essence-140-ml-rozjasniajaco-nawilzajaca-esencja-do-twarzy\/\" \/>\n<meta property=\"og:locale\" content=\"pl_PL\" \/>\n<meta property=\"og:type\" content=\"article\" \/>\n<meta property=\"og:title\" content=\"Mary&amp;May Vegan Blackberry Complex Cream Essence, 140 ml - Rozja\u015bniaj\u0105co-nawil\u017caj\u0105ca esencja do twarzy - Selleetools.com\" \/>\n<meta property=\"og:description\" content=\"Mary&#038;May Vegan Blackberry Complex Cream Essence 140ml to zaawansowany kosmetyk piel\u0119gnacyjny, \u0142\u0105cz\u0105cy w\u0142a\u015bciwo\u015bci kremu i esencji. Formu\u0142a oparta jest na wega\u0144skim kompleksie z je\u017cyn, wzbogacona sk\u0142adnikami aktywnymi takimi jak niacynamid, kwas hialuronowy i witamina E. Kosmetyk przeznaczony jest do intensywnego nawil\u017cania, rozja\u015bniania i regeneracji sk\u00f3ry, dostarczaj\u0105c jej niezb\u0119dnych sk\u0142adnik\u00f3w od\u017cywczych. Korzy\u015bci dla sk\u00f3ry Nawil\u017cenie: Kwas ... Read moreMary&#038;May Vegan Blackberry Complex Cream Essence, 140 ml &#8211; Rozja\u015bniaj\u0105co-nawil\u017caj\u0105ca esencja do twarzy\" \/>\n<meta property=\"og:url\" content=\"https:\/\/selleetools.com\/pl\/product\/marymay-vegan-blackberry-complex-cream-essence-140-ml-rozjasniajaco-nawilzajaca-esencja-do-twarzy\/\" \/>\n<meta property=\"og:site_name\" content=\"Selleetools.com\" \/>\n<meta property=\"article:modified_time\" content=\"2025-12-26T15:47:58+00:00\" \/>\n<meta property=\"og:image\" content=\"https:\/\/selleetools.com\/wp-content\/uploads\/2025\/10\/e46e0b5b25a1784920cf95bb25253c43.jpg\" \/>\n\t<meta property=\"og:image:width\" content=\"1000\" \/>\n\t<meta property=\"og:image:height\" content=\"1000\" \/>\n\t<meta property=\"og:image:type\" content=\"image\/jpeg\" \/>\n<meta name=\"twitter:card\" content=\"summary_large_image\" \/>\n<meta name=\"twitter:label1\" content=\"Est. reading time\" \/>\n\t<meta name=\"twitter:data1\" content=\"1 minuta\" \/>\n<!-- \/ Yoast SEO plugin. -->","yoast_head_json":{"title":"Mary&May Vegan Blackberry Complex Cream Essence, 140 ml - Rozja\u015bniaj\u0105co-nawil\u017caj\u0105ca esencja do twarzy - Selleetools.com","robots":{"index":"index","follow":"follow","max-snippet":"max-snippet:-1","max-image-preview":"max-image-preview:large","max-video-preview":"max-video-preview:-1"},"canonical":"https:\/\/selleetools.com\/pl\/product\/marymay-vegan-blackberry-complex-cream-essence-140-ml-rozjasniajaco-nawilzajaca-esencja-do-twarzy\/","og_locale":"pl_PL","og_type":"article","og_title":"Mary&May Vegan Blackberry Complex Cream Essence, 140 ml - Rozja\u015bniaj\u0105co-nawil\u017caj\u0105ca esencja do twarzy - Selleetools.com","og_description":"Mary&#038;May Vegan Blackberry Complex Cream Essence 140ml to zaawansowany kosmetyk piel\u0119gnacyjny, \u0142\u0105cz\u0105cy w\u0142a\u015bciwo\u015bci kremu i esencji. Formu\u0142a oparta jest na wega\u0144skim kompleksie z je\u017cyn, wzbogacona sk\u0142adnikami aktywnymi takimi jak niacynamid, kwas hialuronowy i witamina E. Kosmetyk przeznaczony jest do intensywnego nawil\u017cania, rozja\u015bniania i regeneracji sk\u00f3ry, dostarczaj\u0105c jej niezb\u0119dnych sk\u0142adnik\u00f3w od\u017cywczych. Korzy\u015bci dla sk\u00f3ry Nawil\u017cenie: Kwas ... Read moreMary&#038;May Vegan Blackberry Complex Cream Essence, 140 ml &#8211; Rozja\u015bniaj\u0105co-nawil\u017caj\u0105ca esencja do twarzy","og_url":"https:\/\/selleetools.com\/pl\/product\/marymay-vegan-blackberry-complex-cream-essence-140-ml-rozjasniajaco-nawilzajaca-esencja-do-twarzy\/","og_site_name":"Selleetools.com","article_modified_time":"2025-12-26T15:47:58+00:00","og_image":[{"width":1000,"height":1000,"url":"https:\/\/selleetools.com\/wp-content\/uploads\/2025\/10\/e46e0b5b25a1784920cf95bb25253c43.jpg","type":"image\/jpeg"}],"twitter_card":"summary_large_image","twitter_misc":{"Est. reading time":"1 minuta"},"schema":{"@context":"https:\/\/schema.org","@graph":[{"@type":"Organization","@id":"https:\/\/selleetools.com\/#organization","name":"Selleetools","url":"https:\/\/selleetools.com\/","sameAs":[],"logo":{"@type":"ImageObject","inLanguage":"pl-PL","@id":"https:\/\/selleetools.com\/#\/schema\/logo\/image\/","url":"https:\/\/selleetools.com\/wp-content\/uploads\/2021\/10\/logo-dark.png","contentUrl":"https:\/\/selleetools.com\/wp-content\/uploads\/2021\/10\/logo-dark.png","width":320,"height":76,"caption":"Selleetools"},"image":{"@id":"https:\/\/selleetools.com\/#\/schema\/logo\/image\/"}},{"@type":"WebSite","@id":"https:\/\/selleetools.com\/#website","url":"https:\/\/selleetools.com\/","name":"Selleetools.com","description":"","publisher":{"@id":"https:\/\/selleetools.com\/#organization"},"potentialAction":[{"@type":"SearchAction","target":{"@type":"EntryPoint","urlTemplate":"https:\/\/selleetools.com\/?s={search_term_string}"},"query-input":"required name=search_term_string"}],"inLanguage":"pl-PL"},{"@type":"WebPage","@id":"https:\/\/selleetools.com\/pl\/product\/marymay-vegan-blackberry-complex-cream-essence-140-ml-rozjasniajaco-nawilzajaca-esencja-do-twarzy\/","url":"https:\/\/selleetools.com\/pl\/product\/marymay-vegan-blackberry-complex-cream-essence-140-ml-rozjasniajaco-nawilzajaca-esencja-do-twarzy\/","name":"Mary&May Vegan Blackberry Complex Cream Essence, 140 ml - Rozja\u015bniaj\u0105co-nawil\u017caj\u0105ca esencja do twarzy - Selleetools.com","isPartOf":{"@id":"https:\/\/selleetools.com\/#website"},"datePublished":"2025-10-22T06:56:42+00:00","dateModified":"2025-12-26T15:47:58+00:00","breadcrumb":{"@id":"https:\/\/selleetools.com\/pl\/product\/marymay-vegan-blackberry-complex-cream-essence-140-ml-rozjasniajaco-nawilzajaca-esencja-do-twarzy\/#breadcrumb"},"inLanguage":"pl-PL","potentialAction":[{"@type":"ReadAction","target":["https:\/\/selleetools.com\/pl\/product\/marymay-vegan-blackberry-complex-cream-essence-140-ml-rozjasniajaco-nawilzajaca-esencja-do-twarzy\/"]}]},{"@type":"BreadcrumbList","@id":"https:\/\/selleetools.com\/pl\/product\/marymay-vegan-blackberry-complex-cream-essence-140-ml-rozjasniajaco-nawilzajaca-esencja-do-twarzy\/#breadcrumb","itemListElement":[{"@type":"ListItem","position":1,"name":"Home","item":"https:\/\/selleetools.com\/pl\/"},{"@type":"ListItem","position":2,"name":"Katalog","item":"https:\/\/selleetools.com\/pl\/katalog\/"},{"@type":"ListItem","position":3,"name":"Mary&#038;May Vegan Blackberry Complex Cream Essence, 140 ml &#8211; Rozja\u015bniaj\u0105co-nawil\u017caj\u0105ca esencja do twarzy"}]}]}},"_links":{"self":[{"href":"https:\/\/admincentral.selleetools.com\/pl\/wp-json\/wp\/v2\/product\/598691"}],"collection":[{"href":"https:\/\/admincentral.selleetools.com\/pl\/wp-json\/wp\/v2\/product"}],"about":[{"href":"https:\/\/admincentral.selleetools.com\/pl\/wp-json\/wp\/v2\/types\/product"}],"replies":[{"embeddable":true,"href":"https:\/\/admincentral.selleetools.com\/pl\/wp-json\/wp\/v2\/comments?post=598691"}],"wp:featuredmedia":[{"embeddable":true,"href":"https:\/\/admincentral.selleetools.com\/pl\/wp-json\/wp\/v2\/media\/598689"}],"wp:attachment":[{"href":"https:\/\/admincentral.selleetools.com\/pl\/wp-json\/wp\/v2\/media?parent=598691"}],"curies":[{"name":"wp","href":"https:\/\/api.w.org\/{rel}","templated":true}]}}