{"id":598713,"date":"2025-10-22T08:57:04","date_gmt":"2025-10-22T06:57:04","guid":{"rendered":"https:\/\/selleetools.com\/?post_type=product&#038;p=598713"},"modified":"2025-10-23T13:22:36","modified_gmt":"2025-10-23T11:22:36","slug":"marymay-cica-soothing-sun-cream-spf50-pa-50-ml-lagodzacy-krem-ochronny","status":"publish","type":"product","link":"https:\/\/admincentral.selleetools.com\/pl\/product\/marymay-cica-soothing-sun-cream-spf50-pa-50-ml-lagodzacy-krem-ochronny\/","title":{"rendered":"Mary&#038;May CICA Soothing Sun Cream SPF50+ PA++++ 50 ml &#8211; \u0141agodz\u0105cy krem ochronny"},"content":{"rendered":"<p>Mary&#038;May CICA Soothing Sun Cream to \u0142agodz\u0105cy krem przeciws\u0142oneczny, kt\u00f3ry zapewnia wysok\u0105 ochron\u0119 przed promieniowaniem UVA i UVB dzi\u0119ki filtrom SPF50+ PA++++. Formu\u0142a kremu jest wzbogacona o ekstrakt z w\u0105kroty azjatyckiej (Cica) oraz inne sk\u0142adniki koj\u0105ce, takie jak aloes i pantenol, kt\u00f3re pomagaj\u0105 \u0142agodzi\u0107 podra\u017cnienia, nawil\u017caj\u0105 i chroni\u0105 sk\u00f3r\u0119 przed czynnikami zewn\u0119trznymi.<\/p>\n<p>Korzy\u015bci dla sk\u00f3ry<br \/>\nWysoka ochrona przeciws\u0142oneczna: Skutecznie chroni sk\u00f3r\u0119 przed szkodliwym dzia\u0142aniem promieniowania UV, zapobiegaj\u0105c poparzeniom s\u0142onecznym i fotostarzeniu.<br \/>\n\u0141agodzenie podra\u017cnie\u0144: Ekstrakt z w\u0105kroty azjatyckiej oraz aloes dzia\u0142aj\u0105 koj\u0105co, redukuj\u0105c zaczerwienienia i stany zapalne.<br \/>\nNawil\u017cenie i od\u017cywienie: Pantenol i inne sk\u0142adniki nawil\u017caj\u0105ce zapewniaj\u0105 sk\u00f3rze d\u0142ugotrwa\u0142e nawil\u017cenie i wspieraj\u0105 jej regeneracj\u0119.<\/p>\n<p>Spos\u00f3b u\u017cycia<br \/>\nOczyszczenie: Na\u0142\u00f3\u017c krem na dobrze oczyszczon\u0105 i osuszon\u0105 sk\u00f3r\u0119 twarzy.<br \/>\nAplikacja: Rozprowad\u017a r\u00f3wnomiernie odpowiedni\u0105 ilo\u015b\u0107 kremu na twarzy, szyi oraz innych ods\u0142oni\u0119tych partiach cia\u0142a.<br \/>\nCz\u0119stotliwo\u015b\u0107: Stosuj codziennie jako ostatni krok w porannej rutynie piel\u0119gnacyjnej. Aplikacj\u0119 powtarzaj co 2-3 godziny podczas d\u0142u\u017cszego przebywania na s\u0142o\u0144cu.<\/p>\n","protected":false},"excerpt":{"rendered":"<p>Mary&#038;May CICA Soothing Sun Cream to \u0142agodz\u0105cy krem przeciws\u0142oneczny, kt\u00f3ry zapewnia wysok\u0105 ochron\u0119 przed promieniowaniem UVA i UVB dzi\u0119ki filtrom SPF50+ PA++++. Formu\u0142a kremu jest wzbogacona o ekstrakt z w\u0105kroty azjatyckiej (Cica) oraz inne sk\u0142adniki koj\u0105ce, takie jak aloes i pantenol, kt\u00f3re pomagaj\u0105 \u0142agodzi\u0107 podra\u017cnienia, nawil\u017caj\u0105 i chroni\u0105 sk\u00f3r\u0119 przed czynnikami zewn\u0119trznymi. Korzy\u015bci dla sk\u00f3ry &#8230; <a title=\"Mary&#038;May CICA Soothing Sun Cream SPF50+ PA++++ 50 ml &#8211; \u0141agodz\u0105cy krem ochronny\" class=\"read-more\" href=\"https:\/\/admincentral.selleetools.com\/pl\/product\/marymay-cica-soothing-sun-cream-spf50-pa-50-ml-lagodzacy-krem-ochronny\/\">Read more<span class=\"screen-reader-text\">Mary&#038;May CICA Soothing Sun Cream SPF50+ PA++++ 50 ml &#8211; \u0141agodz\u0105cy krem ochronny<\/span><\/a><\/p>\n","protected":false},"featured_media":598711,"comment_status":"open","ping_status":"closed","template":"","meta":{"_links_to":"","_links_to_target":""},"yoast_head":"<!-- This site is optimized with the Yoast SEO plugin v19.4 - https:\/\/yoast.com\/wordpress\/plugins\/seo\/ -->\n<title>Mary&amp;May CICA Soothing Sun Cream SPF50+ PA++++ 50 ml - \u0141agodz\u0105cy krem ochronny - Selleetools.com<\/title>\n<meta name=\"robots\" content=\"index, follow, max-snippet:-1, max-image-preview:large, max-video-preview:-1\" \/>\n<link rel=\"canonical\" href=\"https:\/\/admincentral.selleetools.com\/pl\/product\/marymay-cica-soothing-sun-cream-spf50-pa-50-ml-lagodzacy-krem-ochronny\/\" \/>\n<meta property=\"og:locale\" content=\"pl_PL\" \/>\n<meta property=\"og:type\" content=\"article\" \/>\n<meta property=\"og:title\" content=\"Mary&amp;May CICA Soothing Sun Cream SPF50+ PA++++ 50 ml - \u0141agodz\u0105cy krem ochronny - Selleetools.com\" \/>\n<meta property=\"og:description\" content=\"Mary&#038;May CICA Soothing Sun Cream to \u0142agodz\u0105cy krem przeciws\u0142oneczny, kt\u00f3ry zapewnia wysok\u0105 ochron\u0119 przed promieniowaniem UVA i UVB dzi\u0119ki filtrom SPF50+ PA++++. Formu\u0142a kremu jest wzbogacona o ekstrakt z w\u0105kroty azjatyckiej (Cica) oraz inne sk\u0142adniki koj\u0105ce, takie jak aloes i pantenol, kt\u00f3re pomagaj\u0105 \u0142agodzi\u0107 podra\u017cnienia, nawil\u017caj\u0105 i chroni\u0105 sk\u00f3r\u0119 przed czynnikami zewn\u0119trznymi. Korzy\u015bci dla sk\u00f3ry ... Read moreMary&#038;May CICA Soothing Sun Cream SPF50+ PA++++ 50 ml &#8211; \u0141agodz\u0105cy krem ochronny\" \/>\n<meta property=\"og:url\" content=\"https:\/\/admincentral.selleetools.com\/pl\/product\/marymay-cica-soothing-sun-cream-spf50-pa-50-ml-lagodzacy-krem-ochronny\/\" \/>\n<meta property=\"og:site_name\" content=\"Selleetools.com\" \/>\n<meta property=\"article:modified_time\" content=\"2025-10-23T11:22:36+00:00\" \/>\n<meta property=\"og:image\" content=\"https:\/\/selleetools.com\/wp-content\/uploads\/2025\/10\/5ac444be7dd587cca3280afdcaf1d159.png\" \/>\n\t<meta property=\"og:image:width\" content=\"1200\" \/>\n\t<meta property=\"og:image:height\" content=\"1200\" \/>\n\t<meta property=\"og:image:type\" content=\"image\/png\" \/>\n<meta name=\"twitter:card\" content=\"summary_large_image\" \/>\n<meta name=\"twitter:label1\" content=\"Est. reading time\" \/>\n\t<meta name=\"twitter:data1\" content=\"1 minuta\" \/>\n<!-- \/ Yoast SEO plugin. -->","yoast_head_json":{"title":"Mary&May CICA Soothing Sun Cream SPF50+ PA++++ 50 ml - \u0141agodz\u0105cy krem ochronny - Selleetools.com","robots":{"index":"index","follow":"follow","max-snippet":"max-snippet:-1","max-image-preview":"max-image-preview:large","max-video-preview":"max-video-preview:-1"},"canonical":"https:\/\/admincentral.selleetools.com\/pl\/product\/marymay-cica-soothing-sun-cream-spf50-pa-50-ml-lagodzacy-krem-ochronny\/","og_locale":"pl_PL","og_type":"article","og_title":"Mary&May CICA Soothing Sun Cream SPF50+ PA++++ 50 ml - \u0141agodz\u0105cy krem ochronny - Selleetools.com","og_description":"Mary&#038;May CICA Soothing Sun Cream to \u0142agodz\u0105cy krem przeciws\u0142oneczny, kt\u00f3ry zapewnia wysok\u0105 ochron\u0119 przed promieniowaniem UVA i UVB dzi\u0119ki filtrom SPF50+ PA++++. Formu\u0142a kremu jest wzbogacona o ekstrakt z w\u0105kroty azjatyckiej (Cica) oraz inne sk\u0142adniki koj\u0105ce, takie jak aloes i pantenol, kt\u00f3re pomagaj\u0105 \u0142agodzi\u0107 podra\u017cnienia, nawil\u017caj\u0105 i chroni\u0105 sk\u00f3r\u0119 przed czynnikami zewn\u0119trznymi. Korzy\u015bci dla sk\u00f3ry ... Read moreMary&#038;May CICA Soothing Sun Cream SPF50+ PA++++ 50 ml &#8211; \u0141agodz\u0105cy krem ochronny","og_url":"https:\/\/admincentral.selleetools.com\/pl\/product\/marymay-cica-soothing-sun-cream-spf50-pa-50-ml-lagodzacy-krem-ochronny\/","og_site_name":"Selleetools.com","article_modified_time":"2025-10-23T11:22:36+00:00","og_image":[{"width":1200,"height":1200,"url":"https:\/\/selleetools.com\/wp-content\/uploads\/2025\/10\/5ac444be7dd587cca3280afdcaf1d159.png","type":"image\/png"}],"twitter_card":"summary_large_image","twitter_misc":{"Est. reading time":"1 minuta"},"schema":{"@context":"https:\/\/schema.org","@graph":[{"@type":"Organization","@id":"https:\/\/selleetools.com\/#organization","name":"Selleetools","url":"https:\/\/selleetools.com\/","sameAs":[],"logo":{"@type":"ImageObject","inLanguage":"pl-PL","@id":"https:\/\/selleetools.com\/#\/schema\/logo\/image\/","url":"https:\/\/selleetools.com\/wp-content\/uploads\/2021\/10\/logo-dark.png","contentUrl":"https:\/\/selleetools.com\/wp-content\/uploads\/2021\/10\/logo-dark.png","width":320,"height":76,"caption":"Selleetools"},"image":{"@id":"https:\/\/selleetools.com\/#\/schema\/logo\/image\/"}},{"@type":"WebSite","@id":"https:\/\/selleetools.com\/#website","url":"https:\/\/selleetools.com\/","name":"Selleetools.com","description":"","publisher":{"@id":"https:\/\/selleetools.com\/#organization"},"potentialAction":[{"@type":"SearchAction","target":{"@type":"EntryPoint","urlTemplate":"https:\/\/selleetools.com\/?s={search_term_string}"},"query-input":"required name=search_term_string"}],"inLanguage":"pl-PL"},{"@type":"WebPage","@id":"https:\/\/admincentral.selleetools.com\/pl\/product\/marymay-cica-soothing-sun-cream-spf50-pa-50-ml-lagodzacy-krem-ochronny\/","url":"https:\/\/admincentral.selleetools.com\/pl\/product\/marymay-cica-soothing-sun-cream-spf50-pa-50-ml-lagodzacy-krem-ochronny\/","name":"Mary&May CICA Soothing Sun Cream SPF50+ PA++++ 50 ml - \u0141agodz\u0105cy krem ochronny - Selleetools.com","isPartOf":{"@id":"https:\/\/selleetools.com\/#website"},"datePublished":"2025-10-22T06:57:04+00:00","dateModified":"2025-10-23T11:22:36+00:00","breadcrumb":{"@id":"https:\/\/admincentral.selleetools.com\/pl\/product\/marymay-cica-soothing-sun-cream-spf50-pa-50-ml-lagodzacy-krem-ochronny\/#breadcrumb"},"inLanguage":"pl-PL","potentialAction":[{"@type":"ReadAction","target":["https:\/\/admincentral.selleetools.com\/pl\/product\/marymay-cica-soothing-sun-cream-spf50-pa-50-ml-lagodzacy-krem-ochronny\/"]}]},{"@type":"BreadcrumbList","@id":"https:\/\/admincentral.selleetools.com\/pl\/product\/marymay-cica-soothing-sun-cream-spf50-pa-50-ml-lagodzacy-krem-ochronny\/#breadcrumb","itemListElement":[{"@type":"ListItem","position":1,"name":"Home","item":"https:\/\/selleetools.com\/pl\/"},{"@type":"ListItem","position":2,"name":"Katalog","item":"https:\/\/selleetools.com\/pl\/katalog\/"},{"@type":"ListItem","position":3,"name":"Mary&#038;May CICA Soothing Sun Cream SPF50+ PA++++ 50 ml &#8211; \u0141agodz\u0105cy krem ochronny"}]}]}},"_links":{"self":[{"href":"https:\/\/admincentral.selleetools.com\/pl\/wp-json\/wp\/v2\/product\/598713"}],"collection":[{"href":"https:\/\/admincentral.selleetools.com\/pl\/wp-json\/wp\/v2\/product"}],"about":[{"href":"https:\/\/admincentral.selleetools.com\/pl\/wp-json\/wp\/v2\/types\/product"}],"replies":[{"embeddable":true,"href":"https:\/\/admincentral.selleetools.com\/pl\/wp-json\/wp\/v2\/comments?post=598713"}],"wp:featuredmedia":[{"embeddable":true,"href":"https:\/\/admincentral.selleetools.com\/pl\/wp-json\/wp\/v2\/media\/598711"}],"wp:attachment":[{"href":"https:\/\/admincentral.selleetools.com\/pl\/wp-json\/wp\/v2\/media?parent=598713"}],"curies":[{"name":"wp","href":"https:\/\/api.w.org\/{rel}","templated":true}]}}