{"id":598726,"date":"2025-10-22T08:57:16","date_gmt":"2025-10-22T06:57:16","guid":{"rendered":"https:\/\/selleetools.com\/?post_type=product&#038;p=598726"},"modified":"2025-11-04T20:05:59","modified_gmt":"2025-11-04T19:05:59","slug":"cosrx-refresh-aha-bha-vitamin-c-booster-serum-30-ml-rozjasniajace-serum-do-twarzy","status":"publish","type":"product","link":"https:\/\/admincentral.selleetools.com\/pl\/product\/cosrx-refresh-aha-bha-vitamin-c-booster-serum-30-ml-rozjasniajace-serum-do-twarzy\/","title":{"rendered":"COSRX Refresh AHA BHA Vitamin C Booster Serum 30 ml &#8211; Rozja\u015bniaj\u0105ce serum do twarzy"},"content":{"rendered":"<p>COSRX Refresh AHA BHA Vitamin C Booster Serum to zaawansowane serum, kt\u00f3re \u0142\u0105czy eksfoliacyjne w\u0142a\u015bciwo\u015bci kwas\u00f3w AHA i BHA z rozja\u015bniaj\u0105cym dzia\u0142aniem witaminy C. Serum skutecznie usuwa martwe kom\u00f3rki nask\u00f3rka, redukuje niedoskona\u0142o\u015bci oraz rozja\u015bnia przebarwienia, zapewniaj\u0105c sk\u00f3rze promienny i zdrowy wygl\u0105d.<\/p>\n<p>Korzy\u015bci dla sk\u00f3ry<br \/>\nRozja\u015bnienie: Poprawia blask i wyr\u00f3wnuje koloryt sk\u00f3ry.<br \/>\nEksfoliacja: Usuwa martwe kom\u00f3rki nask\u00f3rka, oczyszczaj\u0105c pory i redukuj\u0105c niedoskona\u0142o\u015bci.<br \/>\nRegeneracja: Wspomaga regeneracj\u0119 sk\u00f3ry, nadaj\u0105c jej g\u0142adko\u015b\u0107 i \u015bwie\u017co\u015b\u0107.<\/p>\n<p>Spos\u00f3b u\u017cycia<br \/>\nNa\u0142\u00f3\u017c kilka kropli serum na oczyszczon\u0105 i stonizowan\u0105 sk\u00f3r\u0119 twarzy, omijaj\u0105c okolice oczu. Delikatnie wklep produkt, aby lepiej si\u0119 wch\u0142on\u0105\u0142. Stosuj codziennie rano i wieczorem przed na\u0142o\u017ceniem kremu nawil\u017caj\u0105cego.<\/p>\n","protected":false},"excerpt":{"rendered":"<p>COSRX Refresh AHA BHA Vitamin C Booster Serum to zaawansowane serum, kt\u00f3re \u0142\u0105czy eksfoliacyjne w\u0142a\u015bciwo\u015bci kwas\u00f3w AHA i BHA z rozja\u015bniaj\u0105cym dzia\u0142aniem witaminy C. Serum skutecznie usuwa martwe kom\u00f3rki nask\u00f3rka, redukuje niedoskona\u0142o\u015bci oraz rozja\u015bnia przebarwienia, zapewniaj\u0105c sk\u00f3rze promienny i zdrowy wygl\u0105d. Korzy\u015bci dla sk\u00f3ry Rozja\u015bnienie: Poprawia blask i wyr\u00f3wnuje koloryt sk\u00f3ry. Eksfoliacja: Usuwa martwe kom\u00f3rki &#8230; <a title=\"COSRX Refresh AHA BHA Vitamin C Booster Serum 30 ml &#8211; Rozja\u015bniaj\u0105ce serum do twarzy\" class=\"read-more\" href=\"https:\/\/admincentral.selleetools.com\/pl\/product\/cosrx-refresh-aha-bha-vitamin-c-booster-serum-30-ml-rozjasniajace-serum-do-twarzy\/\">Read more<span class=\"screen-reader-text\">COSRX Refresh AHA BHA Vitamin C Booster Serum 30 ml &#8211; Rozja\u015bniaj\u0105ce serum do twarzy<\/span><\/a><\/p>\n","protected":false},"featured_media":598720,"comment_status":"open","ping_status":"closed","template":"","meta":{"_links_to":"","_links_to_target":""},"yoast_head":"<!-- This site is optimized with the Yoast SEO plugin v19.4 - https:\/\/yoast.com\/wordpress\/plugins\/seo\/ -->\n<title>COSRX Refresh AHA BHA Vitamin C Booster Serum 30 ml - Rozja\u015bniaj\u0105ce serum do twarzy - Selleetools.com<\/title>\n<meta name=\"robots\" content=\"index, follow, max-snippet:-1, max-image-preview:large, max-video-preview:-1\" \/>\n<link rel=\"canonical\" href=\"https:\/\/selleetools.com\/pl\/product\/cosrx-refresh-aha-bha-vitamin-c-booster-serum-30-ml-rozjasniajace-serum-do-twarzy\/\" \/>\n<meta property=\"og:locale\" content=\"pl_PL\" \/>\n<meta property=\"og:type\" content=\"article\" \/>\n<meta property=\"og:title\" content=\"COSRX Refresh AHA BHA Vitamin C Booster Serum 30 ml - Rozja\u015bniaj\u0105ce serum do twarzy - Selleetools.com\" \/>\n<meta property=\"og:description\" content=\"COSRX Refresh AHA BHA Vitamin C Booster Serum to zaawansowane serum, kt\u00f3re \u0142\u0105czy eksfoliacyjne w\u0142a\u015bciwo\u015bci kwas\u00f3w AHA i BHA z rozja\u015bniaj\u0105cym dzia\u0142aniem witaminy C. Serum skutecznie usuwa martwe kom\u00f3rki nask\u00f3rka, redukuje niedoskona\u0142o\u015bci oraz rozja\u015bnia przebarwienia, zapewniaj\u0105c sk\u00f3rze promienny i zdrowy wygl\u0105d. Korzy\u015bci dla sk\u00f3ry Rozja\u015bnienie: Poprawia blask i wyr\u00f3wnuje koloryt sk\u00f3ry. Eksfoliacja: Usuwa martwe kom\u00f3rki ... Read moreCOSRX Refresh AHA BHA Vitamin C Booster Serum 30 ml &#8211; Rozja\u015bniaj\u0105ce serum do twarzy\" \/>\n<meta property=\"og:url\" content=\"https:\/\/selleetools.com\/pl\/product\/cosrx-refresh-aha-bha-vitamin-c-booster-serum-30-ml-rozjasniajace-serum-do-twarzy\/\" \/>\n<meta property=\"og:site_name\" content=\"Selleetools.com\" \/>\n<meta property=\"article:modified_time\" content=\"2025-11-04T19:05:59+00:00\" \/>\n<meta property=\"og:image\" content=\"https:\/\/selleetools.com\/wp-content\/uploads\/2025\/10\/23c1bdfedf8b048e77d1fdc68e524f64.jpg\" \/>\n\t<meta property=\"og:image:width\" content=\"1200\" \/>\n\t<meta property=\"og:image:height\" content=\"1200\" \/>\n\t<meta property=\"og:image:type\" content=\"image\/jpeg\" \/>\n<meta name=\"twitter:card\" content=\"summary_large_image\" \/>\n<meta name=\"twitter:label1\" content=\"Est. reading time\" \/>\n\t<meta name=\"twitter:data1\" content=\"1 minuta\" \/>\n<!-- \/ Yoast SEO plugin. -->","yoast_head_json":{"title":"COSRX Refresh AHA BHA Vitamin C Booster Serum 30 ml - Rozja\u015bniaj\u0105ce serum do twarzy - Selleetools.com","robots":{"index":"index","follow":"follow","max-snippet":"max-snippet:-1","max-image-preview":"max-image-preview:large","max-video-preview":"max-video-preview:-1"},"canonical":"https:\/\/selleetools.com\/pl\/product\/cosrx-refresh-aha-bha-vitamin-c-booster-serum-30-ml-rozjasniajace-serum-do-twarzy\/","og_locale":"pl_PL","og_type":"article","og_title":"COSRX Refresh AHA BHA Vitamin C Booster Serum 30 ml - Rozja\u015bniaj\u0105ce serum do twarzy - Selleetools.com","og_description":"COSRX Refresh AHA BHA Vitamin C Booster Serum to zaawansowane serum, kt\u00f3re \u0142\u0105czy eksfoliacyjne w\u0142a\u015bciwo\u015bci kwas\u00f3w AHA i BHA z rozja\u015bniaj\u0105cym dzia\u0142aniem witaminy C. Serum skutecznie usuwa martwe kom\u00f3rki nask\u00f3rka, redukuje niedoskona\u0142o\u015bci oraz rozja\u015bnia przebarwienia, zapewniaj\u0105c sk\u00f3rze promienny i zdrowy wygl\u0105d. Korzy\u015bci dla sk\u00f3ry Rozja\u015bnienie: Poprawia blask i wyr\u00f3wnuje koloryt sk\u00f3ry. Eksfoliacja: Usuwa martwe kom\u00f3rki ... Read moreCOSRX Refresh AHA BHA Vitamin C Booster Serum 30 ml &#8211; Rozja\u015bniaj\u0105ce serum do twarzy","og_url":"https:\/\/selleetools.com\/pl\/product\/cosrx-refresh-aha-bha-vitamin-c-booster-serum-30-ml-rozjasniajace-serum-do-twarzy\/","og_site_name":"Selleetools.com","article_modified_time":"2025-11-04T19:05:59+00:00","og_image":[{"width":1200,"height":1200,"url":"https:\/\/selleetools.com\/wp-content\/uploads\/2025\/10\/23c1bdfedf8b048e77d1fdc68e524f64.jpg","type":"image\/jpeg"}],"twitter_card":"summary_large_image","twitter_misc":{"Est. reading time":"1 minuta"},"schema":{"@context":"https:\/\/schema.org","@graph":[{"@type":"Organization","@id":"https:\/\/selleetools.com\/#organization","name":"Selleetools","url":"https:\/\/selleetools.com\/","sameAs":[],"logo":{"@type":"ImageObject","inLanguage":"pl-PL","@id":"https:\/\/selleetools.com\/#\/schema\/logo\/image\/","url":"https:\/\/selleetools.com\/wp-content\/uploads\/2021\/10\/logo-dark.png","contentUrl":"https:\/\/selleetools.com\/wp-content\/uploads\/2021\/10\/logo-dark.png","width":320,"height":76,"caption":"Selleetools"},"image":{"@id":"https:\/\/selleetools.com\/#\/schema\/logo\/image\/"}},{"@type":"WebSite","@id":"https:\/\/selleetools.com\/#website","url":"https:\/\/selleetools.com\/","name":"Selleetools.com","description":"","publisher":{"@id":"https:\/\/selleetools.com\/#organization"},"potentialAction":[{"@type":"SearchAction","target":{"@type":"EntryPoint","urlTemplate":"https:\/\/selleetools.com\/?s={search_term_string}"},"query-input":"required name=search_term_string"}],"inLanguage":"pl-PL"},{"@type":"WebPage","@id":"https:\/\/selleetools.com\/pl\/product\/cosrx-refresh-aha-bha-vitamin-c-booster-serum-30-ml-rozjasniajace-serum-do-twarzy\/","url":"https:\/\/selleetools.com\/pl\/product\/cosrx-refresh-aha-bha-vitamin-c-booster-serum-30-ml-rozjasniajace-serum-do-twarzy\/","name":"COSRX Refresh AHA BHA Vitamin C Booster Serum 30 ml - Rozja\u015bniaj\u0105ce serum do twarzy - Selleetools.com","isPartOf":{"@id":"https:\/\/selleetools.com\/#website"},"datePublished":"2025-10-22T06:57:16+00:00","dateModified":"2025-11-04T19:05:59+00:00","breadcrumb":{"@id":"https:\/\/selleetools.com\/pl\/product\/cosrx-refresh-aha-bha-vitamin-c-booster-serum-30-ml-rozjasniajace-serum-do-twarzy\/#breadcrumb"},"inLanguage":"pl-PL","potentialAction":[{"@type":"ReadAction","target":["https:\/\/selleetools.com\/pl\/product\/cosrx-refresh-aha-bha-vitamin-c-booster-serum-30-ml-rozjasniajace-serum-do-twarzy\/"]}]},{"@type":"BreadcrumbList","@id":"https:\/\/selleetools.com\/pl\/product\/cosrx-refresh-aha-bha-vitamin-c-booster-serum-30-ml-rozjasniajace-serum-do-twarzy\/#breadcrumb","itemListElement":[{"@type":"ListItem","position":1,"name":"Home","item":"https:\/\/selleetools.com\/pl\/"},{"@type":"ListItem","position":2,"name":"Katalog","item":"https:\/\/selleetools.com\/pl\/katalog\/"},{"@type":"ListItem","position":3,"name":"COSRX Refresh AHA BHA Vitamin C Booster Serum 30 ml &#8211; Rozja\u015bniaj\u0105ce serum do twarzy"}]}]}},"_links":{"self":[{"href":"https:\/\/admincentral.selleetools.com\/pl\/wp-json\/wp\/v2\/product\/598726"}],"collection":[{"href":"https:\/\/admincentral.selleetools.com\/pl\/wp-json\/wp\/v2\/product"}],"about":[{"href":"https:\/\/admincentral.selleetools.com\/pl\/wp-json\/wp\/v2\/types\/product"}],"replies":[{"embeddable":true,"href":"https:\/\/admincentral.selleetools.com\/pl\/wp-json\/wp\/v2\/comments?post=598726"}],"wp:featuredmedia":[{"embeddable":true,"href":"https:\/\/admincentral.selleetools.com\/pl\/wp-json\/wp\/v2\/media\/598720"}],"wp:attachment":[{"href":"https:\/\/admincentral.selleetools.com\/pl\/wp-json\/wp\/v2\/media?parent=598726"}],"curies":[{"name":"wp","href":"https:\/\/api.w.org\/{rel}","templated":true}]}}