{"id":598768,"date":"2025-10-22T08:57:55","date_gmt":"2025-10-22T06:57:55","guid":{"rendered":"https:\/\/selleetools.com\/?post_type=product&#038;p=598768"},"modified":"2025-10-30T16:27:15","modified_gmt":"2025-10-30T15:27:15","slug":"romnd-better-than-palette-07-berry-fuchsia-garden-7-4-g-paleta-cieni-do-powiek","status":"publish","type":"product","link":"https:\/\/admincentral.selleetools.com\/pl\/product\/romnd-better-than-palette-07-berry-fuchsia-garden-7-4-g-paleta-cieni-do-powiek\/","title":{"rendered":"rom&#038;nd Better Than Palette 07 Berry Fuchsia Garden 7.4 g &#8211; Paleta cieni do powiek"},"content":{"rendered":"<p>Rom&#038;nd Better Than Palette 07 Berry Fuchsia Garden to wszechstronna paleta cieni do powiek zaprojektowana, aby wzbogaci\u0107 makija\u017c oczu osza\u0142amiaj\u0105c\u0105 gam\u0105 odcieni jagodowych i fuksji. Ta paleta zawiera mieszank\u0119 bogatych, \u017cywych odcieni, kt\u00f3re bez wysi\u0142ku przechodz\u0105 z dziennego do wieczorowego makija\u017cu. Jej drobno zmielona formu\u0142a zapewnia g\u0142adk\u0105 aplikacj\u0119 i d\u0142ugotrwa\u0142e noszenie.<\/p>\n<p>Korzy\u015bci dla sk\u00f3ry:<br \/>\nWysoka jako\u015b\u0107 pigment\u00f3w: Ka\u017cdy cie\u0144 w palecie ma intensywny kolor, kt\u00f3ry utrzymuje si\u0119 przez wiele godzin bez potrzeby poprawek.<br \/>\nG\u0142adka aplikacja: Formu\u0142a cieni jest delikatna i jedwabista, co umo\u017cliwia \u0142atwe blendowanie i aplikacj\u0119.<br \/>\nNie podra\u017cnia: Paleta jest opracowana z my\u015bl\u0105 o delikatnej sk\u00f3rze powiek, nie powoduj\u0105c podra\u017cnie\u0144.<\/p>\n<p>Spos\u00f3b u\u017cycia:<br \/>\nPrzygotowanie powieki: Na\u0142\u00f3\u017c baz\u0119 pod cienie, aby zapewni\u0107 d\u0142ugotrwa\u0142y efekt i intensywno\u015b\u0107 kolor\u00f3w.<br \/>\nAplikacja cieni: U\u017cyj p\u0119dzelka do cieni, aby na\u0142o\u017cy\u0107 wybrany kolor na powiek\u0119. Mo\u017cesz stosowa\u0107 jeden odcie\u0144 lub \u0142\u0105czy\u0107 kilka, aby uzyska\u0107 g\u0142\u0119bszy efekt.<br \/>\nBlendowanie: U\u017cyj czystego p\u0119dzelka do blendowania, aby wyg\u0142adzi\u0107 kraw\u0119dzie cienia i stworzy\u0107 p\u0142ynne przej\u015bcia mi\u0119dzy kolorami.<br \/>\nUtrwalenie: Na koniec mo\u017cesz u\u017cy\u0107 utrwalacza makija\u017cu, aby zapewni\u0107, \u017ce cienie pozostan\u0105 na miejscu przez ca\u0142y dzie\u0144.<\/p>\n","protected":false},"excerpt":{"rendered":"<p>Rom&#038;nd Better Than Palette 07 Berry Fuchsia Garden to wszechstronna paleta cieni do powiek zaprojektowana, aby wzbogaci\u0107 makija\u017c oczu osza\u0142amiaj\u0105c\u0105 gam\u0105 odcieni jagodowych i fuksji. Ta paleta zawiera mieszank\u0119 bogatych, \u017cywych odcieni, kt\u00f3re bez wysi\u0142ku przechodz\u0105 z dziennego do wieczorowego makija\u017cu. Jej drobno zmielona formu\u0142a zapewnia g\u0142adk\u0105 aplikacj\u0119 i d\u0142ugotrwa\u0142e noszenie. Korzy\u015bci dla sk\u00f3ry: Wysoka &#8230; <a title=\"rom&#038;nd Better Than Palette 07 Berry Fuchsia Garden 7.4 g &#8211; Paleta cieni do powiek\" class=\"read-more\" href=\"https:\/\/admincentral.selleetools.com\/pl\/product\/romnd-better-than-palette-07-berry-fuchsia-garden-7-4-g-paleta-cieni-do-powiek\/\">Read more<span class=\"screen-reader-text\">rom&#038;nd Better Than Palette 07 Berry Fuchsia Garden 7.4 g &#8211; Paleta cieni do powiek<\/span><\/a><\/p>\n","protected":false},"featured_media":598766,"comment_status":"open","ping_status":"closed","template":"","meta":{"_links_to":"","_links_to_target":""},"yoast_head":"<!-- This site is optimized with the Yoast SEO plugin v19.4 - https:\/\/yoast.com\/wordpress\/plugins\/seo\/ -->\n<title>rom&amp;nd Better Than Palette 07 Berry Fuchsia Garden 7.4 g - Paleta cieni do powiek - Selleetools.com<\/title>\n<meta name=\"robots\" content=\"index, follow, max-snippet:-1, max-image-preview:large, max-video-preview:-1\" \/>\n<link rel=\"canonical\" href=\"https:\/\/selleetools.com\/product\/romnd-better-than-palette-07-berry-fuchsia-garden-7-4-g-paleta-cieni-do-powiek\/\" \/>\n<meta property=\"og:locale\" content=\"pl_PL\" \/>\n<meta property=\"og:type\" content=\"article\" \/>\n<meta property=\"og:title\" content=\"rom&amp;nd Better Than Palette 07 Berry Fuchsia Garden 7.4 g - Paleta cieni do powiek - Selleetools.com\" \/>\n<meta property=\"og:description\" content=\"Rom&#038;nd Better Than Palette 07 Berry Fuchsia Garden to wszechstronna paleta cieni do powiek zaprojektowana, aby wzbogaci\u0107 makija\u017c oczu osza\u0142amiaj\u0105c\u0105 gam\u0105 odcieni jagodowych i fuksji. Ta paleta zawiera mieszank\u0119 bogatych, \u017cywych odcieni, kt\u00f3re bez wysi\u0142ku przechodz\u0105 z dziennego do wieczorowego makija\u017cu. Jej drobno zmielona formu\u0142a zapewnia g\u0142adk\u0105 aplikacj\u0119 i d\u0142ugotrwa\u0142e noszenie. Korzy\u015bci dla sk\u00f3ry: Wysoka ... Read morerom&#038;nd Better Than Palette 07 Berry Fuchsia Garden 7.4 g &#8211; Paleta cieni do powiek\" \/>\n<meta property=\"og:url\" content=\"https:\/\/selleetools.com\/product\/romnd-better-than-palette-07-berry-fuchsia-garden-7-4-g-paleta-cieni-do-powiek\/\" \/>\n<meta property=\"og:site_name\" content=\"Selleetools.com\" \/>\n<meta property=\"article:modified_time\" content=\"2025-10-30T15:27:15+00:00\" \/>\n<meta property=\"og:image\" content=\"https:\/\/selleetools.com\/wp-content\/uploads\/2025\/10\/2fe58046fb42b1c5c26fa48c963d3d7b.jpg\" \/>\n\t<meta property=\"og:image:width\" content=\"1000\" \/>\n\t<meta property=\"og:image:height\" content=\"1000\" \/>\n\t<meta property=\"og:image:type\" content=\"image\/jpeg\" \/>\n<meta name=\"twitter:card\" content=\"summary_large_image\" \/>\n<meta name=\"twitter:label1\" content=\"Est. reading time\" \/>\n\t<meta name=\"twitter:data1\" content=\"1 minuta\" \/>\n<!-- \/ Yoast SEO plugin. -->","yoast_head_json":{"title":"rom&nd Better Than Palette 07 Berry Fuchsia Garden 7.4 g - Paleta cieni do powiek - Selleetools.com","robots":{"index":"index","follow":"follow","max-snippet":"max-snippet:-1","max-image-preview":"max-image-preview:large","max-video-preview":"max-video-preview:-1"},"canonical":"https:\/\/selleetools.com\/product\/romnd-better-than-palette-07-berry-fuchsia-garden-7-4-g-paleta-cieni-do-powiek\/","og_locale":"pl_PL","og_type":"article","og_title":"rom&nd Better Than Palette 07 Berry Fuchsia Garden 7.4 g - Paleta cieni do powiek - Selleetools.com","og_description":"Rom&#038;nd Better Than Palette 07 Berry Fuchsia Garden to wszechstronna paleta cieni do powiek zaprojektowana, aby wzbogaci\u0107 makija\u017c oczu osza\u0142amiaj\u0105c\u0105 gam\u0105 odcieni jagodowych i fuksji. Ta paleta zawiera mieszank\u0119 bogatych, \u017cywych odcieni, kt\u00f3re bez wysi\u0142ku przechodz\u0105 z dziennego do wieczorowego makija\u017cu. Jej drobno zmielona formu\u0142a zapewnia g\u0142adk\u0105 aplikacj\u0119 i d\u0142ugotrwa\u0142e noszenie. Korzy\u015bci dla sk\u00f3ry: Wysoka ... Read morerom&#038;nd Better Than Palette 07 Berry Fuchsia Garden 7.4 g &#8211; Paleta cieni do powiek","og_url":"https:\/\/selleetools.com\/product\/romnd-better-than-palette-07-berry-fuchsia-garden-7-4-g-paleta-cieni-do-powiek\/","og_site_name":"Selleetools.com","article_modified_time":"2025-10-30T15:27:15+00:00","og_image":[{"width":1000,"height":1000,"url":"https:\/\/selleetools.com\/wp-content\/uploads\/2025\/10\/2fe58046fb42b1c5c26fa48c963d3d7b.jpg","type":"image\/jpeg"}],"twitter_card":"summary_large_image","twitter_misc":{"Est. reading time":"1 minuta"},"schema":{"@context":"https:\/\/schema.org","@graph":[{"@type":"Organization","@id":"https:\/\/selleetools.com\/#organization","name":"Selleetools","url":"https:\/\/selleetools.com\/","sameAs":[],"logo":{"@type":"ImageObject","inLanguage":"pl-PL","@id":"https:\/\/selleetools.com\/#\/schema\/logo\/image\/","url":"https:\/\/selleetools.com\/wp-content\/uploads\/2021\/10\/logo-dark.png","contentUrl":"https:\/\/selleetools.com\/wp-content\/uploads\/2021\/10\/logo-dark.png","width":320,"height":76,"caption":"Selleetools"},"image":{"@id":"https:\/\/selleetools.com\/#\/schema\/logo\/image\/"}},{"@type":"WebSite","@id":"https:\/\/selleetools.com\/#website","url":"https:\/\/selleetools.com\/","name":"Selleetools.com","description":"","publisher":{"@id":"https:\/\/selleetools.com\/#organization"},"potentialAction":[{"@type":"SearchAction","target":{"@type":"EntryPoint","urlTemplate":"https:\/\/selleetools.com\/?s={search_term_string}"},"query-input":"required name=search_term_string"}],"inLanguage":"pl-PL"},{"@type":"WebPage","@id":"https:\/\/selleetools.com\/product\/romnd-better-than-palette-07-berry-fuchsia-garden-7-4-g-paleta-cieni-do-powiek\/","url":"https:\/\/selleetools.com\/product\/romnd-better-than-palette-07-berry-fuchsia-garden-7-4-g-paleta-cieni-do-powiek\/","name":"rom&nd Better Than Palette 07 Berry Fuchsia Garden 7.4 g - Paleta cieni do powiek - Selleetools.com","isPartOf":{"@id":"https:\/\/selleetools.com\/#website"},"datePublished":"2025-10-22T06:57:55+00:00","dateModified":"2025-10-30T15:27:15+00:00","breadcrumb":{"@id":"https:\/\/selleetools.com\/product\/romnd-better-than-palette-07-berry-fuchsia-garden-7-4-g-paleta-cieni-do-powiek\/#breadcrumb"},"inLanguage":"pl-PL","potentialAction":[{"@type":"ReadAction","target":["https:\/\/selleetools.com\/product\/romnd-better-than-palette-07-berry-fuchsia-garden-7-4-g-paleta-cieni-do-powiek\/"]}]},{"@type":"BreadcrumbList","@id":"https:\/\/selleetools.com\/product\/romnd-better-than-palette-07-berry-fuchsia-garden-7-4-g-paleta-cieni-do-powiek\/#breadcrumb","itemListElement":[{"@type":"ListItem","position":1,"name":"Home","item":"https:\/\/selleetools.com\/pl\/"},{"@type":"ListItem","position":2,"name":"Katalog","item":"https:\/\/selleetools.com\/pl\/katalog\/"},{"@type":"ListItem","position":3,"name":"rom&#038;nd Better Than Palette 07 Berry Fuchsia Garden 7.4 g &#8211; Paleta cieni do powiek"}]}]}},"_links":{"self":[{"href":"https:\/\/admincentral.selleetools.com\/pl\/wp-json\/wp\/v2\/product\/598768"}],"collection":[{"href":"https:\/\/admincentral.selleetools.com\/pl\/wp-json\/wp\/v2\/product"}],"about":[{"href":"https:\/\/admincentral.selleetools.com\/pl\/wp-json\/wp\/v2\/types\/product"}],"replies":[{"embeddable":true,"href":"https:\/\/admincentral.selleetools.com\/pl\/wp-json\/wp\/v2\/comments?post=598768"}],"wp:featuredmedia":[{"embeddable":true,"href":"https:\/\/admincentral.selleetools.com\/pl\/wp-json\/wp\/v2\/media\/598766"}],"wp:attachment":[{"href":"https:\/\/admincentral.selleetools.com\/pl\/wp-json\/wp\/v2\/media?parent=598768"}],"curies":[{"name":"wp","href":"https:\/\/api.w.org\/{rel}","templated":true}]}}