{"id":598812,"date":"2025-10-22T08:58:33","date_gmt":"2025-10-22T06:58:33","guid":{"rendered":"https:\/\/selleetools.com\/?post_type=product&#038;p=598812"},"modified":"2025-10-23T19:50:38","modified_gmt":"2025-10-23T17:50:38","slug":"pyunkang-yul-black-tea-deep-infusion-toner-130-ml-gleboko-wnikajacy-tonik-z-czarna-herbata","status":"publish","type":"product","link":"https:\/\/admincentral.selleetools.com\/pl\/product\/pyunkang-yul-black-tea-deep-infusion-toner-130-ml-gleboko-wnikajacy-tonik-z-czarna-herbata\/","title":{"rendered":"Pyunkang Yul Black Tea Deep Infusion Toner 130 ml &#8211; G\u0142\u0119boko wnikaj\u0105cy tonik z czarn\u0105 herbat\u0105"},"content":{"rendered":"<p>Pyunkang Yul Black Tea Deep Infusion Toner to luksusowy, g\u0142\u0119boko nawil\u017caj\u0105cy toner o w\u0142a\u015bciwo\u015bciach przeciwstarzeniowych. Kluczowym sk\u0142adnikiem jest ekstrakt z czarnej herbaty, znany z silnych w\u0142a\u015bciwo\u015bci antyoksydacyjnych, kt\u00f3ry wspiera ochron\u0119 sk\u00f3ry przed oznakami starzenia. Wzbogacony o peptydy, ceramidy, kwas hialuronowy i fermenty, intensywnie nawil\u017ca, regeneruje i poprawia j\u0119drno\u015b\u0107 sk\u00f3ry, pozostawiaj\u0105c j\u0105 mi\u0119kk\u0105, wyg\u0142adzon\u0105 i promienn\u0105.<\/p>\n<p>Korzy\u015bci dla sk\u00f3ry:<br \/>\nG\u0142\u0119boko nawil\u017ca i poprawia elastyczno\u015b\u0107 sk\u00f3ry<br \/>\nWzmacnia barier\u0119 ochronn\u0105 sk\u00f3ry<br \/>\nWspomaga redukcj\u0119 drobnych zmarszczek i oznak zm\u0119czenia<br \/>\nChroni przed stresem oksydacyjnym i zanieczyszczeniami<br \/>\nIdealny do sk\u00f3ry suchej, dojrza\u0142ej oraz wra\u017cliwej<\/p>\n<p>Spos\u00f3b u\u017cycia: Po oczyszczeniu sk\u00f3ry nanie\u015b toner na wacik lub d\u0142onie i delikatnie wklep w sk\u00f3r\u0119 twarzy. Stosuj rano i wieczorem przed serum i kremem.<\/p>\n","protected":false},"excerpt":{"rendered":"<p>Pyunkang Yul Black Tea Deep Infusion Toner to luksusowy, g\u0142\u0119boko nawil\u017caj\u0105cy toner o w\u0142a\u015bciwo\u015bciach przeciwstarzeniowych. Kluczowym sk\u0142adnikiem jest ekstrakt z czarnej herbaty, znany z silnych w\u0142a\u015bciwo\u015bci antyoksydacyjnych, kt\u00f3ry wspiera ochron\u0119 sk\u00f3ry przed oznakami starzenia. Wzbogacony o peptydy, ceramidy, kwas hialuronowy i fermenty, intensywnie nawil\u017ca, regeneruje i poprawia j\u0119drno\u015b\u0107 sk\u00f3ry, pozostawiaj\u0105c j\u0105 mi\u0119kk\u0105, wyg\u0142adzon\u0105 i promienn\u0105. &#8230; <a title=\"Pyunkang Yul Black Tea Deep Infusion Toner 130 ml &#8211; G\u0142\u0119boko wnikaj\u0105cy tonik z czarn\u0105 herbat\u0105\" class=\"read-more\" href=\"https:\/\/admincentral.selleetools.com\/pl\/product\/pyunkang-yul-black-tea-deep-infusion-toner-130-ml-gleboko-wnikajacy-tonik-z-czarna-herbata\/\">Read more<span class=\"screen-reader-text\">Pyunkang Yul Black Tea Deep Infusion Toner 130 ml &#8211; G\u0142\u0119boko wnikaj\u0105cy tonik z czarn\u0105 herbat\u0105<\/span><\/a><\/p>\n","protected":false},"featured_media":598810,"comment_status":"open","ping_status":"closed","template":"","meta":{"_links_to":"","_links_to_target":""},"yoast_head":"<!-- This site is optimized with the Yoast SEO plugin v19.4 - https:\/\/yoast.com\/wordpress\/plugins\/seo\/ -->\n<title>Pyunkang Yul Black Tea Deep Infusion Toner 130 ml - G\u0142\u0119boko wnikaj\u0105cy tonik z czarn\u0105 herbat\u0105 - Selleetools.com<\/title>\n<meta name=\"robots\" content=\"index, follow, max-snippet:-1, max-image-preview:large, max-video-preview:-1\" \/>\n<link rel=\"canonical\" href=\"https:\/\/selleetools.com\/pl\/product\/pyunkang-yul-black-tea-deep-infusion-toner-130-ml-gleboko-wnikajacy-tonik-z-czarna-herbata\/\" \/>\n<meta property=\"og:locale\" content=\"pl_PL\" \/>\n<meta property=\"og:type\" content=\"article\" \/>\n<meta property=\"og:title\" content=\"Pyunkang Yul Black Tea Deep Infusion Toner 130 ml - G\u0142\u0119boko wnikaj\u0105cy tonik z czarn\u0105 herbat\u0105 - Selleetools.com\" \/>\n<meta property=\"og:description\" content=\"Pyunkang Yul Black Tea Deep Infusion Toner to luksusowy, g\u0142\u0119boko nawil\u017caj\u0105cy toner o w\u0142a\u015bciwo\u015bciach przeciwstarzeniowych. Kluczowym sk\u0142adnikiem jest ekstrakt z czarnej herbaty, znany z silnych w\u0142a\u015bciwo\u015bci antyoksydacyjnych, kt\u00f3ry wspiera ochron\u0119 sk\u00f3ry przed oznakami starzenia. Wzbogacony o peptydy, ceramidy, kwas hialuronowy i fermenty, intensywnie nawil\u017ca, regeneruje i poprawia j\u0119drno\u015b\u0107 sk\u00f3ry, pozostawiaj\u0105c j\u0105 mi\u0119kk\u0105, wyg\u0142adzon\u0105 i promienn\u0105. ... Read morePyunkang Yul Black Tea Deep Infusion Toner 130 ml &#8211; G\u0142\u0119boko wnikaj\u0105cy tonik z czarn\u0105 herbat\u0105\" \/>\n<meta property=\"og:url\" content=\"https:\/\/selleetools.com\/pl\/product\/pyunkang-yul-black-tea-deep-infusion-toner-130-ml-gleboko-wnikajacy-tonik-z-czarna-herbata\/\" \/>\n<meta property=\"og:site_name\" content=\"Selleetools.com\" \/>\n<meta property=\"article:modified_time\" content=\"2025-10-23T17:50:38+00:00\" \/>\n<meta property=\"og:image\" content=\"https:\/\/selleetools.com\/wp-content\/uploads\/2025\/10\/e641453933b86af9bec1a631521970b0.jpg\" \/>\n\t<meta property=\"og:image:width\" content=\"1000\" \/>\n\t<meta property=\"og:image:height\" content=\"1000\" \/>\n\t<meta property=\"og:image:type\" content=\"image\/jpeg\" \/>\n<meta name=\"twitter:card\" content=\"summary_large_image\" \/>\n<meta name=\"twitter:label1\" content=\"Est. reading time\" \/>\n\t<meta name=\"twitter:data1\" content=\"1 minuta\" \/>\n<!-- \/ Yoast SEO plugin. -->","yoast_head_json":{"title":"Pyunkang Yul Black Tea Deep Infusion Toner 130 ml - G\u0142\u0119boko wnikaj\u0105cy tonik z czarn\u0105 herbat\u0105 - Selleetools.com","robots":{"index":"index","follow":"follow","max-snippet":"max-snippet:-1","max-image-preview":"max-image-preview:large","max-video-preview":"max-video-preview:-1"},"canonical":"https:\/\/selleetools.com\/pl\/product\/pyunkang-yul-black-tea-deep-infusion-toner-130-ml-gleboko-wnikajacy-tonik-z-czarna-herbata\/","og_locale":"pl_PL","og_type":"article","og_title":"Pyunkang Yul Black Tea Deep Infusion Toner 130 ml - G\u0142\u0119boko wnikaj\u0105cy tonik z czarn\u0105 herbat\u0105 - Selleetools.com","og_description":"Pyunkang Yul Black Tea Deep Infusion Toner to luksusowy, g\u0142\u0119boko nawil\u017caj\u0105cy toner o w\u0142a\u015bciwo\u015bciach przeciwstarzeniowych. Kluczowym sk\u0142adnikiem jest ekstrakt z czarnej herbaty, znany z silnych w\u0142a\u015bciwo\u015bci antyoksydacyjnych, kt\u00f3ry wspiera ochron\u0119 sk\u00f3ry przed oznakami starzenia. Wzbogacony o peptydy, ceramidy, kwas hialuronowy i fermenty, intensywnie nawil\u017ca, regeneruje i poprawia j\u0119drno\u015b\u0107 sk\u00f3ry, pozostawiaj\u0105c j\u0105 mi\u0119kk\u0105, wyg\u0142adzon\u0105 i promienn\u0105. ... Read morePyunkang Yul Black Tea Deep Infusion Toner 130 ml &#8211; G\u0142\u0119boko wnikaj\u0105cy tonik z czarn\u0105 herbat\u0105","og_url":"https:\/\/selleetools.com\/pl\/product\/pyunkang-yul-black-tea-deep-infusion-toner-130-ml-gleboko-wnikajacy-tonik-z-czarna-herbata\/","og_site_name":"Selleetools.com","article_modified_time":"2025-10-23T17:50:38+00:00","og_image":[{"width":1000,"height":1000,"url":"https:\/\/selleetools.com\/wp-content\/uploads\/2025\/10\/e641453933b86af9bec1a631521970b0.jpg","type":"image\/jpeg"}],"twitter_card":"summary_large_image","twitter_misc":{"Est. reading time":"1 minuta"},"schema":{"@context":"https:\/\/schema.org","@graph":[{"@type":"Organization","@id":"https:\/\/selleetools.com\/#organization","name":"Selleetools","url":"https:\/\/selleetools.com\/","sameAs":[],"logo":{"@type":"ImageObject","inLanguage":"pl-PL","@id":"https:\/\/selleetools.com\/#\/schema\/logo\/image\/","url":"https:\/\/selleetools.com\/wp-content\/uploads\/2021\/10\/logo-dark.png","contentUrl":"https:\/\/selleetools.com\/wp-content\/uploads\/2021\/10\/logo-dark.png","width":320,"height":76,"caption":"Selleetools"},"image":{"@id":"https:\/\/selleetools.com\/#\/schema\/logo\/image\/"}},{"@type":"WebSite","@id":"https:\/\/selleetools.com\/#website","url":"https:\/\/selleetools.com\/","name":"Selleetools.com","description":"","publisher":{"@id":"https:\/\/selleetools.com\/#organization"},"potentialAction":[{"@type":"SearchAction","target":{"@type":"EntryPoint","urlTemplate":"https:\/\/selleetools.com\/?s={search_term_string}"},"query-input":"required name=search_term_string"}],"inLanguage":"pl-PL"},{"@type":"WebPage","@id":"https:\/\/selleetools.com\/pl\/product\/pyunkang-yul-black-tea-deep-infusion-toner-130-ml-gleboko-wnikajacy-tonik-z-czarna-herbata\/","url":"https:\/\/selleetools.com\/pl\/product\/pyunkang-yul-black-tea-deep-infusion-toner-130-ml-gleboko-wnikajacy-tonik-z-czarna-herbata\/","name":"Pyunkang Yul Black Tea Deep Infusion Toner 130 ml - G\u0142\u0119boko wnikaj\u0105cy tonik z czarn\u0105 herbat\u0105 - Selleetools.com","isPartOf":{"@id":"https:\/\/selleetools.com\/#website"},"datePublished":"2025-10-22T06:58:33+00:00","dateModified":"2025-10-23T17:50:38+00:00","breadcrumb":{"@id":"https:\/\/selleetools.com\/pl\/product\/pyunkang-yul-black-tea-deep-infusion-toner-130-ml-gleboko-wnikajacy-tonik-z-czarna-herbata\/#breadcrumb"},"inLanguage":"pl-PL","potentialAction":[{"@type":"ReadAction","target":["https:\/\/selleetools.com\/pl\/product\/pyunkang-yul-black-tea-deep-infusion-toner-130-ml-gleboko-wnikajacy-tonik-z-czarna-herbata\/"]}]},{"@type":"BreadcrumbList","@id":"https:\/\/selleetools.com\/pl\/product\/pyunkang-yul-black-tea-deep-infusion-toner-130-ml-gleboko-wnikajacy-tonik-z-czarna-herbata\/#breadcrumb","itemListElement":[{"@type":"ListItem","position":1,"name":"Home","item":"https:\/\/selleetools.com\/pl\/"},{"@type":"ListItem","position":2,"name":"Katalog","item":"https:\/\/selleetools.com\/pl\/katalog\/"},{"@type":"ListItem","position":3,"name":"Pyunkang Yul Black Tea Deep Infusion Toner 130 ml &#8211; G\u0142\u0119boko wnikaj\u0105cy tonik z czarn\u0105 herbat\u0105"}]}]}},"_links":{"self":[{"href":"https:\/\/admincentral.selleetools.com\/pl\/wp-json\/wp\/v2\/product\/598812"}],"collection":[{"href":"https:\/\/admincentral.selleetools.com\/pl\/wp-json\/wp\/v2\/product"}],"about":[{"href":"https:\/\/admincentral.selleetools.com\/pl\/wp-json\/wp\/v2\/types\/product"}],"replies":[{"embeddable":true,"href":"https:\/\/admincentral.selleetools.com\/pl\/wp-json\/wp\/v2\/comments?post=598812"}],"wp:featuredmedia":[{"embeddable":true,"href":"https:\/\/admincentral.selleetools.com\/pl\/wp-json\/wp\/v2\/media\/598810"}],"wp:attachment":[{"href":"https:\/\/admincentral.selleetools.com\/pl\/wp-json\/wp\/v2\/media?parent=598812"}],"curies":[{"name":"wp","href":"https:\/\/api.w.org\/{rel}","templated":true}]}}