{"id":598851,"date":"2025-10-22T08:59:14","date_gmt":"2025-10-22T06:59:14","guid":{"rendered":"https:\/\/selleetools.com\/?post_type=product&#038;p=598851"},"modified":"2025-12-26T16:48:39","modified_gmt":"2025-12-26T15:48:39","slug":"marymay-rose-collagen-mist-serum-100-ml-kolagenowe-serum-w-formie-mgielki","status":"publish","type":"product","link":"https:\/\/admincentral.selleetools.com\/pl\/product\/marymay-rose-collagen-mist-serum-100-ml-kolagenowe-serum-w-formie-mgielki\/","title":{"rendered":"Mary&#038;May Rose Collagen Mist Serum 100 ml &#8211; Kolagenowe serum w formie mgie\u0142ki"},"content":{"rendered":"<p style=\"text-align: justify; caret-color: rgb(0, 0, 0); color: rgb(0, 0, 0);\"><font style=\"font-size: 12px;\">Mary&#038;May Rose Collagen Mist Serum to wszechstronne serum w mgie\u0142ce, kt\u00f3re \u0142\u0105czy moc kolagenu i ekstraktu z r\u00f3\u017cy, aby dostarczy\u0107 sk\u00f3rze nawil\u017cenie, od\u017cywienie oraz dzia\u0142anie przeciwstarzeniowe. Dzi\u0119ki lekkiej, mgie\u0142kowej formule, kosmetyk szybko si\u0119 wch\u0142ania, pozostawiaj\u0105c sk\u00f3r\u0119 od\u015bwie\u017con\u0105 i promienn\u0105. <\/font><span style=\"font-size: 12px; background: var(--elevation-bg);\">Mary&#038;May Rose Collagen Mist Serum to idealny produkt dla os\u00f3b poszukuj\u0105cych \u0142atwej w u\u017cyciu, wielofunkcyjnej piel\u0119gnacji, kt\u00f3ra od\u017cywia, nawil\u017ca i uj\u0119drnia sk\u00f3r\u0119, daj\u0105c jej zdrowy, promienny wygl\u0105d.<\/span><\/p>\n<h4 style=\"caret-color: rgb(0, 0, 0); color: rgb(0, 0, 0);\"><font style=\"font-size: 12px;\">Korzy\u015bci dla sk\u00f3ry<\/font><\/h4>\n<ul style=\"caret-color: rgb(0, 0, 0); color: rgb(0, 0, 0);\">\n<li><font style=\"font-size: 12px;\"><strong>Nawil\u017cenie i od\u015bwie\u017cenie<\/strong>: Zapewnia intensywne nawil\u017cenie i od\u015bwie\u017ca sk\u00f3r\u0119 w ci\u0105gu dnia.<\/font><\/li>\n<li><font style=\"font-size: 12px;\"><strong>Uj\u0119drnienie i wyg\u0142adzenie<\/strong>: Poprawia elastyczno\u015b\u0107 sk\u00f3ry, redukuj\u0105c drobne zmarszczki.<\/font><\/li>\n<li><font style=\"font-size: 12px;\"><strong>\u0141agodzenie i ochrona<\/strong>: Ekstrakt z r\u00f3\u017cy dzia\u0142a koj\u0105co i chroni sk\u00f3r\u0119 przed szkodliwymi czynnikami zewn\u0119trznymi.<\/font><\/li>\n<\/ul>\n<h4 style=\"caret-color: rgb(0, 0, 0); color: rgb(0, 0, 0);\"><font style=\"font-size: 12px;\">Spos\u00f3b u\u017cycia<\/font><\/h4>\n<ol style=\"caret-color: rgb(0, 0, 0); color: rgb(0, 0, 0);\">\n<li><font style=\"font-size: 12px;\"><strong>Aplikacja<\/strong>: Wstrz\u0105\u015bnij butelk\u0105 przed u\u017cyciem.<\/font><\/li>\n<li><font style=\"font-size: 12px;\"><strong>Rozpylanie<\/strong>: Trzymaj butelk\u0119 w odleg\u0142o\u015bci oko\u0142o 20 cm od twarzy i delikatnie spryskaj sk\u00f3r\u0119.<\/font><\/li>\n<li><font style=\"font-size: 12px;\"><strong>Wklepanie<\/strong>: Dla lepszego wch\u0142aniania, delikatnie wklep serum w sk\u00f3r\u0119.<\/font><\/li>\n<li><font style=\"font-size: 12px;\"><strong>Cz\u0119stotliwo\u015b\u0107<\/strong>: Stosuj kilka razy dziennie, wed\u0142ug potrzeby, na oczyszczon\u0105 sk\u00f3r\u0119 lub po na\u0142o\u017ceniu makija\u017cu.<\/font><\/li>\n<\/ol>\n<p style=\"caret-color: rgb(0, 0, 0); color: rgb(0, 0, 0);\"><\/p>\n","protected":false},"excerpt":{"rendered":"<p>Mary&#038;May Rose Collagen Mist Serum to wszechstronne serum w mgie\u0142ce, kt\u00f3re \u0142\u0105czy moc kolagenu i ekstraktu z r\u00f3\u017cy, aby dostarczy\u0107 sk\u00f3rze nawil\u017cenie, od\u017cywienie oraz dzia\u0142anie przeciwstarzeniowe. Dzi\u0119ki lekkiej, mgie\u0142kowej formule, kosmetyk szybko si\u0119 wch\u0142ania, pozostawiaj\u0105c sk\u00f3r\u0119 od\u015bwie\u017con\u0105 i promienn\u0105. Mary&#038;May Rose Collagen Mist Serum to idealny produkt dla os\u00f3b poszukuj\u0105cych \u0142atwej w u\u017cyciu, wielofunkcyjnej piel\u0119gnacji, &#8230; <a title=\"Mary&#038;May Rose Collagen Mist Serum 100 ml &#8211; Kolagenowe serum w formie mgie\u0142ki\" class=\"read-more\" href=\"https:\/\/admincentral.selleetools.com\/pl\/product\/marymay-rose-collagen-mist-serum-100-ml-kolagenowe-serum-w-formie-mgielki\/\">Read more<span class=\"screen-reader-text\">Mary&#038;May Rose Collagen Mist Serum 100 ml &#8211; Kolagenowe serum w formie mgie\u0142ki<\/span><\/a><\/p>\n","protected":false},"featured_media":598849,"comment_status":"open","ping_status":"closed","template":"","meta":{"_links_to":"","_links_to_target":""},"yoast_head":"<!-- This site is optimized with the Yoast SEO plugin v19.4 - https:\/\/yoast.com\/wordpress\/plugins\/seo\/ -->\n<title>Mary&amp;May Rose Collagen Mist Serum 100 ml - Kolagenowe serum w formie mgie\u0142ki - Selleetools.com<\/title>\n<meta name=\"robots\" content=\"index, follow, max-snippet:-1, max-image-preview:large, max-video-preview:-1\" \/>\n<link rel=\"canonical\" href=\"https:\/\/admincentral.selleetools.com\/pl\/product\/marymay-rose-collagen-mist-serum-100-ml-kolagenowe-serum-w-formie-mgielki\/\" \/>\n<meta property=\"og:locale\" content=\"pl_PL\" \/>\n<meta property=\"og:type\" content=\"article\" \/>\n<meta property=\"og:title\" content=\"Mary&amp;May Rose Collagen Mist Serum 100 ml - Kolagenowe serum w formie mgie\u0142ki - Selleetools.com\" \/>\n<meta property=\"og:description\" content=\"Mary&#038;May Rose Collagen Mist Serum to wszechstronne serum w mgie\u0142ce, kt\u00f3re \u0142\u0105czy moc kolagenu i ekstraktu z r\u00f3\u017cy, aby dostarczy\u0107 sk\u00f3rze nawil\u017cenie, od\u017cywienie oraz dzia\u0142anie przeciwstarzeniowe. Dzi\u0119ki lekkiej, mgie\u0142kowej formule, kosmetyk szybko si\u0119 wch\u0142ania, pozostawiaj\u0105c sk\u00f3r\u0119 od\u015bwie\u017con\u0105 i promienn\u0105. Mary&#038;May Rose Collagen Mist Serum to idealny produkt dla os\u00f3b poszukuj\u0105cych \u0142atwej w u\u017cyciu, wielofunkcyjnej piel\u0119gnacji, ... Read moreMary&#038;May Rose Collagen Mist Serum 100 ml &#8211; Kolagenowe serum w formie mgie\u0142ki\" \/>\n<meta property=\"og:url\" content=\"https:\/\/admincentral.selleetools.com\/pl\/product\/marymay-rose-collagen-mist-serum-100-ml-kolagenowe-serum-w-formie-mgielki\/\" \/>\n<meta property=\"og:site_name\" content=\"Selleetools.com\" \/>\n<meta property=\"article:modified_time\" content=\"2025-12-26T15:48:39+00:00\" \/>\n<meta property=\"og:image\" content=\"https:\/\/selleetools.com\/wp-content\/uploads\/2025\/10\/05e011be357bcc5e15e2877028839b93.jpg\" \/>\n\t<meta property=\"og:image:width\" content=\"1000\" \/>\n\t<meta property=\"og:image:height\" content=\"1000\" \/>\n\t<meta property=\"og:image:type\" content=\"image\/jpeg\" \/>\n<meta name=\"twitter:card\" content=\"summary_large_image\" \/>\n<meta name=\"twitter:label1\" content=\"Est. reading time\" \/>\n\t<meta name=\"twitter:data1\" content=\"1 minuta\" \/>\n<!-- \/ Yoast SEO plugin. -->","yoast_head_json":{"title":"Mary&May Rose Collagen Mist Serum 100 ml - Kolagenowe serum w formie mgie\u0142ki - Selleetools.com","robots":{"index":"index","follow":"follow","max-snippet":"max-snippet:-1","max-image-preview":"max-image-preview:large","max-video-preview":"max-video-preview:-1"},"canonical":"https:\/\/admincentral.selleetools.com\/pl\/product\/marymay-rose-collagen-mist-serum-100-ml-kolagenowe-serum-w-formie-mgielki\/","og_locale":"pl_PL","og_type":"article","og_title":"Mary&May Rose Collagen Mist Serum 100 ml - Kolagenowe serum w formie mgie\u0142ki - Selleetools.com","og_description":"Mary&#038;May Rose Collagen Mist Serum to wszechstronne serum w mgie\u0142ce, kt\u00f3re \u0142\u0105czy moc kolagenu i ekstraktu z r\u00f3\u017cy, aby dostarczy\u0107 sk\u00f3rze nawil\u017cenie, od\u017cywienie oraz dzia\u0142anie przeciwstarzeniowe. Dzi\u0119ki lekkiej, mgie\u0142kowej formule, kosmetyk szybko si\u0119 wch\u0142ania, pozostawiaj\u0105c sk\u00f3r\u0119 od\u015bwie\u017con\u0105 i promienn\u0105. Mary&#038;May Rose Collagen Mist Serum to idealny produkt dla os\u00f3b poszukuj\u0105cych \u0142atwej w u\u017cyciu, wielofunkcyjnej piel\u0119gnacji, ... Read moreMary&#038;May Rose Collagen Mist Serum 100 ml &#8211; Kolagenowe serum w formie mgie\u0142ki","og_url":"https:\/\/admincentral.selleetools.com\/pl\/product\/marymay-rose-collagen-mist-serum-100-ml-kolagenowe-serum-w-formie-mgielki\/","og_site_name":"Selleetools.com","article_modified_time":"2025-12-26T15:48:39+00:00","og_image":[{"width":1000,"height":1000,"url":"https:\/\/selleetools.com\/wp-content\/uploads\/2025\/10\/05e011be357bcc5e15e2877028839b93.jpg","type":"image\/jpeg"}],"twitter_card":"summary_large_image","twitter_misc":{"Est. reading time":"1 minuta"},"schema":{"@context":"https:\/\/schema.org","@graph":[{"@type":"Organization","@id":"https:\/\/selleetools.com\/#organization","name":"Selleetools","url":"https:\/\/selleetools.com\/","sameAs":[],"logo":{"@type":"ImageObject","inLanguage":"pl-PL","@id":"https:\/\/selleetools.com\/#\/schema\/logo\/image\/","url":"https:\/\/selleetools.com\/wp-content\/uploads\/2021\/10\/logo-dark.png","contentUrl":"https:\/\/selleetools.com\/wp-content\/uploads\/2021\/10\/logo-dark.png","width":320,"height":76,"caption":"Selleetools"},"image":{"@id":"https:\/\/selleetools.com\/#\/schema\/logo\/image\/"}},{"@type":"WebSite","@id":"https:\/\/selleetools.com\/#website","url":"https:\/\/selleetools.com\/","name":"Selleetools.com","description":"","publisher":{"@id":"https:\/\/selleetools.com\/#organization"},"potentialAction":[{"@type":"SearchAction","target":{"@type":"EntryPoint","urlTemplate":"https:\/\/selleetools.com\/?s={search_term_string}"},"query-input":"required name=search_term_string"}],"inLanguage":"pl-PL"},{"@type":"WebPage","@id":"https:\/\/admincentral.selleetools.com\/pl\/product\/marymay-rose-collagen-mist-serum-100-ml-kolagenowe-serum-w-formie-mgielki\/","url":"https:\/\/admincentral.selleetools.com\/pl\/product\/marymay-rose-collagen-mist-serum-100-ml-kolagenowe-serum-w-formie-mgielki\/","name":"Mary&May Rose Collagen Mist Serum 100 ml - Kolagenowe serum w formie mgie\u0142ki - Selleetools.com","isPartOf":{"@id":"https:\/\/selleetools.com\/#website"},"datePublished":"2025-10-22T06:59:14+00:00","dateModified":"2025-12-26T15:48:39+00:00","breadcrumb":{"@id":"https:\/\/admincentral.selleetools.com\/pl\/product\/marymay-rose-collagen-mist-serum-100-ml-kolagenowe-serum-w-formie-mgielki\/#breadcrumb"},"inLanguage":"pl-PL","potentialAction":[{"@type":"ReadAction","target":["https:\/\/admincentral.selleetools.com\/pl\/product\/marymay-rose-collagen-mist-serum-100-ml-kolagenowe-serum-w-formie-mgielki\/"]}]},{"@type":"BreadcrumbList","@id":"https:\/\/admincentral.selleetools.com\/pl\/product\/marymay-rose-collagen-mist-serum-100-ml-kolagenowe-serum-w-formie-mgielki\/#breadcrumb","itemListElement":[{"@type":"ListItem","position":1,"name":"Home","item":"https:\/\/selleetools.com\/pl\/"},{"@type":"ListItem","position":2,"name":"Katalog","item":"https:\/\/selleetools.com\/pl\/katalog\/"},{"@type":"ListItem","position":3,"name":"Mary&#038;May Rose Collagen Mist Serum 100 ml &#8211; Kolagenowe serum w formie mgie\u0142ki"}]}]}},"_links":{"self":[{"href":"https:\/\/admincentral.selleetools.com\/pl\/wp-json\/wp\/v2\/product\/598851"}],"collection":[{"href":"https:\/\/admincentral.selleetools.com\/pl\/wp-json\/wp\/v2\/product"}],"about":[{"href":"https:\/\/admincentral.selleetools.com\/pl\/wp-json\/wp\/v2\/types\/product"}],"replies":[{"embeddable":true,"href":"https:\/\/admincentral.selleetools.com\/pl\/wp-json\/wp\/v2\/comments?post=598851"}],"wp:featuredmedia":[{"embeddable":true,"href":"https:\/\/admincentral.selleetools.com\/pl\/wp-json\/wp\/v2\/media\/598849"}],"wp:attachment":[{"href":"https:\/\/admincentral.selleetools.com\/pl\/wp-json\/wp\/v2\/media?parent=598851"}],"curies":[{"name":"wp","href":"https:\/\/api.w.org\/{rel}","templated":true}]}}