{"id":598876,"date":"2025-10-22T08:59:35","date_gmt":"2025-10-22T06:59:35","guid":{"rendered":"https:\/\/selleetools.com\/?post_type=product&#038;p=598876"},"modified":"2026-03-12T18:30:15","modified_gmt":"2026-03-12T17:30:15","slug":"heimish-matcha-biome-amino-acne-cleansing-foam-150-g-pianka-oczyszczajaca-do-twarzy-z-matcha-i-aminokwasami-na-tradzik","status":"publish","type":"product","link":"https:\/\/admincentral.selleetools.com\/pl\/product\/heimish-matcha-biome-amino-acne-cleansing-foam-150-g-pianka-oczyszczajaca-do-twarzy-z-matcha-i-aminokwasami-na-tradzik\/","title":{"rendered":"HEIMISH Matcha Biome Amino Acne Cleansing Foam 150 g &#8211; Pianka oczyszczaj\u0105ca do twarzy z match\u0105 i aminokwasami na tr\u0105dzik"},"content":{"rendered":"<p>HEIMISH Matcha Biome Amino Acne Cleansing Foam to delikatna pianka oczyszczaj\u0105ca, kt\u00f3ra skutecznie zwalcza niedoskona\u0142o\u015bci sk\u00f3ry, jednocze\u015bnie dbaj\u0105c o jej nawil\u017cenie i zdrowy wygl\u0105d. Formu\u0142a zawiera ekstrakt z matchy, kt\u00f3ry jest bogaty w przeciwutleniacze i dzia\u0142a przeciwzapalnie, oraz kompleks aminokwas\u00f3w, kt\u00f3ry pomaga wzmocni\u0107 barier\u0119 ochronn\u0105 sk\u00f3ry.<\/p>\n<p>Korzy\u015bci dla sk\u00f3ry:<br \/>\nG\u0142\u0119bokie oczyszczenie: Pianka skutecznie usuwa nadmiar sebum, zanieczyszczenia i resztki makija\u017cu, nie powoduj\u0105c przesuszenia sk\u00f3ry.<br \/>\nZwalczanie tr\u0105dziku: Zawarto\u015b\u0107 matchy i aminokwas\u00f3w pomaga \u0142agodzi\u0107 stany zapalne i redukowa\u0107 wypryski, wspieraj\u0105c regeneracj\u0119 sk\u00f3ry.<br \/>\nNawil\u017cenie i ochrona: Kompleks aminokwas\u00f3w wspomaga nawil\u017cenie sk\u00f3ry i wzmacnia jej naturaln\u0105 barier\u0119 ochronn\u0105, co zapobiega utracie wilgoci.<br \/>\nUkojenie sk\u00f3ry: Dzi\u0119ki w\u0142a\u015bciwo\u015bciom przeciwzapalnym, produkt \u0142agodzi podra\u017cnienia i zaczerwienienia, przyczyniaj\u0105c si\u0119 do og\u00f3lnej poprawy kondycji sk\u00f3ry.<\/p>\n<p>Spos\u00f3b u\u017cycia:<br \/>\nNa\u0142\u00f3\u017c niewielk\u0105 ilo\u015b\u0107 pianki na d\u0142onie.<br \/>\nZwil\u017c twarz wod\u0105 i delikatnie masuj piank\u0105 sk\u00f3r\u0119, unikaj\u0105c okolic oczu.<br \/>\nSp\u0142ucz dok\u0142adnie letni\u0105 wod\u0105.<br \/>\nStosuj rano i wieczorem jako cz\u0119\u015b\u0107 codziennej rutyny piel\u0119gnacyjnej.<\/p>\n<p>HEIMISH Matcha Biome Amino Acne Cleansing Foam to idealny wyb\u00f3r dla os\u00f3b borykaj\u0105cych si\u0119 z problemem tr\u0105dziku, kt\u00f3re pragn\u0105 delikatnego, ale skutecznego oczyszczenia sk\u00f3ry z jednoczesnym wsparciem jej zdrowia i nawil\u017cenia.<\/p>\n","protected":false},"excerpt":{"rendered":"<p>HEIMISH Matcha Biome Amino Acne Cleansing Foam to delikatna pianka oczyszczaj\u0105ca, kt\u00f3ra skutecznie zwalcza niedoskona\u0142o\u015bci sk\u00f3ry, jednocze\u015bnie dbaj\u0105c o jej nawil\u017cenie i zdrowy wygl\u0105d. Formu\u0142a zawiera ekstrakt z matchy, kt\u00f3ry jest bogaty w przeciwutleniacze i dzia\u0142a przeciwzapalnie, oraz kompleks aminokwas\u00f3w, kt\u00f3ry pomaga wzmocni\u0107 barier\u0119 ochronn\u0105 sk\u00f3ry. Korzy\u015bci dla sk\u00f3ry: G\u0142\u0119bokie oczyszczenie: Pianka skutecznie usuwa nadmiar &#8230; <a title=\"HEIMISH Matcha Biome Amino Acne Cleansing Foam 150 g &#8211; Pianka oczyszczaj\u0105ca do twarzy z match\u0105 i aminokwasami na tr\u0105dzik\" class=\"read-more\" href=\"https:\/\/admincentral.selleetools.com\/pl\/product\/heimish-matcha-biome-amino-acne-cleansing-foam-150-g-pianka-oczyszczajaca-do-twarzy-z-matcha-i-aminokwasami-na-tradzik\/\">Read more<span class=\"screen-reader-text\">HEIMISH Matcha Biome Amino Acne Cleansing Foam 150 g &#8211; Pianka oczyszczaj\u0105ca do twarzy z match\u0105 i aminokwasami na tr\u0105dzik<\/span><\/a><\/p>\n","protected":false},"featured_media":598874,"comment_status":"open","ping_status":"closed","template":"","meta":{"_links_to":"","_links_to_target":""},"yoast_head":"<!-- This site is optimized with the Yoast SEO plugin v19.4 - https:\/\/yoast.com\/wordpress\/plugins\/seo\/ -->\n<title>HEIMISH Matcha Biome Amino Acne Cleansing Foam 150 g - Pianka oczyszczaj\u0105ca do twarzy z match\u0105 i aminokwasami na tr\u0105dzik - Selleetools.com<\/title>\n<meta name=\"robots\" content=\"index, follow, max-snippet:-1, max-image-preview:large, max-video-preview:-1\" \/>\n<link rel=\"canonical\" href=\"https:\/\/admincentral.selleetools.com\/pl\/product\/heimish-matcha-biome-amino-acne-cleansing-foam-150-g-pianka-oczyszczajaca-do-twarzy-z-matcha-i-aminokwasami-na-tradzik\/\" \/>\n<meta property=\"og:locale\" content=\"pl_PL\" \/>\n<meta property=\"og:type\" content=\"article\" \/>\n<meta property=\"og:title\" content=\"HEIMISH Matcha Biome Amino Acne Cleansing Foam 150 g - Pianka oczyszczaj\u0105ca do twarzy z match\u0105 i aminokwasami na tr\u0105dzik - Selleetools.com\" \/>\n<meta property=\"og:description\" content=\"HEIMISH Matcha Biome Amino Acne Cleansing Foam to delikatna pianka oczyszczaj\u0105ca, kt\u00f3ra skutecznie zwalcza niedoskona\u0142o\u015bci sk\u00f3ry, jednocze\u015bnie dbaj\u0105c o jej nawil\u017cenie i zdrowy wygl\u0105d. Formu\u0142a zawiera ekstrakt z matchy, kt\u00f3ry jest bogaty w przeciwutleniacze i dzia\u0142a przeciwzapalnie, oraz kompleks aminokwas\u00f3w, kt\u00f3ry pomaga wzmocni\u0107 barier\u0119 ochronn\u0105 sk\u00f3ry. Korzy\u015bci dla sk\u00f3ry: G\u0142\u0119bokie oczyszczenie: Pianka skutecznie usuwa nadmiar ... Read moreHEIMISH Matcha Biome Amino Acne Cleansing Foam 150 g &#8211; Pianka oczyszczaj\u0105ca do twarzy z match\u0105 i aminokwasami na tr\u0105dzik\" \/>\n<meta property=\"og:url\" content=\"https:\/\/admincentral.selleetools.com\/pl\/product\/heimish-matcha-biome-amino-acne-cleansing-foam-150-g-pianka-oczyszczajaca-do-twarzy-z-matcha-i-aminokwasami-na-tradzik\/\" \/>\n<meta property=\"og:site_name\" content=\"Selleetools.com\" \/>\n<meta property=\"article:modified_time\" content=\"2026-03-12T17:30:15+00:00\" \/>\n<meta property=\"og:image\" content=\"https:\/\/selleetools.com\/wp-content\/uploads\/2025\/10\/620fc1945ccd4bb3e7b212d5dc7e55b5.jpg\" \/>\n\t<meta property=\"og:image:width\" content=\"906\" \/>\n\t<meta property=\"og:image:height\" content=\"761\" \/>\n\t<meta property=\"og:image:type\" content=\"image\/jpeg\" \/>\n<meta name=\"twitter:card\" content=\"summary_large_image\" \/>\n<meta name=\"twitter:label1\" content=\"Est. reading time\" \/>\n\t<meta name=\"twitter:data1\" content=\"1 minuta\" \/>\n<!-- \/ Yoast SEO plugin. -->","yoast_head_json":{"title":"HEIMISH Matcha Biome Amino Acne Cleansing Foam 150 g - Pianka oczyszczaj\u0105ca do twarzy z match\u0105 i aminokwasami na tr\u0105dzik - Selleetools.com","robots":{"index":"index","follow":"follow","max-snippet":"max-snippet:-1","max-image-preview":"max-image-preview:large","max-video-preview":"max-video-preview:-1"},"canonical":"https:\/\/admincentral.selleetools.com\/pl\/product\/heimish-matcha-biome-amino-acne-cleansing-foam-150-g-pianka-oczyszczajaca-do-twarzy-z-matcha-i-aminokwasami-na-tradzik\/","og_locale":"pl_PL","og_type":"article","og_title":"HEIMISH Matcha Biome Amino Acne Cleansing Foam 150 g - Pianka oczyszczaj\u0105ca do twarzy z match\u0105 i aminokwasami na tr\u0105dzik - Selleetools.com","og_description":"HEIMISH Matcha Biome Amino Acne Cleansing Foam to delikatna pianka oczyszczaj\u0105ca, kt\u00f3ra skutecznie zwalcza niedoskona\u0142o\u015bci sk\u00f3ry, jednocze\u015bnie dbaj\u0105c o jej nawil\u017cenie i zdrowy wygl\u0105d. Formu\u0142a zawiera ekstrakt z matchy, kt\u00f3ry jest bogaty w przeciwutleniacze i dzia\u0142a przeciwzapalnie, oraz kompleks aminokwas\u00f3w, kt\u00f3ry pomaga wzmocni\u0107 barier\u0119 ochronn\u0105 sk\u00f3ry. Korzy\u015bci dla sk\u00f3ry: G\u0142\u0119bokie oczyszczenie: Pianka skutecznie usuwa nadmiar ... Read moreHEIMISH Matcha Biome Amino Acne Cleansing Foam 150 g &#8211; Pianka oczyszczaj\u0105ca do twarzy z match\u0105 i aminokwasami na tr\u0105dzik","og_url":"https:\/\/admincentral.selleetools.com\/pl\/product\/heimish-matcha-biome-amino-acne-cleansing-foam-150-g-pianka-oczyszczajaca-do-twarzy-z-matcha-i-aminokwasami-na-tradzik\/","og_site_name":"Selleetools.com","article_modified_time":"2026-03-12T17:30:15+00:00","og_image":[{"width":906,"height":761,"url":"https:\/\/selleetools.com\/wp-content\/uploads\/2025\/10\/620fc1945ccd4bb3e7b212d5dc7e55b5.jpg","type":"image\/jpeg"}],"twitter_card":"summary_large_image","twitter_misc":{"Est. reading time":"1 minuta"},"schema":{"@context":"https:\/\/schema.org","@graph":[{"@type":"Organization","@id":"https:\/\/selleetools.com\/#organization","name":"Selleetools","url":"https:\/\/selleetools.com\/","sameAs":[],"logo":{"@type":"ImageObject","inLanguage":"pl-PL","@id":"https:\/\/selleetools.com\/#\/schema\/logo\/image\/","url":"https:\/\/selleetools.com\/wp-content\/uploads\/2021\/10\/logo-dark.png","contentUrl":"https:\/\/selleetools.com\/wp-content\/uploads\/2021\/10\/logo-dark.png","width":320,"height":76,"caption":"Selleetools"},"image":{"@id":"https:\/\/selleetools.com\/#\/schema\/logo\/image\/"}},{"@type":"WebSite","@id":"https:\/\/selleetools.com\/#website","url":"https:\/\/selleetools.com\/","name":"Selleetools.com","description":"","publisher":{"@id":"https:\/\/selleetools.com\/#organization"},"potentialAction":[{"@type":"SearchAction","target":{"@type":"EntryPoint","urlTemplate":"https:\/\/selleetools.com\/?s={search_term_string}"},"query-input":"required name=search_term_string"}],"inLanguage":"pl-PL"},{"@type":"WebPage","@id":"https:\/\/admincentral.selleetools.com\/pl\/product\/heimish-matcha-biome-amino-acne-cleansing-foam-150-g-pianka-oczyszczajaca-do-twarzy-z-matcha-i-aminokwasami-na-tradzik\/","url":"https:\/\/admincentral.selleetools.com\/pl\/product\/heimish-matcha-biome-amino-acne-cleansing-foam-150-g-pianka-oczyszczajaca-do-twarzy-z-matcha-i-aminokwasami-na-tradzik\/","name":"HEIMISH Matcha Biome Amino Acne Cleansing Foam 150 g - Pianka oczyszczaj\u0105ca do twarzy z match\u0105 i aminokwasami na tr\u0105dzik - Selleetools.com","isPartOf":{"@id":"https:\/\/selleetools.com\/#website"},"datePublished":"2025-10-22T06:59:35+00:00","dateModified":"2026-03-12T17:30:15+00:00","breadcrumb":{"@id":"https:\/\/admincentral.selleetools.com\/pl\/product\/heimish-matcha-biome-amino-acne-cleansing-foam-150-g-pianka-oczyszczajaca-do-twarzy-z-matcha-i-aminokwasami-na-tradzik\/#breadcrumb"},"inLanguage":"pl-PL","potentialAction":[{"@type":"ReadAction","target":["https:\/\/admincentral.selleetools.com\/pl\/product\/heimish-matcha-biome-amino-acne-cleansing-foam-150-g-pianka-oczyszczajaca-do-twarzy-z-matcha-i-aminokwasami-na-tradzik\/"]}]},{"@type":"BreadcrumbList","@id":"https:\/\/admincentral.selleetools.com\/pl\/product\/heimish-matcha-biome-amino-acne-cleansing-foam-150-g-pianka-oczyszczajaca-do-twarzy-z-matcha-i-aminokwasami-na-tradzik\/#breadcrumb","itemListElement":[{"@type":"ListItem","position":1,"name":"Home","item":"https:\/\/selleetools.com\/pl\/"},{"@type":"ListItem","position":2,"name":"Katalog","item":"https:\/\/selleetools.com\/pl\/katalog\/"},{"@type":"ListItem","position":3,"name":"HEIMISH Matcha Biome Amino Acne Cleansing Foam 150 g &#8211; Pianka oczyszczaj\u0105ca do twarzy z match\u0105 i aminokwasami na tr\u0105dzik"}]}]}},"_links":{"self":[{"href":"https:\/\/admincentral.selleetools.com\/pl\/wp-json\/wp\/v2\/product\/598876"}],"collection":[{"href":"https:\/\/admincentral.selleetools.com\/pl\/wp-json\/wp\/v2\/product"}],"about":[{"href":"https:\/\/admincentral.selleetools.com\/pl\/wp-json\/wp\/v2\/types\/product"}],"replies":[{"embeddable":true,"href":"https:\/\/admincentral.selleetools.com\/pl\/wp-json\/wp\/v2\/comments?post=598876"}],"wp:featuredmedia":[{"embeddable":true,"href":"https:\/\/admincentral.selleetools.com\/pl\/wp-json\/wp\/v2\/media\/598874"}],"wp:attachment":[{"href":"https:\/\/admincentral.selleetools.com\/pl\/wp-json\/wp\/v2\/media?parent=598876"}],"curies":[{"name":"wp","href":"https:\/\/api.w.org\/{rel}","templated":true}]}}