{"id":598927,"date":"2025-10-22T09:00:18","date_gmt":"2025-10-22T07:00:18","guid":{"rendered":"https:\/\/selleetools.com\/?post_type=product&#038;p=598927"},"modified":"2026-03-02T18:30:14","modified_gmt":"2026-03-02T17:30:14","slug":"heimish-dailism-smudge-stop-mascara-volume-new-9-g-maskara-pogrubiajaca-wodoodporna-czarna","status":"publish","type":"product","link":"https:\/\/admincentral.selleetools.com\/pl\/product\/heimish-dailism-smudge-stop-mascara-volume-new-9-g-maskara-pogrubiajaca-wodoodporna-czarna\/","title":{"rendered":"Heimish Dailism Smudge Stop Mascara Volume New 9 g &#8211; Maskara pogrubiaj\u0105ca wodoodporna czarna"},"content":{"rendered":"<p>Heimish Dailism Smudge Stop Mascara Volume New to korea\u0144ski kosmetyk do makija\u017cu, kt\u00f3ry zapewnia efekt pe\u0142nych, wyd\u0142u\u017conych rz\u0119s bez smug. Formu\u0142a tego tuszu do rz\u0119s jest specjalnie opracowana, aby zapobiega\u0107 rozmazywaniu si\u0119 i osypywaniu, dzi\u0119ki czemu utrzymuje si\u0119 przez ca\u0142y dzie\u0144. Produkt jest wzbogacony w sk\u0142adniki od\u017cywcze, kt\u00f3re piel\u0119gnuj\u0105 rz\u0119sy, zapobiegaj\u0105c ich \u0142amaniu i wypadaniu. Dzi\u0119ki ergonomicznemu aplikatorowi, kt\u00f3ry precyzyjnie rozdziela rz\u0119sy, aplikacja jest \u0142atwa i r\u00f3wnomierna.<\/p>\n<p>Korzy\u015bci dla sk\u00f3ry:<br \/>\nD\u0142ugotrwa\u0142e efekty: Specjalna formu\u0142a zapobiegaj\u0105ca rozmazywaniu si\u0119, idealna na ca\u0142y dzie\u0144.<br \/>\nOd\u017cywienie: Sk\u0142adniki piel\u0119gnuj\u0105ce rz\u0119sy, zapobiegaj\u0105ce ich \u0142amaniu i wypadaniu.<br \/>\n\u0141atwa aplikacja: Ergonomiczny aplikator zapewniaj\u0105cy precyzyjne i r\u00f3wnomierne pokrycie rz\u0119s.<\/p>\n<p>Spos\u00f3b u\u017cycia:<br \/>\nPrzed na\u0142o\u017ceniem tuszu upewnij si\u0119, \u017ce rz\u0119sy s\u0105 czyste i suche.<br \/>\nNa\u0142\u00f3\u017c tusz zaczynaj\u0105c od nasady rz\u0119s, przesuwaj\u0105c aplikator ku g\u00f3rze, aby dok\u0142adnie pokry\u0107 ka\u017cd\u0105 rz\u0119s\u0119.<br \/>\nPowt\u00f3rz aplikacj\u0119 dla intensywniejszego efektu, je\u015bli to konieczne.<br \/>\nAby uzyska\u0107 najlepsze rezultaty, u\u017cyj zalotki przed aplikacj\u0105 tuszu.<\/p>\n","protected":false},"excerpt":{"rendered":"<p>Heimish Dailism Smudge Stop Mascara Volume New to korea\u0144ski kosmetyk do makija\u017cu, kt\u00f3ry zapewnia efekt pe\u0142nych, wyd\u0142u\u017conych rz\u0119s bez smug. Formu\u0142a tego tuszu do rz\u0119s jest specjalnie opracowana, aby zapobiega\u0107 rozmazywaniu si\u0119 i osypywaniu, dzi\u0119ki czemu utrzymuje si\u0119 przez ca\u0142y dzie\u0144. Produkt jest wzbogacony w sk\u0142adniki od\u017cywcze, kt\u00f3re piel\u0119gnuj\u0105 rz\u0119sy, zapobiegaj\u0105c ich \u0142amaniu i wypadaniu. &#8230; <a title=\"Heimish Dailism Smudge Stop Mascara Volume New 9 g &#8211; Maskara pogrubiaj\u0105ca wodoodporna czarna\" class=\"read-more\" href=\"https:\/\/admincentral.selleetools.com\/pl\/product\/heimish-dailism-smudge-stop-mascara-volume-new-9-g-maskara-pogrubiajaca-wodoodporna-czarna\/\">Read more<span class=\"screen-reader-text\">Heimish Dailism Smudge Stop Mascara Volume New 9 g &#8211; Maskara pogrubiaj\u0105ca wodoodporna czarna<\/span><\/a><\/p>\n","protected":false},"featured_media":598917,"comment_status":"open","ping_status":"closed","template":"","meta":{"_links_to":"","_links_to_target":""},"yoast_head":"<!-- This site is optimized with the Yoast SEO plugin v19.4 - https:\/\/yoast.com\/wordpress\/plugins\/seo\/ -->\n<title>Heimish Dailism Smudge Stop Mascara Volume New 9 g - Maskara pogrubiaj\u0105ca wodoodporna czarna - Selleetools.com<\/title>\n<meta name=\"robots\" content=\"index, follow, max-snippet:-1, max-image-preview:large, max-video-preview:-1\" \/>\n<link rel=\"canonical\" href=\"https:\/\/selleetools.com\/pl\/product\/heimish-dailism-smudge-stop-mascara-volume-new-9-g-maskara-pogrubiajaca-wodoodporna-czarna\/\" \/>\n<meta property=\"og:locale\" content=\"pl_PL\" \/>\n<meta property=\"og:type\" content=\"article\" \/>\n<meta property=\"og:title\" content=\"Heimish Dailism Smudge Stop Mascara Volume New 9 g - Maskara pogrubiaj\u0105ca wodoodporna czarna - Selleetools.com\" \/>\n<meta property=\"og:description\" content=\"Heimish Dailism Smudge Stop Mascara Volume New to korea\u0144ski kosmetyk do makija\u017cu, kt\u00f3ry zapewnia efekt pe\u0142nych, wyd\u0142u\u017conych rz\u0119s bez smug. Formu\u0142a tego tuszu do rz\u0119s jest specjalnie opracowana, aby zapobiega\u0107 rozmazywaniu si\u0119 i osypywaniu, dzi\u0119ki czemu utrzymuje si\u0119 przez ca\u0142y dzie\u0144. Produkt jest wzbogacony w sk\u0142adniki od\u017cywcze, kt\u00f3re piel\u0119gnuj\u0105 rz\u0119sy, zapobiegaj\u0105c ich \u0142amaniu i wypadaniu. ... Read moreHeimish Dailism Smudge Stop Mascara Volume New 9 g &#8211; Maskara pogrubiaj\u0105ca wodoodporna czarna\" \/>\n<meta property=\"og:url\" content=\"https:\/\/selleetools.com\/pl\/product\/heimish-dailism-smudge-stop-mascara-volume-new-9-g-maskara-pogrubiajaca-wodoodporna-czarna\/\" \/>\n<meta property=\"og:site_name\" content=\"Selleetools.com\" \/>\n<meta property=\"article:modified_time\" content=\"2026-03-02T17:30:14+00:00\" \/>\n<meta property=\"og:image\" content=\"https:\/\/selleetools.com\/wp-content\/uploads\/2025\/10\/65aa3d618c0efc9df8cc15b234ecb72b.jpg\" \/>\n\t<meta property=\"og:image:width\" content=\"1000\" \/>\n\t<meta property=\"og:image:height\" content=\"667\" \/>\n\t<meta property=\"og:image:type\" content=\"image\/jpeg\" \/>\n<meta name=\"twitter:card\" content=\"summary_large_image\" \/>\n<meta name=\"twitter:label1\" content=\"Est. reading time\" \/>\n\t<meta name=\"twitter:data1\" content=\"1 minuta\" \/>\n<!-- \/ Yoast SEO plugin. -->","yoast_head_json":{"title":"Heimish Dailism Smudge Stop Mascara Volume New 9 g - Maskara pogrubiaj\u0105ca wodoodporna czarna - Selleetools.com","robots":{"index":"index","follow":"follow","max-snippet":"max-snippet:-1","max-image-preview":"max-image-preview:large","max-video-preview":"max-video-preview:-1"},"canonical":"https:\/\/selleetools.com\/pl\/product\/heimish-dailism-smudge-stop-mascara-volume-new-9-g-maskara-pogrubiajaca-wodoodporna-czarna\/","og_locale":"pl_PL","og_type":"article","og_title":"Heimish Dailism Smudge Stop Mascara Volume New 9 g - Maskara pogrubiaj\u0105ca wodoodporna czarna - Selleetools.com","og_description":"Heimish Dailism Smudge Stop Mascara Volume New to korea\u0144ski kosmetyk do makija\u017cu, kt\u00f3ry zapewnia efekt pe\u0142nych, wyd\u0142u\u017conych rz\u0119s bez smug. Formu\u0142a tego tuszu do rz\u0119s jest specjalnie opracowana, aby zapobiega\u0107 rozmazywaniu si\u0119 i osypywaniu, dzi\u0119ki czemu utrzymuje si\u0119 przez ca\u0142y dzie\u0144. Produkt jest wzbogacony w sk\u0142adniki od\u017cywcze, kt\u00f3re piel\u0119gnuj\u0105 rz\u0119sy, zapobiegaj\u0105c ich \u0142amaniu i wypadaniu. ... Read moreHeimish Dailism Smudge Stop Mascara Volume New 9 g &#8211; Maskara pogrubiaj\u0105ca wodoodporna czarna","og_url":"https:\/\/selleetools.com\/pl\/product\/heimish-dailism-smudge-stop-mascara-volume-new-9-g-maskara-pogrubiajaca-wodoodporna-czarna\/","og_site_name":"Selleetools.com","article_modified_time":"2026-03-02T17:30:14+00:00","og_image":[{"width":1000,"height":667,"url":"https:\/\/selleetools.com\/wp-content\/uploads\/2025\/10\/65aa3d618c0efc9df8cc15b234ecb72b.jpg","type":"image\/jpeg"}],"twitter_card":"summary_large_image","twitter_misc":{"Est. reading time":"1 minuta"},"schema":{"@context":"https:\/\/schema.org","@graph":[{"@type":"Organization","@id":"https:\/\/selleetools.com\/#organization","name":"Selleetools","url":"https:\/\/selleetools.com\/","sameAs":[],"logo":{"@type":"ImageObject","inLanguage":"pl-PL","@id":"https:\/\/selleetools.com\/#\/schema\/logo\/image\/","url":"https:\/\/selleetools.com\/wp-content\/uploads\/2021\/10\/logo-dark.png","contentUrl":"https:\/\/selleetools.com\/wp-content\/uploads\/2021\/10\/logo-dark.png","width":320,"height":76,"caption":"Selleetools"},"image":{"@id":"https:\/\/selleetools.com\/#\/schema\/logo\/image\/"}},{"@type":"WebSite","@id":"https:\/\/selleetools.com\/#website","url":"https:\/\/selleetools.com\/","name":"Selleetools.com","description":"","publisher":{"@id":"https:\/\/selleetools.com\/#organization"},"potentialAction":[{"@type":"SearchAction","target":{"@type":"EntryPoint","urlTemplate":"https:\/\/selleetools.com\/?s={search_term_string}"},"query-input":"required name=search_term_string"}],"inLanguage":"pl-PL"},{"@type":"WebPage","@id":"https:\/\/selleetools.com\/pl\/product\/heimish-dailism-smudge-stop-mascara-volume-new-9-g-maskara-pogrubiajaca-wodoodporna-czarna\/","url":"https:\/\/selleetools.com\/pl\/product\/heimish-dailism-smudge-stop-mascara-volume-new-9-g-maskara-pogrubiajaca-wodoodporna-czarna\/","name":"Heimish Dailism Smudge Stop Mascara Volume New 9 g - Maskara pogrubiaj\u0105ca wodoodporna czarna - Selleetools.com","isPartOf":{"@id":"https:\/\/selleetools.com\/#website"},"datePublished":"2025-10-22T07:00:18+00:00","dateModified":"2026-03-02T17:30:14+00:00","breadcrumb":{"@id":"https:\/\/selleetools.com\/pl\/product\/heimish-dailism-smudge-stop-mascara-volume-new-9-g-maskara-pogrubiajaca-wodoodporna-czarna\/#breadcrumb"},"inLanguage":"pl-PL","potentialAction":[{"@type":"ReadAction","target":["https:\/\/selleetools.com\/pl\/product\/heimish-dailism-smudge-stop-mascara-volume-new-9-g-maskara-pogrubiajaca-wodoodporna-czarna\/"]}]},{"@type":"BreadcrumbList","@id":"https:\/\/selleetools.com\/pl\/product\/heimish-dailism-smudge-stop-mascara-volume-new-9-g-maskara-pogrubiajaca-wodoodporna-czarna\/#breadcrumb","itemListElement":[{"@type":"ListItem","position":1,"name":"Home","item":"https:\/\/selleetools.com\/pl\/"},{"@type":"ListItem","position":2,"name":"Katalog","item":"https:\/\/selleetools.com\/pl\/katalog\/"},{"@type":"ListItem","position":3,"name":"Heimish Dailism Smudge Stop Mascara Volume New 9 g &#8211; Maskara pogrubiaj\u0105ca wodoodporna czarna"}]}]}},"_links":{"self":[{"href":"https:\/\/admincentral.selleetools.com\/pl\/wp-json\/wp\/v2\/product\/598927"}],"collection":[{"href":"https:\/\/admincentral.selleetools.com\/pl\/wp-json\/wp\/v2\/product"}],"about":[{"href":"https:\/\/admincentral.selleetools.com\/pl\/wp-json\/wp\/v2\/types\/product"}],"replies":[{"embeddable":true,"href":"https:\/\/admincentral.selleetools.com\/pl\/wp-json\/wp\/v2\/comments?post=598927"}],"wp:featuredmedia":[{"embeddable":true,"href":"https:\/\/admincentral.selleetools.com\/pl\/wp-json\/wp\/v2\/media\/598917"}],"wp:attachment":[{"href":"https:\/\/admincentral.selleetools.com\/pl\/wp-json\/wp\/v2\/media?parent=598927"}],"curies":[{"name":"wp","href":"https:\/\/api.w.org\/{rel}","templated":true}]}}