{"id":598966,"date":"2025-10-22T09:00:41","date_gmt":"2025-10-22T07:00:41","guid":{"rendered":"https:\/\/selleetools.com\/?post_type=product&#038;p=598966"},"modified":"2025-12-26T16:50:07","modified_gmt":"2025-12-26T15:50:07","slug":"pyunkang-yul-calming-madecasoside-spot-cream-30-ml-krem-punktowy-uspokajajacy","status":"publish","type":"product","link":"https:\/\/admincentral.selleetools.com\/pl\/product\/pyunkang-yul-calming-madecasoside-spot-cream-30-ml-krem-punktowy-uspokajajacy\/","title":{"rendered":"Pyunkang yul Calming Madecasoside Spot Cream 30 ml &#8211; Krem punktowy uspokajaj\u0105cy"},"content":{"rendered":"<p>Pyunkang Yul Calming Madecassoside Spot Cream to wyj\u0105tkowy krem punktowy, stworzony z my\u015bl\u0105 o sk\u00f3rze problematycznej, sk\u0142onnej do wyprysk\u00f3w i podra\u017cnie\u0144. Jego formu\u0142a oparta jest na sk\u0142adnikach pochodzenia naturalnego, kt\u00f3re dzia\u0142aj\u0105 koj\u0105co i regeneruj\u0105co na sk\u00f3r\u0119, pomagaj\u0105c w redukcji stan\u00f3w zapalnych oraz przyspieszaj\u0105c procesy gojenia.<\/p>\n<p>Korzy\u015bci dla sk\u00f3ry:<br \/>\nRedukcja wyprysk\u00f3w i stan\u00f3w zapalnych: Dzi\u0119ki zawarto\u015bci madecassoside, krem skutecznie \u0142agodzi stany zapalne i zmniejsza widoczno\u015b\u0107 wyprysk\u00f3w.<br \/>\nRegeneracja sk\u00f3ry: Sk\u0142adniki aktywne wspomagaj\u0105 regeneracj\u0119 sk\u00f3ry, przyspieszaj\u0105c gojenie si\u0119 drobnych ran i blizn.<br \/>\nNawil\u017cenie i ochrona: Krem nawil\u017ca sk\u00f3r\u0119, tworz\u0105c na jej powierzchni barier\u0119 ochronn\u0105, kt\u00f3ra zapobiega utracie wilgoci.<br \/>\n\u0141agodzenie podra\u017cnie\u0144: Idealny do sk\u00f3ry wra\u017cliwej i sk\u0142onnej do podra\u017cnie\u0144, zapewnia ukojenie i komfort.<\/p>\n<p>Spos\u00f3b u\u017cycia:<br \/>\nOczyszczanie: Przed na\u0142o\u017ceniem kremu dok\u0142adnie oczy\u015b\u0107 sk\u00f3r\u0119.<br \/>\nNak\u0142adanie: Niewielk\u0105 ilo\u015b\u0107 kremu na\u0142\u00f3\u017c bezpo\u015brednio na zmienione miejsca, delikatnie wklepuj\u0105c.<br \/>\nStosowanie: Krem mo\u017cna stosowa\u0107 codziennie, rano i wieczorem, a\u017c do ca\u0142kowitego wygojenia zmian sk\u00f3rnych.<\/p>\n<p>Pyunkang Yul Calming Madecassoside Spot Cream to must-have dla ka\u017cdego, kto boryka si\u0119 z problematyczn\u0105 sk\u00f3r\u0105 i poszukuje skutecznych, a jednocze\u015bnie delikatnych dla sk\u00f3ry rozwi\u0105za\u0144.<\/p>\n","protected":false},"excerpt":{"rendered":"<p>Pyunkang Yul Calming Madecassoside Spot Cream to wyj\u0105tkowy krem punktowy, stworzony z my\u015bl\u0105 o sk\u00f3rze problematycznej, sk\u0142onnej do wyprysk\u00f3w i podra\u017cnie\u0144. Jego formu\u0142a oparta jest na sk\u0142adnikach pochodzenia naturalnego, kt\u00f3re dzia\u0142aj\u0105 koj\u0105co i regeneruj\u0105co na sk\u00f3r\u0119, pomagaj\u0105c w redukcji stan\u00f3w zapalnych oraz przyspieszaj\u0105c procesy gojenia. Korzy\u015bci dla sk\u00f3ry: Redukcja wyprysk\u00f3w i stan\u00f3w zapalnych: Dzi\u0119ki zawarto\u015bci &#8230; <a title=\"Pyunkang yul Calming Madecasoside Spot Cream 30 ml &#8211; Krem punktowy uspokajaj\u0105cy\" class=\"read-more\" href=\"https:\/\/admincentral.selleetools.com\/pl\/product\/pyunkang-yul-calming-madecasoside-spot-cream-30-ml-krem-punktowy-uspokajajacy\/\">Read more<span class=\"screen-reader-text\">Pyunkang yul Calming Madecasoside Spot Cream 30 ml &#8211; Krem punktowy uspokajaj\u0105cy<\/span><\/a><\/p>\n","protected":false},"featured_media":598964,"comment_status":"open","ping_status":"closed","template":"","meta":{"_links_to":"","_links_to_target":""},"yoast_head":"<!-- This site is optimized with the Yoast SEO plugin v19.4 - https:\/\/yoast.com\/wordpress\/plugins\/seo\/ -->\n<title>Pyunkang yul Calming Madecasoside Spot Cream 30 ml - Krem punktowy uspokajaj\u0105cy - Selleetools.com<\/title>\n<meta name=\"robots\" content=\"index, follow, max-snippet:-1, max-image-preview:large, max-video-preview:-1\" \/>\n<link rel=\"canonical\" href=\"https:\/\/admincentral.selleetools.com\/pl\/product\/pyunkang-yul-calming-madecasoside-spot-cream-30-ml-krem-punktowy-uspokajajacy\/\" \/>\n<meta property=\"og:locale\" content=\"pl_PL\" \/>\n<meta property=\"og:type\" content=\"article\" \/>\n<meta property=\"og:title\" content=\"Pyunkang yul Calming Madecasoside Spot Cream 30 ml - Krem punktowy uspokajaj\u0105cy - Selleetools.com\" \/>\n<meta property=\"og:description\" content=\"Pyunkang Yul Calming Madecassoside Spot Cream to wyj\u0105tkowy krem punktowy, stworzony z my\u015bl\u0105 o sk\u00f3rze problematycznej, sk\u0142onnej do wyprysk\u00f3w i podra\u017cnie\u0144. Jego formu\u0142a oparta jest na sk\u0142adnikach pochodzenia naturalnego, kt\u00f3re dzia\u0142aj\u0105 koj\u0105co i regeneruj\u0105co na sk\u00f3r\u0119, pomagaj\u0105c w redukcji stan\u00f3w zapalnych oraz przyspieszaj\u0105c procesy gojenia. Korzy\u015bci dla sk\u00f3ry: Redukcja wyprysk\u00f3w i stan\u00f3w zapalnych: Dzi\u0119ki zawarto\u015bci ... Read morePyunkang yul Calming Madecasoside Spot Cream 30 ml &#8211; Krem punktowy uspokajaj\u0105cy\" \/>\n<meta property=\"og:url\" content=\"https:\/\/admincentral.selleetools.com\/pl\/product\/pyunkang-yul-calming-madecasoside-spot-cream-30-ml-krem-punktowy-uspokajajacy\/\" \/>\n<meta property=\"og:site_name\" content=\"Selleetools.com\" \/>\n<meta property=\"article:modified_time\" content=\"2025-12-26T15:50:07+00:00\" \/>\n<meta property=\"og:image\" content=\"https:\/\/selleetools.com\/wp-content\/uploads\/2025\/10\/4f29b56248aa503ee1c5eb25ceea8bb9.jpg\" \/>\n\t<meta property=\"og:image:width\" content=\"405\" \/>\n\t<meta property=\"og:image:height\" content=\"405\" \/>\n\t<meta property=\"og:image:type\" content=\"image\/jpeg\" \/>\n<meta name=\"twitter:card\" content=\"summary_large_image\" \/>\n<meta name=\"twitter:label1\" content=\"Est. reading time\" \/>\n\t<meta name=\"twitter:data1\" content=\"1 minuta\" \/>\n<!-- \/ Yoast SEO plugin. -->","yoast_head_json":{"title":"Pyunkang yul Calming Madecasoside Spot Cream 30 ml - Krem punktowy uspokajaj\u0105cy - Selleetools.com","robots":{"index":"index","follow":"follow","max-snippet":"max-snippet:-1","max-image-preview":"max-image-preview:large","max-video-preview":"max-video-preview:-1"},"canonical":"https:\/\/admincentral.selleetools.com\/pl\/product\/pyunkang-yul-calming-madecasoside-spot-cream-30-ml-krem-punktowy-uspokajajacy\/","og_locale":"pl_PL","og_type":"article","og_title":"Pyunkang yul Calming Madecasoside Spot Cream 30 ml - Krem punktowy uspokajaj\u0105cy - Selleetools.com","og_description":"Pyunkang Yul Calming Madecassoside Spot Cream to wyj\u0105tkowy krem punktowy, stworzony z my\u015bl\u0105 o sk\u00f3rze problematycznej, sk\u0142onnej do wyprysk\u00f3w i podra\u017cnie\u0144. Jego formu\u0142a oparta jest na sk\u0142adnikach pochodzenia naturalnego, kt\u00f3re dzia\u0142aj\u0105 koj\u0105co i regeneruj\u0105co na sk\u00f3r\u0119, pomagaj\u0105c w redukcji stan\u00f3w zapalnych oraz przyspieszaj\u0105c procesy gojenia. Korzy\u015bci dla sk\u00f3ry: Redukcja wyprysk\u00f3w i stan\u00f3w zapalnych: Dzi\u0119ki zawarto\u015bci ... Read morePyunkang yul Calming Madecasoside Spot Cream 30 ml &#8211; Krem punktowy uspokajaj\u0105cy","og_url":"https:\/\/admincentral.selleetools.com\/pl\/product\/pyunkang-yul-calming-madecasoside-spot-cream-30-ml-krem-punktowy-uspokajajacy\/","og_site_name":"Selleetools.com","article_modified_time":"2025-12-26T15:50:07+00:00","og_image":[{"width":405,"height":405,"url":"https:\/\/selleetools.com\/wp-content\/uploads\/2025\/10\/4f29b56248aa503ee1c5eb25ceea8bb9.jpg","type":"image\/jpeg"}],"twitter_card":"summary_large_image","twitter_misc":{"Est. reading time":"1 minuta"},"schema":{"@context":"https:\/\/schema.org","@graph":[{"@type":"Organization","@id":"https:\/\/selleetools.com\/#organization","name":"Selleetools","url":"https:\/\/selleetools.com\/","sameAs":[],"logo":{"@type":"ImageObject","inLanguage":"pl-PL","@id":"https:\/\/selleetools.com\/#\/schema\/logo\/image\/","url":"https:\/\/selleetools.com\/wp-content\/uploads\/2021\/10\/logo-dark.png","contentUrl":"https:\/\/selleetools.com\/wp-content\/uploads\/2021\/10\/logo-dark.png","width":320,"height":76,"caption":"Selleetools"},"image":{"@id":"https:\/\/selleetools.com\/#\/schema\/logo\/image\/"}},{"@type":"WebSite","@id":"https:\/\/selleetools.com\/#website","url":"https:\/\/selleetools.com\/","name":"Selleetools.com","description":"","publisher":{"@id":"https:\/\/selleetools.com\/#organization"},"potentialAction":[{"@type":"SearchAction","target":{"@type":"EntryPoint","urlTemplate":"https:\/\/selleetools.com\/?s={search_term_string}"},"query-input":"required name=search_term_string"}],"inLanguage":"pl-PL"},{"@type":"WebPage","@id":"https:\/\/admincentral.selleetools.com\/pl\/product\/pyunkang-yul-calming-madecasoside-spot-cream-30-ml-krem-punktowy-uspokajajacy\/","url":"https:\/\/admincentral.selleetools.com\/pl\/product\/pyunkang-yul-calming-madecasoside-spot-cream-30-ml-krem-punktowy-uspokajajacy\/","name":"Pyunkang yul Calming Madecasoside Spot Cream 30 ml - Krem punktowy uspokajaj\u0105cy - Selleetools.com","isPartOf":{"@id":"https:\/\/selleetools.com\/#website"},"datePublished":"2025-10-22T07:00:41+00:00","dateModified":"2025-12-26T15:50:07+00:00","breadcrumb":{"@id":"https:\/\/admincentral.selleetools.com\/pl\/product\/pyunkang-yul-calming-madecasoside-spot-cream-30-ml-krem-punktowy-uspokajajacy\/#breadcrumb"},"inLanguage":"pl-PL","potentialAction":[{"@type":"ReadAction","target":["https:\/\/admincentral.selleetools.com\/pl\/product\/pyunkang-yul-calming-madecasoside-spot-cream-30-ml-krem-punktowy-uspokajajacy\/"]}]},{"@type":"BreadcrumbList","@id":"https:\/\/admincentral.selleetools.com\/pl\/product\/pyunkang-yul-calming-madecasoside-spot-cream-30-ml-krem-punktowy-uspokajajacy\/#breadcrumb","itemListElement":[{"@type":"ListItem","position":1,"name":"Home","item":"https:\/\/selleetools.com\/pl\/"},{"@type":"ListItem","position":2,"name":"Katalog","item":"https:\/\/selleetools.com\/pl\/katalog\/"},{"@type":"ListItem","position":3,"name":"Pyunkang yul Calming Madecasoside Spot Cream 30 ml &#8211; Krem punktowy uspokajaj\u0105cy"}]}]}},"_links":{"self":[{"href":"https:\/\/admincentral.selleetools.com\/pl\/wp-json\/wp\/v2\/product\/598966"}],"collection":[{"href":"https:\/\/admincentral.selleetools.com\/pl\/wp-json\/wp\/v2\/product"}],"about":[{"href":"https:\/\/admincentral.selleetools.com\/pl\/wp-json\/wp\/v2\/types\/product"}],"replies":[{"embeddable":true,"href":"https:\/\/admincentral.selleetools.com\/pl\/wp-json\/wp\/v2\/comments?post=598966"}],"wp:featuredmedia":[{"embeddable":true,"href":"https:\/\/admincentral.selleetools.com\/pl\/wp-json\/wp\/v2\/media\/598964"}],"wp:attachment":[{"href":"https:\/\/admincentral.selleetools.com\/pl\/wp-json\/wp\/v2\/media?parent=598966"}],"curies":[{"name":"wp","href":"https:\/\/api.w.org\/{rel}","templated":true}]}}