{"id":598981,"date":"2025-10-22T09:00:59","date_gmt":"2025-10-22T07:00:59","guid":{"rendered":"https:\/\/selleetools.com\/?post_type=product&#038;p=598981"},"modified":"2025-10-23T19:11:56","modified_gmt":"2025-10-23T17:11:56","slug":"somebymi-yuja-niacin-dark-spot-correcting-stick-10-g-wielofunkcyjny-sztyft-do-twarzy","status":"publish","type":"product","link":"https:\/\/admincentral.selleetools.com\/pl\/product\/somebymi-yuja-niacin-dark-spot-correcting-stick-10-g-wielofunkcyjny-sztyft-do-twarzy\/","title":{"rendered":"SOMEBYMI YUJA NIACIN dark spot correcting stick 10 g &#8211; wielofunkcyjny sztyft do twarzy"},"content":{"rendered":"<p>SOMEBYMI Yuja Niacin Dark Spot Correcting Stick, 10g Precyzyjny produkt do punktowego stosowania, zaprojektowany specjalnie w celu redukcji przebarwie\u0144 i poprawy og\u00f3lnego kolorytu sk\u00f3ry. Formu\u0142a wzbogacona jest o ekstrakt z yuji (kadzid\u0142owca) oraz niacynamid, kt\u00f3re wspieraj\u0105 rozja\u015bnianie sk\u00f3ry, redukcj\u0119 plam pigmentacyjnych i popraw\u0119 jej jednolito\u015bci. Ekstrakt z yuji i niacynamid dzia\u0142aj\u0105 synergicznie, aby skutecznie rozja\u015bnia\u0107 przebarwienia, plamy i nier\u00f3wno\u015bci sk\u00f3rne, przywracaj\u0105c jednolity koloryt. Niacynamid (witamina B3) wspomaga proces rozja\u015bniania sk\u00f3ry, zmniejszaj\u0105c widoczno\u015b\u0107 ciemnych plam i pieg\u00f3w. Sk\u0142adniki aktywne maj\u0105 w\u0142a\u015bciwo\u015bci nawil\u017caj\u0105ce i \u0142agodz\u0105ce, co pomaga w utrzymaniu zdrowego wygl\u0105du sk\u00f3ry i redukcji podra\u017cnie\u0144. Korzy\u015bci dla sk\u00f3ry: Jednolity koloryt: Regularne stosowanie korektora poprawia jednolito\u015b\u0107 kolorytu sk\u00f3ry, redukuj\u0105c widoczno\u015b\u0107 przebarwie\u0144. Roz\u015bwietlenie: Produkt przyczynia si\u0119 do rozja\u015bnienia sk\u00f3ry, nadaj\u0105c jej \u015bwie\u017cy i promienny wygl\u0105d. Precyzyjna aplikacja: Forma sticka umo\u017cliwia precyzyjne nak\u0142adanie na problematyczne obszary, co zapewnia skuteczniejsze dzia\u0142anie. Spos\u00f3b u\u017cycia: Umyj twarz i przygotuj sk\u00f3r\u0119 do aplikacji. Bezpo\u015brednio na\u0142\u00f3\u017c produkt na przebarwienia i plamy pigmentacyjne, delikatnie wmasowuj\u0105c go w sk\u00f3r\u0119. Pozw\u00f3l produktowi wch\u0142on\u0105\u0107 si\u0119 ca\u0142kowicie przed na\u0142o\u017ceniem innych kosmetyk\u00f3w. U\u017cywaj korektora codziennie, najlepiej rano i wieczorem, jako cz\u0119\u015b\u0107 swojej rutyny piel\u0119gnacyjnej.<\/p>\n","protected":false},"excerpt":{"rendered":"<p>SOMEBYMI Yuja Niacin Dark Spot Correcting Stick, 10g Precyzyjny produkt do punktowego stosowania, zaprojektowany specjalnie w celu redukcji przebarwie\u0144 i poprawy og\u00f3lnego kolorytu sk\u00f3ry. Formu\u0142a wzbogacona jest o ekstrakt z yuji (kadzid\u0142owca) oraz niacynamid, kt\u00f3re wspieraj\u0105 rozja\u015bnianie sk\u00f3ry, redukcj\u0119 plam pigmentacyjnych i popraw\u0119 jej jednolito\u015bci. Ekstrakt z yuji i niacynamid dzia\u0142aj\u0105 synergicznie, aby skutecznie rozja\u015bnia\u0107 &#8230; <a title=\"SOMEBYMI YUJA NIACIN dark spot correcting stick 10 g &#8211; wielofunkcyjny sztyft do twarzy\" class=\"read-more\" href=\"https:\/\/admincentral.selleetools.com\/pl\/product\/somebymi-yuja-niacin-dark-spot-correcting-stick-10-g-wielofunkcyjny-sztyft-do-twarzy\/\">Read more<span class=\"screen-reader-text\">SOMEBYMI YUJA NIACIN dark spot correcting stick 10 g &#8211; wielofunkcyjny sztyft do twarzy<\/span><\/a><\/p>\n","protected":false},"featured_media":598977,"comment_status":"closed","ping_status":"closed","template":"","meta":{"_links_to":"","_links_to_target":""},"yoast_head":"<!-- This site is optimized with the Yoast SEO plugin v19.4 - https:\/\/yoast.com\/wordpress\/plugins\/seo\/ -->\n<title>SOMEBYMI YUJA NIACIN dark spot correcting stick 10 g - wielofunkcyjny sztyft do twarzy - Selleetools.com<\/title>\n<meta name=\"robots\" content=\"index, follow, max-snippet:-1, max-image-preview:large, max-video-preview:-1\" \/>\n<link rel=\"canonical\" href=\"https:\/\/selleetools.com\/product\/somebymi-yuja-niacin-dark-spot-correcting-stick-10-g-wielofunkcyjny-sztyft-do-twarzy\/\" \/>\n<meta property=\"og:locale\" content=\"pl_PL\" \/>\n<meta property=\"og:type\" content=\"article\" \/>\n<meta property=\"og:title\" content=\"SOMEBYMI YUJA NIACIN dark spot correcting stick 10 g - wielofunkcyjny sztyft do twarzy - Selleetools.com\" \/>\n<meta property=\"og:description\" content=\"SOMEBYMI Yuja Niacin Dark Spot Correcting Stick, 10g Precyzyjny produkt do punktowego stosowania, zaprojektowany specjalnie w celu redukcji przebarwie\u0144 i poprawy og\u00f3lnego kolorytu sk\u00f3ry. Formu\u0142a wzbogacona jest o ekstrakt z yuji (kadzid\u0142owca) oraz niacynamid, kt\u00f3re wspieraj\u0105 rozja\u015bnianie sk\u00f3ry, redukcj\u0119 plam pigmentacyjnych i popraw\u0119 jej jednolito\u015bci. Ekstrakt z yuji i niacynamid dzia\u0142aj\u0105 synergicznie, aby skutecznie rozja\u015bnia\u0107 ... Read moreSOMEBYMI YUJA NIACIN dark spot correcting stick 10 g &#8211; wielofunkcyjny sztyft do twarzy\" \/>\n<meta property=\"og:url\" content=\"https:\/\/selleetools.com\/product\/somebymi-yuja-niacin-dark-spot-correcting-stick-10-g-wielofunkcyjny-sztyft-do-twarzy\/\" \/>\n<meta property=\"og:site_name\" content=\"Selleetools.com\" \/>\n<meta property=\"article:modified_time\" content=\"2025-10-23T17:11:56+00:00\" \/>\n<meta property=\"og:image\" content=\"https:\/\/selleetools.com\/wp-content\/uploads\/2025\/10\/2f1893755db92ab31f67f640611bb77f.jpg\" \/>\n\t<meta property=\"og:image:width\" content=\"405\" \/>\n\t<meta property=\"og:image:height\" content=\"405\" \/>\n\t<meta property=\"og:image:type\" content=\"image\/jpeg\" \/>\n<meta name=\"twitter:card\" content=\"summary_large_image\" \/>\n<meta name=\"twitter:label1\" content=\"Est. reading time\" \/>\n\t<meta name=\"twitter:data1\" content=\"1 minuta\" \/>\n<!-- \/ Yoast SEO plugin. -->","yoast_head_json":{"title":"SOMEBYMI YUJA NIACIN dark spot correcting stick 10 g - wielofunkcyjny sztyft do twarzy - Selleetools.com","robots":{"index":"index","follow":"follow","max-snippet":"max-snippet:-1","max-image-preview":"max-image-preview:large","max-video-preview":"max-video-preview:-1"},"canonical":"https:\/\/selleetools.com\/product\/somebymi-yuja-niacin-dark-spot-correcting-stick-10-g-wielofunkcyjny-sztyft-do-twarzy\/","og_locale":"pl_PL","og_type":"article","og_title":"SOMEBYMI YUJA NIACIN dark spot correcting stick 10 g - wielofunkcyjny sztyft do twarzy - Selleetools.com","og_description":"SOMEBYMI Yuja Niacin Dark Spot Correcting Stick, 10g Precyzyjny produkt do punktowego stosowania, zaprojektowany specjalnie w celu redukcji przebarwie\u0144 i poprawy og\u00f3lnego kolorytu sk\u00f3ry. Formu\u0142a wzbogacona jest o ekstrakt z yuji (kadzid\u0142owca) oraz niacynamid, kt\u00f3re wspieraj\u0105 rozja\u015bnianie sk\u00f3ry, redukcj\u0119 plam pigmentacyjnych i popraw\u0119 jej jednolito\u015bci. Ekstrakt z yuji i niacynamid dzia\u0142aj\u0105 synergicznie, aby skutecznie rozja\u015bnia\u0107 ... Read moreSOMEBYMI YUJA NIACIN dark spot correcting stick 10 g &#8211; wielofunkcyjny sztyft do twarzy","og_url":"https:\/\/selleetools.com\/product\/somebymi-yuja-niacin-dark-spot-correcting-stick-10-g-wielofunkcyjny-sztyft-do-twarzy\/","og_site_name":"Selleetools.com","article_modified_time":"2025-10-23T17:11:56+00:00","og_image":[{"width":405,"height":405,"url":"https:\/\/selleetools.com\/wp-content\/uploads\/2025\/10\/2f1893755db92ab31f67f640611bb77f.jpg","type":"image\/jpeg"}],"twitter_card":"summary_large_image","twitter_misc":{"Est. reading time":"1 minuta"},"schema":{"@context":"https:\/\/schema.org","@graph":[{"@type":"Organization","@id":"https:\/\/selleetools.com\/#organization","name":"Selleetools","url":"https:\/\/selleetools.com\/","sameAs":[],"logo":{"@type":"ImageObject","inLanguage":"pl-PL","@id":"https:\/\/selleetools.com\/#\/schema\/logo\/image\/","url":"https:\/\/selleetools.com\/wp-content\/uploads\/2021\/10\/logo-dark.png","contentUrl":"https:\/\/selleetools.com\/wp-content\/uploads\/2021\/10\/logo-dark.png","width":320,"height":76,"caption":"Selleetools"},"image":{"@id":"https:\/\/selleetools.com\/#\/schema\/logo\/image\/"}},{"@type":"WebSite","@id":"https:\/\/selleetools.com\/#website","url":"https:\/\/selleetools.com\/","name":"Selleetools.com","description":"","publisher":{"@id":"https:\/\/selleetools.com\/#organization"},"potentialAction":[{"@type":"SearchAction","target":{"@type":"EntryPoint","urlTemplate":"https:\/\/selleetools.com\/?s={search_term_string}"},"query-input":"required name=search_term_string"}],"inLanguage":"pl-PL"},{"@type":"WebPage","@id":"https:\/\/selleetools.com\/product\/somebymi-yuja-niacin-dark-spot-correcting-stick-10-g-wielofunkcyjny-sztyft-do-twarzy\/","url":"https:\/\/selleetools.com\/product\/somebymi-yuja-niacin-dark-spot-correcting-stick-10-g-wielofunkcyjny-sztyft-do-twarzy\/","name":"SOMEBYMI YUJA NIACIN dark spot correcting stick 10 g - wielofunkcyjny sztyft do twarzy - Selleetools.com","isPartOf":{"@id":"https:\/\/selleetools.com\/#website"},"datePublished":"2025-10-22T07:00:59+00:00","dateModified":"2025-10-23T17:11:56+00:00","breadcrumb":{"@id":"https:\/\/selleetools.com\/product\/somebymi-yuja-niacin-dark-spot-correcting-stick-10-g-wielofunkcyjny-sztyft-do-twarzy\/#breadcrumb"},"inLanguage":"pl-PL","potentialAction":[{"@type":"ReadAction","target":["https:\/\/selleetools.com\/product\/somebymi-yuja-niacin-dark-spot-correcting-stick-10-g-wielofunkcyjny-sztyft-do-twarzy\/"]}]},{"@type":"BreadcrumbList","@id":"https:\/\/selleetools.com\/product\/somebymi-yuja-niacin-dark-spot-correcting-stick-10-g-wielofunkcyjny-sztyft-do-twarzy\/#breadcrumb","itemListElement":[{"@type":"ListItem","position":1,"name":"Home","item":"https:\/\/selleetools.com\/pl\/"},{"@type":"ListItem","position":2,"name":"Katalog","item":"https:\/\/selleetools.com\/pl\/katalog\/"},{"@type":"ListItem","position":3,"name":"SOMEBYMI YUJA NIACIN dark spot correcting stick 10 g &#8211; wielofunkcyjny sztyft do twarzy"}]}]}},"_links":{"self":[{"href":"https:\/\/admincentral.selleetools.com\/pl\/wp-json\/wp\/v2\/product\/598981"}],"collection":[{"href":"https:\/\/admincentral.selleetools.com\/pl\/wp-json\/wp\/v2\/product"}],"about":[{"href":"https:\/\/admincentral.selleetools.com\/pl\/wp-json\/wp\/v2\/types\/product"}],"replies":[{"embeddable":true,"href":"https:\/\/admincentral.selleetools.com\/pl\/wp-json\/wp\/v2\/comments?post=598981"}],"wp:featuredmedia":[{"embeddable":true,"href":"https:\/\/admincentral.selleetools.com\/pl\/wp-json\/wp\/v2\/media\/598977"}],"wp:attachment":[{"href":"https:\/\/admincentral.selleetools.com\/pl\/wp-json\/wp\/v2\/media?parent=598981"}],"curies":[{"name":"wp","href":"https:\/\/api.w.org\/{rel}","templated":true}]}}