{"id":599033,"date":"2025-10-22T09:01:37","date_gmt":"2025-10-22T07:01:37","guid":{"rendered":"https:\/\/selleetools.com\/?post_type=product&#038;p=599033"},"modified":"2025-12-26T16:50:10","modified_gmt":"2025-12-26T15:50:10","slug":"nine-less-essentials-uv-shield-soothing-sun-cream-50-g-krem-ochronny-lagodzacy","status":"publish","type":"product","link":"https:\/\/admincentral.selleetools.com\/pl\/product\/nine-less-essentials-uv-shield-soothing-sun-cream-50-g-krem-ochronny-lagodzacy\/","title":{"rendered":"Nine less Essentials UV Shield Soothing Sun Cream 50 g \u2013 Krem ochronny \u0142agodz\u0105cy"},"content":{"rendered":"<p>Nineless Essentials UV Shield Soothing Sun Cream to delikatny krem przeciws\u0142oneczny, kt\u00f3ry skutecznie chroni sk\u00f3r\u0119 przed szkodliwym promieniowaniem UV, jednocze\u015bnie j\u0105 piel\u0119gnuj\u0105c. Zawiera sk\u0142adniki \u0142agodz\u0105ce, dzi\u0119ki czemu idealnie nadaje si\u0119 do codziennego stosowania, nawet przy sk\u00f3rze wra\u017cliwej.<\/p>\n<p>Korzy\u015bci dla sk\u00f3ry:<br \/>\nOchrona przeciws\u0142oneczna: Wysoki filtr SPF zapewnia ochron\u0119 przed promieniami UVA i UVB, zapobiegaj\u0105c przedwczesnemu starzeniu si\u0119 sk\u00f3ry oraz powstawaniu przebarwie\u0144.<br \/>\nNawil\u017cenie: Krem ma lekk\u0105 konsystencj\u0119, kt\u00f3ra szybko si\u0119 wch\u0142ania, zapewniaj\u0105c intensywne nawil\u017cenie bez efektu ci\u0119\u017cko\u015bci czy t\u0142usto\u015bci.<br \/>\n\u0141agodzenie podra\u017cnie\u0144: Zawarto\u015b\u0107 sk\u0142adnik\u00f3w koj\u0105cych, takich jak ekstrakty ro\u015blinne, dzia\u0142a przeciwzapalnie, redukuj\u0105c zaczerwienienia i podra\u017cnienia spowodowane ekspozycj\u0105 na s\u0142o\u0144ce.<br \/>\nNiekomedogenny: Produkt jest odpowiedni dla ka\u017cdego typu cery, w tym sk\u00f3ry t\u0142ustej i mieszanej, poniewa\u017c nie zatyka por\u00f3w.<\/p>\n<p>Spos\u00f3b u\u017cycia:<br \/>\nNa\u0142\u00f3\u017c odpowiedni\u0105 ilo\u015b\u0107 kremu na twarz oraz inne odkryte partie cia\u0142a co najmniej 15 minut przed ekspozycj\u0105 na s\u0142o\u0144ce. W przypadku d\u0142u\u017cszej ekspozycji lub po kontakcie z wod\u0105, aplikacj\u0119 nale\u017cy powt\u00f3rzy\u0107, aby utrzyma\u0107 maksymaln\u0105 ochron\u0119.<\/p>\n<p>Ten produkt to idealny wyb\u00f3r dla os\u00f3b, kt\u00f3re pragn\u0105 zapewni\u0107 swojej sk\u00f3rze skuteczn\u0105 ochron\u0119 UV, jednocze\u015bnie dostarczaj\u0105c jej odpowiedni\u0105 piel\u0119gnacj\u0119 i nawil\u017cenie.<\/p>\n","protected":false},"excerpt":{"rendered":"<p>Nineless Essentials UV Shield Soothing Sun Cream to delikatny krem przeciws\u0142oneczny, kt\u00f3ry skutecznie chroni sk\u00f3r\u0119 przed szkodliwym promieniowaniem UV, jednocze\u015bnie j\u0105 piel\u0119gnuj\u0105c. Zawiera sk\u0142adniki \u0142agodz\u0105ce, dzi\u0119ki czemu idealnie nadaje si\u0119 do codziennego stosowania, nawet przy sk\u00f3rze wra\u017cliwej. Korzy\u015bci dla sk\u00f3ry: Ochrona przeciws\u0142oneczna: Wysoki filtr SPF zapewnia ochron\u0119 przed promieniami UVA i UVB, zapobiegaj\u0105c przedwczesnemu starzeniu &#8230; <a title=\"Nine less Essentials UV Shield Soothing Sun Cream 50 g \u2013 Krem ochronny \u0142agodz\u0105cy\" class=\"read-more\" href=\"https:\/\/admincentral.selleetools.com\/pl\/product\/nine-less-essentials-uv-shield-soothing-sun-cream-50-g-krem-ochronny-lagodzacy\/\">Read more<span class=\"screen-reader-text\">Nine less Essentials UV Shield Soothing Sun Cream 50 g \u2013 Krem ochronny \u0142agodz\u0105cy<\/span><\/a><\/p>\n","protected":false},"featured_media":599029,"comment_status":"open","ping_status":"closed","template":"","meta":{"_links_to":"","_links_to_target":""},"yoast_head":"<!-- This site is optimized with the Yoast SEO plugin v19.4 - https:\/\/yoast.com\/wordpress\/plugins\/seo\/ -->\n<title>Nine less Essentials UV Shield Soothing Sun Cream 50 g \u2013 Krem ochronny \u0142agodz\u0105cy - Selleetools.com<\/title>\n<meta name=\"robots\" content=\"index, follow, max-snippet:-1, max-image-preview:large, max-video-preview:-1\" \/>\n<link rel=\"canonical\" href=\"https:\/\/selleetools.com\/product\/nine-less-essentials-uv-shield-soothing-sun-cream-50-g-krem-ochronny-lagodzacy\/\" \/>\n<meta property=\"og:locale\" content=\"pl_PL\" \/>\n<meta property=\"og:type\" content=\"article\" \/>\n<meta property=\"og:title\" content=\"Nine less Essentials UV Shield Soothing Sun Cream 50 g \u2013 Krem ochronny \u0142agodz\u0105cy - Selleetools.com\" \/>\n<meta property=\"og:description\" content=\"Nineless Essentials UV Shield Soothing Sun Cream to delikatny krem przeciws\u0142oneczny, kt\u00f3ry skutecznie chroni sk\u00f3r\u0119 przed szkodliwym promieniowaniem UV, jednocze\u015bnie j\u0105 piel\u0119gnuj\u0105c. Zawiera sk\u0142adniki \u0142agodz\u0105ce, dzi\u0119ki czemu idealnie nadaje si\u0119 do codziennego stosowania, nawet przy sk\u00f3rze wra\u017cliwej. Korzy\u015bci dla sk\u00f3ry: Ochrona przeciws\u0142oneczna: Wysoki filtr SPF zapewnia ochron\u0119 przed promieniami UVA i UVB, zapobiegaj\u0105c przedwczesnemu starzeniu ... Read moreNine less Essentials UV Shield Soothing Sun Cream 50 g \u2013 Krem ochronny \u0142agodz\u0105cy\" \/>\n<meta property=\"og:url\" content=\"https:\/\/selleetools.com\/product\/nine-less-essentials-uv-shield-soothing-sun-cream-50-g-krem-ochronny-lagodzacy\/\" \/>\n<meta property=\"og:site_name\" content=\"Selleetools.com\" \/>\n<meta property=\"article:modified_time\" content=\"2025-12-26T15:50:10+00:00\" \/>\n<meta property=\"og:image\" content=\"https:\/\/selleetools.com\/wp-content\/uploads\/2025\/10\/25c7d773cab6d7a66482a0ea4aa7dea3.jpg\" \/>\n\t<meta property=\"og:image:width\" content=\"500\" \/>\n\t<meta property=\"og:image:height\" content=\"500\" \/>\n\t<meta property=\"og:image:type\" content=\"image\/jpeg\" \/>\n<meta name=\"twitter:card\" content=\"summary_large_image\" \/>\n<meta name=\"twitter:label1\" content=\"Est. reading time\" \/>\n\t<meta name=\"twitter:data1\" content=\"1 minuta\" \/>\n<!-- \/ Yoast SEO plugin. -->","yoast_head_json":{"title":"Nine less Essentials UV Shield Soothing Sun Cream 50 g \u2013 Krem ochronny \u0142agodz\u0105cy - Selleetools.com","robots":{"index":"index","follow":"follow","max-snippet":"max-snippet:-1","max-image-preview":"max-image-preview:large","max-video-preview":"max-video-preview:-1"},"canonical":"https:\/\/selleetools.com\/product\/nine-less-essentials-uv-shield-soothing-sun-cream-50-g-krem-ochronny-lagodzacy\/","og_locale":"pl_PL","og_type":"article","og_title":"Nine less Essentials UV Shield Soothing Sun Cream 50 g \u2013 Krem ochronny \u0142agodz\u0105cy - Selleetools.com","og_description":"Nineless Essentials UV Shield Soothing Sun Cream to delikatny krem przeciws\u0142oneczny, kt\u00f3ry skutecznie chroni sk\u00f3r\u0119 przed szkodliwym promieniowaniem UV, jednocze\u015bnie j\u0105 piel\u0119gnuj\u0105c. Zawiera sk\u0142adniki \u0142agodz\u0105ce, dzi\u0119ki czemu idealnie nadaje si\u0119 do codziennego stosowania, nawet przy sk\u00f3rze wra\u017cliwej. Korzy\u015bci dla sk\u00f3ry: Ochrona przeciws\u0142oneczna: Wysoki filtr SPF zapewnia ochron\u0119 przed promieniami UVA i UVB, zapobiegaj\u0105c przedwczesnemu starzeniu ... Read moreNine less Essentials UV Shield Soothing Sun Cream 50 g \u2013 Krem ochronny \u0142agodz\u0105cy","og_url":"https:\/\/selleetools.com\/product\/nine-less-essentials-uv-shield-soothing-sun-cream-50-g-krem-ochronny-lagodzacy\/","og_site_name":"Selleetools.com","article_modified_time":"2025-12-26T15:50:10+00:00","og_image":[{"width":500,"height":500,"url":"https:\/\/selleetools.com\/wp-content\/uploads\/2025\/10\/25c7d773cab6d7a66482a0ea4aa7dea3.jpg","type":"image\/jpeg"}],"twitter_card":"summary_large_image","twitter_misc":{"Est. reading time":"1 minuta"},"schema":{"@context":"https:\/\/schema.org","@graph":[{"@type":"Organization","@id":"https:\/\/selleetools.com\/#organization","name":"Selleetools","url":"https:\/\/selleetools.com\/","sameAs":[],"logo":{"@type":"ImageObject","inLanguage":"pl-PL","@id":"https:\/\/selleetools.com\/#\/schema\/logo\/image\/","url":"https:\/\/selleetools.com\/wp-content\/uploads\/2021\/10\/logo-dark.png","contentUrl":"https:\/\/selleetools.com\/wp-content\/uploads\/2021\/10\/logo-dark.png","width":320,"height":76,"caption":"Selleetools"},"image":{"@id":"https:\/\/selleetools.com\/#\/schema\/logo\/image\/"}},{"@type":"WebSite","@id":"https:\/\/selleetools.com\/#website","url":"https:\/\/selleetools.com\/","name":"Selleetools.com","description":"","publisher":{"@id":"https:\/\/selleetools.com\/#organization"},"potentialAction":[{"@type":"SearchAction","target":{"@type":"EntryPoint","urlTemplate":"https:\/\/selleetools.com\/?s={search_term_string}"},"query-input":"required name=search_term_string"}],"inLanguage":"pl-PL"},{"@type":"WebPage","@id":"https:\/\/selleetools.com\/product\/nine-less-essentials-uv-shield-soothing-sun-cream-50-g-krem-ochronny-lagodzacy\/","url":"https:\/\/selleetools.com\/product\/nine-less-essentials-uv-shield-soothing-sun-cream-50-g-krem-ochronny-lagodzacy\/","name":"Nine less Essentials UV Shield Soothing Sun Cream 50 g \u2013 Krem ochronny \u0142agodz\u0105cy - Selleetools.com","isPartOf":{"@id":"https:\/\/selleetools.com\/#website"},"datePublished":"2025-10-22T07:01:37+00:00","dateModified":"2025-12-26T15:50:10+00:00","breadcrumb":{"@id":"https:\/\/selleetools.com\/product\/nine-less-essentials-uv-shield-soothing-sun-cream-50-g-krem-ochronny-lagodzacy\/#breadcrumb"},"inLanguage":"pl-PL","potentialAction":[{"@type":"ReadAction","target":["https:\/\/selleetools.com\/product\/nine-less-essentials-uv-shield-soothing-sun-cream-50-g-krem-ochronny-lagodzacy\/"]}]},{"@type":"BreadcrumbList","@id":"https:\/\/selleetools.com\/product\/nine-less-essentials-uv-shield-soothing-sun-cream-50-g-krem-ochronny-lagodzacy\/#breadcrumb","itemListElement":[{"@type":"ListItem","position":1,"name":"Home","item":"https:\/\/selleetools.com\/pl\/"},{"@type":"ListItem","position":2,"name":"Katalog","item":"https:\/\/selleetools.com\/pl\/katalog\/"},{"@type":"ListItem","position":3,"name":"Nine less Essentials UV Shield Soothing Sun Cream 50 g \u2013 Krem ochronny \u0142agodz\u0105cy"}]}]}},"_links":{"self":[{"href":"https:\/\/admincentral.selleetools.com\/pl\/wp-json\/wp\/v2\/product\/599033"}],"collection":[{"href":"https:\/\/admincentral.selleetools.com\/pl\/wp-json\/wp\/v2\/product"}],"about":[{"href":"https:\/\/admincentral.selleetools.com\/pl\/wp-json\/wp\/v2\/types\/product"}],"replies":[{"embeddable":true,"href":"https:\/\/admincentral.selleetools.com\/pl\/wp-json\/wp\/v2\/comments?post=599033"}],"wp:featuredmedia":[{"embeddable":true,"href":"https:\/\/admincentral.selleetools.com\/pl\/wp-json\/wp\/v2\/media\/599029"}],"wp:attachment":[{"href":"https:\/\/admincentral.selleetools.com\/pl\/wp-json\/wp\/v2\/media?parent=599033"}],"curies":[{"name":"wp","href":"https:\/\/api.w.org\/{rel}","templated":true}]}}