{"id":599086,"date":"2025-10-22T09:02:11","date_gmt":"2025-10-22T07:02:11","guid":{"rendered":"https:\/\/selleetools.com\/?post_type=product&#038;p=599086"},"modified":"2026-02-25T19:20:25","modified_gmt":"2026-02-25T18:20:25","slug":"mixsoon-centella-asiatica-toner-150-ml-lagodzacy-toner-do-twarzy","status":"publish","type":"product","link":"https:\/\/admincentral.selleetools.com\/pl\/product\/mixsoon-centella-asiatica-toner-150-ml-lagodzacy-toner-do-twarzy\/","title":{"rendered":"MIXSOON Centella Asiatica Toner 150 ml &#8211; \u0141agodz\u0105cy toner do twarzy"},"content":{"rendered":"<p>MIXSOON Centella Asiatica Toner to delikatny tonik do twarzy, kt\u00f3ry koi, nawil\u017ca i wspiera regeneracj\u0119 sk\u00f3ry. Zawiera ekstrakt z w\u0105krotki azjatyckiej (Centella Asiatica), znanej ze swoich w\u0142a\u015bciwo\u015bci \u0142agodz\u0105cych i wzmacniaj\u0105cych barier\u0119 ochronn\u0105 sk\u00f3ry. Lekka formu\u0142a szybko si\u0119 wch\u0142ania, przygotowuj\u0105c sk\u00f3r\u0119 do dalszych etap\u00f3w piel\u0119gnacji.<\/p>\n<p>Korzy\u015bci dla sk\u00f3ry:<br \/>\nKoi i \u0142agodzi podra\u017cnienia<br \/>\nNawil\u017ca i od\u015bwie\u017ca sk\u00f3r\u0119<br \/>\nWzmacnia naturaln\u0105 barier\u0119 sk\u00f3ry<br \/>\nWspiera regeneracj\u0119 i poprawia elastyczno\u015b\u0107<br \/>\nIdealny dla sk\u00f3ry wra\u017cliwej i problematycznej<\/p>\n<p>Spos\u00f3b u\u017cycia: Po oczyszczeniu sk\u00f3ry nanie\u015b odpowiedni\u0105 ilo\u015b\u0107 toniku na wacik lub d\u0142onie i delikatnie rozprowad\u017a na twarzy. Stosuj rano i wieczorem przed na\u0142o\u017ceniem serum lub kremu.<\/p>\n","protected":false},"excerpt":{"rendered":"<p>MIXSOON Centella Asiatica Toner to delikatny tonik do twarzy, kt\u00f3ry koi, nawil\u017ca i wspiera regeneracj\u0119 sk\u00f3ry. Zawiera ekstrakt z w\u0105krotki azjatyckiej (Centella Asiatica), znanej ze swoich w\u0142a\u015bciwo\u015bci \u0142agodz\u0105cych i wzmacniaj\u0105cych barier\u0119 ochronn\u0105 sk\u00f3ry. Lekka formu\u0142a szybko si\u0119 wch\u0142ania, przygotowuj\u0105c sk\u00f3r\u0119 do dalszych etap\u00f3w piel\u0119gnacji. Korzy\u015bci dla sk\u00f3ry: Koi i \u0142agodzi podra\u017cnienia Nawil\u017ca i od\u015bwie\u017ca sk\u00f3r\u0119 &#8230; <a title=\"MIXSOON Centella Asiatica Toner 150 ml &#8211; \u0141agodz\u0105cy toner do twarzy\" class=\"read-more\" href=\"https:\/\/admincentral.selleetools.com\/pl\/product\/mixsoon-centella-asiatica-toner-150-ml-lagodzacy-toner-do-twarzy\/\">Read more<span class=\"screen-reader-text\">MIXSOON Centella Asiatica Toner 150 ml &#8211; \u0141agodz\u0105cy toner do twarzy<\/span><\/a><\/p>\n","protected":false},"featured_media":599083,"comment_status":"open","ping_status":"closed","template":"","meta":{"_links_to":"","_links_to_target":""},"yoast_head":"<!-- This site is optimized with the Yoast SEO plugin v19.4 - https:\/\/yoast.com\/wordpress\/plugins\/seo\/ -->\n<title>MIXSOON Centella Asiatica Toner 150 ml - \u0141agodz\u0105cy toner do twarzy - Selleetools.com<\/title>\n<meta name=\"robots\" content=\"index, follow, max-snippet:-1, max-image-preview:large, max-video-preview:-1\" \/>\n<link rel=\"canonical\" href=\"https:\/\/selleetools.com\/pl\/product\/mixsoon-centella-asiatica-toner-150-ml-lagodzacy-toner-do-twarzy\/\" \/>\n<meta property=\"og:locale\" content=\"pl_PL\" \/>\n<meta property=\"og:type\" content=\"article\" \/>\n<meta property=\"og:title\" content=\"MIXSOON Centella Asiatica Toner 150 ml - \u0141agodz\u0105cy toner do twarzy - Selleetools.com\" \/>\n<meta property=\"og:description\" content=\"MIXSOON Centella Asiatica Toner to delikatny tonik do twarzy, kt\u00f3ry koi, nawil\u017ca i wspiera regeneracj\u0119 sk\u00f3ry. Zawiera ekstrakt z w\u0105krotki azjatyckiej (Centella Asiatica), znanej ze swoich w\u0142a\u015bciwo\u015bci \u0142agodz\u0105cych i wzmacniaj\u0105cych barier\u0119 ochronn\u0105 sk\u00f3ry. Lekka formu\u0142a szybko si\u0119 wch\u0142ania, przygotowuj\u0105c sk\u00f3r\u0119 do dalszych etap\u00f3w piel\u0119gnacji. Korzy\u015bci dla sk\u00f3ry: Koi i \u0142agodzi podra\u017cnienia Nawil\u017ca i od\u015bwie\u017ca sk\u00f3r\u0119 ... Read moreMIXSOON Centella Asiatica Toner 150 ml &#8211; \u0141agodz\u0105cy toner do twarzy\" \/>\n<meta property=\"og:url\" content=\"https:\/\/selleetools.com\/pl\/product\/mixsoon-centella-asiatica-toner-150-ml-lagodzacy-toner-do-twarzy\/\" \/>\n<meta property=\"og:site_name\" content=\"Selleetools.com\" \/>\n<meta property=\"article:modified_time\" content=\"2026-02-25T18:20:25+00:00\" \/>\n<meta property=\"og:image\" content=\"https:\/\/selleetools.com\/wp-content\/uploads\/2025\/10\/b08ca96376c691e6f666ad87ab883eaf.png\" \/>\n\t<meta property=\"og:image:width\" content=\"500\" \/>\n\t<meta property=\"og:image:height\" content=\"500\" \/>\n\t<meta property=\"og:image:type\" content=\"image\/png\" \/>\n<meta name=\"twitter:card\" content=\"summary_large_image\" \/>\n<meta name=\"twitter:label1\" content=\"Est. reading time\" \/>\n\t<meta name=\"twitter:data1\" content=\"1 minuta\" \/>\n<!-- \/ Yoast SEO plugin. -->","yoast_head_json":{"title":"MIXSOON Centella Asiatica Toner 150 ml - \u0141agodz\u0105cy toner do twarzy - Selleetools.com","robots":{"index":"index","follow":"follow","max-snippet":"max-snippet:-1","max-image-preview":"max-image-preview:large","max-video-preview":"max-video-preview:-1"},"canonical":"https:\/\/selleetools.com\/pl\/product\/mixsoon-centella-asiatica-toner-150-ml-lagodzacy-toner-do-twarzy\/","og_locale":"pl_PL","og_type":"article","og_title":"MIXSOON Centella Asiatica Toner 150 ml - \u0141agodz\u0105cy toner do twarzy - Selleetools.com","og_description":"MIXSOON Centella Asiatica Toner to delikatny tonik do twarzy, kt\u00f3ry koi, nawil\u017ca i wspiera regeneracj\u0119 sk\u00f3ry. Zawiera ekstrakt z w\u0105krotki azjatyckiej (Centella Asiatica), znanej ze swoich w\u0142a\u015bciwo\u015bci \u0142agodz\u0105cych i wzmacniaj\u0105cych barier\u0119 ochronn\u0105 sk\u00f3ry. Lekka formu\u0142a szybko si\u0119 wch\u0142ania, przygotowuj\u0105c sk\u00f3r\u0119 do dalszych etap\u00f3w piel\u0119gnacji. Korzy\u015bci dla sk\u00f3ry: Koi i \u0142agodzi podra\u017cnienia Nawil\u017ca i od\u015bwie\u017ca sk\u00f3r\u0119 ... Read moreMIXSOON Centella Asiatica Toner 150 ml &#8211; \u0141agodz\u0105cy toner do twarzy","og_url":"https:\/\/selleetools.com\/pl\/product\/mixsoon-centella-asiatica-toner-150-ml-lagodzacy-toner-do-twarzy\/","og_site_name":"Selleetools.com","article_modified_time":"2026-02-25T18:20:25+00:00","og_image":[{"width":500,"height":500,"url":"https:\/\/selleetools.com\/wp-content\/uploads\/2025\/10\/b08ca96376c691e6f666ad87ab883eaf.png","type":"image\/png"}],"twitter_card":"summary_large_image","twitter_misc":{"Est. reading time":"1 minuta"},"schema":{"@context":"https:\/\/schema.org","@graph":[{"@type":"Organization","@id":"https:\/\/selleetools.com\/#organization","name":"Selleetools","url":"https:\/\/selleetools.com\/","sameAs":[],"logo":{"@type":"ImageObject","inLanguage":"pl-PL","@id":"https:\/\/selleetools.com\/#\/schema\/logo\/image\/","url":"https:\/\/selleetools.com\/wp-content\/uploads\/2021\/10\/logo-dark.png","contentUrl":"https:\/\/selleetools.com\/wp-content\/uploads\/2021\/10\/logo-dark.png","width":320,"height":76,"caption":"Selleetools"},"image":{"@id":"https:\/\/selleetools.com\/#\/schema\/logo\/image\/"}},{"@type":"WebSite","@id":"https:\/\/selleetools.com\/#website","url":"https:\/\/selleetools.com\/","name":"Selleetools.com","description":"","publisher":{"@id":"https:\/\/selleetools.com\/#organization"},"potentialAction":[{"@type":"SearchAction","target":{"@type":"EntryPoint","urlTemplate":"https:\/\/selleetools.com\/?s={search_term_string}"},"query-input":"required name=search_term_string"}],"inLanguage":"pl-PL"},{"@type":"WebPage","@id":"https:\/\/selleetools.com\/pl\/product\/mixsoon-centella-asiatica-toner-150-ml-lagodzacy-toner-do-twarzy\/","url":"https:\/\/selleetools.com\/pl\/product\/mixsoon-centella-asiatica-toner-150-ml-lagodzacy-toner-do-twarzy\/","name":"MIXSOON Centella Asiatica Toner 150 ml - \u0141agodz\u0105cy toner do twarzy - Selleetools.com","isPartOf":{"@id":"https:\/\/selleetools.com\/#website"},"datePublished":"2025-10-22T07:02:11+00:00","dateModified":"2026-02-25T18:20:25+00:00","breadcrumb":{"@id":"https:\/\/selleetools.com\/pl\/product\/mixsoon-centella-asiatica-toner-150-ml-lagodzacy-toner-do-twarzy\/#breadcrumb"},"inLanguage":"pl-PL","potentialAction":[{"@type":"ReadAction","target":["https:\/\/selleetools.com\/pl\/product\/mixsoon-centella-asiatica-toner-150-ml-lagodzacy-toner-do-twarzy\/"]}]},{"@type":"BreadcrumbList","@id":"https:\/\/selleetools.com\/pl\/product\/mixsoon-centella-asiatica-toner-150-ml-lagodzacy-toner-do-twarzy\/#breadcrumb","itemListElement":[{"@type":"ListItem","position":1,"name":"Home","item":"https:\/\/selleetools.com\/pl\/"},{"@type":"ListItem","position":2,"name":"Katalog","item":"https:\/\/selleetools.com\/pl\/katalog\/"},{"@type":"ListItem","position":3,"name":"MIXSOON Centella Asiatica Toner 150 ml &#8211; \u0141agodz\u0105cy toner do twarzy"}]}]}},"_links":{"self":[{"href":"https:\/\/admincentral.selleetools.com\/pl\/wp-json\/wp\/v2\/product\/599086"}],"collection":[{"href":"https:\/\/admincentral.selleetools.com\/pl\/wp-json\/wp\/v2\/product"}],"about":[{"href":"https:\/\/admincentral.selleetools.com\/pl\/wp-json\/wp\/v2\/types\/product"}],"replies":[{"embeddable":true,"href":"https:\/\/admincentral.selleetools.com\/pl\/wp-json\/wp\/v2\/comments?post=599086"}],"wp:featuredmedia":[{"embeddable":true,"href":"https:\/\/admincentral.selleetools.com\/pl\/wp-json\/wp\/v2\/media\/599083"}],"wp:attachment":[{"href":"https:\/\/admincentral.selleetools.com\/pl\/wp-json\/wp\/v2\/media?parent=599086"}],"curies":[{"name":"wp","href":"https:\/\/api.w.org\/{rel}","templated":true}]}}