{"id":599124,"date":"2025-10-22T09:02:46","date_gmt":"2025-10-22T07:02:46","guid":{"rendered":"https:\/\/selleetools.com\/?post_type=product&#038;p=599124"},"modified":"2025-10-23T19:51:42","modified_gmt":"2025-10-23T17:51:42","slug":"some-by-mi-real-hyaluron-hydra-care-mask-20-g-nawilzajaca-maska-w-plachcie","status":"publish","type":"product","link":"https:\/\/admincentral.selleetools.com\/pl\/product\/some-by-mi-real-hyaluron-hydra-care-mask-20-g-nawilzajaca-maska-w-plachcie\/","title":{"rendered":"SOME BY MI Real Hyaluron Hydra Care Mask 20 g &#8211; nawil\u017caj\u0105ca maska w p\u0142achcie"},"content":{"rendered":"<p>SOMEBYMI Real Hyaluron Hydra Care Mask, 1 szt.<br \/>\nJednorazowa maska w p\u0142achcie, zaprojektowana w celu intensywnego nawil\u017cenia i regeneracji sk\u00f3ry. Formu\u0142a maski wzbogacona jest o kwas hialuronowy, kt\u00f3ry skutecznie przyci\u0105ga i zatrzymuje wilgo\u0107, zapewniaj\u0105c g\u0142\u0119bokie nawil\u017cenie oraz elastyczno\u015b\u0107 sk\u00f3rze. Idealna do piel\u0119gnacji sk\u00f3ry suchej i odwodnionej. Kwas hialuronowy w masce skutecznie nawil\u017ca sk\u00f3r\u0119, przywracaj\u0105c jej optymalny poziom wilgoci i poprawiaj\u0105c jej struktur\u0119.  Formu\u0142a maski wspomaga regeneracj\u0119 sk\u00f3ry, poprawiaj\u0105c jej elastyczno\u015b\u0107 i j\u0119drno\u015b\u0107.  Maska \u0142agodzi uczucie \u015bci\u0105gni\u0119cia i podra\u017cnienia, przynosz\u0105c sk\u00f3rze ukojenie i komfort.<\/p>\n<p>Korzy\u015bci dla sk\u00f3ry:<br \/>\nG\u0142\u0119bokie nawil\u017cenie: Sk\u00f3ra jest intensywnie nawil\u017cona, co sprawia, \u017ce staje si\u0119 mi\u0119kka, g\u0142adka i promienna.<br \/>\nPoprawiona elastyczno\u015b\u0107: Regularne stosowanie maski przyczynia si\u0119 do poprawy elastyczno\u015bci i j\u0119drno\u015bci sk\u00f3ry.<br \/>\nUkojenie i komfort: Maska \u0142agodzi podra\u017cnienia i \u015bci\u0105gni\u0119cia, przynosz\u0105c ulg\u0119 suchej i odwodnionej sk\u00f3rze.<\/p>\n<p>Spos\u00f3b u\u017cycia: Umyj twarz i osusz j\u0105 delikatnie przed na\u0142o\u017ceniem maski. Wyjmij mask\u0119 z opakowania i na\u0142\u00f3\u017c j\u0105 na twarz, dostosowuj\u0105c do kszta\u0142tu i kontur\u00f3w. Pozostaw mask\u0119 na sk\u00f3rze na 10-15 minut, aby sk\u0142adniki aktywne mog\u0142y wnikn\u0105\u0107 w g\u0142\u0105b sk\u00f3ry.  Po up\u0142ywie czasu, zdejmij mask\u0119 i delikatnie wmasuj pozosta\u0142o\u015bci esencji w sk\u00f3r\u0119, a\u017c do ca\u0142kowitego wch\u0142oni\u0119cia. Na koniec mo\u017cesz na\u0142o\u017cy\u0107 ulubiony krem nawil\u017caj\u0105cy lub serum, aby wzmocni\u0107 efekty piel\u0119gnacyjne.<\/p>\n","protected":false},"excerpt":{"rendered":"<p>SOMEBYMI Real Hyaluron Hydra Care Mask, 1 szt. Jednorazowa maska w p\u0142achcie, zaprojektowana w celu intensywnego nawil\u017cenia i regeneracji sk\u00f3ry. Formu\u0142a maski wzbogacona jest o kwas hialuronowy, kt\u00f3ry skutecznie przyci\u0105ga i zatrzymuje wilgo\u0107, zapewniaj\u0105c g\u0142\u0119bokie nawil\u017cenie oraz elastyczno\u015b\u0107 sk\u00f3rze. Idealna do piel\u0119gnacji sk\u00f3ry suchej i odwodnionej. Kwas hialuronowy w masce skutecznie nawil\u017ca sk\u00f3r\u0119, przywracaj\u0105c jej &#8230; <a title=\"SOME BY MI Real Hyaluron Hydra Care Mask 20 g &#8211; nawil\u017caj\u0105ca maska w p\u0142achcie\" class=\"read-more\" href=\"https:\/\/admincentral.selleetools.com\/pl\/product\/some-by-mi-real-hyaluron-hydra-care-mask-20-g-nawilzajaca-maska-w-plachcie\/\">Read more<span class=\"screen-reader-text\">SOME BY MI Real Hyaluron Hydra Care Mask 20 g &#8211; nawil\u017caj\u0105ca maska w p\u0142achcie<\/span><\/a><\/p>\n","protected":false},"featured_media":599122,"comment_status":"open","ping_status":"closed","template":"","meta":{"_links_to":"","_links_to_target":""},"yoast_head":"<!-- This site is optimized with the Yoast SEO plugin v19.4 - https:\/\/yoast.com\/wordpress\/plugins\/seo\/ -->\n<title>SOME BY MI Real Hyaluron Hydra Care Mask 20 g - nawil\u017caj\u0105ca maska w p\u0142achcie - Selleetools.com<\/title>\n<meta name=\"robots\" content=\"index, follow, max-snippet:-1, max-image-preview:large, max-video-preview:-1\" \/>\n<link rel=\"canonical\" href=\"https:\/\/admincentral.selleetools.com\/pl\/product\/some-by-mi-real-hyaluron-hydra-care-mask-20-g-nawilzajaca-maska-w-plachcie\/\" \/>\n<meta property=\"og:locale\" content=\"pl_PL\" \/>\n<meta property=\"og:type\" content=\"article\" \/>\n<meta property=\"og:title\" content=\"SOME BY MI Real Hyaluron Hydra Care Mask 20 g - nawil\u017caj\u0105ca maska w p\u0142achcie - Selleetools.com\" \/>\n<meta property=\"og:description\" content=\"SOMEBYMI Real Hyaluron Hydra Care Mask, 1 szt. Jednorazowa maska w p\u0142achcie, zaprojektowana w celu intensywnego nawil\u017cenia i regeneracji sk\u00f3ry. Formu\u0142a maski wzbogacona jest o kwas hialuronowy, kt\u00f3ry skutecznie przyci\u0105ga i zatrzymuje wilgo\u0107, zapewniaj\u0105c g\u0142\u0119bokie nawil\u017cenie oraz elastyczno\u015b\u0107 sk\u00f3rze. Idealna do piel\u0119gnacji sk\u00f3ry suchej i odwodnionej. Kwas hialuronowy w masce skutecznie nawil\u017ca sk\u00f3r\u0119, przywracaj\u0105c jej ... Read moreSOME BY MI Real Hyaluron Hydra Care Mask 20 g &#8211; nawil\u017caj\u0105ca maska w p\u0142achcie\" \/>\n<meta property=\"og:url\" content=\"https:\/\/admincentral.selleetools.com\/pl\/product\/some-by-mi-real-hyaluron-hydra-care-mask-20-g-nawilzajaca-maska-w-plachcie\/\" \/>\n<meta property=\"og:site_name\" content=\"Selleetools.com\" \/>\n<meta property=\"article:modified_time\" content=\"2025-10-23T17:51:42+00:00\" \/>\n<meta property=\"og:image\" content=\"https:\/\/selleetools.com\/wp-content\/uploads\/2025\/10\/fdaf849fe1d3dcd3ad33516367445a17.jpg\" \/>\n\t<meta property=\"og:image:width\" content=\"1200\" \/>\n\t<meta property=\"og:image:height\" content=\"1200\" \/>\n\t<meta property=\"og:image:type\" content=\"image\/jpeg\" \/>\n<meta name=\"twitter:card\" content=\"summary_large_image\" \/>\n<meta name=\"twitter:label1\" content=\"Est. reading time\" \/>\n\t<meta name=\"twitter:data1\" content=\"1 minuta\" \/>\n<!-- \/ Yoast SEO plugin. -->","yoast_head_json":{"title":"SOME BY MI Real Hyaluron Hydra Care Mask 20 g - nawil\u017caj\u0105ca maska w p\u0142achcie - Selleetools.com","robots":{"index":"index","follow":"follow","max-snippet":"max-snippet:-1","max-image-preview":"max-image-preview:large","max-video-preview":"max-video-preview:-1"},"canonical":"https:\/\/admincentral.selleetools.com\/pl\/product\/some-by-mi-real-hyaluron-hydra-care-mask-20-g-nawilzajaca-maska-w-plachcie\/","og_locale":"pl_PL","og_type":"article","og_title":"SOME BY MI Real Hyaluron Hydra Care Mask 20 g - nawil\u017caj\u0105ca maska w p\u0142achcie - Selleetools.com","og_description":"SOMEBYMI Real Hyaluron Hydra Care Mask, 1 szt. Jednorazowa maska w p\u0142achcie, zaprojektowana w celu intensywnego nawil\u017cenia i regeneracji sk\u00f3ry. Formu\u0142a maski wzbogacona jest o kwas hialuronowy, kt\u00f3ry skutecznie przyci\u0105ga i zatrzymuje wilgo\u0107, zapewniaj\u0105c g\u0142\u0119bokie nawil\u017cenie oraz elastyczno\u015b\u0107 sk\u00f3rze. Idealna do piel\u0119gnacji sk\u00f3ry suchej i odwodnionej. Kwas hialuronowy w masce skutecznie nawil\u017ca sk\u00f3r\u0119, przywracaj\u0105c jej ... Read moreSOME BY MI Real Hyaluron Hydra Care Mask 20 g &#8211; nawil\u017caj\u0105ca maska w p\u0142achcie","og_url":"https:\/\/admincentral.selleetools.com\/pl\/product\/some-by-mi-real-hyaluron-hydra-care-mask-20-g-nawilzajaca-maska-w-plachcie\/","og_site_name":"Selleetools.com","article_modified_time":"2025-10-23T17:51:42+00:00","og_image":[{"width":1200,"height":1200,"url":"https:\/\/selleetools.com\/wp-content\/uploads\/2025\/10\/fdaf849fe1d3dcd3ad33516367445a17.jpg","type":"image\/jpeg"}],"twitter_card":"summary_large_image","twitter_misc":{"Est. reading time":"1 minuta"},"schema":{"@context":"https:\/\/schema.org","@graph":[{"@type":"Organization","@id":"https:\/\/selleetools.com\/#organization","name":"Selleetools","url":"https:\/\/selleetools.com\/","sameAs":[],"logo":{"@type":"ImageObject","inLanguage":"pl-PL","@id":"https:\/\/selleetools.com\/#\/schema\/logo\/image\/","url":"https:\/\/selleetools.com\/wp-content\/uploads\/2021\/10\/logo-dark.png","contentUrl":"https:\/\/selleetools.com\/wp-content\/uploads\/2021\/10\/logo-dark.png","width":320,"height":76,"caption":"Selleetools"},"image":{"@id":"https:\/\/selleetools.com\/#\/schema\/logo\/image\/"}},{"@type":"WebSite","@id":"https:\/\/selleetools.com\/#website","url":"https:\/\/selleetools.com\/","name":"Selleetools.com","description":"","publisher":{"@id":"https:\/\/selleetools.com\/#organization"},"potentialAction":[{"@type":"SearchAction","target":{"@type":"EntryPoint","urlTemplate":"https:\/\/selleetools.com\/?s={search_term_string}"},"query-input":"required name=search_term_string"}],"inLanguage":"pl-PL"},{"@type":"WebPage","@id":"https:\/\/admincentral.selleetools.com\/pl\/product\/some-by-mi-real-hyaluron-hydra-care-mask-20-g-nawilzajaca-maska-w-plachcie\/","url":"https:\/\/admincentral.selleetools.com\/pl\/product\/some-by-mi-real-hyaluron-hydra-care-mask-20-g-nawilzajaca-maska-w-plachcie\/","name":"SOME BY MI Real Hyaluron Hydra Care Mask 20 g - nawil\u017caj\u0105ca maska w p\u0142achcie - Selleetools.com","isPartOf":{"@id":"https:\/\/selleetools.com\/#website"},"datePublished":"2025-10-22T07:02:46+00:00","dateModified":"2025-10-23T17:51:42+00:00","breadcrumb":{"@id":"https:\/\/admincentral.selleetools.com\/pl\/product\/some-by-mi-real-hyaluron-hydra-care-mask-20-g-nawilzajaca-maska-w-plachcie\/#breadcrumb"},"inLanguage":"pl-PL","potentialAction":[{"@type":"ReadAction","target":["https:\/\/admincentral.selleetools.com\/pl\/product\/some-by-mi-real-hyaluron-hydra-care-mask-20-g-nawilzajaca-maska-w-plachcie\/"]}]},{"@type":"BreadcrumbList","@id":"https:\/\/admincentral.selleetools.com\/pl\/product\/some-by-mi-real-hyaluron-hydra-care-mask-20-g-nawilzajaca-maska-w-plachcie\/#breadcrumb","itemListElement":[{"@type":"ListItem","position":1,"name":"Home","item":"https:\/\/selleetools.com\/pl\/"},{"@type":"ListItem","position":2,"name":"Katalog","item":"https:\/\/selleetools.com\/pl\/katalog\/"},{"@type":"ListItem","position":3,"name":"SOME BY MI Real Hyaluron Hydra Care Mask 20 g &#8211; nawil\u017caj\u0105ca maska w p\u0142achcie"}]}]}},"_links":{"self":[{"href":"https:\/\/admincentral.selleetools.com\/pl\/wp-json\/wp\/v2\/product\/599124"}],"collection":[{"href":"https:\/\/admincentral.selleetools.com\/pl\/wp-json\/wp\/v2\/product"}],"about":[{"href":"https:\/\/admincentral.selleetools.com\/pl\/wp-json\/wp\/v2\/types\/product"}],"replies":[{"embeddable":true,"href":"https:\/\/admincentral.selleetools.com\/pl\/wp-json\/wp\/v2\/comments?post=599124"}],"wp:featuredmedia":[{"embeddable":true,"href":"https:\/\/admincentral.selleetools.com\/pl\/wp-json\/wp\/v2\/media\/599122"}],"wp:attachment":[{"href":"https:\/\/admincentral.selleetools.com\/pl\/wp-json\/wp\/v2\/media?parent=599124"}],"curies":[{"name":"wp","href":"https:\/\/api.w.org\/{rel}","templated":true}]}}