{"id":599144,"date":"2025-10-22T09:02:56","date_gmt":"2025-10-22T07:02:56","guid":{"rendered":"https:\/\/selleetools.com\/?post_type=product&#038;p=599144"},"modified":"2025-10-23T19:11:53","modified_gmt":"2025-10-23T17:11:53","slug":"baroness-coenzyme-q10-mask-sheet-21-g-nawilzajaca-maska-w-plachcie-z-koenzymem-q10","status":"publish","type":"product","link":"https:\/\/admincentral.selleetools.com\/pl\/product\/baroness-coenzyme-q10-mask-sheet-21-g-nawilzajaca-maska-w-plachcie-z-koenzymem-q10\/","title":{"rendered":"BARONESS Coenzyme Q10 Mask Sheet, 21 g &#8211; Nawil\u017caj\u0105ca maska w p\u0142achcie z koenzymem Q10"},"content":{"rendered":"<p style=\"caret-color: rgb(0, 0, 0); color: rgb(0, 0, 0);\"><font style=\"font-size: 12px;\">BARONESS Coenzyme Q10 Mask Sheet to od\u017cywcza maska w p\u0142achcie, kt\u00f3ra zapewnia sk\u00f3rze intensywne nawil\u017cenie i regeneracj\u0119. Dzi\u0119ki koenzymowi Q10, maska wspomaga odm\u0142adzanie sk\u00f3ry, redukuje widoczno\u015b\u0107 drobnych zmarszczek oraz poprawia jej elastyczno\u015b\u0107 i j\u0119drno\u015b\u0107. Idealna dla wszystkich typ\u00f3w cery, szczeg\u00f3lnie zm\u0119czonej i dojrza\u0142ej.<\/font><\/p>\n<h4 style=\"caret-color: rgb(0, 0, 0); color: rgb(0, 0, 0);\"><font style=\"font-size: 12px;\">Korzy\u015bci dla sk\u00f3ry:<\/font><\/h4>\n<ul style=\"caret-color: rgb(0, 0, 0); color: rgb(0, 0, 0);\">\n<li><strong><font style=\"font-size: 12px;\">Intensywne nawil\u017cenie<\/font><\/strong><\/li>\n<li><strong><font style=\"font-size: 12px;\">Regeneracja i odm\u0142odzenie<\/font><\/strong><\/li>\n<li><strong><font style=\"font-size: 12px;\">Poprawa elastyczno\u015bci i j\u0119drno\u015bci<\/font><\/strong><\/li>\n<li><strong><font style=\"font-size: 12px;\">Redukcja drobnych zmarszczek<\/font><\/strong><\/li>\n<\/ul>\n<h4 style=\"caret-color: rgb(0, 0, 0); color: rgb(0, 0, 0);\"><font style=\"font-size: 12px;\">Spos\u00f3b u\u017cycia:<\/font><\/h4>\n<ol style=\"caret-color: rgb(0, 0, 0); color: rgb(0, 0, 0);\">\n<li><font style=\"font-size: 12px;\"><strong>Oczyszczenie<\/strong>: Oczy\u015b\u0107 sk\u00f3r\u0119 twarzy.<\/font><\/li>\n<li><font style=\"font-size: 12px;\"><strong>Aplikacja<\/strong>: Roz\u0142\u00f3\u017c mask\u0119 i na\u0142\u00f3\u017c na twarz, dopasowuj\u0105c do kontur\u00f3w.<\/font><\/li>\n<li><font style=\"font-size: 12px;\"><strong>Relaksacja<\/strong>: Pozostaw mask\u0119 na 15-20 minut.<\/font><\/li>\n<li><font style=\"font-size: 12px;\"><strong>Zako\u0144czenie<\/strong>: Usu\u0144 mask\u0119 i delikatnie wklep pozosta\u0142o\u015bci esencji w sk\u00f3r\u0119.<\/font><\/li>\n<\/ol>\n<p style=\"caret-color: rgb(0, 0, 0); color: rgb(0, 0, 0);\"><font style=\"font-size: 12px;\">Idealny produkt dla os\u00f3b pragn\u0105cych doda\u0107 sk\u00f3rze blasku i m\u0142odzie\u0144czego wygl\u0105du.<\/font><\/p>\n","protected":false},"excerpt":{"rendered":"<p>BARONESS Coenzyme Q10 Mask Sheet to od\u017cywcza maska w p\u0142achcie, kt\u00f3ra zapewnia sk\u00f3rze intensywne nawil\u017cenie i regeneracj\u0119. Dzi\u0119ki koenzymowi Q10, maska wspomaga odm\u0142adzanie sk\u00f3ry, redukuje widoczno\u015b\u0107 drobnych zmarszczek oraz poprawia jej elastyczno\u015b\u0107 i j\u0119drno\u015b\u0107. Idealna dla wszystkich typ\u00f3w cery, szczeg\u00f3lnie zm\u0119czonej i dojrza\u0142ej. Korzy\u015bci dla sk\u00f3ry: Intensywne nawil\u017cenie Regeneracja i odm\u0142odzenie Poprawa elastyczno\u015bci i j\u0119drno\u015bci &#8230; <a title=\"BARONESS Coenzyme Q10 Mask Sheet, 21 g &#8211; Nawil\u017caj\u0105ca maska w p\u0142achcie z koenzymem Q10\" class=\"read-more\" href=\"https:\/\/admincentral.selleetools.com\/pl\/product\/baroness-coenzyme-q10-mask-sheet-21-g-nawilzajaca-maska-w-plachcie-z-koenzymem-q10\/\">Read more<span class=\"screen-reader-text\">BARONESS Coenzyme Q10 Mask Sheet, 21 g &#8211; Nawil\u017caj\u0105ca maska w p\u0142achcie z koenzymem Q10<\/span><\/a><\/p>\n","protected":false},"featured_media":599137,"comment_status":"open","ping_status":"closed","template":"","meta":{"_links_to":"","_links_to_target":""},"yoast_head":"<!-- This site is optimized with the Yoast SEO plugin v19.4 - https:\/\/yoast.com\/wordpress\/plugins\/seo\/ -->\n<title>BARONESS Coenzyme Q10 Mask Sheet, 21 g - Nawil\u017caj\u0105ca maska w p\u0142achcie z koenzymem Q10 - Selleetools.com<\/title>\n<meta name=\"robots\" content=\"index, follow, max-snippet:-1, max-image-preview:large, max-video-preview:-1\" \/>\n<link rel=\"canonical\" href=\"https:\/\/admincentral.selleetools.com\/pl\/product\/baroness-coenzyme-q10-mask-sheet-21-g-nawilzajaca-maska-w-plachcie-z-koenzymem-q10\/\" \/>\n<meta property=\"og:locale\" content=\"pl_PL\" \/>\n<meta property=\"og:type\" content=\"article\" \/>\n<meta property=\"og:title\" content=\"BARONESS Coenzyme Q10 Mask Sheet, 21 g - Nawil\u017caj\u0105ca maska w p\u0142achcie z koenzymem Q10 - Selleetools.com\" \/>\n<meta property=\"og:description\" content=\"BARONESS Coenzyme Q10 Mask Sheet to od\u017cywcza maska w p\u0142achcie, kt\u00f3ra zapewnia sk\u00f3rze intensywne nawil\u017cenie i regeneracj\u0119. Dzi\u0119ki koenzymowi Q10, maska wspomaga odm\u0142adzanie sk\u00f3ry, redukuje widoczno\u015b\u0107 drobnych zmarszczek oraz poprawia jej elastyczno\u015b\u0107 i j\u0119drno\u015b\u0107. Idealna dla wszystkich typ\u00f3w cery, szczeg\u00f3lnie zm\u0119czonej i dojrza\u0142ej. Korzy\u015bci dla sk\u00f3ry: Intensywne nawil\u017cenie Regeneracja i odm\u0142odzenie Poprawa elastyczno\u015bci i j\u0119drno\u015bci ... Read moreBARONESS Coenzyme Q10 Mask Sheet, 21 g &#8211; Nawil\u017caj\u0105ca maska w p\u0142achcie z koenzymem Q10\" \/>\n<meta property=\"og:url\" content=\"https:\/\/admincentral.selleetools.com\/pl\/product\/baroness-coenzyme-q10-mask-sheet-21-g-nawilzajaca-maska-w-plachcie-z-koenzymem-q10\/\" \/>\n<meta property=\"og:site_name\" content=\"Selleetools.com\" \/>\n<meta property=\"article:modified_time\" content=\"2025-10-23T17:11:53+00:00\" \/>\n<meta property=\"og:image\" content=\"https:\/\/selleetools.com\/wp-content\/uploads\/2025\/10\/753df28854a6dfc19ded3df58a06eebe.jpg\" \/>\n\t<meta property=\"og:image:width\" content=\"750\" \/>\n\t<meta property=\"og:image:height\" content=\"750\" \/>\n\t<meta property=\"og:image:type\" content=\"image\/jpeg\" \/>\n<meta name=\"twitter:card\" content=\"summary_large_image\" \/>\n<meta name=\"twitter:label1\" content=\"Est. reading time\" \/>\n\t<meta name=\"twitter:data1\" content=\"1 minuta\" \/>\n<!-- \/ Yoast SEO plugin. -->","yoast_head_json":{"title":"BARONESS Coenzyme Q10 Mask Sheet, 21 g - Nawil\u017caj\u0105ca maska w p\u0142achcie z koenzymem Q10 - Selleetools.com","robots":{"index":"index","follow":"follow","max-snippet":"max-snippet:-1","max-image-preview":"max-image-preview:large","max-video-preview":"max-video-preview:-1"},"canonical":"https:\/\/admincentral.selleetools.com\/pl\/product\/baroness-coenzyme-q10-mask-sheet-21-g-nawilzajaca-maska-w-plachcie-z-koenzymem-q10\/","og_locale":"pl_PL","og_type":"article","og_title":"BARONESS Coenzyme Q10 Mask Sheet, 21 g - Nawil\u017caj\u0105ca maska w p\u0142achcie z koenzymem Q10 - Selleetools.com","og_description":"BARONESS Coenzyme Q10 Mask Sheet to od\u017cywcza maska w p\u0142achcie, kt\u00f3ra zapewnia sk\u00f3rze intensywne nawil\u017cenie i regeneracj\u0119. Dzi\u0119ki koenzymowi Q10, maska wspomaga odm\u0142adzanie sk\u00f3ry, redukuje widoczno\u015b\u0107 drobnych zmarszczek oraz poprawia jej elastyczno\u015b\u0107 i j\u0119drno\u015b\u0107. Idealna dla wszystkich typ\u00f3w cery, szczeg\u00f3lnie zm\u0119czonej i dojrza\u0142ej. Korzy\u015bci dla sk\u00f3ry: Intensywne nawil\u017cenie Regeneracja i odm\u0142odzenie Poprawa elastyczno\u015bci i j\u0119drno\u015bci ... Read moreBARONESS Coenzyme Q10 Mask Sheet, 21 g &#8211; Nawil\u017caj\u0105ca maska w p\u0142achcie z koenzymem Q10","og_url":"https:\/\/admincentral.selleetools.com\/pl\/product\/baroness-coenzyme-q10-mask-sheet-21-g-nawilzajaca-maska-w-plachcie-z-koenzymem-q10\/","og_site_name":"Selleetools.com","article_modified_time":"2025-10-23T17:11:53+00:00","og_image":[{"width":750,"height":750,"url":"https:\/\/selleetools.com\/wp-content\/uploads\/2025\/10\/753df28854a6dfc19ded3df58a06eebe.jpg","type":"image\/jpeg"}],"twitter_card":"summary_large_image","twitter_misc":{"Est. reading time":"1 minuta"},"schema":{"@context":"https:\/\/schema.org","@graph":[{"@type":"Organization","@id":"https:\/\/selleetools.com\/#organization","name":"Selleetools","url":"https:\/\/selleetools.com\/","sameAs":[],"logo":{"@type":"ImageObject","inLanguage":"pl-PL","@id":"https:\/\/selleetools.com\/#\/schema\/logo\/image\/","url":"https:\/\/selleetools.com\/wp-content\/uploads\/2021\/10\/logo-dark.png","contentUrl":"https:\/\/selleetools.com\/wp-content\/uploads\/2021\/10\/logo-dark.png","width":320,"height":76,"caption":"Selleetools"},"image":{"@id":"https:\/\/selleetools.com\/#\/schema\/logo\/image\/"}},{"@type":"WebSite","@id":"https:\/\/selleetools.com\/#website","url":"https:\/\/selleetools.com\/","name":"Selleetools.com","description":"","publisher":{"@id":"https:\/\/selleetools.com\/#organization"},"potentialAction":[{"@type":"SearchAction","target":{"@type":"EntryPoint","urlTemplate":"https:\/\/selleetools.com\/?s={search_term_string}"},"query-input":"required name=search_term_string"}],"inLanguage":"pl-PL"},{"@type":"WebPage","@id":"https:\/\/admincentral.selleetools.com\/pl\/product\/baroness-coenzyme-q10-mask-sheet-21-g-nawilzajaca-maska-w-plachcie-z-koenzymem-q10\/","url":"https:\/\/admincentral.selleetools.com\/pl\/product\/baroness-coenzyme-q10-mask-sheet-21-g-nawilzajaca-maska-w-plachcie-z-koenzymem-q10\/","name":"BARONESS Coenzyme Q10 Mask Sheet, 21 g - Nawil\u017caj\u0105ca maska w p\u0142achcie z koenzymem Q10 - Selleetools.com","isPartOf":{"@id":"https:\/\/selleetools.com\/#website"},"datePublished":"2025-10-22T07:02:56+00:00","dateModified":"2025-10-23T17:11:53+00:00","breadcrumb":{"@id":"https:\/\/admincentral.selleetools.com\/pl\/product\/baroness-coenzyme-q10-mask-sheet-21-g-nawilzajaca-maska-w-plachcie-z-koenzymem-q10\/#breadcrumb"},"inLanguage":"pl-PL","potentialAction":[{"@type":"ReadAction","target":["https:\/\/admincentral.selleetools.com\/pl\/product\/baroness-coenzyme-q10-mask-sheet-21-g-nawilzajaca-maska-w-plachcie-z-koenzymem-q10\/"]}]},{"@type":"BreadcrumbList","@id":"https:\/\/admincentral.selleetools.com\/pl\/product\/baroness-coenzyme-q10-mask-sheet-21-g-nawilzajaca-maska-w-plachcie-z-koenzymem-q10\/#breadcrumb","itemListElement":[{"@type":"ListItem","position":1,"name":"Home","item":"https:\/\/selleetools.com\/pl\/"},{"@type":"ListItem","position":2,"name":"Katalog","item":"https:\/\/selleetools.com\/pl\/katalog\/"},{"@type":"ListItem","position":3,"name":"BARONESS Coenzyme Q10 Mask Sheet, 21 g &#8211; Nawil\u017caj\u0105ca maska w p\u0142achcie z koenzymem Q10"}]}]}},"_links":{"self":[{"href":"https:\/\/admincentral.selleetools.com\/pl\/wp-json\/wp\/v2\/product\/599144"}],"collection":[{"href":"https:\/\/admincentral.selleetools.com\/pl\/wp-json\/wp\/v2\/product"}],"about":[{"href":"https:\/\/admincentral.selleetools.com\/pl\/wp-json\/wp\/v2\/types\/product"}],"replies":[{"embeddable":true,"href":"https:\/\/admincentral.selleetools.com\/pl\/wp-json\/wp\/v2\/comments?post=599144"}],"wp:featuredmedia":[{"embeddable":true,"href":"https:\/\/admincentral.selleetools.com\/pl\/wp-json\/wp\/v2\/media\/599137"}],"wp:attachment":[{"href":"https:\/\/admincentral.selleetools.com\/pl\/wp-json\/wp\/v2\/media?parent=599144"}],"curies":[{"name":"wp","href":"https:\/\/api.w.org\/{rel}","templated":true}]}}