{"id":599155,"date":"2025-10-22T09:02:59","date_gmt":"2025-10-22T07:02:59","guid":{"rendered":"https:\/\/selleetools.com\/?post_type=product&#038;p=599155"},"modified":"2025-10-23T19:11:53","modified_gmt":"2025-10-23T17:11:53","slug":"baroness-peony-flower-mask-sheet-21-g-maska-w-plachcie-z-ekstraktem-z-kwiatu-piwonii","status":"publish","type":"product","link":"https:\/\/admincentral.selleetools.com\/pl\/product\/baroness-peony-flower-mask-sheet-21-g-maska-w-plachcie-z-ekstraktem-z-kwiatu-piwonii\/","title":{"rendered":"BARONESS Peony Flower Mask Sheet, 21 g &#8211; Maska w p\u0142achcie z ekstraktem z kwiatu piwonii"},"content":{"rendered":"<p style=\"caret-color: rgb(0, 0, 0); color: rgb(0, 0, 0);\"><font style=\"font-size: 12px;\">BARONESS Peony Flower Mask Sheet to nawil\u017caj\u0105ca i od\u017cywcza maseczka w p\u0142achcie, kt\u00f3ra natychmiastowo poprawia wygl\u0105d sk\u00f3ry. Maseczka z ekstraktem z piwonii intensywnie nawil\u017ca, wyg\u0142adza i rozja\u015bnia sk\u00f3r\u0119, pozostawiaj\u0105c j\u0105 mi\u0119kk\u0105 i promienn\u0105. Idealna dla ka\u017cdego typu cery, szczeg\u00f3lnie dla sk\u00f3ry suchej i zm\u0119czonej.<\/font><\/p>\n<h4 style=\"caret-color: rgb(0, 0, 0); color: rgb(0, 0, 0);\"><font style=\"font-size: 12px;\">Korzy\u015bci dla sk\u00f3ry<\/font><\/h4>\n<ul style=\"caret-color: rgb(0, 0, 0); color: rgb(0, 0, 0);\">\n<li><font style=\"font-size: 12px;\"><strong>Nawil\u017cenie<\/strong>: G\u0142\u0119boko nawil\u017ca sk\u00f3r\u0119, poprawiaj\u0105c jej elastyczno\u015b\u0107.<\/font><\/li>\n<li><font style=\"font-size: 12px;\"><strong>Od\u017cywienie<\/strong>: Dostarcza sk\u00f3rze niezb\u0119dnych sk\u0142adnik\u00f3w od\u017cywczych, wspomagaj\u0105c regeneracj\u0119.<\/font><\/li>\n<li><font style=\"font-size: 12px;\"><strong>Rozja\u015bnienie<\/strong>: Pomaga rozja\u015bni\u0107 i wyr\u00f3wna\u0107 koloryt sk\u00f3ry.<\/font><\/li>\n<\/ul>\n<h4 style=\"caret-color: rgb(0, 0, 0); color: rgb(0, 0, 0);\"><font style=\"font-size: 12px;\">Spos\u00f3b u\u017cycia<\/font><\/h4>\n<ol style=\"caret-color: rgb(0, 0, 0); color: rgb(0, 0, 0);\">\n<li><font style=\"font-size: 12px;\"><strong>Oczyszczenie<\/strong>: Dok\u0142adnie oczy\u015b\u0107 twarz.<\/font><\/li>\n<li><font style=\"font-size: 12px;\"><strong>Aplikacja<\/strong>: Na\u0142\u00f3\u017c maseczk\u0119 na twarz, dopasowuj\u0105c j\u0105 do kontur\u00f3w.<\/font><\/li>\n<li><font style=\"font-size: 12px;\"><strong>Czas dzia\u0142ania<\/strong>: Pozostaw na 15-20 minut.<\/font><\/li>\n<li><font style=\"font-size: 12px;\"><strong>Usuni\u0119cie<\/strong>: Delikatnie zdejmij maseczk\u0119, a pozosta\u0142o\u015b\u0107 esencji wmasuj w sk\u00f3r\u0119. Nie sp\u0142ukuj.<\/font><\/li>\n<\/ol>\n<p style=\"caret-color: rgb(0, 0, 0); color: rgb(0, 0, 0);\"><font style=\"font-size: 12px;\">Maseczk\u0119 mo\u017cna stosowa\u0107 2-3 razy w tygodniu dla najlepszych efekt\u00f3w.<\/font><\/p>\n","protected":false},"excerpt":{"rendered":"<p>BARONESS Peony Flower Mask Sheet to nawil\u017caj\u0105ca i od\u017cywcza maseczka w p\u0142achcie, kt\u00f3ra natychmiastowo poprawia wygl\u0105d sk\u00f3ry. Maseczka z ekstraktem z piwonii intensywnie nawil\u017ca, wyg\u0142adza i rozja\u015bnia sk\u00f3r\u0119, pozostawiaj\u0105c j\u0105 mi\u0119kk\u0105 i promienn\u0105. Idealna dla ka\u017cdego typu cery, szczeg\u00f3lnie dla sk\u00f3ry suchej i zm\u0119czonej. Korzy\u015bci dla sk\u00f3ry Nawil\u017cenie: G\u0142\u0119boko nawil\u017ca sk\u00f3r\u0119, poprawiaj\u0105c jej elastyczno\u015b\u0107. Od\u017cywienie: &#8230; <a title=\"BARONESS Peony Flower Mask Sheet, 21 g &#8211; Maska w p\u0142achcie z ekstraktem z kwiatu piwonii\" class=\"read-more\" href=\"https:\/\/admincentral.selleetools.com\/pl\/product\/baroness-peony-flower-mask-sheet-21-g-maska-w-plachcie-z-ekstraktem-z-kwiatu-piwonii\/\">Read more<span class=\"screen-reader-text\">BARONESS Peony Flower Mask Sheet, 21 g &#8211; Maska w p\u0142achcie z ekstraktem z kwiatu piwonii<\/span><\/a><\/p>\n","protected":false},"featured_media":599153,"comment_status":"open","ping_status":"closed","template":"","meta":{"_links_to":"","_links_to_target":""},"yoast_head":"<!-- This site is optimized with the Yoast SEO plugin v19.4 - https:\/\/yoast.com\/wordpress\/plugins\/seo\/ -->\n<title>BARONESS Peony Flower Mask Sheet, 21 g - Maska w p\u0142achcie z ekstraktem z kwiatu piwonii - Selleetools.com<\/title>\n<meta name=\"robots\" content=\"index, follow, max-snippet:-1, max-image-preview:large, max-video-preview:-1\" \/>\n<link rel=\"canonical\" href=\"https:\/\/selleetools.com\/product\/baroness-peony-flower-mask-sheet-21-g-maska-w-plachcie-z-ekstraktem-z-kwiatu-piwonii\/\" \/>\n<meta property=\"og:locale\" content=\"pl_PL\" \/>\n<meta property=\"og:type\" content=\"article\" \/>\n<meta property=\"og:title\" content=\"BARONESS Peony Flower Mask Sheet, 21 g - Maska w p\u0142achcie z ekstraktem z kwiatu piwonii - Selleetools.com\" \/>\n<meta property=\"og:description\" content=\"BARONESS Peony Flower Mask Sheet to nawil\u017caj\u0105ca i od\u017cywcza maseczka w p\u0142achcie, kt\u00f3ra natychmiastowo poprawia wygl\u0105d sk\u00f3ry. Maseczka z ekstraktem z piwonii intensywnie nawil\u017ca, wyg\u0142adza i rozja\u015bnia sk\u00f3r\u0119, pozostawiaj\u0105c j\u0105 mi\u0119kk\u0105 i promienn\u0105. Idealna dla ka\u017cdego typu cery, szczeg\u00f3lnie dla sk\u00f3ry suchej i zm\u0119czonej. Korzy\u015bci dla sk\u00f3ry Nawil\u017cenie: G\u0142\u0119boko nawil\u017ca sk\u00f3r\u0119, poprawiaj\u0105c jej elastyczno\u015b\u0107. Od\u017cywienie: ... Read moreBARONESS Peony Flower Mask Sheet, 21 g &#8211; Maska w p\u0142achcie z ekstraktem z kwiatu piwonii\" \/>\n<meta property=\"og:url\" content=\"https:\/\/selleetools.com\/product\/baroness-peony-flower-mask-sheet-21-g-maska-w-plachcie-z-ekstraktem-z-kwiatu-piwonii\/\" \/>\n<meta property=\"og:site_name\" content=\"Selleetools.com\" \/>\n<meta property=\"article:modified_time\" content=\"2025-10-23T17:11:53+00:00\" \/>\n<meta property=\"og:image\" content=\"https:\/\/selleetools.com\/wp-content\/uploads\/2025\/10\/075c0c96d4c72985d5f7eb7574065316.jpg\" \/>\n\t<meta property=\"og:image:width\" content=\"450\" \/>\n\t<meta property=\"og:image:height\" content=\"450\" \/>\n\t<meta property=\"og:image:type\" content=\"image\/jpeg\" \/>\n<meta name=\"twitter:card\" content=\"summary_large_image\" \/>\n<meta name=\"twitter:label1\" content=\"Est. reading time\" \/>\n\t<meta name=\"twitter:data1\" content=\"1 minuta\" \/>\n<!-- \/ Yoast SEO plugin. -->","yoast_head_json":{"title":"BARONESS Peony Flower Mask Sheet, 21 g - Maska w p\u0142achcie z ekstraktem z kwiatu piwonii - Selleetools.com","robots":{"index":"index","follow":"follow","max-snippet":"max-snippet:-1","max-image-preview":"max-image-preview:large","max-video-preview":"max-video-preview:-1"},"canonical":"https:\/\/selleetools.com\/product\/baroness-peony-flower-mask-sheet-21-g-maska-w-plachcie-z-ekstraktem-z-kwiatu-piwonii\/","og_locale":"pl_PL","og_type":"article","og_title":"BARONESS Peony Flower Mask Sheet, 21 g - Maska w p\u0142achcie z ekstraktem z kwiatu piwonii - Selleetools.com","og_description":"BARONESS Peony Flower Mask Sheet to nawil\u017caj\u0105ca i od\u017cywcza maseczka w p\u0142achcie, kt\u00f3ra natychmiastowo poprawia wygl\u0105d sk\u00f3ry. Maseczka z ekstraktem z piwonii intensywnie nawil\u017ca, wyg\u0142adza i rozja\u015bnia sk\u00f3r\u0119, pozostawiaj\u0105c j\u0105 mi\u0119kk\u0105 i promienn\u0105. Idealna dla ka\u017cdego typu cery, szczeg\u00f3lnie dla sk\u00f3ry suchej i zm\u0119czonej. Korzy\u015bci dla sk\u00f3ry Nawil\u017cenie: G\u0142\u0119boko nawil\u017ca sk\u00f3r\u0119, poprawiaj\u0105c jej elastyczno\u015b\u0107. Od\u017cywienie: ... Read moreBARONESS Peony Flower Mask Sheet, 21 g &#8211; Maska w p\u0142achcie z ekstraktem z kwiatu piwonii","og_url":"https:\/\/selleetools.com\/product\/baroness-peony-flower-mask-sheet-21-g-maska-w-plachcie-z-ekstraktem-z-kwiatu-piwonii\/","og_site_name":"Selleetools.com","article_modified_time":"2025-10-23T17:11:53+00:00","og_image":[{"width":450,"height":450,"url":"https:\/\/selleetools.com\/wp-content\/uploads\/2025\/10\/075c0c96d4c72985d5f7eb7574065316.jpg","type":"image\/jpeg"}],"twitter_card":"summary_large_image","twitter_misc":{"Est. reading time":"1 minuta"},"schema":{"@context":"https:\/\/schema.org","@graph":[{"@type":"Organization","@id":"https:\/\/selleetools.com\/#organization","name":"Selleetools","url":"https:\/\/selleetools.com\/","sameAs":[],"logo":{"@type":"ImageObject","inLanguage":"pl-PL","@id":"https:\/\/selleetools.com\/#\/schema\/logo\/image\/","url":"https:\/\/selleetools.com\/wp-content\/uploads\/2021\/10\/logo-dark.png","contentUrl":"https:\/\/selleetools.com\/wp-content\/uploads\/2021\/10\/logo-dark.png","width":320,"height":76,"caption":"Selleetools"},"image":{"@id":"https:\/\/selleetools.com\/#\/schema\/logo\/image\/"}},{"@type":"WebSite","@id":"https:\/\/selleetools.com\/#website","url":"https:\/\/selleetools.com\/","name":"Selleetools.com","description":"","publisher":{"@id":"https:\/\/selleetools.com\/#organization"},"potentialAction":[{"@type":"SearchAction","target":{"@type":"EntryPoint","urlTemplate":"https:\/\/selleetools.com\/?s={search_term_string}"},"query-input":"required name=search_term_string"}],"inLanguage":"pl-PL"},{"@type":"WebPage","@id":"https:\/\/selleetools.com\/product\/baroness-peony-flower-mask-sheet-21-g-maska-w-plachcie-z-ekstraktem-z-kwiatu-piwonii\/","url":"https:\/\/selleetools.com\/product\/baroness-peony-flower-mask-sheet-21-g-maska-w-plachcie-z-ekstraktem-z-kwiatu-piwonii\/","name":"BARONESS Peony Flower Mask Sheet, 21 g - Maska w p\u0142achcie z ekstraktem z kwiatu piwonii - Selleetools.com","isPartOf":{"@id":"https:\/\/selleetools.com\/#website"},"datePublished":"2025-10-22T07:02:59+00:00","dateModified":"2025-10-23T17:11:53+00:00","breadcrumb":{"@id":"https:\/\/selleetools.com\/product\/baroness-peony-flower-mask-sheet-21-g-maska-w-plachcie-z-ekstraktem-z-kwiatu-piwonii\/#breadcrumb"},"inLanguage":"pl-PL","potentialAction":[{"@type":"ReadAction","target":["https:\/\/selleetools.com\/product\/baroness-peony-flower-mask-sheet-21-g-maska-w-plachcie-z-ekstraktem-z-kwiatu-piwonii\/"]}]},{"@type":"BreadcrumbList","@id":"https:\/\/selleetools.com\/product\/baroness-peony-flower-mask-sheet-21-g-maska-w-plachcie-z-ekstraktem-z-kwiatu-piwonii\/#breadcrumb","itemListElement":[{"@type":"ListItem","position":1,"name":"Home","item":"https:\/\/selleetools.com\/pl\/"},{"@type":"ListItem","position":2,"name":"Katalog","item":"https:\/\/selleetools.com\/pl\/katalog\/"},{"@type":"ListItem","position":3,"name":"BARONESS Peony Flower Mask Sheet, 21 g &#8211; Maska w p\u0142achcie z ekstraktem z kwiatu piwonii"}]}]}},"_links":{"self":[{"href":"https:\/\/admincentral.selleetools.com\/pl\/wp-json\/wp\/v2\/product\/599155"}],"collection":[{"href":"https:\/\/admincentral.selleetools.com\/pl\/wp-json\/wp\/v2\/product"}],"about":[{"href":"https:\/\/admincentral.selleetools.com\/pl\/wp-json\/wp\/v2\/types\/product"}],"replies":[{"embeddable":true,"href":"https:\/\/admincentral.selleetools.com\/pl\/wp-json\/wp\/v2\/comments?post=599155"}],"wp:featuredmedia":[{"embeddable":true,"href":"https:\/\/admincentral.selleetools.com\/pl\/wp-json\/wp\/v2\/media\/599153"}],"wp:attachment":[{"href":"https:\/\/admincentral.selleetools.com\/pl\/wp-json\/wp\/v2\/media?parent=599155"}],"curies":[{"name":"wp","href":"https:\/\/api.w.org\/{rel}","templated":true}]}}