{"id":599201,"date":"2025-10-22T09:03:35","date_gmt":"2025-10-22T07:03:35","guid":{"rendered":"https:\/\/selleetools.com\/?post_type=product&#038;p=599201"},"modified":"2025-10-23T19:11:52","modified_gmt":"2025-10-23T17:11:52","slug":"beauty-of-joseon-red-bean-refreshing-pore-mask-140-ml-kremowa-maseczka-oczyszczajaca-do-twarzy","status":"publish","type":"product","link":"https:\/\/admincentral.selleetools.com\/pl\/product\/beauty-of-joseon-red-bean-refreshing-pore-mask-140-ml-kremowa-maseczka-oczyszczajaca-do-twarzy\/","title":{"rendered":"Beauty of Joseon Red Bean Refreshing Pore Mask, 140 ml &#8211; Kremowa maseczka oczyszczaj\u0105ca do twarzy"},"content":{"rendered":"<p style=\"text-align: justify; caret-color: rgb(0, 0, 0); color: rgb(0, 0, 0);\"><font style=\"font-size: 12px;\">Beauty of Joseon Red Bean Refreshing Pore Mask to korea\u0144ska maseczka do twarzy, kt\u00f3ra skutecznie oczyszcza pory, usuwa nadmiar sebum i zanieczyszczenia, jednocze\u015bnie od\u017cywiaj\u0105c sk\u00f3r\u0119. Produkt jest idealny dla os\u00f3b z cer\u0105 t\u0142ust\u0105 i mieszan\u0105, kt\u00f3re pragn\u0105 zminimalizowa\u0107 widoczno\u015b\u0107 por\u00f3w i uzyska\u0107 g\u0142adk\u0105, matow\u0105 sk\u00f3r\u0119.<\/font><\/p>\n<h4 style=\"caret-color: rgb(0, 0, 0); color: rgb(0, 0, 0);\"><font style=\"font-size: 12px;\">Korzy\u015bci dla sk\u00f3ry:<\/font><\/h4>\n<ul style=\"caret-color: rgb(0, 0, 0); color: rgb(0, 0, 0);\">\n<li><font style=\"font-size: 12px;\"><strong>Oczyszczenie por\u00f3w<\/strong>: Skutecznie usuwa zanieczyszczenia i nadmiar sebum.<\/font><\/li>\n<li><font style=\"font-size: 12px;\"><strong>Matowa i g\u0142adka sk\u00f3ra<\/strong>: Redukuje b\u0142yszczenie si\u0119 sk\u00f3ry i wyg\u0142adza jej powierzchni\u0119.<\/font><\/li>\n<li><font style=\"font-size: 12px;\"><strong>Od\u017cywienie i nawil\u017cenie<\/strong>: Dzia\u0142a nawil\u017caj\u0105co, nie powoduj\u0105c przesuszenia.<\/font><\/li>\n<\/ul>\n<h4 style=\"caret-color: rgb(0, 0, 0); color: rgb(0, 0, 0);\"><font style=\"font-size: 12px;\">Spos\u00f3b u\u017cycia:<\/font><\/h4>\n<ol style=\"caret-color: rgb(0, 0, 0); color: rgb(0, 0, 0);\">\n<li><font style=\"font-size: 12px;\"><strong>Aplikacja<\/strong>: Na\u0142\u00f3\u017c r\u00f3wnomiern\u0105 warstw\u0119 maseczki na oczyszczon\u0105 sk\u00f3r\u0119 twarzy, omijaj\u0105c okolice oczu i ust.<\/font><\/li>\n<li><font style=\"font-size: 12px;\"><strong>Czas dzia\u0142ania<\/strong>: Pozostaw na 10-15 minut, a\u017c maseczka zacznie wysycha\u0107.<\/font><\/li>\n<li><font style=\"font-size: 12px;\"><strong>Zmycie<\/strong>: Sp\u0142ucz dok\u0142adnie ciep\u0142\u0105 wod\u0105, delikatnie masuj\u0105c sk\u00f3r\u0119.<\/font><\/li>\n<\/ol>\n<p style=\"caret-color: rgb(0, 0, 0); color: rgb(0, 0, 0);\"><font style=\"font-size: 12px;\">Stosuj 1-2 razy w tygodniu, aby utrzyma\u0107 sk\u00f3r\u0119 w czysto\u015bci i zdrowym wygl\u0105dzie.<\/font><\/p>\n","protected":false},"excerpt":{"rendered":"<p>Beauty of Joseon Red Bean Refreshing Pore Mask to korea\u0144ska maseczka do twarzy, kt\u00f3ra skutecznie oczyszcza pory, usuwa nadmiar sebum i zanieczyszczenia, jednocze\u015bnie od\u017cywiaj\u0105c sk\u00f3r\u0119. Produkt jest idealny dla os\u00f3b z cer\u0105 t\u0142ust\u0105 i mieszan\u0105, kt\u00f3re pragn\u0105 zminimalizowa\u0107 widoczno\u015b\u0107 por\u00f3w i uzyska\u0107 g\u0142adk\u0105, matow\u0105 sk\u00f3r\u0119. Korzy\u015bci dla sk\u00f3ry: Oczyszczenie por\u00f3w: Skutecznie usuwa zanieczyszczenia i nadmiar &#8230; <a title=\"Beauty of Joseon Red Bean Refreshing Pore Mask, 140 ml &#8211; Kremowa maseczka oczyszczaj\u0105ca do twarzy\" class=\"read-more\" href=\"https:\/\/admincentral.selleetools.com\/pl\/product\/beauty-of-joseon-red-bean-refreshing-pore-mask-140-ml-kremowa-maseczka-oczyszczajaca-do-twarzy\/\">Read more<span class=\"screen-reader-text\">Beauty of Joseon Red Bean Refreshing Pore Mask, 140 ml &#8211; Kremowa maseczka oczyszczaj\u0105ca do twarzy<\/span><\/a><\/p>\n","protected":false},"featured_media":599199,"comment_status":"open","ping_status":"closed","template":"","meta":{"_links_to":"","_links_to_target":""},"yoast_head":"<!-- This site is optimized with the Yoast SEO plugin v19.4 - https:\/\/yoast.com\/wordpress\/plugins\/seo\/ -->\n<title>Beauty of Joseon Red Bean Refreshing Pore Mask, 140 ml - Kremowa maseczka oczyszczaj\u0105ca do twarzy - Selleetools.com<\/title>\n<meta name=\"robots\" content=\"index, follow, max-snippet:-1, max-image-preview:large, max-video-preview:-1\" \/>\n<link rel=\"canonical\" href=\"https:\/\/selleetools.com\/pl\/product\/beauty-of-joseon-red-bean-refreshing-pore-mask-140-ml-kremowa-maseczka-oczyszczajaca-do-twarzy\/\" \/>\n<meta property=\"og:locale\" content=\"pl_PL\" \/>\n<meta property=\"og:type\" content=\"article\" \/>\n<meta property=\"og:title\" content=\"Beauty of Joseon Red Bean Refreshing Pore Mask, 140 ml - Kremowa maseczka oczyszczaj\u0105ca do twarzy - Selleetools.com\" \/>\n<meta property=\"og:description\" content=\"Beauty of Joseon Red Bean Refreshing Pore Mask to korea\u0144ska maseczka do twarzy, kt\u00f3ra skutecznie oczyszcza pory, usuwa nadmiar sebum i zanieczyszczenia, jednocze\u015bnie od\u017cywiaj\u0105c sk\u00f3r\u0119. Produkt jest idealny dla os\u00f3b z cer\u0105 t\u0142ust\u0105 i mieszan\u0105, kt\u00f3re pragn\u0105 zminimalizowa\u0107 widoczno\u015b\u0107 por\u00f3w i uzyska\u0107 g\u0142adk\u0105, matow\u0105 sk\u00f3r\u0119. Korzy\u015bci dla sk\u00f3ry: Oczyszczenie por\u00f3w: Skutecznie usuwa zanieczyszczenia i nadmiar ... Read moreBeauty of Joseon Red Bean Refreshing Pore Mask, 140 ml &#8211; Kremowa maseczka oczyszczaj\u0105ca do twarzy\" \/>\n<meta property=\"og:url\" content=\"https:\/\/selleetools.com\/pl\/product\/beauty-of-joseon-red-bean-refreshing-pore-mask-140-ml-kremowa-maseczka-oczyszczajaca-do-twarzy\/\" \/>\n<meta property=\"og:site_name\" content=\"Selleetools.com\" \/>\n<meta property=\"article:modified_time\" content=\"2025-10-23T17:11:52+00:00\" \/>\n<meta property=\"og:image\" content=\"https:\/\/selleetools.com\/wp-content\/uploads\/2025\/10\/43d22267b8c08eb5d2028aabffb61188.png\" \/>\n\t<meta property=\"og:image:width\" content=\"560\" \/>\n\t<meta property=\"og:image:height\" content=\"500\" \/>\n\t<meta property=\"og:image:type\" content=\"image\/png\" \/>\n<meta name=\"twitter:card\" content=\"summary_large_image\" \/>\n<meta name=\"twitter:label1\" content=\"Est. reading time\" \/>\n\t<meta name=\"twitter:data1\" content=\"1 minuta\" \/>\n<!-- \/ Yoast SEO plugin. -->","yoast_head_json":{"title":"Beauty of Joseon Red Bean Refreshing Pore Mask, 140 ml - Kremowa maseczka oczyszczaj\u0105ca do twarzy - Selleetools.com","robots":{"index":"index","follow":"follow","max-snippet":"max-snippet:-1","max-image-preview":"max-image-preview:large","max-video-preview":"max-video-preview:-1"},"canonical":"https:\/\/selleetools.com\/pl\/product\/beauty-of-joseon-red-bean-refreshing-pore-mask-140-ml-kremowa-maseczka-oczyszczajaca-do-twarzy\/","og_locale":"pl_PL","og_type":"article","og_title":"Beauty of Joseon Red Bean Refreshing Pore Mask, 140 ml - Kremowa maseczka oczyszczaj\u0105ca do twarzy - Selleetools.com","og_description":"Beauty of Joseon Red Bean Refreshing Pore Mask to korea\u0144ska maseczka do twarzy, kt\u00f3ra skutecznie oczyszcza pory, usuwa nadmiar sebum i zanieczyszczenia, jednocze\u015bnie od\u017cywiaj\u0105c sk\u00f3r\u0119. Produkt jest idealny dla os\u00f3b z cer\u0105 t\u0142ust\u0105 i mieszan\u0105, kt\u00f3re pragn\u0105 zminimalizowa\u0107 widoczno\u015b\u0107 por\u00f3w i uzyska\u0107 g\u0142adk\u0105, matow\u0105 sk\u00f3r\u0119. Korzy\u015bci dla sk\u00f3ry: Oczyszczenie por\u00f3w: Skutecznie usuwa zanieczyszczenia i nadmiar ... Read moreBeauty of Joseon Red Bean Refreshing Pore Mask, 140 ml &#8211; Kremowa maseczka oczyszczaj\u0105ca do twarzy","og_url":"https:\/\/selleetools.com\/pl\/product\/beauty-of-joseon-red-bean-refreshing-pore-mask-140-ml-kremowa-maseczka-oczyszczajaca-do-twarzy\/","og_site_name":"Selleetools.com","article_modified_time":"2025-10-23T17:11:52+00:00","og_image":[{"width":560,"height":500,"url":"https:\/\/selleetools.com\/wp-content\/uploads\/2025\/10\/43d22267b8c08eb5d2028aabffb61188.png","type":"image\/png"}],"twitter_card":"summary_large_image","twitter_misc":{"Est. reading time":"1 minuta"},"schema":{"@context":"https:\/\/schema.org","@graph":[{"@type":"Organization","@id":"https:\/\/selleetools.com\/#organization","name":"Selleetools","url":"https:\/\/selleetools.com\/","sameAs":[],"logo":{"@type":"ImageObject","inLanguage":"pl-PL","@id":"https:\/\/selleetools.com\/#\/schema\/logo\/image\/","url":"https:\/\/selleetools.com\/wp-content\/uploads\/2021\/10\/logo-dark.png","contentUrl":"https:\/\/selleetools.com\/wp-content\/uploads\/2021\/10\/logo-dark.png","width":320,"height":76,"caption":"Selleetools"},"image":{"@id":"https:\/\/selleetools.com\/#\/schema\/logo\/image\/"}},{"@type":"WebSite","@id":"https:\/\/selleetools.com\/#website","url":"https:\/\/selleetools.com\/","name":"Selleetools.com","description":"","publisher":{"@id":"https:\/\/selleetools.com\/#organization"},"potentialAction":[{"@type":"SearchAction","target":{"@type":"EntryPoint","urlTemplate":"https:\/\/selleetools.com\/?s={search_term_string}"},"query-input":"required name=search_term_string"}],"inLanguage":"pl-PL"},{"@type":"WebPage","@id":"https:\/\/selleetools.com\/pl\/product\/beauty-of-joseon-red-bean-refreshing-pore-mask-140-ml-kremowa-maseczka-oczyszczajaca-do-twarzy\/","url":"https:\/\/selleetools.com\/pl\/product\/beauty-of-joseon-red-bean-refreshing-pore-mask-140-ml-kremowa-maseczka-oczyszczajaca-do-twarzy\/","name":"Beauty of Joseon Red Bean Refreshing Pore Mask, 140 ml - Kremowa maseczka oczyszczaj\u0105ca do twarzy - Selleetools.com","isPartOf":{"@id":"https:\/\/selleetools.com\/#website"},"datePublished":"2025-10-22T07:03:35+00:00","dateModified":"2025-10-23T17:11:52+00:00","breadcrumb":{"@id":"https:\/\/selleetools.com\/pl\/product\/beauty-of-joseon-red-bean-refreshing-pore-mask-140-ml-kremowa-maseczka-oczyszczajaca-do-twarzy\/#breadcrumb"},"inLanguage":"pl-PL","potentialAction":[{"@type":"ReadAction","target":["https:\/\/selleetools.com\/pl\/product\/beauty-of-joseon-red-bean-refreshing-pore-mask-140-ml-kremowa-maseczka-oczyszczajaca-do-twarzy\/"]}]},{"@type":"BreadcrumbList","@id":"https:\/\/selleetools.com\/pl\/product\/beauty-of-joseon-red-bean-refreshing-pore-mask-140-ml-kremowa-maseczka-oczyszczajaca-do-twarzy\/#breadcrumb","itemListElement":[{"@type":"ListItem","position":1,"name":"Home","item":"https:\/\/selleetools.com\/pl\/"},{"@type":"ListItem","position":2,"name":"Katalog","item":"https:\/\/selleetools.com\/pl\/katalog\/"},{"@type":"ListItem","position":3,"name":"Beauty of Joseon Red Bean Refreshing Pore Mask, 140 ml &#8211; Kremowa maseczka oczyszczaj\u0105ca do twarzy"}]}]}},"_links":{"self":[{"href":"https:\/\/admincentral.selleetools.com\/pl\/wp-json\/wp\/v2\/product\/599201"}],"collection":[{"href":"https:\/\/admincentral.selleetools.com\/pl\/wp-json\/wp\/v2\/product"}],"about":[{"href":"https:\/\/admincentral.selleetools.com\/pl\/wp-json\/wp\/v2\/types\/product"}],"replies":[{"embeddable":true,"href":"https:\/\/admincentral.selleetools.com\/pl\/wp-json\/wp\/v2\/comments?post=599201"}],"wp:featuredmedia":[{"embeddable":true,"href":"https:\/\/admincentral.selleetools.com\/pl\/wp-json\/wp\/v2\/media\/599199"}],"wp:attachment":[{"href":"https:\/\/admincentral.selleetools.com\/pl\/wp-json\/wp\/v2\/media?parent=599201"}],"curies":[{"name":"wp","href":"https:\/\/api.w.org\/{rel}","templated":true}]}}