{"id":599207,"date":"2025-10-22T09:03:42","date_gmt":"2025-10-22T07:03:42","guid":{"rendered":"https:\/\/selleetools.com\/?post_type=product&#038;p=599207"},"modified":"2025-12-26T16:50:47","modified_gmt":"2025-12-26T15:50:47","slug":"beauty-of-joseon-calming-serum-green-tea-panthenol-30-ml-kojace-serum-do-twarzy","status":"publish","type":"product","link":"https:\/\/admincentral.selleetools.com\/pl\/product\/beauty-of-joseon-calming-serum-green-tea-panthenol-30-ml-kojace-serum-do-twarzy\/","title":{"rendered":"Beauty of Joseon Calming Serum Green tea + Panthenol 30 ml &#8211; Koj\u0105ce serum do twarzy"},"content":{"rendered":"<p>Beauty of Joseon Calming Serum to koj\u0105ce serum, kt\u00f3re \u0142\u0105czy w sobie moc zielonej herbaty i panthenolu, zapewniaj\u0105c sk\u00f3rze intensywne nawil\u017cenie oraz ukojenie. Lekka formu\u0142a wzbogacona o ekstrakty ro\u015blinne, doskonale \u0142agodzi podra\u017cnienia i zaczerwienienia, jednocze\u015bnie wspomagaj\u0105c regeneracj\u0119 sk\u00f3ry. Serum dzia\u0142a koj\u0105co, nawil\u017caj\u0105co i wyg\u0142adzaj\u0105co, zapewniaj\u0105c promienny wygl\u0105d i zdrowy wygl\u0105d sk\u00f3ry.<\/p>\n<p>Korzy\u015bci dla sk\u00f3ry:<br \/>\nNawil\u017cenie i ukojenie dzi\u0119ki po\u0142\u0105czeniu zielonej herbaty i panthenolu, kt\u00f3re pomagaj\u0105 utrzyma\u0107 r\u00f3wnowag\u0119 wilgoci w sk\u00f3rze<br \/>\nZmniejszenie podra\u017cnie\u0144<br \/>\nPoprawa elastyczno\u015bci sk\u00f3ry \u2013 ekstrakt z zielonej herbaty wspomaga regeneracj\u0119 i utrzymanie zdrowego wygl\u0105du sk\u00f3ry<br \/>\nZwi\u0119kszenie nawil\u017cenia i wyg\u0142adzenia<br \/>\nBezpieczne dla sk\u00f3ry wra\u017cliwej \u2013 formu\u0142a wzbogacona o sk\u0142adniki o dzia\u0142aniu koj\u0105cym i \u0142agodz\u0105cym<\/p>\n<p>Spos\u00f3b u\u017cycia: Na oczyszczon\u0105 sk\u00f3r\u0119 twarzy na\u0142\u00f3\u017c 2-3 krople serum i delikatnie wklep w sk\u00f3r\u0119, aby wspom\u00f3c lepsze wch\u0142anianie. Mo\u017cna stosowa\u0107 rano i wieczorem.<\/p>\n","protected":false},"excerpt":{"rendered":"<p>Beauty of Joseon Calming Serum to koj\u0105ce serum, kt\u00f3re \u0142\u0105czy w sobie moc zielonej herbaty i panthenolu, zapewniaj\u0105c sk\u00f3rze intensywne nawil\u017cenie oraz ukojenie. Lekka formu\u0142a wzbogacona o ekstrakty ro\u015blinne, doskonale \u0142agodzi podra\u017cnienia i zaczerwienienia, jednocze\u015bnie wspomagaj\u0105c regeneracj\u0119 sk\u00f3ry. Serum dzia\u0142a koj\u0105co, nawil\u017caj\u0105co i wyg\u0142adzaj\u0105co, zapewniaj\u0105c promienny wygl\u0105d i zdrowy wygl\u0105d sk\u00f3ry. Korzy\u015bci dla sk\u00f3ry: Nawil\u017cenie &#8230; <a title=\"Beauty of Joseon Calming Serum Green tea + Panthenol 30 ml &#8211; Koj\u0105ce serum do twarzy\" class=\"read-more\" href=\"https:\/\/admincentral.selleetools.com\/pl\/product\/beauty-of-joseon-calming-serum-green-tea-panthenol-30-ml-kojace-serum-do-twarzy\/\">Read more<span class=\"screen-reader-text\">Beauty of Joseon Calming Serum Green tea + Panthenol 30 ml &#8211; Koj\u0105ce serum do twarzy<\/span><\/a><\/p>\n","protected":false},"featured_media":599205,"comment_status":"open","ping_status":"closed","template":"","meta":{"_links_to":"","_links_to_target":""},"yoast_head":"<!-- This site is optimized with the Yoast SEO plugin v19.4 - https:\/\/yoast.com\/wordpress\/plugins\/seo\/ -->\n<title>Beauty of Joseon Calming Serum Green tea + Panthenol 30 ml - Koj\u0105ce serum do twarzy - Selleetools.com<\/title>\n<meta name=\"robots\" content=\"index, follow, max-snippet:-1, max-image-preview:large, max-video-preview:-1\" \/>\n<link rel=\"canonical\" href=\"https:\/\/admincentral.selleetools.com\/pl\/product\/beauty-of-joseon-calming-serum-green-tea-panthenol-30-ml-kojace-serum-do-twarzy\/\" \/>\n<meta property=\"og:locale\" content=\"pl_PL\" \/>\n<meta property=\"og:type\" content=\"article\" \/>\n<meta property=\"og:title\" content=\"Beauty of Joseon Calming Serum Green tea + Panthenol 30 ml - Koj\u0105ce serum do twarzy - Selleetools.com\" \/>\n<meta property=\"og:description\" content=\"Beauty of Joseon Calming Serum to koj\u0105ce serum, kt\u00f3re \u0142\u0105czy w sobie moc zielonej herbaty i panthenolu, zapewniaj\u0105c sk\u00f3rze intensywne nawil\u017cenie oraz ukojenie. Lekka formu\u0142a wzbogacona o ekstrakty ro\u015blinne, doskonale \u0142agodzi podra\u017cnienia i zaczerwienienia, jednocze\u015bnie wspomagaj\u0105c regeneracj\u0119 sk\u00f3ry. Serum dzia\u0142a koj\u0105co, nawil\u017caj\u0105co i wyg\u0142adzaj\u0105co, zapewniaj\u0105c promienny wygl\u0105d i zdrowy wygl\u0105d sk\u00f3ry. Korzy\u015bci dla sk\u00f3ry: Nawil\u017cenie ... Read moreBeauty of Joseon Calming Serum Green tea + Panthenol 30 ml &#8211; Koj\u0105ce serum do twarzy\" \/>\n<meta property=\"og:url\" content=\"https:\/\/admincentral.selleetools.com\/pl\/product\/beauty-of-joseon-calming-serum-green-tea-panthenol-30-ml-kojace-serum-do-twarzy\/\" \/>\n<meta property=\"og:site_name\" content=\"Selleetools.com\" \/>\n<meta property=\"article:modified_time\" content=\"2025-12-26T15:50:47+00:00\" \/>\n<meta property=\"og:image\" content=\"https:\/\/selleetools.com\/wp-content\/uploads\/2025\/10\/957235cd80f55318a1d1197591fdc07d.jpg\" \/>\n\t<meta property=\"og:image:width\" content=\"450\" \/>\n\t<meta property=\"og:image:height\" content=\"450\" \/>\n\t<meta property=\"og:image:type\" content=\"image\/jpeg\" \/>\n<meta name=\"twitter:card\" content=\"summary_large_image\" \/>\n<meta name=\"twitter:label1\" content=\"Est. reading time\" \/>\n\t<meta name=\"twitter:data1\" content=\"1 minuta\" \/>\n<!-- \/ Yoast SEO plugin. -->","yoast_head_json":{"title":"Beauty of Joseon Calming Serum Green tea + Panthenol 30 ml - Koj\u0105ce serum do twarzy - Selleetools.com","robots":{"index":"index","follow":"follow","max-snippet":"max-snippet:-1","max-image-preview":"max-image-preview:large","max-video-preview":"max-video-preview:-1"},"canonical":"https:\/\/admincentral.selleetools.com\/pl\/product\/beauty-of-joseon-calming-serum-green-tea-panthenol-30-ml-kojace-serum-do-twarzy\/","og_locale":"pl_PL","og_type":"article","og_title":"Beauty of Joseon Calming Serum Green tea + Panthenol 30 ml - Koj\u0105ce serum do twarzy - Selleetools.com","og_description":"Beauty of Joseon Calming Serum to koj\u0105ce serum, kt\u00f3re \u0142\u0105czy w sobie moc zielonej herbaty i panthenolu, zapewniaj\u0105c sk\u00f3rze intensywne nawil\u017cenie oraz ukojenie. Lekka formu\u0142a wzbogacona o ekstrakty ro\u015blinne, doskonale \u0142agodzi podra\u017cnienia i zaczerwienienia, jednocze\u015bnie wspomagaj\u0105c regeneracj\u0119 sk\u00f3ry. Serum dzia\u0142a koj\u0105co, nawil\u017caj\u0105co i wyg\u0142adzaj\u0105co, zapewniaj\u0105c promienny wygl\u0105d i zdrowy wygl\u0105d sk\u00f3ry. Korzy\u015bci dla sk\u00f3ry: Nawil\u017cenie ... Read moreBeauty of Joseon Calming Serum Green tea + Panthenol 30 ml &#8211; Koj\u0105ce serum do twarzy","og_url":"https:\/\/admincentral.selleetools.com\/pl\/product\/beauty-of-joseon-calming-serum-green-tea-panthenol-30-ml-kojace-serum-do-twarzy\/","og_site_name":"Selleetools.com","article_modified_time":"2025-12-26T15:50:47+00:00","og_image":[{"width":450,"height":450,"url":"https:\/\/selleetools.com\/wp-content\/uploads\/2025\/10\/957235cd80f55318a1d1197591fdc07d.jpg","type":"image\/jpeg"}],"twitter_card":"summary_large_image","twitter_misc":{"Est. reading time":"1 minuta"},"schema":{"@context":"https:\/\/schema.org","@graph":[{"@type":"Organization","@id":"https:\/\/selleetools.com\/#organization","name":"Selleetools","url":"https:\/\/selleetools.com\/","sameAs":[],"logo":{"@type":"ImageObject","inLanguage":"pl-PL","@id":"https:\/\/selleetools.com\/#\/schema\/logo\/image\/","url":"https:\/\/selleetools.com\/wp-content\/uploads\/2021\/10\/logo-dark.png","contentUrl":"https:\/\/selleetools.com\/wp-content\/uploads\/2021\/10\/logo-dark.png","width":320,"height":76,"caption":"Selleetools"},"image":{"@id":"https:\/\/selleetools.com\/#\/schema\/logo\/image\/"}},{"@type":"WebSite","@id":"https:\/\/selleetools.com\/#website","url":"https:\/\/selleetools.com\/","name":"Selleetools.com","description":"","publisher":{"@id":"https:\/\/selleetools.com\/#organization"},"potentialAction":[{"@type":"SearchAction","target":{"@type":"EntryPoint","urlTemplate":"https:\/\/selleetools.com\/?s={search_term_string}"},"query-input":"required name=search_term_string"}],"inLanguage":"pl-PL"},{"@type":"WebPage","@id":"https:\/\/admincentral.selleetools.com\/pl\/product\/beauty-of-joseon-calming-serum-green-tea-panthenol-30-ml-kojace-serum-do-twarzy\/","url":"https:\/\/admincentral.selleetools.com\/pl\/product\/beauty-of-joseon-calming-serum-green-tea-panthenol-30-ml-kojace-serum-do-twarzy\/","name":"Beauty of Joseon Calming Serum Green tea + Panthenol 30 ml - Koj\u0105ce serum do twarzy - Selleetools.com","isPartOf":{"@id":"https:\/\/selleetools.com\/#website"},"datePublished":"2025-10-22T07:03:42+00:00","dateModified":"2025-12-26T15:50:47+00:00","breadcrumb":{"@id":"https:\/\/admincentral.selleetools.com\/pl\/product\/beauty-of-joseon-calming-serum-green-tea-panthenol-30-ml-kojace-serum-do-twarzy\/#breadcrumb"},"inLanguage":"pl-PL","potentialAction":[{"@type":"ReadAction","target":["https:\/\/admincentral.selleetools.com\/pl\/product\/beauty-of-joseon-calming-serum-green-tea-panthenol-30-ml-kojace-serum-do-twarzy\/"]}]},{"@type":"BreadcrumbList","@id":"https:\/\/admincentral.selleetools.com\/pl\/product\/beauty-of-joseon-calming-serum-green-tea-panthenol-30-ml-kojace-serum-do-twarzy\/#breadcrumb","itemListElement":[{"@type":"ListItem","position":1,"name":"Home","item":"https:\/\/selleetools.com\/pl\/"},{"@type":"ListItem","position":2,"name":"Katalog","item":"https:\/\/selleetools.com\/pl\/katalog\/"},{"@type":"ListItem","position":3,"name":"Beauty of Joseon Calming Serum Green tea + Panthenol 30 ml &#8211; Koj\u0105ce serum do twarzy"}]}]}},"_links":{"self":[{"href":"https:\/\/admincentral.selleetools.com\/pl\/wp-json\/wp\/v2\/product\/599207"}],"collection":[{"href":"https:\/\/admincentral.selleetools.com\/pl\/wp-json\/wp\/v2\/product"}],"about":[{"href":"https:\/\/admincentral.selleetools.com\/pl\/wp-json\/wp\/v2\/types\/product"}],"replies":[{"embeddable":true,"href":"https:\/\/admincentral.selleetools.com\/pl\/wp-json\/wp\/v2\/comments?post=599207"}],"wp:featuredmedia":[{"embeddable":true,"href":"https:\/\/admincentral.selleetools.com\/pl\/wp-json\/wp\/v2\/media\/599205"}],"wp:attachment":[{"href":"https:\/\/admincentral.selleetools.com\/pl\/wp-json\/wp\/v2\/media?parent=599207"}],"curies":[{"name":"wp","href":"https:\/\/api.w.org\/{rel}","templated":true}]}}