{"id":599227,"date":"2025-10-22T09:03:59","date_gmt":"2025-10-22T07:03:59","guid":{"rendered":"https:\/\/selleetools.com\/?post_type=product&#038;p=599227"},"modified":"2025-10-23T19:11:51","modified_gmt":"2025-10-23T17:11:51","slug":"vt-cosmetic-cica-mild-foam-cleanser-300-ml-delikatna-pianka-oczyszczajaca-z-wakrota-azjatycka","status":"publish","type":"product","link":"https:\/\/admincentral.selleetools.com\/pl\/product\/vt-cosmetic-cica-mild-foam-cleanser-300-ml-delikatna-pianka-oczyszczajaca-z-wakrota-azjatycka\/","title":{"rendered":"VT Cosmetic Cica Mild Foam Cleanser 300 ml &#8211; Delikatna pianka oczyszczaj\u0105ca z w\u0105krot\u0105 azjatyck\u0105"},"content":{"rendered":"<p><font style=\"font-size: 12px;\">VT Cosmetic Cica Mild Foam Cleanser to delikatna pianka oczyszczaj\u0105ca, kt\u00f3ra zosta\u0142a stworzona z my\u015bl\u0105 o codziennej piel\u0119gnacji ka\u017cdego rodzaju sk\u00f3ry, ze szczeg\u00f3lnym uwzgl\u0119dnieniem sk\u00f3ry wra\u017cliwej i problematycznej. G\u0142\u00f3wne sk\u0142adniki produktu to wyci\u0105g z w\u0105kroty azjatyckiej (Cica), kt\u00f3ry jest znany ze swoich w\u0142a\u015bciwo\u015bci \u0142agodz\u0105cych i regeneruj\u0105cych.<\/font><\/p>\n<p><strong><font style=\"font-size: 12px;\">Korzy\u015bci dla sk\u00f3ry:<\/font><\/strong><\/p>\n<ul>\n<li><font style=\"font-size: 12px;\"><strong>\u0141agodzenie podra\u017cnie\u0144:<\/strong> Dzi\u0119ki zawarto\u015bci wyci\u0105gu z w\u0105kroty azjatyckiej, pianka skutecznie \u0142agodzi podra\u017cnienia oraz zaczerwienienia, co czyni j\u0105 idealnym wyborem dla sk\u00f3ry wra\u017cliwej.<\/font><\/li>\n<li><font style=\"font-size: 12px;\"><strong>Delikatne oczyszczanie:<\/strong> Pianka dok\u0142adnie usuwa zanieczyszczenia, resztki makija\u017cu i nadmiar sebum, nie naruszaj\u0105c przy tym naturalnej bariery ochronnej sk\u00f3ry.<\/font><\/li>\n<li><font style=\"font-size: 12px;\"><strong>Nawil\u017cenie i od\u017cywienie:<\/strong> Formu\u0142a pianki pomaga utrzyma\u0107 odpowiedni poziom nawil\u017cenia, pozostawiaj\u0105c sk\u00f3r\u0119 g\u0142adk\u0105 i mi\u0119kk\u0105 w dotyku.<\/font><\/li>\n<li><font style=\"font-size: 12px;\"><strong>Wsparcie regeneracji:<\/strong> W\u0105krota azjatycka wspomaga procesy regeneracyjne sk\u00f3ry, przyczyniaj\u0105c si\u0119 do jej zdrowszego wygl\u0105du i redukcji drobnych niedoskona\u0142o\u015bci.<\/font><\/li>\n<\/ul>\n<p><font style=\"font-size: 12px;\"><strong>Spos\u00f3b u\u017cycia:<\/strong><br \/>\nNa\u0142\u00f3\u017c niewielk\u0105 ilo\u015b\u0107 pianki na wilgotne d\u0142onie i wmasuj w sk\u00f3r\u0119 twarzy, omijaj\u0105c okolice oczu. Delikatnie masuj twarz, aby produkt dok\u0142adnie oczy\u015bci\u0142 sk\u00f3r\u0119, a nast\u0119pnie sp\u0142ucz obficie letni\u0105 wod\u0105. Stosuj codziennie rano i wieczorem jako pierwszy krok w piel\u0119gnacji sk\u00f3ry.<\/font><\/p>\n<p><font style=\"font-size: 12px;\">Pianka VT Cosmetic Cica Mild Foam Cleanser to doskona\u0142y wyb\u00f3r dla os\u00f3b poszukuj\u0105cych delikatnego, ale skutecznego produktu oczyszczaj\u0105cego, kt\u00f3ry dodatkowo dba o zdrowie i komfort sk\u00f3ry.<\/font><\/p>\n","protected":false},"excerpt":{"rendered":"<p>VT Cosmetic Cica Mild Foam Cleanser to delikatna pianka oczyszczaj\u0105ca, kt\u00f3ra zosta\u0142a stworzona z my\u015bl\u0105 o codziennej piel\u0119gnacji ka\u017cdego rodzaju sk\u00f3ry, ze szczeg\u00f3lnym uwzgl\u0119dnieniem sk\u00f3ry wra\u017cliwej i problematycznej. G\u0142\u00f3wne sk\u0142adniki produktu to wyci\u0105g z w\u0105kroty azjatyckiej (Cica), kt\u00f3ry jest znany ze swoich w\u0142a\u015bciwo\u015bci \u0142agodz\u0105cych i regeneruj\u0105cych. Korzy\u015bci dla sk\u00f3ry: \u0141agodzenie podra\u017cnie\u0144: Dzi\u0119ki zawarto\u015bci wyci\u0105gu z &#8230; <a title=\"VT Cosmetic Cica Mild Foam Cleanser 300 ml &#8211; Delikatna pianka oczyszczaj\u0105ca z w\u0105krot\u0105 azjatyck\u0105\" class=\"read-more\" href=\"https:\/\/admincentral.selleetools.com\/pl\/product\/vt-cosmetic-cica-mild-foam-cleanser-300-ml-delikatna-pianka-oczyszczajaca-z-wakrota-azjatycka\/\">Read more<span class=\"screen-reader-text\">VT Cosmetic Cica Mild Foam Cleanser 300 ml &#8211; Delikatna pianka oczyszczaj\u0105ca z w\u0105krot\u0105 azjatyck\u0105<\/span><\/a><\/p>\n","protected":false},"featured_media":599223,"comment_status":"open","ping_status":"closed","template":"","meta":{"_links_to":"","_links_to_target":""},"yoast_head":"<!-- This site is optimized with the Yoast SEO plugin v19.4 - https:\/\/yoast.com\/wordpress\/plugins\/seo\/ -->\n<title>VT Cosmetic Cica Mild Foam Cleanser 300 ml - Delikatna pianka oczyszczaj\u0105ca z w\u0105krot\u0105 azjatyck\u0105 - Selleetools.com<\/title>\n<meta name=\"robots\" content=\"index, follow, max-snippet:-1, max-image-preview:large, max-video-preview:-1\" \/>\n<link rel=\"canonical\" href=\"https:\/\/admincentral.selleetools.com\/product\/vt-cosmetic-cica-mild-foam-cleanser-300-ml-delikatna-pianka-oczyszczajaca-z-wakrota-azjatycka\/\" \/>\n<meta property=\"og:locale\" content=\"pl_PL\" \/>\n<meta property=\"og:type\" content=\"article\" \/>\n<meta property=\"og:title\" content=\"VT Cosmetic Cica Mild Foam Cleanser 300 ml - Delikatna pianka oczyszczaj\u0105ca z w\u0105krot\u0105 azjatyck\u0105 - Selleetools.com\" \/>\n<meta property=\"og:description\" content=\"VT Cosmetic Cica Mild Foam Cleanser to delikatna pianka oczyszczaj\u0105ca, kt\u00f3ra zosta\u0142a stworzona z my\u015bl\u0105 o codziennej piel\u0119gnacji ka\u017cdego rodzaju sk\u00f3ry, ze szczeg\u00f3lnym uwzgl\u0119dnieniem sk\u00f3ry wra\u017cliwej i problematycznej. G\u0142\u00f3wne sk\u0142adniki produktu to wyci\u0105g z w\u0105kroty azjatyckiej (Cica), kt\u00f3ry jest znany ze swoich w\u0142a\u015bciwo\u015bci \u0142agodz\u0105cych i regeneruj\u0105cych. Korzy\u015bci dla sk\u00f3ry: \u0141agodzenie podra\u017cnie\u0144: Dzi\u0119ki zawarto\u015bci wyci\u0105gu z ... Read moreVT Cosmetic Cica Mild Foam Cleanser 300 ml &#8211; Delikatna pianka oczyszczaj\u0105ca z w\u0105krot\u0105 azjatyck\u0105\" \/>\n<meta property=\"og:url\" content=\"https:\/\/admincentral.selleetools.com\/product\/vt-cosmetic-cica-mild-foam-cleanser-300-ml-delikatna-pianka-oczyszczajaca-z-wakrota-azjatycka\/\" \/>\n<meta property=\"og:site_name\" content=\"Selleetools.com\" \/>\n<meta property=\"article:modified_time\" content=\"2025-10-23T17:11:51+00:00\" \/>\n<meta property=\"og:image\" content=\"https:\/\/selleetools.com\/wp-content\/uploads\/2025\/10\/d196a82dcec5913b5f9141a08bb11690.jpg\" \/>\n\t<meta property=\"og:image:width\" content=\"500\" \/>\n\t<meta property=\"og:image:height\" content=\"500\" \/>\n\t<meta property=\"og:image:type\" content=\"image\/jpeg\" \/>\n<meta name=\"twitter:card\" content=\"summary_large_image\" \/>\n<meta name=\"twitter:label1\" content=\"Est. reading time\" \/>\n\t<meta name=\"twitter:data1\" content=\"1 minuta\" \/>\n<!-- \/ Yoast SEO plugin. -->","yoast_head_json":{"title":"VT Cosmetic Cica Mild Foam Cleanser 300 ml - Delikatna pianka oczyszczaj\u0105ca z w\u0105krot\u0105 azjatyck\u0105 - Selleetools.com","robots":{"index":"index","follow":"follow","max-snippet":"max-snippet:-1","max-image-preview":"max-image-preview:large","max-video-preview":"max-video-preview:-1"},"canonical":"https:\/\/admincentral.selleetools.com\/product\/vt-cosmetic-cica-mild-foam-cleanser-300-ml-delikatna-pianka-oczyszczajaca-z-wakrota-azjatycka\/","og_locale":"pl_PL","og_type":"article","og_title":"VT Cosmetic Cica Mild Foam Cleanser 300 ml - Delikatna pianka oczyszczaj\u0105ca z w\u0105krot\u0105 azjatyck\u0105 - Selleetools.com","og_description":"VT Cosmetic Cica Mild Foam Cleanser to delikatna pianka oczyszczaj\u0105ca, kt\u00f3ra zosta\u0142a stworzona z my\u015bl\u0105 o codziennej piel\u0119gnacji ka\u017cdego rodzaju sk\u00f3ry, ze szczeg\u00f3lnym uwzgl\u0119dnieniem sk\u00f3ry wra\u017cliwej i problematycznej. G\u0142\u00f3wne sk\u0142adniki produktu to wyci\u0105g z w\u0105kroty azjatyckiej (Cica), kt\u00f3ry jest znany ze swoich w\u0142a\u015bciwo\u015bci \u0142agodz\u0105cych i regeneruj\u0105cych. Korzy\u015bci dla sk\u00f3ry: \u0141agodzenie podra\u017cnie\u0144: Dzi\u0119ki zawarto\u015bci wyci\u0105gu z ... Read moreVT Cosmetic Cica Mild Foam Cleanser 300 ml &#8211; Delikatna pianka oczyszczaj\u0105ca z w\u0105krot\u0105 azjatyck\u0105","og_url":"https:\/\/admincentral.selleetools.com\/product\/vt-cosmetic-cica-mild-foam-cleanser-300-ml-delikatna-pianka-oczyszczajaca-z-wakrota-azjatycka\/","og_site_name":"Selleetools.com","article_modified_time":"2025-10-23T17:11:51+00:00","og_image":[{"width":500,"height":500,"url":"https:\/\/selleetools.com\/wp-content\/uploads\/2025\/10\/d196a82dcec5913b5f9141a08bb11690.jpg","type":"image\/jpeg"}],"twitter_card":"summary_large_image","twitter_misc":{"Est. reading time":"1 minuta"},"schema":{"@context":"https:\/\/schema.org","@graph":[{"@type":"Organization","@id":"https:\/\/selleetools.com\/#organization","name":"Selleetools","url":"https:\/\/selleetools.com\/","sameAs":[],"logo":{"@type":"ImageObject","inLanguage":"pl-PL","@id":"https:\/\/selleetools.com\/#\/schema\/logo\/image\/","url":"https:\/\/selleetools.com\/wp-content\/uploads\/2021\/10\/logo-dark.png","contentUrl":"https:\/\/selleetools.com\/wp-content\/uploads\/2021\/10\/logo-dark.png","width":320,"height":76,"caption":"Selleetools"},"image":{"@id":"https:\/\/selleetools.com\/#\/schema\/logo\/image\/"}},{"@type":"WebSite","@id":"https:\/\/selleetools.com\/#website","url":"https:\/\/selleetools.com\/","name":"Selleetools.com","description":"","publisher":{"@id":"https:\/\/selleetools.com\/#organization"},"potentialAction":[{"@type":"SearchAction","target":{"@type":"EntryPoint","urlTemplate":"https:\/\/selleetools.com\/?s={search_term_string}"},"query-input":"required name=search_term_string"}],"inLanguage":"pl-PL"},{"@type":"WebPage","@id":"https:\/\/admincentral.selleetools.com\/product\/vt-cosmetic-cica-mild-foam-cleanser-300-ml-delikatna-pianka-oczyszczajaca-z-wakrota-azjatycka\/","url":"https:\/\/admincentral.selleetools.com\/product\/vt-cosmetic-cica-mild-foam-cleanser-300-ml-delikatna-pianka-oczyszczajaca-z-wakrota-azjatycka\/","name":"VT Cosmetic Cica Mild Foam Cleanser 300 ml - Delikatna pianka oczyszczaj\u0105ca z w\u0105krot\u0105 azjatyck\u0105 - Selleetools.com","isPartOf":{"@id":"https:\/\/selleetools.com\/#website"},"datePublished":"2025-10-22T07:03:59+00:00","dateModified":"2025-10-23T17:11:51+00:00","breadcrumb":{"@id":"https:\/\/admincentral.selleetools.com\/product\/vt-cosmetic-cica-mild-foam-cleanser-300-ml-delikatna-pianka-oczyszczajaca-z-wakrota-azjatycka\/#breadcrumb"},"inLanguage":"pl-PL","potentialAction":[{"@type":"ReadAction","target":["https:\/\/admincentral.selleetools.com\/product\/vt-cosmetic-cica-mild-foam-cleanser-300-ml-delikatna-pianka-oczyszczajaca-z-wakrota-azjatycka\/"]}]},{"@type":"BreadcrumbList","@id":"https:\/\/admincentral.selleetools.com\/product\/vt-cosmetic-cica-mild-foam-cleanser-300-ml-delikatna-pianka-oczyszczajaca-z-wakrota-azjatycka\/#breadcrumb","itemListElement":[{"@type":"ListItem","position":1,"name":"Home","item":"https:\/\/selleetools.com\/pl\/"},{"@type":"ListItem","position":2,"name":"Katalog","item":"https:\/\/selleetools.com\/pl\/katalog\/"},{"@type":"ListItem","position":3,"name":"VT Cosmetic Cica Mild Foam Cleanser 300 ml &#8211; Delikatna pianka oczyszczaj\u0105ca z w\u0105krot\u0105 azjatyck\u0105"}]}]}},"_links":{"self":[{"href":"https:\/\/admincentral.selleetools.com\/pl\/wp-json\/wp\/v2\/product\/599227"}],"collection":[{"href":"https:\/\/admincentral.selleetools.com\/pl\/wp-json\/wp\/v2\/product"}],"about":[{"href":"https:\/\/admincentral.selleetools.com\/pl\/wp-json\/wp\/v2\/types\/product"}],"replies":[{"embeddable":true,"href":"https:\/\/admincentral.selleetools.com\/pl\/wp-json\/wp\/v2\/comments?post=599227"}],"wp:featuredmedia":[{"embeddable":true,"href":"https:\/\/admincentral.selleetools.com\/pl\/wp-json\/wp\/v2\/media\/599223"}],"wp:attachment":[{"href":"https:\/\/admincentral.selleetools.com\/pl\/wp-json\/wp\/v2\/media?parent=599227"}],"curies":[{"name":"wp","href":"https:\/\/api.w.org\/{rel}","templated":true}]}}