{"id":599235,"date":"2025-10-22T09:04:11","date_gmt":"2025-10-22T07:04:11","guid":{"rendered":"https:\/\/selleetools.com\/?post_type=product&#038;p=599235"},"modified":"2025-11-04T20:36:25","modified_gmt":"2025-11-04T19:36:25","slug":"be-the-skin-vitavita-circle-zero-eye-cream-30-g-rozswietlajacy-krem-pod-oczy","status":"publish","type":"product","link":"https:\/\/admincentral.selleetools.com\/pl\/product\/be-the-skin-vitavita-circle-zero-eye-cream-30-g-rozswietlajacy-krem-pod-oczy\/","title":{"rendered":"Be The Skin VITAVITA CIRCLE ZERO EYE CREAM 30 g &#8211; roz\u015bwietlaj\u0105cy krem pod oczy"},"content":{"rendered":"<p>Be The Skin Vitavita Circle Zero Eye Cream to zaawansowany krem pod oczy, stworzony z my\u015bl\u0105 o kompleksowej piel\u0119gnacji okolic oczu \u2013 redukcji cieni, opuchlizny oraz oznak starzenia. Formu\u0142a bogata w niacynamid, witamin\u0119 C (w dw\u00f3ch stabilnych formach) oraz peptydy biomimetyczne skutecznie rozja\u015bnia i uj\u0119drnia delikatn\u0105 sk\u00f3r\u0119 pod oczami. Dodatek hydrolizowanego kolagenu i elastyny wzmacnia struktur\u0119 sk\u00f3ry, a pantenol, betaina i gliceryna zapewniaj\u0105 odpowiedni poziom nawil\u017cenia.<\/p>\n<p>Korzy\u015bci dla sk\u00f3ry<br \/>\nRozja\u015bnienie cieni i wyr\u00f3wnanie kolorytu dzi\u0119ki niacynamidowi i witaminie C<br \/>\nRedukcja opuchlizny i wyg\u0142adzenie drobnych linii<br \/>\nWzmocnienie elastyczno\u015bci i nawil\u017cenie<br \/>\nDzia\u0142anie przeciwzmarszczkowe i uj\u0119drniaj\u0105ce<br \/>\nOchrona antyoksydacyjna i \u0142agodzenie <\/p>\n<p>Spos\u00f3b u\u017cycia: Na\u0142\u00f3\u017c niewielk\u0105 ilo\u015b\u0107 kremu na okolice oczu jako ostatni krok piel\u0119gnacji. Delikatnie wklep opuszkami palc\u00f3w a\u017c do ca\u0142kowitego wch\u0142oni\u0119cia. Stosuj rano i wieczorem.<\/p>\n","protected":false},"excerpt":{"rendered":"<p>Be The Skin Vitavita Circle Zero Eye Cream to zaawansowany krem pod oczy, stworzony z my\u015bl\u0105 o kompleksowej piel\u0119gnacji okolic oczu \u2013 redukcji cieni, opuchlizny oraz oznak starzenia. Formu\u0142a bogata w niacynamid, witamin\u0119 C (w dw\u00f3ch stabilnych formach) oraz peptydy biomimetyczne skutecznie rozja\u015bnia i uj\u0119drnia delikatn\u0105 sk\u00f3r\u0119 pod oczami. Dodatek hydrolizowanego kolagenu i elastyny wzmacnia &#8230; <a title=\"Be The Skin VITAVITA CIRCLE ZERO EYE CREAM 30 g &#8211; roz\u015bwietlaj\u0105cy krem pod oczy\" class=\"read-more\" href=\"https:\/\/admincentral.selleetools.com\/pl\/product\/be-the-skin-vitavita-circle-zero-eye-cream-30-g-rozswietlajacy-krem-pod-oczy\/\">Read more<span class=\"screen-reader-text\">Be The Skin VITAVITA CIRCLE ZERO EYE CREAM 30 g &#8211; roz\u015bwietlaj\u0105cy krem pod oczy<\/span><\/a><\/p>\n","protected":false},"featured_media":599233,"comment_status":"open","ping_status":"closed","template":"","meta":{"_links_to":"","_links_to_target":""},"yoast_head":"<!-- This site is optimized with the Yoast SEO plugin v19.4 - https:\/\/yoast.com\/wordpress\/plugins\/seo\/ -->\n<title>Be The Skin VITAVITA CIRCLE ZERO EYE CREAM 30 g - roz\u015bwietlaj\u0105cy krem pod oczy - Selleetools.com<\/title>\n<meta name=\"robots\" content=\"index, follow, max-snippet:-1, max-image-preview:large, max-video-preview:-1\" \/>\n<link rel=\"canonical\" href=\"https:\/\/selleetools.com\/pl\/product\/be-the-skin-vitavita-circle-zero-eye-cream-30-g-rozswietlajacy-krem-pod-oczy\/\" \/>\n<meta property=\"og:locale\" content=\"pl_PL\" \/>\n<meta property=\"og:type\" content=\"article\" \/>\n<meta property=\"og:title\" content=\"Be The Skin VITAVITA CIRCLE ZERO EYE CREAM 30 g - roz\u015bwietlaj\u0105cy krem pod oczy - Selleetools.com\" \/>\n<meta property=\"og:description\" content=\"Be The Skin Vitavita Circle Zero Eye Cream to zaawansowany krem pod oczy, stworzony z my\u015bl\u0105 o kompleksowej piel\u0119gnacji okolic oczu \u2013 redukcji cieni, opuchlizny oraz oznak starzenia. Formu\u0142a bogata w niacynamid, witamin\u0119 C (w dw\u00f3ch stabilnych formach) oraz peptydy biomimetyczne skutecznie rozja\u015bnia i uj\u0119drnia delikatn\u0105 sk\u00f3r\u0119 pod oczami. Dodatek hydrolizowanego kolagenu i elastyny wzmacnia ... Read moreBe The Skin VITAVITA CIRCLE ZERO EYE CREAM 30 g &#8211; roz\u015bwietlaj\u0105cy krem pod oczy\" \/>\n<meta property=\"og:url\" content=\"https:\/\/selleetools.com\/pl\/product\/be-the-skin-vitavita-circle-zero-eye-cream-30-g-rozswietlajacy-krem-pod-oczy\/\" \/>\n<meta property=\"og:site_name\" content=\"Selleetools.com\" \/>\n<meta property=\"article:modified_time\" content=\"2025-11-04T19:36:25+00:00\" \/>\n<meta property=\"og:image\" content=\"https:\/\/selleetools.com\/wp-content\/uploads\/2025\/10\/7ce97b5e29c05c82b0daf5b64471a661.png\" \/>\n\t<meta property=\"og:image:width\" content=\"3000\" \/>\n\t<meta property=\"og:image:height\" content=\"3000\" \/>\n\t<meta property=\"og:image:type\" content=\"image\/png\" \/>\n<meta name=\"twitter:card\" content=\"summary_large_image\" \/>\n<meta name=\"twitter:label1\" content=\"Est. reading time\" \/>\n\t<meta name=\"twitter:data1\" content=\"1 minuta\" \/>\n<!-- \/ Yoast SEO plugin. -->","yoast_head_json":{"title":"Be The Skin VITAVITA CIRCLE ZERO EYE CREAM 30 g - roz\u015bwietlaj\u0105cy krem pod oczy - Selleetools.com","robots":{"index":"index","follow":"follow","max-snippet":"max-snippet:-1","max-image-preview":"max-image-preview:large","max-video-preview":"max-video-preview:-1"},"canonical":"https:\/\/selleetools.com\/pl\/product\/be-the-skin-vitavita-circle-zero-eye-cream-30-g-rozswietlajacy-krem-pod-oczy\/","og_locale":"pl_PL","og_type":"article","og_title":"Be The Skin VITAVITA CIRCLE ZERO EYE CREAM 30 g - roz\u015bwietlaj\u0105cy krem pod oczy - Selleetools.com","og_description":"Be The Skin Vitavita Circle Zero Eye Cream to zaawansowany krem pod oczy, stworzony z my\u015bl\u0105 o kompleksowej piel\u0119gnacji okolic oczu \u2013 redukcji cieni, opuchlizny oraz oznak starzenia. Formu\u0142a bogata w niacynamid, witamin\u0119 C (w dw\u00f3ch stabilnych formach) oraz peptydy biomimetyczne skutecznie rozja\u015bnia i uj\u0119drnia delikatn\u0105 sk\u00f3r\u0119 pod oczami. Dodatek hydrolizowanego kolagenu i elastyny wzmacnia ... Read moreBe The Skin VITAVITA CIRCLE ZERO EYE CREAM 30 g &#8211; roz\u015bwietlaj\u0105cy krem pod oczy","og_url":"https:\/\/selleetools.com\/pl\/product\/be-the-skin-vitavita-circle-zero-eye-cream-30-g-rozswietlajacy-krem-pod-oczy\/","og_site_name":"Selleetools.com","article_modified_time":"2025-11-04T19:36:25+00:00","og_image":[{"width":3000,"height":3000,"url":"https:\/\/selleetools.com\/wp-content\/uploads\/2025\/10\/7ce97b5e29c05c82b0daf5b64471a661.png","type":"image\/png"}],"twitter_card":"summary_large_image","twitter_misc":{"Est. reading time":"1 minuta"},"schema":{"@context":"https:\/\/schema.org","@graph":[{"@type":"Organization","@id":"https:\/\/selleetools.com\/#organization","name":"Selleetools","url":"https:\/\/selleetools.com\/","sameAs":[],"logo":{"@type":"ImageObject","inLanguage":"pl-PL","@id":"https:\/\/selleetools.com\/#\/schema\/logo\/image\/","url":"https:\/\/selleetools.com\/wp-content\/uploads\/2021\/10\/logo-dark.png","contentUrl":"https:\/\/selleetools.com\/wp-content\/uploads\/2021\/10\/logo-dark.png","width":320,"height":76,"caption":"Selleetools"},"image":{"@id":"https:\/\/selleetools.com\/#\/schema\/logo\/image\/"}},{"@type":"WebSite","@id":"https:\/\/selleetools.com\/#website","url":"https:\/\/selleetools.com\/","name":"Selleetools.com","description":"","publisher":{"@id":"https:\/\/selleetools.com\/#organization"},"potentialAction":[{"@type":"SearchAction","target":{"@type":"EntryPoint","urlTemplate":"https:\/\/selleetools.com\/?s={search_term_string}"},"query-input":"required name=search_term_string"}],"inLanguage":"pl-PL"},{"@type":"WebPage","@id":"https:\/\/selleetools.com\/pl\/product\/be-the-skin-vitavita-circle-zero-eye-cream-30-g-rozswietlajacy-krem-pod-oczy\/","url":"https:\/\/selleetools.com\/pl\/product\/be-the-skin-vitavita-circle-zero-eye-cream-30-g-rozswietlajacy-krem-pod-oczy\/","name":"Be The Skin VITAVITA CIRCLE ZERO EYE CREAM 30 g - roz\u015bwietlaj\u0105cy krem pod oczy - Selleetools.com","isPartOf":{"@id":"https:\/\/selleetools.com\/#website"},"datePublished":"2025-10-22T07:04:11+00:00","dateModified":"2025-11-04T19:36:25+00:00","breadcrumb":{"@id":"https:\/\/selleetools.com\/pl\/product\/be-the-skin-vitavita-circle-zero-eye-cream-30-g-rozswietlajacy-krem-pod-oczy\/#breadcrumb"},"inLanguage":"pl-PL","potentialAction":[{"@type":"ReadAction","target":["https:\/\/selleetools.com\/pl\/product\/be-the-skin-vitavita-circle-zero-eye-cream-30-g-rozswietlajacy-krem-pod-oczy\/"]}]},{"@type":"BreadcrumbList","@id":"https:\/\/selleetools.com\/pl\/product\/be-the-skin-vitavita-circle-zero-eye-cream-30-g-rozswietlajacy-krem-pod-oczy\/#breadcrumb","itemListElement":[{"@type":"ListItem","position":1,"name":"Home","item":"https:\/\/selleetools.com\/pl\/"},{"@type":"ListItem","position":2,"name":"Katalog","item":"https:\/\/selleetools.com\/pl\/katalog\/"},{"@type":"ListItem","position":3,"name":"Be The Skin VITAVITA CIRCLE ZERO EYE CREAM 30 g &#8211; roz\u015bwietlaj\u0105cy krem pod oczy"}]}]}},"_links":{"self":[{"href":"https:\/\/admincentral.selleetools.com\/pl\/wp-json\/wp\/v2\/product\/599235"}],"collection":[{"href":"https:\/\/admincentral.selleetools.com\/pl\/wp-json\/wp\/v2\/product"}],"about":[{"href":"https:\/\/admincentral.selleetools.com\/pl\/wp-json\/wp\/v2\/types\/product"}],"replies":[{"embeddable":true,"href":"https:\/\/admincentral.selleetools.com\/pl\/wp-json\/wp\/v2\/comments?post=599235"}],"wp:featuredmedia":[{"embeddable":true,"href":"https:\/\/admincentral.selleetools.com\/pl\/wp-json\/wp\/v2\/media\/599233"}],"wp:attachment":[{"href":"https:\/\/admincentral.selleetools.com\/pl\/wp-json\/wp\/v2\/media?parent=599235"}],"curies":[{"name":"wp","href":"https:\/\/api.w.org\/{rel}","templated":true}]}}