{"id":599238,"date":"2025-10-22T09:04:17","date_gmt":"2025-10-22T07:04:17","guid":{"rendered":"https:\/\/selleetools.com\/?post_type=product&#038;p=599238"},"modified":"2026-02-25T19:20:21","modified_gmt":"2026-02-25T18:20:21","slug":"be-the-skin-bha-pore-zero-toner-150-ml-matujacy-tonik-do-twarzy","status":"publish","type":"product","link":"https:\/\/admincentral.selleetools.com\/pl\/product\/be-the-skin-bha-pore-zero-toner-150-ml-matujacy-tonik-do-twarzy\/","title":{"rendered":"Be The Skin BHA+ PORE ZERO Toner 150 ml &#8211; Matuj\u0105cy tonik do twarzy"},"content":{"rendered":"<p style=\"caret-color: rgb(0, 0, 0); color: rgb(0, 0, 0);\"><font style=\"font-size: 12px;\">Be The Skin BHA+ PORE ZERO Toner to wyj\u0105tkowy tonik, kt\u00f3ry pomaga w oczyszczaniu i zw\u0119\u017caniu por\u00f3w, jednocze\u015bnie kontroluj\u0105c wydzielanie sebum. Idealny dla sk\u00f3ry t\u0142ustej i mieszanej, tonik ten od\u015bwie\u017ca sk\u00f3r\u0119, redukuje zask\u00f3rniki i zapobiega powstawaniu wyprysk\u00f3w, pozostawiaj\u0105c sk\u00f3r\u0119 g\u0142adk\u0105 i matow\u0105.<\/font><\/p>\n<h4 style=\"caret-color: rgb(0, 0, 0); color: rgb(0, 0, 0);\"><font style=\"font-size: 12px;\">Korzy\u015bci dla sk\u00f3ry<\/font><\/h4>\n<ul style=\"caret-color: rgb(0, 0, 0); color: rgb(0, 0, 0);\">\n<li><font style=\"font-size: 12px;\"><strong>Oczyszczanie i zw\u0119\u017canie por\u00f3w<\/strong>: Skutecznie usuwa zanieczyszczenia i nadmiar sebum, co prowadzi do zmniejszenia widoczno\u015bci por\u00f3w.<\/font><\/li>\n<li><font style=\"font-size: 12px;\"><strong>Redukcja zask\u00f3rnik\u00f3w<\/strong>: Regularne stosowanie toniku pomaga w redukcji zask\u00f3rnik\u00f3w i zapobiega powstawaniu nowych.<\/font><\/li>\n<li><font style=\"font-size: 12px;\"><strong>Matowe wyko\u0144czenie<\/strong>: Tonik kontroluje wydzielanie sebum, co sprawia, \u017ce sk\u00f3ra jest d\u0142u\u017cej matowa i \u015bwie\u017ca.<\/font><\/li>\n<\/ul>\n<h4 style=\"caret-color: rgb(0, 0, 0); color: rgb(0, 0, 0);\"><font style=\"font-size: 12px;\">Spos\u00f3b u\u017cycia:<\/font><\/h4>\n<p style=\"caret-color: rgb(0, 0, 0); color: rgb(0, 0, 0);\"><font style=\"font-size: 12px;\">Po oczyszczeniu twarzy, na\u0142\u00f3\u017c niewielk\u0105 ilo\u015b\u0107 toniku na wacik i delikatnie przetrzyj sk\u00f3r\u0119 twarzy, unikaj\u0105c okolic oczu. Stosuj codziennie rano i wieczorem jako cz\u0119\u015b\u0107 swojej rutyny piel\u0119gnacyjnej.<\/font><\/p>\n","protected":false},"excerpt":{"rendered":"<p>Be The Skin BHA+ PORE ZERO Toner to wyj\u0105tkowy tonik, kt\u00f3ry pomaga w oczyszczaniu i zw\u0119\u017caniu por\u00f3w, jednocze\u015bnie kontroluj\u0105c wydzielanie sebum. Idealny dla sk\u00f3ry t\u0142ustej i mieszanej, tonik ten od\u015bwie\u017ca sk\u00f3r\u0119, redukuje zask\u00f3rniki i zapobiega powstawaniu wyprysk\u00f3w, pozostawiaj\u0105c sk\u00f3r\u0119 g\u0142adk\u0105 i matow\u0105. Korzy\u015bci dla sk\u00f3ry Oczyszczanie i zw\u0119\u017canie por\u00f3w: Skutecznie usuwa zanieczyszczenia i nadmiar sebum, &#8230; <a title=\"Be The Skin BHA+ PORE ZERO Toner 150 ml &#8211; Matuj\u0105cy tonik do twarzy\" class=\"read-more\" href=\"https:\/\/admincentral.selleetools.com\/pl\/product\/be-the-skin-bha-pore-zero-toner-150-ml-matujacy-tonik-do-twarzy\/\">Read more<span class=\"screen-reader-text\">Be The Skin BHA+ PORE ZERO Toner 150 ml &#8211; Matuj\u0105cy tonik do twarzy<\/span><\/a><\/p>\n","protected":false},"featured_media":599236,"comment_status":"open","ping_status":"closed","template":"","meta":{"_links_to":"","_links_to_target":""},"yoast_head":"<!-- This site is optimized with the Yoast SEO plugin v19.4 - https:\/\/yoast.com\/wordpress\/plugins\/seo\/ -->\n<title>Be The Skin BHA+ PORE ZERO Toner 150 ml - Matuj\u0105cy tonik do twarzy - Selleetools.com<\/title>\n<meta name=\"robots\" content=\"index, follow, max-snippet:-1, max-image-preview:large, max-video-preview:-1\" \/>\n<link rel=\"canonical\" href=\"https:\/\/selleetools.com\/pl\/product\/be-the-skin-bha-pore-zero-toner-150-ml-matujacy-tonik-do-twarzy\/\" \/>\n<meta property=\"og:locale\" content=\"pl_PL\" \/>\n<meta property=\"og:type\" content=\"article\" \/>\n<meta property=\"og:title\" content=\"Be The Skin BHA+ PORE ZERO Toner 150 ml - Matuj\u0105cy tonik do twarzy - Selleetools.com\" \/>\n<meta property=\"og:description\" content=\"Be The Skin BHA+ PORE ZERO Toner to wyj\u0105tkowy tonik, kt\u00f3ry pomaga w oczyszczaniu i zw\u0119\u017caniu por\u00f3w, jednocze\u015bnie kontroluj\u0105c wydzielanie sebum. Idealny dla sk\u00f3ry t\u0142ustej i mieszanej, tonik ten od\u015bwie\u017ca sk\u00f3r\u0119, redukuje zask\u00f3rniki i zapobiega powstawaniu wyprysk\u00f3w, pozostawiaj\u0105c sk\u00f3r\u0119 g\u0142adk\u0105 i matow\u0105. Korzy\u015bci dla sk\u00f3ry Oczyszczanie i zw\u0119\u017canie por\u00f3w: Skutecznie usuwa zanieczyszczenia i nadmiar sebum, ... Read moreBe The Skin BHA+ PORE ZERO Toner 150 ml &#8211; Matuj\u0105cy tonik do twarzy\" \/>\n<meta property=\"og:url\" content=\"https:\/\/selleetools.com\/pl\/product\/be-the-skin-bha-pore-zero-toner-150-ml-matujacy-tonik-do-twarzy\/\" \/>\n<meta property=\"og:site_name\" content=\"Selleetools.com\" \/>\n<meta property=\"article:modified_time\" content=\"2026-02-25T18:20:21+00:00\" \/>\n<meta property=\"og:image\" content=\"https:\/\/selleetools.com\/wp-content\/uploads\/2025\/10\/8cc57e795c7c6f9addbca1799615bbfa.png\" \/>\n\t<meta property=\"og:image:width\" content=\"3000\" \/>\n\t<meta property=\"og:image:height\" content=\"3000\" \/>\n\t<meta property=\"og:image:type\" content=\"image\/png\" \/>\n<meta name=\"twitter:card\" content=\"summary_large_image\" \/>\n<meta name=\"twitter:label1\" content=\"Est. reading time\" \/>\n\t<meta name=\"twitter:data1\" content=\"1 minuta\" \/>\n<!-- \/ Yoast SEO plugin. -->","yoast_head_json":{"title":"Be The Skin BHA+ PORE ZERO Toner 150 ml - Matuj\u0105cy tonik do twarzy - Selleetools.com","robots":{"index":"index","follow":"follow","max-snippet":"max-snippet:-1","max-image-preview":"max-image-preview:large","max-video-preview":"max-video-preview:-1"},"canonical":"https:\/\/selleetools.com\/pl\/product\/be-the-skin-bha-pore-zero-toner-150-ml-matujacy-tonik-do-twarzy\/","og_locale":"pl_PL","og_type":"article","og_title":"Be The Skin BHA+ PORE ZERO Toner 150 ml - Matuj\u0105cy tonik do twarzy - Selleetools.com","og_description":"Be The Skin BHA+ PORE ZERO Toner to wyj\u0105tkowy tonik, kt\u00f3ry pomaga w oczyszczaniu i zw\u0119\u017caniu por\u00f3w, jednocze\u015bnie kontroluj\u0105c wydzielanie sebum. Idealny dla sk\u00f3ry t\u0142ustej i mieszanej, tonik ten od\u015bwie\u017ca sk\u00f3r\u0119, redukuje zask\u00f3rniki i zapobiega powstawaniu wyprysk\u00f3w, pozostawiaj\u0105c sk\u00f3r\u0119 g\u0142adk\u0105 i matow\u0105. Korzy\u015bci dla sk\u00f3ry Oczyszczanie i zw\u0119\u017canie por\u00f3w: Skutecznie usuwa zanieczyszczenia i nadmiar sebum, ... Read moreBe The Skin BHA+ PORE ZERO Toner 150 ml &#8211; Matuj\u0105cy tonik do twarzy","og_url":"https:\/\/selleetools.com\/pl\/product\/be-the-skin-bha-pore-zero-toner-150-ml-matujacy-tonik-do-twarzy\/","og_site_name":"Selleetools.com","article_modified_time":"2026-02-25T18:20:21+00:00","og_image":[{"width":3000,"height":3000,"url":"https:\/\/selleetools.com\/wp-content\/uploads\/2025\/10\/8cc57e795c7c6f9addbca1799615bbfa.png","type":"image\/png"}],"twitter_card":"summary_large_image","twitter_misc":{"Est. reading time":"1 minuta"},"schema":{"@context":"https:\/\/schema.org","@graph":[{"@type":"Organization","@id":"https:\/\/selleetools.com\/#organization","name":"Selleetools","url":"https:\/\/selleetools.com\/","sameAs":[],"logo":{"@type":"ImageObject","inLanguage":"pl-PL","@id":"https:\/\/selleetools.com\/#\/schema\/logo\/image\/","url":"https:\/\/selleetools.com\/wp-content\/uploads\/2021\/10\/logo-dark.png","contentUrl":"https:\/\/selleetools.com\/wp-content\/uploads\/2021\/10\/logo-dark.png","width":320,"height":76,"caption":"Selleetools"},"image":{"@id":"https:\/\/selleetools.com\/#\/schema\/logo\/image\/"}},{"@type":"WebSite","@id":"https:\/\/selleetools.com\/#website","url":"https:\/\/selleetools.com\/","name":"Selleetools.com","description":"","publisher":{"@id":"https:\/\/selleetools.com\/#organization"},"potentialAction":[{"@type":"SearchAction","target":{"@type":"EntryPoint","urlTemplate":"https:\/\/selleetools.com\/?s={search_term_string}"},"query-input":"required name=search_term_string"}],"inLanguage":"pl-PL"},{"@type":"WebPage","@id":"https:\/\/selleetools.com\/pl\/product\/be-the-skin-bha-pore-zero-toner-150-ml-matujacy-tonik-do-twarzy\/","url":"https:\/\/selleetools.com\/pl\/product\/be-the-skin-bha-pore-zero-toner-150-ml-matujacy-tonik-do-twarzy\/","name":"Be The Skin BHA+ PORE ZERO Toner 150 ml - Matuj\u0105cy tonik do twarzy - Selleetools.com","isPartOf":{"@id":"https:\/\/selleetools.com\/#website"},"datePublished":"2025-10-22T07:04:17+00:00","dateModified":"2026-02-25T18:20:21+00:00","breadcrumb":{"@id":"https:\/\/selleetools.com\/pl\/product\/be-the-skin-bha-pore-zero-toner-150-ml-matujacy-tonik-do-twarzy\/#breadcrumb"},"inLanguage":"pl-PL","potentialAction":[{"@type":"ReadAction","target":["https:\/\/selleetools.com\/pl\/product\/be-the-skin-bha-pore-zero-toner-150-ml-matujacy-tonik-do-twarzy\/"]}]},{"@type":"BreadcrumbList","@id":"https:\/\/selleetools.com\/pl\/product\/be-the-skin-bha-pore-zero-toner-150-ml-matujacy-tonik-do-twarzy\/#breadcrumb","itemListElement":[{"@type":"ListItem","position":1,"name":"Home","item":"https:\/\/selleetools.com\/pl\/"},{"@type":"ListItem","position":2,"name":"Katalog","item":"https:\/\/selleetools.com\/pl\/katalog\/"},{"@type":"ListItem","position":3,"name":"Be The Skin BHA+ PORE ZERO Toner 150 ml &#8211; Matuj\u0105cy tonik do twarzy"}]}]}},"_links":{"self":[{"href":"https:\/\/admincentral.selleetools.com\/pl\/wp-json\/wp\/v2\/product\/599238"}],"collection":[{"href":"https:\/\/admincentral.selleetools.com\/pl\/wp-json\/wp\/v2\/product"}],"about":[{"href":"https:\/\/admincentral.selleetools.com\/pl\/wp-json\/wp\/v2\/types\/product"}],"replies":[{"embeddable":true,"href":"https:\/\/admincentral.selleetools.com\/pl\/wp-json\/wp\/v2\/comments?post=599238"}],"wp:featuredmedia":[{"embeddable":true,"href":"https:\/\/admincentral.selleetools.com\/pl\/wp-json\/wp\/v2\/media\/599236"}],"wp:attachment":[{"href":"https:\/\/admincentral.selleetools.com\/pl\/wp-json\/wp\/v2\/media?parent=599238"}],"curies":[{"name":"wp","href":"https:\/\/api.w.org\/{rel}","templated":true}]}}