{"id":599259,"date":"2025-10-22T09:04:37","date_gmt":"2025-10-22T07:04:37","guid":{"rendered":"https:\/\/selleetools.com\/?post_type=product&#038;p=599259"},"modified":"2025-12-26T16:51:22","modified_gmt":"2025-12-26T15:51:22","slug":"beauty-of-joseon-revive-serum-ginseng-snail-mucin-30-ml-nawilzajaco-regenerujace-serum-do-twarzy","status":"publish","type":"product","link":"https:\/\/admincentral.selleetools.com\/pl\/product\/beauty-of-joseon-revive-serum-ginseng-snail-mucin-30-ml-nawilzajaco-regenerujace-serum-do-twarzy\/","title":{"rendered":"Beauty of Joseon Revive Serum Ginseng + Snail Mucin 30 ml &#8211; Nawil\u017caj\u0105co-regeneruj\u0105ce serum do twarzy"},"content":{"rendered":"<p style=\"text-align: justify; caret-color: rgb(0, 0, 0); color: rgb(0, 0, 0);\"><font style=\"font-size: 12px;\">Beauty of Joseon Repair Serum Ginseng + Snail Mucin to serum do twarzy, kt\u00f3re \u0142\u0105czy tradycyjne korea\u0144skie sk\u0142adniki z nowoczesnymi technologiami kosmetycznymi. Produkt intensywnie nawil\u017ca, regeneruje i odm\u0142adza sk\u00f3r\u0119, jednocze\u015bnie poprawiaj\u0105c jej elastyczno\u015b\u0107 i blask. Idealny dla os\u00f3b z cer\u0105 zm\u0119czon\u0105, such\u0105 i dojrza\u0142\u0105.<\/font><\/p>\n<p style=\"text-align: justify; caret-color: rgb(0, 0, 0); color: rgb(0, 0, 0);\"><strong><font style=\"font-size: 12px;\">Korzy\u015bci dla sk\u00f3ry:<\/font><\/strong><\/p>\n<ul style=\"caret-color: rgb(0, 0, 0); color: rgb(0, 0, 0);\">\n<li style=\"text-align: justify;\"><font style=\"font-size: 12px;\">Nawil\u017cenie i od\u017cywienie<\/font><\/li>\n<li style=\"text-align: justify;\"><font style=\"font-size: 12px;\">Regeneracja i redukcja drobnych zmarszczek<\/font><\/li>\n<li style=\"text-align: justify;\"><font style=\"font-size: 12px;\">Poprawa elastyczno\u015bci i blasku cery<\/font><\/li>\n<\/ul>\n<p style=\"text-align: justify; caret-color: rgb(0, 0, 0); color: rgb(0, 0, 0);\"><font style=\"font-size: 12px;\"><strong>Spos\u00f3b u\u017cycia:<\/strong>\u00a0Na\u0142\u00f3\u017c kilka kropli serum na oczyszczon\u0105 sk\u00f3r\u0119 twarzy i delikatnie wklep do ca\u0142kowitego wch\u0142oni\u0119cia. Stosuj rano i wieczorem przed na\u0142o\u017ceniem kremu nawil\u017caj\u0105cego.<\/font><\/p>\n","protected":false},"excerpt":{"rendered":"<p>Beauty of Joseon Repair Serum Ginseng + Snail Mucin to serum do twarzy, kt\u00f3re \u0142\u0105czy tradycyjne korea\u0144skie sk\u0142adniki z nowoczesnymi technologiami kosmetycznymi. Produkt intensywnie nawil\u017ca, regeneruje i odm\u0142adza sk\u00f3r\u0119, jednocze\u015bnie poprawiaj\u0105c jej elastyczno\u015b\u0107 i blask. Idealny dla os\u00f3b z cer\u0105 zm\u0119czon\u0105, such\u0105 i dojrza\u0142\u0105. Korzy\u015bci dla sk\u00f3ry: Nawil\u017cenie i od\u017cywienie Regeneracja i redukcja drobnych zmarszczek &#8230; <a title=\"Beauty of Joseon Revive Serum Ginseng + Snail Mucin 30 ml &#8211; Nawil\u017caj\u0105co-regeneruj\u0105ce serum do twarzy\" class=\"read-more\" href=\"https:\/\/admincentral.selleetools.com\/pl\/product\/beauty-of-joseon-revive-serum-ginseng-snail-mucin-30-ml-nawilzajaco-regenerujace-serum-do-twarzy\/\">Read more<span class=\"screen-reader-text\">Beauty of Joseon Revive Serum Ginseng + Snail Mucin 30 ml &#8211; Nawil\u017caj\u0105co-regeneruj\u0105ce serum do twarzy<\/span><\/a><\/p>\n","protected":false},"featured_media":599257,"comment_status":"open","ping_status":"closed","template":"","meta":{"_links_to":"","_links_to_target":""},"yoast_head":"<!-- This site is optimized with the Yoast SEO plugin v19.4 - https:\/\/yoast.com\/wordpress\/plugins\/seo\/ -->\n<title>Beauty of Joseon Revive Serum Ginseng + Snail Mucin 30 ml - Nawil\u017caj\u0105co-regeneruj\u0105ce serum do twarzy - Selleetools.com<\/title>\n<meta name=\"robots\" content=\"index, follow, max-snippet:-1, max-image-preview:large, max-video-preview:-1\" \/>\n<link rel=\"canonical\" href=\"https:\/\/selleetools.com\/pl\/product\/beauty-of-joseon-revive-serum-ginseng-snail-mucin-30-ml-nawilzajaco-regenerujace-serum-do-twarzy\/\" \/>\n<meta property=\"og:locale\" content=\"pl_PL\" \/>\n<meta property=\"og:type\" content=\"article\" \/>\n<meta property=\"og:title\" content=\"Beauty of Joseon Revive Serum Ginseng + Snail Mucin 30 ml - Nawil\u017caj\u0105co-regeneruj\u0105ce serum do twarzy - Selleetools.com\" \/>\n<meta property=\"og:description\" content=\"Beauty of Joseon Repair Serum Ginseng + Snail Mucin to serum do twarzy, kt\u00f3re \u0142\u0105czy tradycyjne korea\u0144skie sk\u0142adniki z nowoczesnymi technologiami kosmetycznymi. Produkt intensywnie nawil\u017ca, regeneruje i odm\u0142adza sk\u00f3r\u0119, jednocze\u015bnie poprawiaj\u0105c jej elastyczno\u015b\u0107 i blask. Idealny dla os\u00f3b z cer\u0105 zm\u0119czon\u0105, such\u0105 i dojrza\u0142\u0105. Korzy\u015bci dla sk\u00f3ry: Nawil\u017cenie i od\u017cywienie Regeneracja i redukcja drobnych zmarszczek ... Read moreBeauty of Joseon Revive Serum Ginseng + Snail Mucin 30 ml &#8211; Nawil\u017caj\u0105co-regeneruj\u0105ce serum do twarzy\" \/>\n<meta property=\"og:url\" content=\"https:\/\/selleetools.com\/pl\/product\/beauty-of-joseon-revive-serum-ginseng-snail-mucin-30-ml-nawilzajaco-regenerujace-serum-do-twarzy\/\" \/>\n<meta property=\"og:site_name\" content=\"Selleetools.com\" \/>\n<meta property=\"article:modified_time\" content=\"2025-12-26T15:51:22+00:00\" \/>\n<meta property=\"og:image\" content=\"https:\/\/selleetools.com\/wp-content\/uploads\/2025\/10\/f6fcde3ef0b9657dfbe7d2cf4a064a51.jpg\" \/>\n\t<meta property=\"og:image:width\" content=\"473\" \/>\n\t<meta property=\"og:image:height\" content=\"737\" \/>\n\t<meta property=\"og:image:type\" content=\"image\/jpeg\" \/>\n<meta name=\"twitter:card\" content=\"summary_large_image\" \/>\n<meta name=\"twitter:label1\" content=\"Est. reading time\" \/>\n\t<meta name=\"twitter:data1\" content=\"1 minuta\" \/>\n<!-- \/ Yoast SEO plugin. -->","yoast_head_json":{"title":"Beauty of Joseon Revive Serum Ginseng + Snail Mucin 30 ml - Nawil\u017caj\u0105co-regeneruj\u0105ce serum do twarzy - Selleetools.com","robots":{"index":"index","follow":"follow","max-snippet":"max-snippet:-1","max-image-preview":"max-image-preview:large","max-video-preview":"max-video-preview:-1"},"canonical":"https:\/\/selleetools.com\/pl\/product\/beauty-of-joseon-revive-serum-ginseng-snail-mucin-30-ml-nawilzajaco-regenerujace-serum-do-twarzy\/","og_locale":"pl_PL","og_type":"article","og_title":"Beauty of Joseon Revive Serum Ginseng + Snail Mucin 30 ml - Nawil\u017caj\u0105co-regeneruj\u0105ce serum do twarzy - Selleetools.com","og_description":"Beauty of Joseon Repair Serum Ginseng + Snail Mucin to serum do twarzy, kt\u00f3re \u0142\u0105czy tradycyjne korea\u0144skie sk\u0142adniki z nowoczesnymi technologiami kosmetycznymi. Produkt intensywnie nawil\u017ca, regeneruje i odm\u0142adza sk\u00f3r\u0119, jednocze\u015bnie poprawiaj\u0105c jej elastyczno\u015b\u0107 i blask. Idealny dla os\u00f3b z cer\u0105 zm\u0119czon\u0105, such\u0105 i dojrza\u0142\u0105. Korzy\u015bci dla sk\u00f3ry: Nawil\u017cenie i od\u017cywienie Regeneracja i redukcja drobnych zmarszczek ... Read moreBeauty of Joseon Revive Serum Ginseng + Snail Mucin 30 ml &#8211; Nawil\u017caj\u0105co-regeneruj\u0105ce serum do twarzy","og_url":"https:\/\/selleetools.com\/pl\/product\/beauty-of-joseon-revive-serum-ginseng-snail-mucin-30-ml-nawilzajaco-regenerujace-serum-do-twarzy\/","og_site_name":"Selleetools.com","article_modified_time":"2025-12-26T15:51:22+00:00","og_image":[{"width":473,"height":737,"url":"https:\/\/selleetools.com\/wp-content\/uploads\/2025\/10\/f6fcde3ef0b9657dfbe7d2cf4a064a51.jpg","type":"image\/jpeg"}],"twitter_card":"summary_large_image","twitter_misc":{"Est. reading time":"1 minuta"},"schema":{"@context":"https:\/\/schema.org","@graph":[{"@type":"Organization","@id":"https:\/\/selleetools.com\/#organization","name":"Selleetools","url":"https:\/\/selleetools.com\/","sameAs":[],"logo":{"@type":"ImageObject","inLanguage":"pl-PL","@id":"https:\/\/selleetools.com\/#\/schema\/logo\/image\/","url":"https:\/\/selleetools.com\/wp-content\/uploads\/2021\/10\/logo-dark.png","contentUrl":"https:\/\/selleetools.com\/wp-content\/uploads\/2021\/10\/logo-dark.png","width":320,"height":76,"caption":"Selleetools"},"image":{"@id":"https:\/\/selleetools.com\/#\/schema\/logo\/image\/"}},{"@type":"WebSite","@id":"https:\/\/selleetools.com\/#website","url":"https:\/\/selleetools.com\/","name":"Selleetools.com","description":"","publisher":{"@id":"https:\/\/selleetools.com\/#organization"},"potentialAction":[{"@type":"SearchAction","target":{"@type":"EntryPoint","urlTemplate":"https:\/\/selleetools.com\/?s={search_term_string}"},"query-input":"required name=search_term_string"}],"inLanguage":"pl-PL"},{"@type":"WebPage","@id":"https:\/\/selleetools.com\/pl\/product\/beauty-of-joseon-revive-serum-ginseng-snail-mucin-30-ml-nawilzajaco-regenerujace-serum-do-twarzy\/","url":"https:\/\/selleetools.com\/pl\/product\/beauty-of-joseon-revive-serum-ginseng-snail-mucin-30-ml-nawilzajaco-regenerujace-serum-do-twarzy\/","name":"Beauty of Joseon Revive Serum Ginseng + Snail Mucin 30 ml - Nawil\u017caj\u0105co-regeneruj\u0105ce serum do twarzy - Selleetools.com","isPartOf":{"@id":"https:\/\/selleetools.com\/#website"},"datePublished":"2025-10-22T07:04:37+00:00","dateModified":"2025-12-26T15:51:22+00:00","breadcrumb":{"@id":"https:\/\/selleetools.com\/pl\/product\/beauty-of-joseon-revive-serum-ginseng-snail-mucin-30-ml-nawilzajaco-regenerujace-serum-do-twarzy\/#breadcrumb"},"inLanguage":"pl-PL","potentialAction":[{"@type":"ReadAction","target":["https:\/\/selleetools.com\/pl\/product\/beauty-of-joseon-revive-serum-ginseng-snail-mucin-30-ml-nawilzajaco-regenerujace-serum-do-twarzy\/"]}]},{"@type":"BreadcrumbList","@id":"https:\/\/selleetools.com\/pl\/product\/beauty-of-joseon-revive-serum-ginseng-snail-mucin-30-ml-nawilzajaco-regenerujace-serum-do-twarzy\/#breadcrumb","itemListElement":[{"@type":"ListItem","position":1,"name":"Home","item":"https:\/\/selleetools.com\/pl\/"},{"@type":"ListItem","position":2,"name":"Katalog","item":"https:\/\/selleetools.com\/pl\/katalog\/"},{"@type":"ListItem","position":3,"name":"Beauty of Joseon Revive Serum Ginseng + Snail Mucin 30 ml &#8211; Nawil\u017caj\u0105co-regeneruj\u0105ce serum do twarzy"}]}]}},"_links":{"self":[{"href":"https:\/\/admincentral.selleetools.com\/pl\/wp-json\/wp\/v2\/product\/599259"}],"collection":[{"href":"https:\/\/admincentral.selleetools.com\/pl\/wp-json\/wp\/v2\/product"}],"about":[{"href":"https:\/\/admincentral.selleetools.com\/pl\/wp-json\/wp\/v2\/types\/product"}],"replies":[{"embeddable":true,"href":"https:\/\/admincentral.selleetools.com\/pl\/wp-json\/wp\/v2\/comments?post=599259"}],"wp:featuredmedia":[{"embeddable":true,"href":"https:\/\/admincentral.selleetools.com\/pl\/wp-json\/wp\/v2\/media\/599257"}],"wp:attachment":[{"href":"https:\/\/admincentral.selleetools.com\/pl\/wp-json\/wp\/v2\/media?parent=599259"}],"curies":[{"name":"wp","href":"https:\/\/api.w.org\/{rel}","templated":true}]}}