{"id":599270,"date":"2025-10-22T09:04:48","date_gmt":"2025-10-22T07:04:48","guid":{"rendered":"https:\/\/selleetools.com\/?post_type=product&#038;p=599270"},"modified":"2025-12-26T16:51:28","modified_gmt":"2025-12-26T15:51:28","slug":"marymay-calendula-peptide-ageless-sleeping-mask-110-g-maska-na-noc-o-dzialaniu-przeciwstarzeniowym","status":"publish","type":"product","link":"https:\/\/admincentral.selleetools.com\/pl\/product\/marymay-calendula-peptide-ageless-sleeping-mask-110-g-maska-na-noc-o-dzialaniu-przeciwstarzeniowym\/","title":{"rendered":"Mary&#038;May Calendula Peptide Ageless Sleeping Mask 110 g &#8211; Maska na noc o dzia\u0142aniu przeciwstarzeniowym"},"content":{"rendered":"<section class=\"section\">\n<div class=\"item item-6\">\n<section class=\"image-item\">\n<p style=\"text-align: justify; caret-color: rgb(0, 0, 0); color: rgb(0, 0, 0);\"><font style=\"font-size: 12px;\">Mary&#038;May Calendula Peptide Ageless Sleeping Mask to nocna maska o dzia\u0142aniu przeciwstarzeniowym, kt\u00f3ra intensywnie regeneruje i nawil\u017ca sk\u00f3r\u0119 podczas snu. Wzbogacona ekstraktem z nagietka oraz peptydami, dzia\u0142a koj\u0105co i uj\u0119drniaj\u0105co, wspomagaj\u0105c naturalne procesy odnowy sk\u00f3ry. <\/font><span style=\"font-size: 12px; background: var(--elevation-bg);\">Mary&#038;May Calendula Peptide Ageless Sleeping Mask to doskona\u0142e rozwi\u0105zanie dla os\u00f3b pragn\u0105cych intensywnej piel\u0119gnacji nocnej, kt\u00f3ra nawil\u017ca, regeneruje i przeciwdzia\u0142a oznakom starzenia si\u0119 sk\u00f3ry.<\/span><\/p>\n<h4 style=\"caret-color: rgb(0, 0, 0); color: rgb(0, 0, 0);\"><font style=\"font-size: 12px;\">Korzy\u015bci dla sk\u00f3ry:<\/font><\/h4>\n<ul style=\"caret-color: rgb(0, 0, 0); color: rgb(0, 0, 0);\">\n<li><font style=\"font-size: 12px;\"><strong>Regeneracja<\/strong>: Wspomaga procesy odnowy kom\u00f3rkowej, dzi\u0119ki czemu sk\u00f3ra staje si\u0119 bardziej j\u0119drna i elastyczna.<\/font><\/li>\n<li><font style=\"font-size: 12px;\"><strong>Nawil\u017cenie<\/strong>: G\u0142\u0119boko nawil\u017ca, pozostawiaj\u0105c sk\u00f3r\u0119 mi\u0119kk\u0105 i g\u0142adk\u0105.<\/font><\/li>\n<li><font style=\"font-size: 12px;\"><strong>\u0141agodzenie podra\u017cnie\u0144<\/strong>: Nagietek \u0142agodzi podra\u017cnienia i dzia\u0142a koj\u0105co na wra\u017cliw\u0105 sk\u00f3r\u0119.<\/font><\/li>\n<li><font style=\"font-size: 12px;\"><strong>Przeciwstarzeniowe dzia\u0142anie<\/strong>: Peptydy pomagaj\u0105 zredukowa\u0107 widoczno\u015b\u0107 zmarszczek i drobnych linii.<\/font><\/li>\n<\/ul>\n<h4 style=\"caret-color: rgb(0, 0, 0); color: rgb(0, 0, 0);\"><font style=\"font-size: 12px;\">Spos\u00f3b u\u017cycia:<\/font><\/h4>\n<ol style=\"caret-color: rgb(0, 0, 0); color: rgb(0, 0, 0);\">\n<li><font style=\"font-size: 12px;\"><strong>Oczyszczenie<\/strong>: Na\u0142\u00f3\u017c mask\u0119 na oczyszczon\u0105 sk\u00f3r\u0119 twarzy wieczorem.<\/font><\/li>\n<li><font style=\"font-size: 12px;\"><strong>Aplikacja<\/strong>: Rozprowad\u017a r\u00f3wnomiernie cienk\u0105 warstw\u0119 maski na ca\u0142ej twarzy, omijaj\u0105c okolice oczu i ust.<\/font><\/li>\n<li><font style=\"font-size: 12px;\"><strong>Noc<\/strong>: Pozostaw mask\u0119 na noc, aby sk\u0142adniki aktywne mog\u0142y dzia\u0142a\u0107 podczas snu.<\/font><\/li>\n<li><font style=\"font-size: 12px;\"><strong>Rano<\/strong>: Rano sp\u0142ucz twarz letni\u0105 wod\u0105 i kontynuuj swoj\u0105 codzienn\u0105 rutyn\u0119 piel\u0119gnacyjn\u0105.<\/font><\/li>\n<\/ol>\n<p style=\"caret-color: rgb(0, 0, 0); color: rgb(0, 0, 0);\"><\/p>\n<\/section>\n<\/div>\n<\/section>\n<section class=\"section\">\n<div class=\"item item-12\">\n<section class=\"text-item\">\n        <\/section>\n<\/p><\/div>\n<\/section>\n","protected":false},"excerpt":{"rendered":"<p>Mary&#038;May Calendula Peptide Ageless Sleeping Mask to nocna maska o dzia\u0142aniu przeciwstarzeniowym, kt\u00f3ra intensywnie regeneruje i nawil\u017ca sk\u00f3r\u0119 podczas snu. Wzbogacona ekstraktem z nagietka oraz peptydami, dzia\u0142a koj\u0105co i uj\u0119drniaj\u0105co, wspomagaj\u0105c naturalne procesy odnowy sk\u00f3ry. Mary&#038;May Calendula Peptide Ageless Sleeping Mask to doskona\u0142e rozwi\u0105zanie dla os\u00f3b pragn\u0105cych intensywnej piel\u0119gnacji nocnej, kt\u00f3ra nawil\u017ca, regeneruje i przeciwdzia\u0142a &#8230; <a title=\"Mary&#038;May Calendula Peptide Ageless Sleeping Mask 110 g &#8211; Maska na noc o dzia\u0142aniu przeciwstarzeniowym\" class=\"read-more\" href=\"https:\/\/admincentral.selleetools.com\/pl\/product\/marymay-calendula-peptide-ageless-sleeping-mask-110-g-maska-na-noc-o-dzialaniu-przeciwstarzeniowym\/\">Read more<span class=\"screen-reader-text\">Mary&#038;May Calendula Peptide Ageless Sleeping Mask 110 g &#8211; Maska na noc o dzia\u0142aniu przeciwstarzeniowym<\/span><\/a><\/p>\n","protected":false},"featured_media":599266,"comment_status":"open","ping_status":"closed","template":"","meta":{"_links_to":"","_links_to_target":""},"yoast_head":"<!-- This site is optimized with the Yoast SEO plugin v19.4 - https:\/\/yoast.com\/wordpress\/plugins\/seo\/ -->\n<title>Mary&amp;May Calendula Peptide Ageless Sleeping Mask 110 g - Maska na noc o dzia\u0142aniu przeciwstarzeniowym - Selleetools.com<\/title>\n<meta name=\"robots\" content=\"index, follow, max-snippet:-1, max-image-preview:large, max-video-preview:-1\" \/>\n<link rel=\"canonical\" href=\"https:\/\/admincentral.selleetools.com\/pl\/product\/marymay-calendula-peptide-ageless-sleeping-mask-110-g-maska-na-noc-o-dzialaniu-przeciwstarzeniowym\/\" \/>\n<meta property=\"og:locale\" content=\"pl_PL\" \/>\n<meta property=\"og:type\" content=\"article\" \/>\n<meta property=\"og:title\" content=\"Mary&amp;May Calendula Peptide Ageless Sleeping Mask 110 g - Maska na noc o dzia\u0142aniu przeciwstarzeniowym - Selleetools.com\" \/>\n<meta property=\"og:description\" content=\"Mary&#038;May Calendula Peptide Ageless Sleeping Mask to nocna maska o dzia\u0142aniu przeciwstarzeniowym, kt\u00f3ra intensywnie regeneruje i nawil\u017ca sk\u00f3r\u0119 podczas snu. Wzbogacona ekstraktem z nagietka oraz peptydami, dzia\u0142a koj\u0105co i uj\u0119drniaj\u0105co, wspomagaj\u0105c naturalne procesy odnowy sk\u00f3ry. Mary&#038;May Calendula Peptide Ageless Sleeping Mask to doskona\u0142e rozwi\u0105zanie dla os\u00f3b pragn\u0105cych intensywnej piel\u0119gnacji nocnej, kt\u00f3ra nawil\u017ca, regeneruje i przeciwdzia\u0142a ... Read moreMary&#038;May Calendula Peptide Ageless Sleeping Mask 110 g &#8211; Maska na noc o dzia\u0142aniu przeciwstarzeniowym\" \/>\n<meta property=\"og:url\" content=\"https:\/\/admincentral.selleetools.com\/pl\/product\/marymay-calendula-peptide-ageless-sleeping-mask-110-g-maska-na-noc-o-dzialaniu-przeciwstarzeniowym\/\" \/>\n<meta property=\"og:site_name\" content=\"Selleetools.com\" \/>\n<meta property=\"article:modified_time\" content=\"2025-12-26T15:51:28+00:00\" \/>\n<meta property=\"og:image\" content=\"https:\/\/selleetools.com\/wp-content\/uploads\/2025\/10\/a0a94639472d21db41c71dcd956091ef.jpg\" \/>\n\t<meta property=\"og:image:width\" content=\"1080\" \/>\n\t<meta property=\"og:image:height\" content=\"1080\" \/>\n\t<meta property=\"og:image:type\" content=\"image\/jpeg\" \/>\n<meta name=\"twitter:card\" content=\"summary_large_image\" \/>\n<meta name=\"twitter:label1\" content=\"Est. reading time\" \/>\n\t<meta name=\"twitter:data1\" content=\"1 minuta\" \/>\n<!-- \/ Yoast SEO plugin. -->","yoast_head_json":{"title":"Mary&May Calendula Peptide Ageless Sleeping Mask 110 g - Maska na noc o dzia\u0142aniu przeciwstarzeniowym - Selleetools.com","robots":{"index":"index","follow":"follow","max-snippet":"max-snippet:-1","max-image-preview":"max-image-preview:large","max-video-preview":"max-video-preview:-1"},"canonical":"https:\/\/admincentral.selleetools.com\/pl\/product\/marymay-calendula-peptide-ageless-sleeping-mask-110-g-maska-na-noc-o-dzialaniu-przeciwstarzeniowym\/","og_locale":"pl_PL","og_type":"article","og_title":"Mary&May Calendula Peptide Ageless Sleeping Mask 110 g - Maska na noc o dzia\u0142aniu przeciwstarzeniowym - Selleetools.com","og_description":"Mary&#038;May Calendula Peptide Ageless Sleeping Mask to nocna maska o dzia\u0142aniu przeciwstarzeniowym, kt\u00f3ra intensywnie regeneruje i nawil\u017ca sk\u00f3r\u0119 podczas snu. Wzbogacona ekstraktem z nagietka oraz peptydami, dzia\u0142a koj\u0105co i uj\u0119drniaj\u0105co, wspomagaj\u0105c naturalne procesy odnowy sk\u00f3ry. Mary&#038;May Calendula Peptide Ageless Sleeping Mask to doskona\u0142e rozwi\u0105zanie dla os\u00f3b pragn\u0105cych intensywnej piel\u0119gnacji nocnej, kt\u00f3ra nawil\u017ca, regeneruje i przeciwdzia\u0142a ... Read moreMary&#038;May Calendula Peptide Ageless Sleeping Mask 110 g &#8211; Maska na noc o dzia\u0142aniu przeciwstarzeniowym","og_url":"https:\/\/admincentral.selleetools.com\/pl\/product\/marymay-calendula-peptide-ageless-sleeping-mask-110-g-maska-na-noc-o-dzialaniu-przeciwstarzeniowym\/","og_site_name":"Selleetools.com","article_modified_time":"2025-12-26T15:51:28+00:00","og_image":[{"width":1080,"height":1080,"url":"https:\/\/selleetools.com\/wp-content\/uploads\/2025\/10\/a0a94639472d21db41c71dcd956091ef.jpg","type":"image\/jpeg"}],"twitter_card":"summary_large_image","twitter_misc":{"Est. reading time":"1 minuta"},"schema":{"@context":"https:\/\/schema.org","@graph":[{"@type":"Organization","@id":"https:\/\/selleetools.com\/#organization","name":"Selleetools","url":"https:\/\/selleetools.com\/","sameAs":[],"logo":{"@type":"ImageObject","inLanguage":"pl-PL","@id":"https:\/\/selleetools.com\/#\/schema\/logo\/image\/","url":"https:\/\/selleetools.com\/wp-content\/uploads\/2021\/10\/logo-dark.png","contentUrl":"https:\/\/selleetools.com\/wp-content\/uploads\/2021\/10\/logo-dark.png","width":320,"height":76,"caption":"Selleetools"},"image":{"@id":"https:\/\/selleetools.com\/#\/schema\/logo\/image\/"}},{"@type":"WebSite","@id":"https:\/\/selleetools.com\/#website","url":"https:\/\/selleetools.com\/","name":"Selleetools.com","description":"","publisher":{"@id":"https:\/\/selleetools.com\/#organization"},"potentialAction":[{"@type":"SearchAction","target":{"@type":"EntryPoint","urlTemplate":"https:\/\/selleetools.com\/?s={search_term_string}"},"query-input":"required name=search_term_string"}],"inLanguage":"pl-PL"},{"@type":"WebPage","@id":"https:\/\/admincentral.selleetools.com\/pl\/product\/marymay-calendula-peptide-ageless-sleeping-mask-110-g-maska-na-noc-o-dzialaniu-przeciwstarzeniowym\/","url":"https:\/\/admincentral.selleetools.com\/pl\/product\/marymay-calendula-peptide-ageless-sleeping-mask-110-g-maska-na-noc-o-dzialaniu-przeciwstarzeniowym\/","name":"Mary&May Calendula Peptide Ageless Sleeping Mask 110 g - Maska na noc o dzia\u0142aniu przeciwstarzeniowym - Selleetools.com","isPartOf":{"@id":"https:\/\/selleetools.com\/#website"},"datePublished":"2025-10-22T07:04:48+00:00","dateModified":"2025-12-26T15:51:28+00:00","breadcrumb":{"@id":"https:\/\/admincentral.selleetools.com\/pl\/product\/marymay-calendula-peptide-ageless-sleeping-mask-110-g-maska-na-noc-o-dzialaniu-przeciwstarzeniowym\/#breadcrumb"},"inLanguage":"pl-PL","potentialAction":[{"@type":"ReadAction","target":["https:\/\/admincentral.selleetools.com\/pl\/product\/marymay-calendula-peptide-ageless-sleeping-mask-110-g-maska-na-noc-o-dzialaniu-przeciwstarzeniowym\/"]}]},{"@type":"BreadcrumbList","@id":"https:\/\/admincentral.selleetools.com\/pl\/product\/marymay-calendula-peptide-ageless-sleeping-mask-110-g-maska-na-noc-o-dzialaniu-przeciwstarzeniowym\/#breadcrumb","itemListElement":[{"@type":"ListItem","position":1,"name":"Home","item":"https:\/\/selleetools.com\/pl\/"},{"@type":"ListItem","position":2,"name":"Katalog","item":"https:\/\/selleetools.com\/pl\/katalog\/"},{"@type":"ListItem","position":3,"name":"Mary&#038;May Calendula Peptide Ageless Sleeping Mask 110 g &#8211; Maska na noc o dzia\u0142aniu przeciwstarzeniowym"}]}]}},"_links":{"self":[{"href":"https:\/\/admincentral.selleetools.com\/pl\/wp-json\/wp\/v2\/product\/599270"}],"collection":[{"href":"https:\/\/admincentral.selleetools.com\/pl\/wp-json\/wp\/v2\/product"}],"about":[{"href":"https:\/\/admincentral.selleetools.com\/pl\/wp-json\/wp\/v2\/types\/product"}],"replies":[{"embeddable":true,"href":"https:\/\/admincentral.selleetools.com\/pl\/wp-json\/wp\/v2\/comments?post=599270"}],"wp:featuredmedia":[{"embeddable":true,"href":"https:\/\/admincentral.selleetools.com\/pl\/wp-json\/wp\/v2\/media\/599266"}],"wp:attachment":[{"href":"https:\/\/admincentral.selleetools.com\/pl\/wp-json\/wp\/v2\/media?parent=599270"}],"curies":[{"name":"wp","href":"https:\/\/api.w.org\/{rel}","templated":true}]}}