{"id":599356,"date":"2025-10-22T09:06:12","date_gmt":"2025-10-22T07:06:12","guid":{"rendered":"https:\/\/selleetools.com\/?post_type=product&#038;p=599356"},"modified":"2025-10-23T19:11:49","modified_gmt":"2025-10-23T17:11:49","slug":"beauty-of-joseon-centella-asiatica-calming-mask-25ml-kojaco-nawilzajaca-maseczka-w-plachcie","status":"publish","type":"product","link":"https:\/\/admincentral.selleetools.com\/pl\/product\/beauty-of-joseon-centella-asiatica-calming-mask-25ml-kojaco-nawilzajaca-maseczka-w-plachcie\/","title":{"rendered":"Beauty of Joseon Centella Asiatica Calming Mask 25ml &#8211; Koj\u0105co-nawil\u017caj\u0105ca maseczka w p\u0142achcie"},"content":{"rendered":"<p>Beauty of Joseon Centella Asiatica Calming Mask to koj\u0105ca maseczka w p\u0142achcie, kt\u00f3ra zapewnia natychmiastowe uczucie ulgi, nawil\u017cenia i od\u015bwie\u017cenia. Zawiera ponad 15% ekstraktu z w\u0105krotki azjatyckiej, znanej ze swoich w\u0142a\u015bciwo\u015bci regeneruj\u0105cych i \u0142agodz\u0105cych. Delikatna formu\u0142a zosta\u0142a wzbogacona o sk\u0142adniki nawil\u017caj\u0105ce i antyoksydacyjne, kt\u00f3re wspieraj\u0105 barier\u0119 ochronn\u0105 sk\u00f3ry i przywracaj\u0105 jej komfort.<\/p>\n<p>Korzy\u015bci dla sk\u00f3ry:<br \/>\nKoi i \u0142agodzi podra\u017cnienia oraz zaczerwienienia<br \/>\nIntensywnie nawil\u017ca i przywraca uczucie ukojenia<br \/>\nWzmacnia barier\u0119 sk\u00f3ry i chroni j\u0105 przed przesuszeniem<br \/>\nPoprawia og\u00f3lny wygl\u0105d i kondycj\u0119 sk\u00f3ry<br \/>\nPozostawia cer\u0119 mi\u0119kk\u0105, \u015bwie\u017c\u0105 i zr\u00f3wnowa\u017con\u0105<\/p>\n<p>Spos\u00f3b u\u017cycia: Na oczyszczon\u0105 i stonizowan\u0105 sk\u00f3r\u0119 na\u0142\u00f3\u017c maseczk\u0119, dopasowuj\u0105c j\u0105 do kontur\u00f3w twarzy. Pozostaw na 15\u201320 minut, nast\u0119pnie usu\u0144 i delikatnie wklep pozosta\u0142\u0105 esencj\u0119. Stosuj 2\u20133 razy w tygodniu lub zawsze, gdy sk\u00f3ra potrzebuje ukojenia i nawil\u017cenia.<\/p>\n","protected":false},"excerpt":{"rendered":"<p>Beauty of Joseon Centella Asiatica Calming Mask to koj\u0105ca maseczka w p\u0142achcie, kt\u00f3ra zapewnia natychmiastowe uczucie ulgi, nawil\u017cenia i od\u015bwie\u017cenia. Zawiera ponad 15% ekstraktu z w\u0105krotki azjatyckiej, znanej ze swoich w\u0142a\u015bciwo\u015bci regeneruj\u0105cych i \u0142agodz\u0105cych. Delikatna formu\u0142a zosta\u0142a wzbogacona o sk\u0142adniki nawil\u017caj\u0105ce i antyoksydacyjne, kt\u00f3re wspieraj\u0105 barier\u0119 ochronn\u0105 sk\u00f3ry i przywracaj\u0105 jej komfort. Korzy\u015bci dla sk\u00f3ry: &#8230; <a title=\"Beauty of Joseon Centella Asiatica Calming Mask 25ml &#8211; Koj\u0105co-nawil\u017caj\u0105ca maseczka w p\u0142achcie\" class=\"read-more\" href=\"https:\/\/admincentral.selleetools.com\/pl\/product\/beauty-of-joseon-centella-asiatica-calming-mask-25ml-kojaco-nawilzajaca-maseczka-w-plachcie\/\">Read more<span class=\"screen-reader-text\">Beauty of Joseon Centella Asiatica Calming Mask 25ml &#8211; Koj\u0105co-nawil\u017caj\u0105ca maseczka w p\u0142achcie<\/span><\/a><\/p>\n","protected":false},"featured_media":599354,"comment_status":"open","ping_status":"closed","template":"","meta":{"_links_to":"","_links_to_target":""},"yoast_head":"<!-- This site is optimized with the Yoast SEO plugin v19.4 - https:\/\/yoast.com\/wordpress\/plugins\/seo\/ -->\n<title>Beauty of Joseon Centella Asiatica Calming Mask 25ml - Koj\u0105co-nawil\u017caj\u0105ca maseczka w p\u0142achcie - Selleetools.com<\/title>\n<meta name=\"robots\" content=\"index, follow, max-snippet:-1, max-image-preview:large, max-video-preview:-1\" \/>\n<link rel=\"canonical\" href=\"https:\/\/selleetools.com\/pl\/product\/beauty-of-joseon-centella-asiatica-calming-mask-25ml-kojaco-nawilzajaca-maseczka-w-plachcie\/\" \/>\n<meta property=\"og:locale\" content=\"pl_PL\" \/>\n<meta property=\"og:type\" content=\"article\" \/>\n<meta property=\"og:title\" content=\"Beauty of Joseon Centella Asiatica Calming Mask 25ml - Koj\u0105co-nawil\u017caj\u0105ca maseczka w p\u0142achcie - Selleetools.com\" \/>\n<meta property=\"og:description\" content=\"Beauty of Joseon Centella Asiatica Calming Mask to koj\u0105ca maseczka w p\u0142achcie, kt\u00f3ra zapewnia natychmiastowe uczucie ulgi, nawil\u017cenia i od\u015bwie\u017cenia. Zawiera ponad 15% ekstraktu z w\u0105krotki azjatyckiej, znanej ze swoich w\u0142a\u015bciwo\u015bci regeneruj\u0105cych i \u0142agodz\u0105cych. Delikatna formu\u0142a zosta\u0142a wzbogacona o sk\u0142adniki nawil\u017caj\u0105ce i antyoksydacyjne, kt\u00f3re wspieraj\u0105 barier\u0119 ochronn\u0105 sk\u00f3ry i przywracaj\u0105 jej komfort. Korzy\u015bci dla sk\u00f3ry: ... Read moreBeauty of Joseon Centella Asiatica Calming Mask 25ml &#8211; Koj\u0105co-nawil\u017caj\u0105ca maseczka w p\u0142achcie\" \/>\n<meta property=\"og:url\" content=\"https:\/\/selleetools.com\/pl\/product\/beauty-of-joseon-centella-asiatica-calming-mask-25ml-kojaco-nawilzajaca-maseczka-w-plachcie\/\" \/>\n<meta property=\"og:site_name\" content=\"Selleetools.com\" \/>\n<meta property=\"article:modified_time\" content=\"2025-10-23T17:11:49+00:00\" \/>\n<meta property=\"og:image\" content=\"https:\/\/selleetools.com\/wp-content\/uploads\/2025\/10\/99a0ffd8ccbff88af004a2e681edf4b0.jpg\" \/>\n\t<meta property=\"og:image:width\" content=\"1000\" \/>\n\t<meta property=\"og:image:height\" content=\"1320\" \/>\n\t<meta property=\"og:image:type\" content=\"image\/jpeg\" \/>\n<meta name=\"twitter:card\" content=\"summary_large_image\" \/>\n<meta name=\"twitter:label1\" content=\"Est. reading time\" \/>\n\t<meta name=\"twitter:data1\" content=\"1 minuta\" \/>\n<!-- \/ Yoast SEO plugin. -->","yoast_head_json":{"title":"Beauty of Joseon Centella Asiatica Calming Mask 25ml - Koj\u0105co-nawil\u017caj\u0105ca maseczka w p\u0142achcie - Selleetools.com","robots":{"index":"index","follow":"follow","max-snippet":"max-snippet:-1","max-image-preview":"max-image-preview:large","max-video-preview":"max-video-preview:-1"},"canonical":"https:\/\/selleetools.com\/pl\/product\/beauty-of-joseon-centella-asiatica-calming-mask-25ml-kojaco-nawilzajaca-maseczka-w-plachcie\/","og_locale":"pl_PL","og_type":"article","og_title":"Beauty of Joseon Centella Asiatica Calming Mask 25ml - Koj\u0105co-nawil\u017caj\u0105ca maseczka w p\u0142achcie - Selleetools.com","og_description":"Beauty of Joseon Centella Asiatica Calming Mask to koj\u0105ca maseczka w p\u0142achcie, kt\u00f3ra zapewnia natychmiastowe uczucie ulgi, nawil\u017cenia i od\u015bwie\u017cenia. Zawiera ponad 15% ekstraktu z w\u0105krotki azjatyckiej, znanej ze swoich w\u0142a\u015bciwo\u015bci regeneruj\u0105cych i \u0142agodz\u0105cych. Delikatna formu\u0142a zosta\u0142a wzbogacona o sk\u0142adniki nawil\u017caj\u0105ce i antyoksydacyjne, kt\u00f3re wspieraj\u0105 barier\u0119 ochronn\u0105 sk\u00f3ry i przywracaj\u0105 jej komfort. Korzy\u015bci dla sk\u00f3ry: ... Read moreBeauty of Joseon Centella Asiatica Calming Mask 25ml &#8211; Koj\u0105co-nawil\u017caj\u0105ca maseczka w p\u0142achcie","og_url":"https:\/\/selleetools.com\/pl\/product\/beauty-of-joseon-centella-asiatica-calming-mask-25ml-kojaco-nawilzajaca-maseczka-w-plachcie\/","og_site_name":"Selleetools.com","article_modified_time":"2025-10-23T17:11:49+00:00","og_image":[{"width":1000,"height":1320,"url":"https:\/\/selleetools.com\/wp-content\/uploads\/2025\/10\/99a0ffd8ccbff88af004a2e681edf4b0.jpg","type":"image\/jpeg"}],"twitter_card":"summary_large_image","twitter_misc":{"Est. reading time":"1 minuta"},"schema":{"@context":"https:\/\/schema.org","@graph":[{"@type":"Organization","@id":"https:\/\/selleetools.com\/#organization","name":"Selleetools","url":"https:\/\/selleetools.com\/","sameAs":[],"logo":{"@type":"ImageObject","inLanguage":"pl-PL","@id":"https:\/\/selleetools.com\/#\/schema\/logo\/image\/","url":"https:\/\/selleetools.com\/wp-content\/uploads\/2021\/10\/logo-dark.png","contentUrl":"https:\/\/selleetools.com\/wp-content\/uploads\/2021\/10\/logo-dark.png","width":320,"height":76,"caption":"Selleetools"},"image":{"@id":"https:\/\/selleetools.com\/#\/schema\/logo\/image\/"}},{"@type":"WebSite","@id":"https:\/\/selleetools.com\/#website","url":"https:\/\/selleetools.com\/","name":"Selleetools.com","description":"","publisher":{"@id":"https:\/\/selleetools.com\/#organization"},"potentialAction":[{"@type":"SearchAction","target":{"@type":"EntryPoint","urlTemplate":"https:\/\/selleetools.com\/?s={search_term_string}"},"query-input":"required name=search_term_string"}],"inLanguage":"pl-PL"},{"@type":"WebPage","@id":"https:\/\/selleetools.com\/pl\/product\/beauty-of-joseon-centella-asiatica-calming-mask-25ml-kojaco-nawilzajaca-maseczka-w-plachcie\/","url":"https:\/\/selleetools.com\/pl\/product\/beauty-of-joseon-centella-asiatica-calming-mask-25ml-kojaco-nawilzajaca-maseczka-w-plachcie\/","name":"Beauty of Joseon Centella Asiatica Calming Mask 25ml - Koj\u0105co-nawil\u017caj\u0105ca maseczka w p\u0142achcie - Selleetools.com","isPartOf":{"@id":"https:\/\/selleetools.com\/#website"},"datePublished":"2025-10-22T07:06:12+00:00","dateModified":"2025-10-23T17:11:49+00:00","breadcrumb":{"@id":"https:\/\/selleetools.com\/pl\/product\/beauty-of-joseon-centella-asiatica-calming-mask-25ml-kojaco-nawilzajaca-maseczka-w-plachcie\/#breadcrumb"},"inLanguage":"pl-PL","potentialAction":[{"@type":"ReadAction","target":["https:\/\/selleetools.com\/pl\/product\/beauty-of-joseon-centella-asiatica-calming-mask-25ml-kojaco-nawilzajaca-maseczka-w-plachcie\/"]}]},{"@type":"BreadcrumbList","@id":"https:\/\/selleetools.com\/pl\/product\/beauty-of-joseon-centella-asiatica-calming-mask-25ml-kojaco-nawilzajaca-maseczka-w-plachcie\/#breadcrumb","itemListElement":[{"@type":"ListItem","position":1,"name":"Home","item":"https:\/\/selleetools.com\/pl\/"},{"@type":"ListItem","position":2,"name":"Katalog","item":"https:\/\/selleetools.com\/pl\/katalog\/"},{"@type":"ListItem","position":3,"name":"Beauty of Joseon Centella Asiatica Calming Mask 25ml &#8211; Koj\u0105co-nawil\u017caj\u0105ca maseczka w p\u0142achcie"}]}]}},"_links":{"self":[{"href":"https:\/\/admincentral.selleetools.com\/pl\/wp-json\/wp\/v2\/product\/599356"}],"collection":[{"href":"https:\/\/admincentral.selleetools.com\/pl\/wp-json\/wp\/v2\/product"}],"about":[{"href":"https:\/\/admincentral.selleetools.com\/pl\/wp-json\/wp\/v2\/types\/product"}],"replies":[{"embeddable":true,"href":"https:\/\/admincentral.selleetools.com\/pl\/wp-json\/wp\/v2\/comments?post=599356"}],"wp:featuredmedia":[{"embeddable":true,"href":"https:\/\/admincentral.selleetools.com\/pl\/wp-json\/wp\/v2\/media\/599354"}],"wp:attachment":[{"href":"https:\/\/admincentral.selleetools.com\/pl\/wp-json\/wp\/v2\/media?parent=599356"}],"curies":[{"name":"wp","href":"https:\/\/api.w.org\/{rel}","templated":true}]}}