{"id":599372,"date":"2025-10-22T09:06:26","date_gmt":"2025-10-22T07:06:26","guid":{"rendered":"https:\/\/selleetools.com\/?post_type=product&#038;p=599372"},"modified":"2025-10-23T19:11:48","modified_gmt":"2025-10-23T17:11:48","slug":"vt-cosmetics-cica-vital-cream-100-ml-krem-rewitalizujacy-z-wakrotka-azjatycka","status":"publish","type":"product","link":"https:\/\/admincentral.selleetools.com\/pl\/product\/vt-cosmetics-cica-vital-cream-100-ml-krem-rewitalizujacy-z-wakrotka-azjatycka\/","title":{"rendered":"VT Cosmetics Cica Vital Cream 100 ml &#8211; Krem rewitalizuj\u0105cy z w\u0105krotk\u0105 azjatyck\u0105"},"content":{"rendered":"<p>Rozja\u015bniaj\u0105cy krem do twarzy, nadaje sk\u00f3rze zdrowe glow!<\/p>\n<p>Krem do twarzy Cica Vital Cream piel\u0119gnuje sk\u00f3r\u0119 za pomoc\u0105 koj\u0105cej Cica, nawil\u017caj\u0105cego potr\u00f3jnego kwasu hialuronowego, a tak\u017ce rozja\u015bniaj\u0105cej czystej witaminy C i niacynamidu. Szczeg\u00f3lne polecany osob\u0105 o matowej cerze, kt\u00f3rej brakuje blasku. Znajdziemy w nim niskocz\u0105steczkowe peptyd, kt\u00f3re zwi\u0119kszaj\u0105 szybko\u015b\u0107 wch\u0142aniania przez sk\u00f3r\u0119 niezb\u0119dnych i witalnych sk\u0142adnik\u00f3w aktywnych. Nawil\u017caj\u0105ca konsystencja kremu wch\u0142ania si\u0119 lekko i szybko, daj\u0105c \u015bwie\u017ce wyko\u0144czenie bez uczucia lepko\u015bci.<\/p>\n<p>G\u0142\u00f3wne sk\u0142adniki aktywne:<br \/>\nKompleks Cica nawil\u017ca sk\u00f3r\u0119 i \u0142agodzi podra\u017cnienia.<br \/>\nPotr\u00f3jny kwas hialuronowy uzupe\u0142nia sk\u00f3r\u0119 wielopoziomowym nawil\u017ceniem.<br \/>\nWitamina C i niacynamid rozja\u015bniaj\u0105 cer\u0119, poprawiaj\u0105c naturalny blask sk\u00f3ry.<br \/>\nNiekleiste wch\u0142anianie i wyko\u0144czenie nadaj\u0105 sk\u00f3rze czyst\u0105 i roz\u015bwietlon\u0105 sk\u00f3r\u0119 bez \u017cadnego obci\u0105\u017cenia. Zapewnia sk\u00f3rze naturalny glow.<\/p>\n<p>Spos\u00f3b u\u017cycia: Na\u0142\u00f3\u017c odpowiedni\u0105 ilo\u015b\u0107 kremu i r\u00f3wnomiernie rozprowad\u017a na ca\u0142ej twarzy, aby si\u0119 wch\u0142on\u0105\u0142.<\/p>\n","protected":false},"excerpt":{"rendered":"<p>Rozja\u015bniaj\u0105cy krem do twarzy, nadaje sk\u00f3rze zdrowe glow! Krem do twarzy Cica Vital Cream piel\u0119gnuje sk\u00f3r\u0119 za pomoc\u0105 koj\u0105cej Cica, nawil\u017caj\u0105cego potr\u00f3jnego kwasu hialuronowego, a tak\u017ce rozja\u015bniaj\u0105cej czystej witaminy C i niacynamidu. Szczeg\u00f3lne polecany osob\u0105 o matowej cerze, kt\u00f3rej brakuje blasku. Znajdziemy w nim niskocz\u0105steczkowe peptyd, kt\u00f3re zwi\u0119kszaj\u0105 szybko\u015b\u0107 wch\u0142aniania przez sk\u00f3r\u0119 niezb\u0119dnych i witalnych &#8230; <a title=\"VT Cosmetics Cica Vital Cream 100 ml &#8211; Krem rewitalizuj\u0105cy z w\u0105krotk\u0105 azjatyck\u0105\" class=\"read-more\" href=\"https:\/\/admincentral.selleetools.com\/pl\/product\/vt-cosmetics-cica-vital-cream-100-ml-krem-rewitalizujacy-z-wakrotka-azjatycka\/\">Read more<span class=\"screen-reader-text\">VT Cosmetics Cica Vital Cream 100 ml &#8211; Krem rewitalizuj\u0105cy z w\u0105krotk\u0105 azjatyck\u0105<\/span><\/a><\/p>\n","protected":false},"featured_media":599370,"comment_status":"open","ping_status":"closed","template":"","meta":{"_links_to":"","_links_to_target":""},"yoast_head":"<!-- This site is optimized with the Yoast SEO plugin v19.4 - https:\/\/yoast.com\/wordpress\/plugins\/seo\/ -->\n<title>VT Cosmetics Cica Vital Cream 100 ml - Krem rewitalizuj\u0105cy z w\u0105krotk\u0105 azjatyck\u0105 - Selleetools.com<\/title>\n<meta name=\"robots\" content=\"index, follow, max-snippet:-1, max-image-preview:large, max-video-preview:-1\" \/>\n<link rel=\"canonical\" href=\"https:\/\/admincentral.selleetools.com\/pl\/product\/vt-cosmetics-cica-vital-cream-100-ml-krem-rewitalizujacy-z-wakrotka-azjatycka\/\" \/>\n<meta property=\"og:locale\" content=\"pl_PL\" \/>\n<meta property=\"og:type\" content=\"article\" \/>\n<meta property=\"og:title\" content=\"VT Cosmetics Cica Vital Cream 100 ml - Krem rewitalizuj\u0105cy z w\u0105krotk\u0105 azjatyck\u0105 - Selleetools.com\" \/>\n<meta property=\"og:description\" content=\"Rozja\u015bniaj\u0105cy krem do twarzy, nadaje sk\u00f3rze zdrowe glow! Krem do twarzy Cica Vital Cream piel\u0119gnuje sk\u00f3r\u0119 za pomoc\u0105 koj\u0105cej Cica, nawil\u017caj\u0105cego potr\u00f3jnego kwasu hialuronowego, a tak\u017ce rozja\u015bniaj\u0105cej czystej witaminy C i niacynamidu. Szczeg\u00f3lne polecany osob\u0105 o matowej cerze, kt\u00f3rej brakuje blasku. Znajdziemy w nim niskocz\u0105steczkowe peptyd, kt\u00f3re zwi\u0119kszaj\u0105 szybko\u015b\u0107 wch\u0142aniania przez sk\u00f3r\u0119 niezb\u0119dnych i witalnych ... Read moreVT Cosmetics Cica Vital Cream 100 ml &#8211; Krem rewitalizuj\u0105cy z w\u0105krotk\u0105 azjatyck\u0105\" \/>\n<meta property=\"og:url\" content=\"https:\/\/admincentral.selleetools.com\/pl\/product\/vt-cosmetics-cica-vital-cream-100-ml-krem-rewitalizujacy-z-wakrotka-azjatycka\/\" \/>\n<meta property=\"og:site_name\" content=\"Selleetools.com\" \/>\n<meta property=\"article:modified_time\" content=\"2025-10-23T17:11:48+00:00\" \/>\n<meta property=\"og:image\" content=\"https:\/\/selleetools.com\/wp-content\/uploads\/2025\/10\/3b19fa2b2a36f4e7ca0a75d1a7d212a2.jpg\" \/>\n\t<meta property=\"og:image:width\" content=\"1200\" \/>\n\t<meta property=\"og:image:height\" content=\"1200\" \/>\n\t<meta property=\"og:image:type\" content=\"image\/jpeg\" \/>\n<meta name=\"twitter:card\" content=\"summary_large_image\" \/>\n<meta name=\"twitter:label1\" content=\"Est. reading time\" \/>\n\t<meta name=\"twitter:data1\" content=\"1 minuta\" \/>\n<!-- \/ Yoast SEO plugin. -->","yoast_head_json":{"title":"VT Cosmetics Cica Vital Cream 100 ml - Krem rewitalizuj\u0105cy z w\u0105krotk\u0105 azjatyck\u0105 - Selleetools.com","robots":{"index":"index","follow":"follow","max-snippet":"max-snippet:-1","max-image-preview":"max-image-preview:large","max-video-preview":"max-video-preview:-1"},"canonical":"https:\/\/admincentral.selleetools.com\/pl\/product\/vt-cosmetics-cica-vital-cream-100-ml-krem-rewitalizujacy-z-wakrotka-azjatycka\/","og_locale":"pl_PL","og_type":"article","og_title":"VT Cosmetics Cica Vital Cream 100 ml - Krem rewitalizuj\u0105cy z w\u0105krotk\u0105 azjatyck\u0105 - Selleetools.com","og_description":"Rozja\u015bniaj\u0105cy krem do twarzy, nadaje sk\u00f3rze zdrowe glow! Krem do twarzy Cica Vital Cream piel\u0119gnuje sk\u00f3r\u0119 za pomoc\u0105 koj\u0105cej Cica, nawil\u017caj\u0105cego potr\u00f3jnego kwasu hialuronowego, a tak\u017ce rozja\u015bniaj\u0105cej czystej witaminy C i niacynamidu. Szczeg\u00f3lne polecany osob\u0105 o matowej cerze, kt\u00f3rej brakuje blasku. Znajdziemy w nim niskocz\u0105steczkowe peptyd, kt\u00f3re zwi\u0119kszaj\u0105 szybko\u015b\u0107 wch\u0142aniania przez sk\u00f3r\u0119 niezb\u0119dnych i witalnych ... Read moreVT Cosmetics Cica Vital Cream 100 ml &#8211; Krem rewitalizuj\u0105cy z w\u0105krotk\u0105 azjatyck\u0105","og_url":"https:\/\/admincentral.selleetools.com\/pl\/product\/vt-cosmetics-cica-vital-cream-100-ml-krem-rewitalizujacy-z-wakrotka-azjatycka\/","og_site_name":"Selleetools.com","article_modified_time":"2025-10-23T17:11:48+00:00","og_image":[{"width":1200,"height":1200,"url":"https:\/\/selleetools.com\/wp-content\/uploads\/2025\/10\/3b19fa2b2a36f4e7ca0a75d1a7d212a2.jpg","type":"image\/jpeg"}],"twitter_card":"summary_large_image","twitter_misc":{"Est. reading time":"1 minuta"},"schema":{"@context":"https:\/\/schema.org","@graph":[{"@type":"Organization","@id":"https:\/\/selleetools.com\/#organization","name":"Selleetools","url":"https:\/\/selleetools.com\/","sameAs":[],"logo":{"@type":"ImageObject","inLanguage":"pl-PL","@id":"https:\/\/selleetools.com\/#\/schema\/logo\/image\/","url":"https:\/\/selleetools.com\/wp-content\/uploads\/2021\/10\/logo-dark.png","contentUrl":"https:\/\/selleetools.com\/wp-content\/uploads\/2021\/10\/logo-dark.png","width":320,"height":76,"caption":"Selleetools"},"image":{"@id":"https:\/\/selleetools.com\/#\/schema\/logo\/image\/"}},{"@type":"WebSite","@id":"https:\/\/selleetools.com\/#website","url":"https:\/\/selleetools.com\/","name":"Selleetools.com","description":"","publisher":{"@id":"https:\/\/selleetools.com\/#organization"},"potentialAction":[{"@type":"SearchAction","target":{"@type":"EntryPoint","urlTemplate":"https:\/\/selleetools.com\/?s={search_term_string}"},"query-input":"required name=search_term_string"}],"inLanguage":"pl-PL"},{"@type":"WebPage","@id":"https:\/\/admincentral.selleetools.com\/pl\/product\/vt-cosmetics-cica-vital-cream-100-ml-krem-rewitalizujacy-z-wakrotka-azjatycka\/","url":"https:\/\/admincentral.selleetools.com\/pl\/product\/vt-cosmetics-cica-vital-cream-100-ml-krem-rewitalizujacy-z-wakrotka-azjatycka\/","name":"VT Cosmetics Cica Vital Cream 100 ml - Krem rewitalizuj\u0105cy z w\u0105krotk\u0105 azjatyck\u0105 - Selleetools.com","isPartOf":{"@id":"https:\/\/selleetools.com\/#website"},"datePublished":"2025-10-22T07:06:26+00:00","dateModified":"2025-10-23T17:11:48+00:00","breadcrumb":{"@id":"https:\/\/admincentral.selleetools.com\/pl\/product\/vt-cosmetics-cica-vital-cream-100-ml-krem-rewitalizujacy-z-wakrotka-azjatycka\/#breadcrumb"},"inLanguage":"pl-PL","potentialAction":[{"@type":"ReadAction","target":["https:\/\/admincentral.selleetools.com\/pl\/product\/vt-cosmetics-cica-vital-cream-100-ml-krem-rewitalizujacy-z-wakrotka-azjatycka\/"]}]},{"@type":"BreadcrumbList","@id":"https:\/\/admincentral.selleetools.com\/pl\/product\/vt-cosmetics-cica-vital-cream-100-ml-krem-rewitalizujacy-z-wakrotka-azjatycka\/#breadcrumb","itemListElement":[{"@type":"ListItem","position":1,"name":"Home","item":"https:\/\/selleetools.com\/pl\/"},{"@type":"ListItem","position":2,"name":"Katalog","item":"https:\/\/selleetools.com\/pl\/katalog\/"},{"@type":"ListItem","position":3,"name":"VT Cosmetics Cica Vital Cream 100 ml &#8211; Krem rewitalizuj\u0105cy z w\u0105krotk\u0105 azjatyck\u0105"}]}]}},"_links":{"self":[{"href":"https:\/\/admincentral.selleetools.com\/pl\/wp-json\/wp\/v2\/product\/599372"}],"collection":[{"href":"https:\/\/admincentral.selleetools.com\/pl\/wp-json\/wp\/v2\/product"}],"about":[{"href":"https:\/\/admincentral.selleetools.com\/pl\/wp-json\/wp\/v2\/types\/product"}],"replies":[{"embeddable":true,"href":"https:\/\/admincentral.selleetools.com\/pl\/wp-json\/wp\/v2\/comments?post=599372"}],"wp:featuredmedia":[{"embeddable":true,"href":"https:\/\/admincentral.selleetools.com\/pl\/wp-json\/wp\/v2\/media\/599370"}],"wp:attachment":[{"href":"https:\/\/admincentral.selleetools.com\/pl\/wp-json\/wp\/v2\/media?parent=599372"}],"curies":[{"name":"wp","href":"https:\/\/api.w.org\/{rel}","templated":true}]}}