{"id":599391,"date":"2025-10-22T09:06:44","date_gmt":"2025-10-22T07:06:44","guid":{"rendered":"https:\/\/selleetools.com\/?post_type=product&#038;p=599391"},"modified":"2025-10-23T19:52:31","modified_gmt":"2025-10-23T17:52:31","slug":"some-by-mi-beta-panthenol-repair-serum-30-ml-naprawczy-krem","status":"publish","type":"product","link":"https:\/\/admincentral.selleetools.com\/pl\/product\/some-by-mi-beta-panthenol-repair-serum-30-ml-naprawczy-krem\/","title":{"rendered":"SOME BY MI Beta panthenol repair serum 30 ml &#8211; naprawczy krem"},"content":{"rendered":"<p>SOMEBYMI Beta Panthenol Repair Serum, 30ml<br \/>\nSkoncentrowane serum do twarzy, kt\u00f3re \u0142\u0105czy w sobie w\u0142a\u015bciwo\u015bci nawil\u017caj\u0105ce i regeneruj\u0105ce. Formu\u0142a wzbogacona o beta-glukan i pantenol (prowitamin\u0119 B5) zapewnia intensywn\u0105 piel\u0119gnacj\u0119 dla sk\u00f3ry wra\u017cliwej, podra\u017cnionej i suchej. Serum dzia\u0142a nawil\u017caj\u0105co, \u0142agodz\u0105co i wspomagaj\u0105co w regeneracji, przywracaj\u0105c sk\u00f3rze zdrowy i promienny wygl\u0105d. Pantenol g\u0142\u0119boko nawil\u017ca sk\u00f3r\u0119, poprawiaj\u0105c jej elastyczno\u015b\u0107 i mi\u0119kko\u015b\u0107. Beta-glukan wspomaga regeneracj\u0119 sk\u00f3ry, \u0142agodz\u0105c podra\u017cnienia i przyspieszaj\u0105c proces gojenia. Formu\u0142a serum \u0142agodzi uczucie \u015bci\u0105gni\u0119cia, przynosz\u0105c sk\u00f3rze ulg\u0119 i komfort.<\/p>\n<p>Korzy\u015bci dla sk\u00f3ry:<br \/>\nG\u0142\u0119bokie nawil\u017cenie: Sk\u00f3ra jest intensywnie nawil\u017cona, co sprawia, \u017ce staje si\u0119 mi\u0119kka i elastyczna.<br \/>\nRedukcja podra\u017cnie\u0144: Serum \u0142agodzi podra\u017cnienia i wspomaga regeneracj\u0119, poprawiaj\u0105c kondycj\u0119 sk\u00f3ry.<br \/>\nZdrowy wygl\u0105d: Sk\u00f3ra odzyskuje zdrowy, promienny wygl\u0105d i naturalny blask.<\/p>\n<p>Spos\u00f3b u\u017cycia: Umyj twarz i osusz j\u0105 delikatnie przed na\u0142o\u017ceniem serum. Na\u0142\u00f3\u017c kilka kropli serum na czyst\u0105, such\u0105 sk\u00f3r\u0119 twarzy i delikatnie wmasuj, a\u017c do ca\u0142kowitego wch\u0142oni\u0119cia.  Po wch\u0142oni\u0119ciu serum, mo\u017cesz kontynuowa\u0107 swoj\u0105 rutyn\u0119 piel\u0119gnacyjn\u0105, nak\u0142adaj\u0105c ulubiony krem nawil\u017caj\u0105cy lub inny preparat.<\/p>\n","protected":false},"excerpt":{"rendered":"<p>SOMEBYMI Beta Panthenol Repair Serum, 30ml Skoncentrowane serum do twarzy, kt\u00f3re \u0142\u0105czy w sobie w\u0142a\u015bciwo\u015bci nawil\u017caj\u0105ce i regeneruj\u0105ce. Formu\u0142a wzbogacona o beta-glukan i pantenol (prowitamin\u0119 B5) zapewnia intensywn\u0105 piel\u0119gnacj\u0119 dla sk\u00f3ry wra\u017cliwej, podra\u017cnionej i suchej. Serum dzia\u0142a nawil\u017caj\u0105co, \u0142agodz\u0105co i wspomagaj\u0105co w regeneracji, przywracaj\u0105c sk\u00f3rze zdrowy i promienny wygl\u0105d. Pantenol g\u0142\u0119boko nawil\u017ca sk\u00f3r\u0119, poprawiaj\u0105c jej &#8230; <a title=\"SOME BY MI Beta panthenol repair serum 30 ml &#8211; naprawczy krem\" class=\"read-more\" href=\"https:\/\/admincentral.selleetools.com\/pl\/product\/some-by-mi-beta-panthenol-repair-serum-30-ml-naprawczy-krem\/\">Read more<span class=\"screen-reader-text\">SOME BY MI Beta panthenol repair serum 30 ml &#8211; naprawczy krem<\/span><\/a><\/p>\n","protected":false},"featured_media":599389,"comment_status":"open","ping_status":"closed","template":"","meta":{"_links_to":"","_links_to_target":""},"yoast_head":"<!-- This site is optimized with the Yoast SEO plugin v19.4 - https:\/\/yoast.com\/wordpress\/plugins\/seo\/ -->\n<title>SOME BY MI Beta panthenol repair serum 30 ml - naprawczy krem - Selleetools.com<\/title>\n<meta name=\"robots\" content=\"index, follow, max-snippet:-1, max-image-preview:large, max-video-preview:-1\" \/>\n<link rel=\"canonical\" href=\"https:\/\/admincentral.selleetools.com\/product\/some-by-mi-beta-panthenol-repair-serum-30-ml-naprawczy-krem\/\" \/>\n<meta property=\"og:locale\" content=\"pl_PL\" \/>\n<meta property=\"og:type\" content=\"article\" \/>\n<meta property=\"og:title\" content=\"SOME BY MI Beta panthenol repair serum 30 ml - naprawczy krem - Selleetools.com\" \/>\n<meta property=\"og:description\" content=\"SOMEBYMI Beta Panthenol Repair Serum, 30ml Skoncentrowane serum do twarzy, kt\u00f3re \u0142\u0105czy w sobie w\u0142a\u015bciwo\u015bci nawil\u017caj\u0105ce i regeneruj\u0105ce. Formu\u0142a wzbogacona o beta-glukan i pantenol (prowitamin\u0119 B5) zapewnia intensywn\u0105 piel\u0119gnacj\u0119 dla sk\u00f3ry wra\u017cliwej, podra\u017cnionej i suchej. Serum dzia\u0142a nawil\u017caj\u0105co, \u0142agodz\u0105co i wspomagaj\u0105co w regeneracji, przywracaj\u0105c sk\u00f3rze zdrowy i promienny wygl\u0105d. Pantenol g\u0142\u0119boko nawil\u017ca sk\u00f3r\u0119, poprawiaj\u0105c jej ... Read moreSOME BY MI Beta panthenol repair serum 30 ml &#8211; naprawczy krem\" \/>\n<meta property=\"og:url\" content=\"https:\/\/admincentral.selleetools.com\/product\/some-by-mi-beta-panthenol-repair-serum-30-ml-naprawczy-krem\/\" \/>\n<meta property=\"og:site_name\" content=\"Selleetools.com\" \/>\n<meta property=\"article:modified_time\" content=\"2025-10-23T17:52:31+00:00\" \/>\n<meta property=\"og:image\" content=\"https:\/\/selleetools.com\/wp-content\/uploads\/2025\/10\/a10ab726e74cbf204124b9f251660359.jpg\" \/>\n\t<meta property=\"og:image:width\" content=\"425\" \/>\n\t<meta property=\"og:image:height\" content=\"425\" \/>\n\t<meta property=\"og:image:type\" content=\"image\/jpeg\" \/>\n<meta name=\"twitter:card\" content=\"summary_large_image\" \/>\n<meta name=\"twitter:label1\" content=\"Est. reading time\" \/>\n\t<meta name=\"twitter:data1\" content=\"1 minuta\" \/>\n<!-- \/ Yoast SEO plugin. -->","yoast_head_json":{"title":"SOME BY MI Beta panthenol repair serum 30 ml - naprawczy krem - Selleetools.com","robots":{"index":"index","follow":"follow","max-snippet":"max-snippet:-1","max-image-preview":"max-image-preview:large","max-video-preview":"max-video-preview:-1"},"canonical":"https:\/\/admincentral.selleetools.com\/product\/some-by-mi-beta-panthenol-repair-serum-30-ml-naprawczy-krem\/","og_locale":"pl_PL","og_type":"article","og_title":"SOME BY MI Beta panthenol repair serum 30 ml - naprawczy krem - Selleetools.com","og_description":"SOMEBYMI Beta Panthenol Repair Serum, 30ml Skoncentrowane serum do twarzy, kt\u00f3re \u0142\u0105czy w sobie w\u0142a\u015bciwo\u015bci nawil\u017caj\u0105ce i regeneruj\u0105ce. Formu\u0142a wzbogacona o beta-glukan i pantenol (prowitamin\u0119 B5) zapewnia intensywn\u0105 piel\u0119gnacj\u0119 dla sk\u00f3ry wra\u017cliwej, podra\u017cnionej i suchej. Serum dzia\u0142a nawil\u017caj\u0105co, \u0142agodz\u0105co i wspomagaj\u0105co w regeneracji, przywracaj\u0105c sk\u00f3rze zdrowy i promienny wygl\u0105d. Pantenol g\u0142\u0119boko nawil\u017ca sk\u00f3r\u0119, poprawiaj\u0105c jej ... Read moreSOME BY MI Beta panthenol repair serum 30 ml &#8211; naprawczy krem","og_url":"https:\/\/admincentral.selleetools.com\/product\/some-by-mi-beta-panthenol-repair-serum-30-ml-naprawczy-krem\/","og_site_name":"Selleetools.com","article_modified_time":"2025-10-23T17:52:31+00:00","og_image":[{"width":425,"height":425,"url":"https:\/\/selleetools.com\/wp-content\/uploads\/2025\/10\/a10ab726e74cbf204124b9f251660359.jpg","type":"image\/jpeg"}],"twitter_card":"summary_large_image","twitter_misc":{"Est. reading time":"1 minuta"},"schema":{"@context":"https:\/\/schema.org","@graph":[{"@type":"Organization","@id":"https:\/\/selleetools.com\/#organization","name":"Selleetools","url":"https:\/\/selleetools.com\/","sameAs":[],"logo":{"@type":"ImageObject","inLanguage":"pl-PL","@id":"https:\/\/selleetools.com\/#\/schema\/logo\/image\/","url":"https:\/\/selleetools.com\/wp-content\/uploads\/2021\/10\/logo-dark.png","contentUrl":"https:\/\/selleetools.com\/wp-content\/uploads\/2021\/10\/logo-dark.png","width":320,"height":76,"caption":"Selleetools"},"image":{"@id":"https:\/\/selleetools.com\/#\/schema\/logo\/image\/"}},{"@type":"WebSite","@id":"https:\/\/selleetools.com\/#website","url":"https:\/\/selleetools.com\/","name":"Selleetools.com","description":"","publisher":{"@id":"https:\/\/selleetools.com\/#organization"},"potentialAction":[{"@type":"SearchAction","target":{"@type":"EntryPoint","urlTemplate":"https:\/\/selleetools.com\/?s={search_term_string}"},"query-input":"required name=search_term_string"}],"inLanguage":"pl-PL"},{"@type":"WebPage","@id":"https:\/\/admincentral.selleetools.com\/product\/some-by-mi-beta-panthenol-repair-serum-30-ml-naprawczy-krem\/","url":"https:\/\/admincentral.selleetools.com\/product\/some-by-mi-beta-panthenol-repair-serum-30-ml-naprawczy-krem\/","name":"SOME BY MI Beta panthenol repair serum 30 ml - naprawczy krem - Selleetools.com","isPartOf":{"@id":"https:\/\/selleetools.com\/#website"},"datePublished":"2025-10-22T07:06:44+00:00","dateModified":"2025-10-23T17:52:31+00:00","breadcrumb":{"@id":"https:\/\/admincentral.selleetools.com\/product\/some-by-mi-beta-panthenol-repair-serum-30-ml-naprawczy-krem\/#breadcrumb"},"inLanguage":"pl-PL","potentialAction":[{"@type":"ReadAction","target":["https:\/\/admincentral.selleetools.com\/product\/some-by-mi-beta-panthenol-repair-serum-30-ml-naprawczy-krem\/"]}]},{"@type":"BreadcrumbList","@id":"https:\/\/admincentral.selleetools.com\/product\/some-by-mi-beta-panthenol-repair-serum-30-ml-naprawczy-krem\/#breadcrumb","itemListElement":[{"@type":"ListItem","position":1,"name":"Home","item":"https:\/\/selleetools.com\/pl\/"},{"@type":"ListItem","position":2,"name":"Katalog","item":"https:\/\/selleetools.com\/pl\/katalog\/"},{"@type":"ListItem","position":3,"name":"SOME BY MI Beta panthenol repair serum 30 ml &#8211; naprawczy krem"}]}]}},"_links":{"self":[{"href":"https:\/\/admincentral.selleetools.com\/pl\/wp-json\/wp\/v2\/product\/599391"}],"collection":[{"href":"https:\/\/admincentral.selleetools.com\/pl\/wp-json\/wp\/v2\/product"}],"about":[{"href":"https:\/\/admincentral.selleetools.com\/pl\/wp-json\/wp\/v2\/types\/product"}],"replies":[{"embeddable":true,"href":"https:\/\/admincentral.selleetools.com\/pl\/wp-json\/wp\/v2\/comments?post=599391"}],"wp:featuredmedia":[{"embeddable":true,"href":"https:\/\/admincentral.selleetools.com\/pl\/wp-json\/wp\/v2\/media\/599389"}],"wp:attachment":[{"href":"https:\/\/admincentral.selleetools.com\/pl\/wp-json\/wp\/v2\/media?parent=599391"}],"curies":[{"name":"wp","href":"https:\/\/api.w.org\/{rel}","templated":true}]}}