{"id":599468,"date":"2025-10-22T09:07:58","date_gmt":"2025-10-22T07:07:58","guid":{"rendered":"https:\/\/selleetools.com\/?post_type=product&#038;p=599468"},"modified":"2025-10-23T19:09:34","modified_gmt":"2025-10-23T17:09:34","slug":"vt-cosmetics-cica-collagen-cream-20-ml-krem-kolagenowy","status":"publish","type":"product","link":"https:\/\/admincentral.selleetools.com\/pl\/product\/vt-cosmetics-cica-collagen-cream-20-ml-krem-kolagenowy\/","title":{"rendered":"VT Cosmetics Cica Collagen Cream 20 ml &#8211; Krem kolagenowy"},"content":{"rendered":"<p>VT COSMETICS &#8211; Cica Collagen Cream, 20ml<br \/>\nUj\u0119drniaj\u0105cy krem do twarzy<\/p>\n<p>Opis produktu:<br \/>\nKrem na bazie kolagenu, oleju jojoba i niacinamidu o dzia\u0142aniu uj\u0119dniaj\u0105cym, nawil\u017caj\u0105cym oraz wyg\u0142adzaj\u0105cym. Sp\u0142yca drobne zmarszczki i poprawia koloryt sk\u00f3ry. Regulernie stosowany sprawia, \u017ce sk\u00f3ra staj\u0119 si\u0119 bardziej elastyczna i g\u0142adka.<\/p>\n<p>G\u0142\u00f3wne sk\u0142adniki aktywne:<br \/>\nolej jojoba powoduje sp\u0142ycenie powierzchniowych zmarszczek i wzrost spr\u0119\u017cysto\u015bci sk\u00f3ry. Dzi\u0119ki czemu staje si\u0119 ona bardziej mi\u0119kka, elastyczna, g\u0142adka i wygl\u0105da m\u0142odziej. Wykazuje dzia\u0142anie antyoksydacyjne, a szczeg\u00f3lnie polecany jest do cery wra\u017cliwej,<br \/>\nhydrolizat kolagenu &#8211; kolagen zawarty jest w sk\u00f3rze w\u0142a\u015bciwej i odpowiada za spr\u0119\u017cysto\u015b\u0107 i elastyczno\u015b\u0107 sk\u00f3ry. Jednak kolagen zawarty w kosmetyku, posiada zbyt du\u017ce cz\u0105steczki i nie jest w stanie przenikn\u0105\u0107 do sk\u00f3ry w\u0142a\u015bciwej, w zwi\u0105zku z tym dzia\u0142a powierzchniowo na sk\u00f3rze, tworzy film, kt\u00f3ry ogranicza wyparowywanie wody z g\u0142\u0119bszych warstw sk\u00f3ry, st\u0105d dzia\u0142a nawil\u017caj\u0105co!<br \/>\nniacynamid &#8211; poprawia barier\u0119 lipidow\u0105 nask\u00f3rka, sk\u00f3ra staje si\u0119 bardziej odporna na czynniki zewn\u0119trzne i lepiej nawil\u017cona, zwi\u0119ksza jej nawil\u017cenie i elastyczno\u015b\u0107, sp\u0142yca drobne zmarszczki, poprawia struktur\u0119 i koloryt, stymuluje syntez\u0119 kolagenu<\/p>\n<p>Spos\u00f3b u\u017cycia:<br \/>\nNa ostatnim etapie piel\u0119gnacji nale\u017cy nabra\u0107 odpowiedni\u0105 ilo\u015b\u0107 kremu, delikatnie rozprowadzi\u0107 po ca\u0142ej twarzy i delikatnie wklepa\u0107 do wch\u0142oni\u0119cia. Masuj i nak\u0142adaj, jakby lekko poci\u0105gaj\u0105c opuszkami palc\u00f3w, w obszarach, w kt\u00f3rych elastyczno\u015b\u0107 jest problemem, takich jak linia podbr\u00f3dka i zmarszczki na szyi.<\/p>\n","protected":false},"excerpt":{"rendered":"<p>VT COSMETICS &#8211; Cica Collagen Cream, 20ml Uj\u0119drniaj\u0105cy krem do twarzy Opis produktu: Krem na bazie kolagenu, oleju jojoba i niacinamidu o dzia\u0142aniu uj\u0119dniaj\u0105cym, nawil\u017caj\u0105cym oraz wyg\u0142adzaj\u0105cym. Sp\u0142yca drobne zmarszczki i poprawia koloryt sk\u00f3ry. Regulernie stosowany sprawia, \u017ce sk\u00f3ra staj\u0119 si\u0119 bardziej elastyczna i g\u0142adka. G\u0142\u00f3wne sk\u0142adniki aktywne: olej jojoba powoduje sp\u0142ycenie powierzchniowych zmarszczek i &#8230; <a title=\"VT Cosmetics Cica Collagen Cream 20 ml &#8211; Krem kolagenowy\" class=\"read-more\" href=\"https:\/\/admincentral.selleetools.com\/pl\/product\/vt-cosmetics-cica-collagen-cream-20-ml-krem-kolagenowy\/\">Read more<span class=\"screen-reader-text\">VT Cosmetics Cica Collagen Cream 20 ml &#8211; Krem kolagenowy<\/span><\/a><\/p>\n","protected":false},"featured_media":599466,"comment_status":"open","ping_status":"closed","template":"","meta":{"_links_to":"","_links_to_target":""},"yoast_head":"<!-- This site is optimized with the Yoast SEO plugin v19.4 - https:\/\/yoast.com\/wordpress\/plugins\/seo\/ -->\n<title>VT Cosmetics Cica Collagen Cream 20 ml - Krem kolagenowy - Selleetools.com<\/title>\n<meta name=\"robots\" content=\"index, follow, max-snippet:-1, max-image-preview:large, max-video-preview:-1\" \/>\n<link rel=\"canonical\" href=\"https:\/\/admincentral.selleetools.com\/pl\/product\/vt-cosmetics-cica-collagen-cream-20-ml-krem-kolagenowy\/\" \/>\n<meta property=\"og:locale\" content=\"pl_PL\" \/>\n<meta property=\"og:type\" content=\"article\" \/>\n<meta property=\"og:title\" content=\"VT Cosmetics Cica Collagen Cream 20 ml - Krem kolagenowy - Selleetools.com\" \/>\n<meta property=\"og:description\" content=\"VT COSMETICS &#8211; Cica Collagen Cream, 20ml Uj\u0119drniaj\u0105cy krem do twarzy Opis produktu: Krem na bazie kolagenu, oleju jojoba i niacinamidu o dzia\u0142aniu uj\u0119dniaj\u0105cym, nawil\u017caj\u0105cym oraz wyg\u0142adzaj\u0105cym. Sp\u0142yca drobne zmarszczki i poprawia koloryt sk\u00f3ry. Regulernie stosowany sprawia, \u017ce sk\u00f3ra staj\u0119 si\u0119 bardziej elastyczna i g\u0142adka. G\u0142\u00f3wne sk\u0142adniki aktywne: olej jojoba powoduje sp\u0142ycenie powierzchniowych zmarszczek i ... Read moreVT Cosmetics Cica Collagen Cream 20 ml &#8211; Krem kolagenowy\" \/>\n<meta property=\"og:url\" content=\"https:\/\/admincentral.selleetools.com\/pl\/product\/vt-cosmetics-cica-collagen-cream-20-ml-krem-kolagenowy\/\" \/>\n<meta property=\"og:site_name\" content=\"Selleetools.com\" \/>\n<meta property=\"article:modified_time\" content=\"2025-10-23T17:09:34+00:00\" \/>\n<meta property=\"og:image\" content=\"https:\/\/selleetools.com\/wp-content\/uploads\/2025\/10\/c4c80db028a60816aab2b75bb2d08a78.jpg\" \/>\n\t<meta property=\"og:image:width\" content=\"600\" \/>\n\t<meta property=\"og:image:height\" content=\"600\" \/>\n\t<meta property=\"og:image:type\" content=\"image\/jpeg\" \/>\n<meta name=\"twitter:card\" content=\"summary_large_image\" \/>\n<meta name=\"twitter:label1\" content=\"Est. reading time\" \/>\n\t<meta name=\"twitter:data1\" content=\"1 minuta\" \/>\n<!-- \/ Yoast SEO plugin. -->","yoast_head_json":{"title":"VT Cosmetics Cica Collagen Cream 20 ml - Krem kolagenowy - Selleetools.com","robots":{"index":"index","follow":"follow","max-snippet":"max-snippet:-1","max-image-preview":"max-image-preview:large","max-video-preview":"max-video-preview:-1"},"canonical":"https:\/\/admincentral.selleetools.com\/pl\/product\/vt-cosmetics-cica-collagen-cream-20-ml-krem-kolagenowy\/","og_locale":"pl_PL","og_type":"article","og_title":"VT Cosmetics Cica Collagen Cream 20 ml - Krem kolagenowy - Selleetools.com","og_description":"VT COSMETICS &#8211; Cica Collagen Cream, 20ml Uj\u0119drniaj\u0105cy krem do twarzy Opis produktu: Krem na bazie kolagenu, oleju jojoba i niacinamidu o dzia\u0142aniu uj\u0119dniaj\u0105cym, nawil\u017caj\u0105cym oraz wyg\u0142adzaj\u0105cym. Sp\u0142yca drobne zmarszczki i poprawia koloryt sk\u00f3ry. Regulernie stosowany sprawia, \u017ce sk\u00f3ra staj\u0119 si\u0119 bardziej elastyczna i g\u0142adka. G\u0142\u00f3wne sk\u0142adniki aktywne: olej jojoba powoduje sp\u0142ycenie powierzchniowych zmarszczek i ... Read moreVT Cosmetics Cica Collagen Cream 20 ml &#8211; Krem kolagenowy","og_url":"https:\/\/admincentral.selleetools.com\/pl\/product\/vt-cosmetics-cica-collagen-cream-20-ml-krem-kolagenowy\/","og_site_name":"Selleetools.com","article_modified_time":"2025-10-23T17:09:34+00:00","og_image":[{"width":600,"height":600,"url":"https:\/\/selleetools.com\/wp-content\/uploads\/2025\/10\/c4c80db028a60816aab2b75bb2d08a78.jpg","type":"image\/jpeg"}],"twitter_card":"summary_large_image","twitter_misc":{"Est. reading time":"1 minuta"},"schema":{"@context":"https:\/\/schema.org","@graph":[{"@type":"Organization","@id":"https:\/\/selleetools.com\/#organization","name":"Selleetools","url":"https:\/\/selleetools.com\/","sameAs":[],"logo":{"@type":"ImageObject","inLanguage":"pl-PL","@id":"https:\/\/selleetools.com\/#\/schema\/logo\/image\/","url":"https:\/\/selleetools.com\/wp-content\/uploads\/2021\/10\/logo-dark.png","contentUrl":"https:\/\/selleetools.com\/wp-content\/uploads\/2021\/10\/logo-dark.png","width":320,"height":76,"caption":"Selleetools"},"image":{"@id":"https:\/\/selleetools.com\/#\/schema\/logo\/image\/"}},{"@type":"WebSite","@id":"https:\/\/selleetools.com\/#website","url":"https:\/\/selleetools.com\/","name":"Selleetools.com","description":"","publisher":{"@id":"https:\/\/selleetools.com\/#organization"},"potentialAction":[{"@type":"SearchAction","target":{"@type":"EntryPoint","urlTemplate":"https:\/\/selleetools.com\/?s={search_term_string}"},"query-input":"required name=search_term_string"}],"inLanguage":"pl-PL"},{"@type":"WebPage","@id":"https:\/\/admincentral.selleetools.com\/pl\/product\/vt-cosmetics-cica-collagen-cream-20-ml-krem-kolagenowy\/","url":"https:\/\/admincentral.selleetools.com\/pl\/product\/vt-cosmetics-cica-collagen-cream-20-ml-krem-kolagenowy\/","name":"VT Cosmetics Cica Collagen Cream 20 ml - Krem kolagenowy - Selleetools.com","isPartOf":{"@id":"https:\/\/selleetools.com\/#website"},"datePublished":"2025-10-22T07:07:58+00:00","dateModified":"2025-10-23T17:09:34+00:00","breadcrumb":{"@id":"https:\/\/admincentral.selleetools.com\/pl\/product\/vt-cosmetics-cica-collagen-cream-20-ml-krem-kolagenowy\/#breadcrumb"},"inLanguage":"pl-PL","potentialAction":[{"@type":"ReadAction","target":["https:\/\/admincentral.selleetools.com\/pl\/product\/vt-cosmetics-cica-collagen-cream-20-ml-krem-kolagenowy\/"]}]},{"@type":"BreadcrumbList","@id":"https:\/\/admincentral.selleetools.com\/pl\/product\/vt-cosmetics-cica-collagen-cream-20-ml-krem-kolagenowy\/#breadcrumb","itemListElement":[{"@type":"ListItem","position":1,"name":"Home","item":"https:\/\/selleetools.com\/pl\/"},{"@type":"ListItem","position":2,"name":"Katalog","item":"https:\/\/selleetools.com\/pl\/katalog\/"},{"@type":"ListItem","position":3,"name":"VT Cosmetics Cica Collagen Cream 20 ml &#8211; Krem kolagenowy"}]}]}},"_links":{"self":[{"href":"https:\/\/admincentral.selleetools.com\/pl\/wp-json\/wp\/v2\/product\/599468"}],"collection":[{"href":"https:\/\/admincentral.selleetools.com\/pl\/wp-json\/wp\/v2\/product"}],"about":[{"href":"https:\/\/admincentral.selleetools.com\/pl\/wp-json\/wp\/v2\/types\/product"}],"replies":[{"embeddable":true,"href":"https:\/\/admincentral.selleetools.com\/pl\/wp-json\/wp\/v2\/comments?post=599468"}],"wp:featuredmedia":[{"embeddable":true,"href":"https:\/\/admincentral.selleetools.com\/pl\/wp-json\/wp\/v2\/media\/599466"}],"wp:attachment":[{"href":"https:\/\/admincentral.selleetools.com\/pl\/wp-json\/wp\/v2\/media?parent=599468"}],"curies":[{"name":"wp","href":"https:\/\/api.w.org\/{rel}","templated":true}]}}