{"id":599476,"date":"2025-10-22T09:08:06","date_gmt":"2025-10-22T07:08:06","guid":{"rendered":"https:\/\/selleetools.com\/?post_type=product&#038;p=599476"},"modified":"2025-10-23T19:09:34","modified_gmt":"2025-10-23T17:09:34","slug":"vt-cosmetics-cica-reta-a-essence-0-1-30-ml-esencja-do-twarzy-z-0-1-retinolem","status":"publish","type":"product","link":"https:\/\/admincentral.selleetools.com\/pl\/product\/vt-cosmetics-cica-reta-a-essence-0-1-30-ml-esencja-do-twarzy-z-0-1-retinolem\/","title":{"rendered":"VT COSMETICS Cica Reta-A Essence 0.1%, 30 ml &#8211; Esencja do twarzy z 0.1% retinolem"},"content":{"rendered":"<p>VT COSMETICS Cica Reta-A Essence 0.1% to zaawansowana esencja do twarzy zawieraj\u0105ca retinol, kt\u00f3ra \u0142\u0105czy w\u0142a\u015bciwo\u015bci odm\u0142adzaj\u0105ce z koj\u0105cym dzia\u0142aniem w\u0105krotki azjatyckiej (Cica). Produkt zosta\u0142 zaprojektowany, aby poprawi\u0107 tekstur\u0119 sk\u00f3ry, wyg\u0142adzi\u0107 zmarszczki i wspiera\u0107 regeneracj\u0119 kom\u00f3rkow\u0105. Retinol, znany z w\u0142a\u015bciwo\u015bci przeciwstarzeniowych, dzia\u0142a na sk\u00f3r\u0119, stymuluj\u0105c produkcj\u0119 kolagenu i przyspieszaj\u0105c procesy odnowy, podczas gdy ekstrakt z Cica \u0142agodzi podra\u017cnienia i wspomaga regeneracj\u0119.<\/p>\n<p>Korzy\u015bci dla sk\u00f3ry:<br \/>\nPrzeciwstarzeniowe dzia\u0142anie: Retinol (0.1%) wspomaga produkcj\u0119 kolagenu, poprawia elastyczno\u015b\u0107 sk\u00f3ry i redukuje widoczno\u015b\u0107 zmarszczek oraz drobnych linii.<br \/>\nRegeneracja: Ekstrakt z w\u0105krotki azjatyckiej (Cica) dzia\u0142a koj\u0105co, \u0142agodzi podra\u017cnienia i wspiera procesy regeneracji sk\u00f3ry.<br \/>\nPoprawa tekstury: Esencja pomaga wyg\u0142adzi\u0107 sk\u00f3r\u0119, poprawiaj\u0105c jej struktur\u0119 i zmniejszaj\u0105c widoczno\u015b\u0107 por\u00f3w.<br \/>\nWyg\u0142adzenie: Regularne stosowanie esencji przyczynia si\u0119 do bardziej jednolitego i zdrowego wygl\u0105du cery.<\/p>\n<p>Spos\u00f3b u\u017cycia: Rozpocznij od dok\u0142adnego oczyszczenia i tonizacji sk\u00f3ry. Na\u0142\u00f3\u017c niewielk\u0105 ilo\u015b\u0107 esencji na twarz, delikatnie wklepuj\u0105c produkt w sk\u00f3r\u0119. Unikaj okolic oczu. Pozw\u00f3l esencji ca\u0142kowicie wch\u0142on\u0105\u0107 si\u0119 przed na\u0142o\u017ceniem kolejnych produkt\u00f3w piel\u0119gnacyjnych. U\u017cywaj esencji codziennie wieczorem, aby sk\u00f3ra mia\u0142a czas na regeneracj\u0119 podczas snu. W ci\u0105gu dnia stosuj filtr przeciws\u0142oneczny, aby chroni\u0107 sk\u00f3r\u0119 przed dzia\u0142aniem promieni UV, kt\u00f3re mog\u0105 powodowa\u0107 podra\u017cnienia zwi\u0105zane z u\u017cywaniem retinolu.<\/p>\n","protected":false},"excerpt":{"rendered":"<p>VT COSMETICS Cica Reta-A Essence 0.1% to zaawansowana esencja do twarzy zawieraj\u0105ca retinol, kt\u00f3ra \u0142\u0105czy w\u0142a\u015bciwo\u015bci odm\u0142adzaj\u0105ce z koj\u0105cym dzia\u0142aniem w\u0105krotki azjatyckiej (Cica). Produkt zosta\u0142 zaprojektowany, aby poprawi\u0107 tekstur\u0119 sk\u00f3ry, wyg\u0142adzi\u0107 zmarszczki i wspiera\u0107 regeneracj\u0119 kom\u00f3rkow\u0105. Retinol, znany z w\u0142a\u015bciwo\u015bci przeciwstarzeniowych, dzia\u0142a na sk\u00f3r\u0119, stymuluj\u0105c produkcj\u0119 kolagenu i przyspieszaj\u0105c procesy odnowy, podczas gdy ekstrakt z &#8230; <a title=\"VT COSMETICS Cica Reta-A Essence 0.1%, 30 ml &#8211; Esencja do twarzy z 0.1% retinolem\" class=\"read-more\" href=\"https:\/\/admincentral.selleetools.com\/pl\/product\/vt-cosmetics-cica-reta-a-essence-0-1-30-ml-esencja-do-twarzy-z-0-1-retinolem\/\">Read more<span class=\"screen-reader-text\">VT COSMETICS Cica Reta-A Essence 0.1%, 30 ml &#8211; Esencja do twarzy z 0.1% retinolem<\/span><\/a><\/p>\n","protected":false},"featured_media":599474,"comment_status":"open","ping_status":"closed","template":"","meta":{"_links_to":"","_links_to_target":""},"yoast_head":"<!-- This site is optimized with the Yoast SEO plugin v19.4 - https:\/\/yoast.com\/wordpress\/plugins\/seo\/ -->\n<title>VT COSMETICS Cica Reta-A Essence 0.1%, 30 ml - Esencja do twarzy z 0.1% retinolem - Selleetools.com<\/title>\n<meta name=\"robots\" content=\"index, follow, max-snippet:-1, max-image-preview:large, max-video-preview:-1\" \/>\n<link rel=\"canonical\" href=\"https:\/\/selleetools.com\/product\/vt-cosmetics-cica-reta-a-essence-0-1-30-ml-esencja-do-twarzy-z-0-1-retinolem\/\" \/>\n<meta property=\"og:locale\" content=\"pl_PL\" \/>\n<meta property=\"og:type\" content=\"article\" \/>\n<meta property=\"og:title\" content=\"VT COSMETICS Cica Reta-A Essence 0.1%, 30 ml - Esencja do twarzy z 0.1% retinolem - Selleetools.com\" \/>\n<meta property=\"og:description\" content=\"VT COSMETICS Cica Reta-A Essence 0.1% to zaawansowana esencja do twarzy zawieraj\u0105ca retinol, kt\u00f3ra \u0142\u0105czy w\u0142a\u015bciwo\u015bci odm\u0142adzaj\u0105ce z koj\u0105cym dzia\u0142aniem w\u0105krotki azjatyckiej (Cica). Produkt zosta\u0142 zaprojektowany, aby poprawi\u0107 tekstur\u0119 sk\u00f3ry, wyg\u0142adzi\u0107 zmarszczki i wspiera\u0107 regeneracj\u0119 kom\u00f3rkow\u0105. Retinol, znany z w\u0142a\u015bciwo\u015bci przeciwstarzeniowych, dzia\u0142a na sk\u00f3r\u0119, stymuluj\u0105c produkcj\u0119 kolagenu i przyspieszaj\u0105c procesy odnowy, podczas gdy ekstrakt z ... Read moreVT COSMETICS Cica Reta-A Essence 0.1%, 30 ml &#8211; Esencja do twarzy z 0.1% retinolem\" \/>\n<meta property=\"og:url\" content=\"https:\/\/selleetools.com\/product\/vt-cosmetics-cica-reta-a-essence-0-1-30-ml-esencja-do-twarzy-z-0-1-retinolem\/\" \/>\n<meta property=\"og:site_name\" content=\"Selleetools.com\" \/>\n<meta property=\"article:modified_time\" content=\"2025-10-23T17:09:34+00:00\" \/>\n<meta property=\"og:image\" content=\"https:\/\/selleetools.com\/wp-content\/uploads\/2025\/10\/1.jpg\" \/>\n\t<meta property=\"og:image:width\" content=\"1200\" \/>\n\t<meta property=\"og:image:height\" content=\"1200\" \/>\n\t<meta property=\"og:image:type\" content=\"image\/jpeg\" \/>\n<meta name=\"twitter:card\" content=\"summary_large_image\" \/>\n<meta name=\"twitter:label1\" content=\"Est. reading time\" \/>\n\t<meta name=\"twitter:data1\" content=\"1 minuta\" \/>\n<!-- \/ Yoast SEO plugin. -->","yoast_head_json":{"title":"VT COSMETICS Cica Reta-A Essence 0.1%, 30 ml - Esencja do twarzy z 0.1% retinolem - Selleetools.com","robots":{"index":"index","follow":"follow","max-snippet":"max-snippet:-1","max-image-preview":"max-image-preview:large","max-video-preview":"max-video-preview:-1"},"canonical":"https:\/\/selleetools.com\/product\/vt-cosmetics-cica-reta-a-essence-0-1-30-ml-esencja-do-twarzy-z-0-1-retinolem\/","og_locale":"pl_PL","og_type":"article","og_title":"VT COSMETICS Cica Reta-A Essence 0.1%, 30 ml - Esencja do twarzy z 0.1% retinolem - Selleetools.com","og_description":"VT COSMETICS Cica Reta-A Essence 0.1% to zaawansowana esencja do twarzy zawieraj\u0105ca retinol, kt\u00f3ra \u0142\u0105czy w\u0142a\u015bciwo\u015bci odm\u0142adzaj\u0105ce z koj\u0105cym dzia\u0142aniem w\u0105krotki azjatyckiej (Cica). Produkt zosta\u0142 zaprojektowany, aby poprawi\u0107 tekstur\u0119 sk\u00f3ry, wyg\u0142adzi\u0107 zmarszczki i wspiera\u0107 regeneracj\u0119 kom\u00f3rkow\u0105. Retinol, znany z w\u0142a\u015bciwo\u015bci przeciwstarzeniowych, dzia\u0142a na sk\u00f3r\u0119, stymuluj\u0105c produkcj\u0119 kolagenu i przyspieszaj\u0105c procesy odnowy, podczas gdy ekstrakt z ... Read moreVT COSMETICS Cica Reta-A Essence 0.1%, 30 ml &#8211; Esencja do twarzy z 0.1% retinolem","og_url":"https:\/\/selleetools.com\/product\/vt-cosmetics-cica-reta-a-essence-0-1-30-ml-esencja-do-twarzy-z-0-1-retinolem\/","og_site_name":"Selleetools.com","article_modified_time":"2025-10-23T17:09:34+00:00","og_image":[{"width":1200,"height":1200,"url":"https:\/\/selleetools.com\/wp-content\/uploads\/2025\/10\/1.jpg","type":"image\/jpeg"}],"twitter_card":"summary_large_image","twitter_misc":{"Est. reading time":"1 minuta"},"schema":{"@context":"https:\/\/schema.org","@graph":[{"@type":"Organization","@id":"https:\/\/selleetools.com\/#organization","name":"Selleetools","url":"https:\/\/selleetools.com\/","sameAs":[],"logo":{"@type":"ImageObject","inLanguage":"pl-PL","@id":"https:\/\/selleetools.com\/#\/schema\/logo\/image\/","url":"https:\/\/selleetools.com\/wp-content\/uploads\/2021\/10\/logo-dark.png","contentUrl":"https:\/\/selleetools.com\/wp-content\/uploads\/2021\/10\/logo-dark.png","width":320,"height":76,"caption":"Selleetools"},"image":{"@id":"https:\/\/selleetools.com\/#\/schema\/logo\/image\/"}},{"@type":"WebSite","@id":"https:\/\/selleetools.com\/#website","url":"https:\/\/selleetools.com\/","name":"Selleetools.com","description":"","publisher":{"@id":"https:\/\/selleetools.com\/#organization"},"potentialAction":[{"@type":"SearchAction","target":{"@type":"EntryPoint","urlTemplate":"https:\/\/selleetools.com\/?s={search_term_string}"},"query-input":"required name=search_term_string"}],"inLanguage":"pl-PL"},{"@type":"WebPage","@id":"https:\/\/selleetools.com\/product\/vt-cosmetics-cica-reta-a-essence-0-1-30-ml-esencja-do-twarzy-z-0-1-retinolem\/","url":"https:\/\/selleetools.com\/product\/vt-cosmetics-cica-reta-a-essence-0-1-30-ml-esencja-do-twarzy-z-0-1-retinolem\/","name":"VT COSMETICS Cica Reta-A Essence 0.1%, 30 ml - Esencja do twarzy z 0.1% retinolem - Selleetools.com","isPartOf":{"@id":"https:\/\/selleetools.com\/#website"},"datePublished":"2025-10-22T07:08:06+00:00","dateModified":"2025-10-23T17:09:34+00:00","breadcrumb":{"@id":"https:\/\/selleetools.com\/product\/vt-cosmetics-cica-reta-a-essence-0-1-30-ml-esencja-do-twarzy-z-0-1-retinolem\/#breadcrumb"},"inLanguage":"pl-PL","potentialAction":[{"@type":"ReadAction","target":["https:\/\/selleetools.com\/product\/vt-cosmetics-cica-reta-a-essence-0-1-30-ml-esencja-do-twarzy-z-0-1-retinolem\/"]}]},{"@type":"BreadcrumbList","@id":"https:\/\/selleetools.com\/product\/vt-cosmetics-cica-reta-a-essence-0-1-30-ml-esencja-do-twarzy-z-0-1-retinolem\/#breadcrumb","itemListElement":[{"@type":"ListItem","position":1,"name":"Home","item":"https:\/\/selleetools.com\/pl\/"},{"@type":"ListItem","position":2,"name":"Katalog","item":"https:\/\/selleetools.com\/pl\/katalog\/"},{"@type":"ListItem","position":3,"name":"VT COSMETICS Cica Reta-A Essence 0.1%, 30 ml &#8211; Esencja do twarzy z 0.1% retinolem"}]}]}},"_links":{"self":[{"href":"https:\/\/admincentral.selleetools.com\/pl\/wp-json\/wp\/v2\/product\/599476"}],"collection":[{"href":"https:\/\/admincentral.selleetools.com\/pl\/wp-json\/wp\/v2\/product"}],"about":[{"href":"https:\/\/admincentral.selleetools.com\/pl\/wp-json\/wp\/v2\/types\/product"}],"replies":[{"embeddable":true,"href":"https:\/\/admincentral.selleetools.com\/pl\/wp-json\/wp\/v2\/comments?post=599476"}],"wp:featuredmedia":[{"embeddable":true,"href":"https:\/\/admincentral.selleetools.com\/pl\/wp-json\/wp\/v2\/media\/599474"}],"wp:attachment":[{"href":"https:\/\/admincentral.selleetools.com\/pl\/wp-json\/wp\/v2\/media?parent=599476"}],"curies":[{"name":"wp","href":"https:\/\/api.w.org\/{rel}","templated":true}]}}