{"id":599487,"date":"2025-10-22T09:08:17","date_gmt":"2025-10-22T07:08:17","guid":{"rendered":"https:\/\/selleetools.com\/?post_type=product&#038;p=599487"},"modified":"2025-10-23T19:09:32","modified_gmt":"2025-10-23T17:09:32","slug":"vt-cosmetics-cica-reti-a-cream-0-05-30-ml-krem-do-twarzy-z-retinolem","status":"publish","type":"product","link":"https:\/\/admincentral.selleetools.com\/pl\/product\/vt-cosmetics-cica-reti-a-cream-0-05-30-ml-krem-do-twarzy-z-retinolem\/","title":{"rendered":"VT Cosmetics Cica Reti-A Cream 0.05 30 ml &#8211; Krem do twarzy z retinolem"},"content":{"rendered":"<p>VT Cosmetics Cica Reti-A Cream to wyj\u0105tkowy produkt piel\u0119gnacyjny, kt\u00f3ry \u0142\u0105czy w sobie moc retinolu oraz sk\u0142adnik\u00f3w regeneruj\u0105cych, takich jak Centella Asiatica. Krem ten zosta\u0142 opracowany z my\u015bl\u0105 o kompleksowej piel\u0119gnacji sk\u00f3ry, szczeg\u00f3lnie dojrza\u0142ej i problematycznej, zapewniaj\u0105c jej g\u0142\u0119bokie od\u017cywienie, nawil\u017cenie oraz popraw\u0119 struktury i wygl\u0105du.<\/p>\n<p>Korzy\u015bci dla sk\u00f3ry:<br \/>\nRedukcja zmarszczek: Retinol, b\u0119d\u0105cy jedn\u0105 z form witaminy A, stymuluje produkcj\u0119 kolagenu, pomagaj\u0105c w wyg\u0142adzeniu zmarszczek i linii mimicznych.<br \/>\nRegeneracja sk\u00f3ry: Ekstrakt z Centella Asiatica wspiera procesy regeneracyjne sk\u00f3ry, \u0142agodz\u0105c podra\u017cnienia i zaczerwienienia.<br \/>\nRozja\u015bnienie cery: Krem pomaga w redukcji przebarwie\u0144, wyr\u00f3wnuj\u0105c koloryt sk\u00f3ry i przywracaj\u0105c jej zdrowy blask.<br \/>\nNawil\u017cenie i od\u017cywienie: Formu\u0142a kremu dostarcza sk\u00f3rze niezb\u0119dnych sk\u0142adnik\u00f3w od\u017cywczych, utrzymuj\u0105c jej odpowiedni poziom nawil\u017cenia.<\/p>\n<p>Spos\u00f3b u\u017cycia:<br \/>\nDok\u0142adnie oczy\u015b\u0107 twarz i delikatnie osusz r\u0119cznikiem.<br \/>\nNa\u0142\u00f3\u017c niewielk\u0105 ilo\u015b\u0107 kremu na twarz, unikaj\u0105c okolic oczu i ust.<br \/>\nDelikatnie wmasuj krem, a\u017c do pe\u0142nego wch\u0142oni\u0119cia.<br \/>\nStosuj krem wieczorem, jako cz\u0119\u015b\u0107 swojej codziennej rutyny piel\u0119gnacyjnej.<\/p>\n<p>Ten krem jest idealnym rozwi\u0105zaniem dla os\u00f3b poszukuj\u0105cych zaawansowanej piel\u0119gnacji sk\u00f3ry, kt\u00f3ra przynosi widoczne rezultaty w kr\u00f3tkim czasie.<\/p>\n","protected":false},"excerpt":{"rendered":"<p>VT Cosmetics Cica Reti-A Cream to wyj\u0105tkowy produkt piel\u0119gnacyjny, kt\u00f3ry \u0142\u0105czy w sobie moc retinolu oraz sk\u0142adnik\u00f3w regeneruj\u0105cych, takich jak Centella Asiatica. Krem ten zosta\u0142 opracowany z my\u015bl\u0105 o kompleksowej piel\u0119gnacji sk\u00f3ry, szczeg\u00f3lnie dojrza\u0142ej i problematycznej, zapewniaj\u0105c jej g\u0142\u0119bokie od\u017cywienie, nawil\u017cenie oraz popraw\u0119 struktury i wygl\u0105du. Korzy\u015bci dla sk\u00f3ry: Redukcja zmarszczek: Retinol, b\u0119d\u0105cy jedn\u0105 z &#8230; <a title=\"VT Cosmetics Cica Reti-A Cream 0.05 30 ml &#8211; Krem do twarzy z retinolem\" class=\"read-more\" href=\"https:\/\/admincentral.selleetools.com\/pl\/product\/vt-cosmetics-cica-reti-a-cream-0-05-30-ml-krem-do-twarzy-z-retinolem\/\">Read more<span class=\"screen-reader-text\">VT Cosmetics Cica Reti-A Cream 0.05 30 ml &#8211; Krem do twarzy z retinolem<\/span><\/a><\/p>\n","protected":false},"featured_media":599485,"comment_status":"open","ping_status":"closed","template":"","meta":{"_links_to":"","_links_to_target":""},"yoast_head":"<!-- This site is optimized with the Yoast SEO plugin v19.4 - https:\/\/yoast.com\/wordpress\/plugins\/seo\/ -->\n<title>VT Cosmetics Cica Reti-A Cream 0.05 30 ml - Krem do twarzy z retinolem - Selleetools.com<\/title>\n<meta name=\"robots\" content=\"index, follow, max-snippet:-1, max-image-preview:large, max-video-preview:-1\" \/>\n<link rel=\"canonical\" href=\"https:\/\/selleetools.com\/pl\/product\/vt-cosmetics-cica-reti-a-cream-0-05-30-ml-krem-do-twarzy-z-retinolem\/\" \/>\n<meta property=\"og:locale\" content=\"pl_PL\" \/>\n<meta property=\"og:type\" content=\"article\" \/>\n<meta property=\"og:title\" content=\"VT Cosmetics Cica Reti-A Cream 0.05 30 ml - Krem do twarzy z retinolem - Selleetools.com\" \/>\n<meta property=\"og:description\" content=\"VT Cosmetics Cica Reti-A Cream to wyj\u0105tkowy produkt piel\u0119gnacyjny, kt\u00f3ry \u0142\u0105czy w sobie moc retinolu oraz sk\u0142adnik\u00f3w regeneruj\u0105cych, takich jak Centella Asiatica. Krem ten zosta\u0142 opracowany z my\u015bl\u0105 o kompleksowej piel\u0119gnacji sk\u00f3ry, szczeg\u00f3lnie dojrza\u0142ej i problematycznej, zapewniaj\u0105c jej g\u0142\u0119bokie od\u017cywienie, nawil\u017cenie oraz popraw\u0119 struktury i wygl\u0105du. Korzy\u015bci dla sk\u00f3ry: Redukcja zmarszczek: Retinol, b\u0119d\u0105cy jedn\u0105 z ... Read moreVT Cosmetics Cica Reti-A Cream 0.05 30 ml &#8211; Krem do twarzy z retinolem\" \/>\n<meta property=\"og:url\" content=\"https:\/\/selleetools.com\/pl\/product\/vt-cosmetics-cica-reti-a-cream-0-05-30-ml-krem-do-twarzy-z-retinolem\/\" \/>\n<meta property=\"og:site_name\" content=\"Selleetools.com\" \/>\n<meta property=\"article:modified_time\" content=\"2025-10-23T17:09:32+00:00\" \/>\n<meta property=\"og:image\" content=\"https:\/\/selleetools.com\/wp-content\/uploads\/2025\/10\/7bae575159c35678a99881cd345a1ff5.png\" \/>\n\t<meta property=\"og:image:width\" content=\"1000\" \/>\n\t<meta property=\"og:image:height\" content=\"1000\" \/>\n\t<meta property=\"og:image:type\" content=\"image\/png\" \/>\n<meta name=\"twitter:card\" content=\"summary_large_image\" \/>\n<meta name=\"twitter:label1\" content=\"Est. reading time\" \/>\n\t<meta name=\"twitter:data1\" content=\"1 minuta\" \/>\n<!-- \/ Yoast SEO plugin. -->","yoast_head_json":{"title":"VT Cosmetics Cica Reti-A Cream 0.05 30 ml - Krem do twarzy z retinolem - Selleetools.com","robots":{"index":"index","follow":"follow","max-snippet":"max-snippet:-1","max-image-preview":"max-image-preview:large","max-video-preview":"max-video-preview:-1"},"canonical":"https:\/\/selleetools.com\/pl\/product\/vt-cosmetics-cica-reti-a-cream-0-05-30-ml-krem-do-twarzy-z-retinolem\/","og_locale":"pl_PL","og_type":"article","og_title":"VT Cosmetics Cica Reti-A Cream 0.05 30 ml - Krem do twarzy z retinolem - Selleetools.com","og_description":"VT Cosmetics Cica Reti-A Cream to wyj\u0105tkowy produkt piel\u0119gnacyjny, kt\u00f3ry \u0142\u0105czy w sobie moc retinolu oraz sk\u0142adnik\u00f3w regeneruj\u0105cych, takich jak Centella Asiatica. Krem ten zosta\u0142 opracowany z my\u015bl\u0105 o kompleksowej piel\u0119gnacji sk\u00f3ry, szczeg\u00f3lnie dojrza\u0142ej i problematycznej, zapewniaj\u0105c jej g\u0142\u0119bokie od\u017cywienie, nawil\u017cenie oraz popraw\u0119 struktury i wygl\u0105du. Korzy\u015bci dla sk\u00f3ry: Redukcja zmarszczek: Retinol, b\u0119d\u0105cy jedn\u0105 z ... Read moreVT Cosmetics Cica Reti-A Cream 0.05 30 ml &#8211; Krem do twarzy z retinolem","og_url":"https:\/\/selleetools.com\/pl\/product\/vt-cosmetics-cica-reti-a-cream-0-05-30-ml-krem-do-twarzy-z-retinolem\/","og_site_name":"Selleetools.com","article_modified_time":"2025-10-23T17:09:32+00:00","og_image":[{"width":1000,"height":1000,"url":"https:\/\/selleetools.com\/wp-content\/uploads\/2025\/10\/7bae575159c35678a99881cd345a1ff5.png","type":"image\/png"}],"twitter_card":"summary_large_image","twitter_misc":{"Est. reading time":"1 minuta"},"schema":{"@context":"https:\/\/schema.org","@graph":[{"@type":"Organization","@id":"https:\/\/selleetools.com\/#organization","name":"Selleetools","url":"https:\/\/selleetools.com\/","sameAs":[],"logo":{"@type":"ImageObject","inLanguage":"pl-PL","@id":"https:\/\/selleetools.com\/#\/schema\/logo\/image\/","url":"https:\/\/selleetools.com\/wp-content\/uploads\/2021\/10\/logo-dark.png","contentUrl":"https:\/\/selleetools.com\/wp-content\/uploads\/2021\/10\/logo-dark.png","width":320,"height":76,"caption":"Selleetools"},"image":{"@id":"https:\/\/selleetools.com\/#\/schema\/logo\/image\/"}},{"@type":"WebSite","@id":"https:\/\/selleetools.com\/#website","url":"https:\/\/selleetools.com\/","name":"Selleetools.com","description":"","publisher":{"@id":"https:\/\/selleetools.com\/#organization"},"potentialAction":[{"@type":"SearchAction","target":{"@type":"EntryPoint","urlTemplate":"https:\/\/selleetools.com\/?s={search_term_string}"},"query-input":"required name=search_term_string"}],"inLanguage":"pl-PL"},{"@type":"WebPage","@id":"https:\/\/selleetools.com\/pl\/product\/vt-cosmetics-cica-reti-a-cream-0-05-30-ml-krem-do-twarzy-z-retinolem\/","url":"https:\/\/selleetools.com\/pl\/product\/vt-cosmetics-cica-reti-a-cream-0-05-30-ml-krem-do-twarzy-z-retinolem\/","name":"VT Cosmetics Cica Reti-A Cream 0.05 30 ml - Krem do twarzy z retinolem - Selleetools.com","isPartOf":{"@id":"https:\/\/selleetools.com\/#website"},"datePublished":"2025-10-22T07:08:17+00:00","dateModified":"2025-10-23T17:09:32+00:00","breadcrumb":{"@id":"https:\/\/selleetools.com\/pl\/product\/vt-cosmetics-cica-reti-a-cream-0-05-30-ml-krem-do-twarzy-z-retinolem\/#breadcrumb"},"inLanguage":"pl-PL","potentialAction":[{"@type":"ReadAction","target":["https:\/\/selleetools.com\/pl\/product\/vt-cosmetics-cica-reti-a-cream-0-05-30-ml-krem-do-twarzy-z-retinolem\/"]}]},{"@type":"BreadcrumbList","@id":"https:\/\/selleetools.com\/pl\/product\/vt-cosmetics-cica-reti-a-cream-0-05-30-ml-krem-do-twarzy-z-retinolem\/#breadcrumb","itemListElement":[{"@type":"ListItem","position":1,"name":"Home","item":"https:\/\/selleetools.com\/pl\/"},{"@type":"ListItem","position":2,"name":"Katalog","item":"https:\/\/selleetools.com\/pl\/katalog\/"},{"@type":"ListItem","position":3,"name":"VT Cosmetics Cica Reti-A Cream 0.05 30 ml &#8211; Krem do twarzy z retinolem"}]}]}},"_links":{"self":[{"href":"https:\/\/admincentral.selleetools.com\/pl\/wp-json\/wp\/v2\/product\/599487"}],"collection":[{"href":"https:\/\/admincentral.selleetools.com\/pl\/wp-json\/wp\/v2\/product"}],"about":[{"href":"https:\/\/admincentral.selleetools.com\/pl\/wp-json\/wp\/v2\/types\/product"}],"replies":[{"embeddable":true,"href":"https:\/\/admincentral.selleetools.com\/pl\/wp-json\/wp\/v2\/comments?post=599487"}],"wp:featuredmedia":[{"embeddable":true,"href":"https:\/\/admincentral.selleetools.com\/pl\/wp-json\/wp\/v2\/media\/599485"}],"wp:attachment":[{"href":"https:\/\/admincentral.selleetools.com\/pl\/wp-json\/wp\/v2\/media?parent=599487"}],"curies":[{"name":"wp","href":"https:\/\/api.w.org\/{rel}","templated":true}]}}