{"id":599511,"date":"2025-10-22T09:08:36","date_gmt":"2025-10-22T07:08:36","guid":{"rendered":"https:\/\/selleetools.com\/?post_type=product&#038;p=599511"},"modified":"2025-10-22T14:09:35","modified_gmt":"2025-10-22T12:09:35","slug":"marymay-vegan-niacinamide-panthenol-sun-cushion-spf50-pa-25-g-krem-ochronny-w-formie-cushion","status":"publish","type":"product","link":"https:\/\/admincentral.selleetools.com\/pl\/product\/marymay-vegan-niacinamide-panthenol-sun-cushion-spf50-pa-25-g-krem-ochronny-w-formie-cushion\/","title":{"rendered":"Mary&#038;May Vegan Niacinamide Panthenol Sun Cushion SPF50+ PA++++ 25 g &#8211; Krem ochronny w formie cushion"},"content":{"rendered":"<p style=\"caret-color: rgb(0, 0, 0); color: rgb(0, 0, 0);\"><font style=\"font-size: 12px;\">Mary&amp;May Vegan Niacinamide Panthenol Sun Cushion to wega\u0144ski krem przeciws\u0142oneczny w formie poduszki, kt\u00f3ry zapewnia wysok\u0105 ochron\u0119 SPF50+ PA++++ przed promieniowaniem UV. Jego formu\u0142a zawiera niacynamid i pantenol, kt\u00f3re wspomagaj\u0105 piel\u0119gnacj\u0119 sk\u00f3ry, \u0142agodzenie podra\u017cnie\u0144 oraz nawil\u017cenie.<\/font><\/p>\n<h4 style=\"caret-color: rgb(0, 0, 0); color: rgb(0, 0, 0);\"><font style=\"font-size: 12px;\">Korzy\u015bci dla sk\u00f3ry:<\/font><\/h4>\n<ul style=\"caret-color: rgb(0, 0, 0); color: rgb(0, 0, 0);\">\n<li><font style=\"font-size: 12px;\"><strong>Wysoka ochrona przeciws\u0142oneczna<\/strong>: Chroni sk\u00f3r\u0119 przed szkodliwym dzia\u0142aniem promieni UV.<\/font><\/li>\n<li><font style=\"font-size: 12px;\"><strong>Rozja\u015bnienie i wyr\u00f3wnanie kolorytu<\/strong>: Dzi\u0119ki niacynamidowi sk\u00f3ra staje si\u0119 bardziej jednolita i promienna.<\/font><\/li>\n<li><font style=\"font-size: 12px;\"><strong>Nawil\u017cenie i regeneracja<\/strong>: Pantenol zapewnia intensywne nawil\u017cenie i wspiera procesy regeneracyjne sk\u00f3ry.<\/font><\/li>\n<li><font style=\"font-size: 12px;\"><strong>\u0141agodzenie podra\u017cnie\u0144<\/strong>: Sk\u0142adniki aktywne pomagaj\u0105 w redukcji podra\u017cnie\u0144 i stan\u00f3w zapalnych.<\/font><\/li>\n<\/ul>\n<h4 style=\"caret-color: rgb(0, 0, 0); color: rgb(0, 0, 0);\"><font style=\"font-size: 12px;\">Spos\u00f3b u\u017cycia:<\/font><\/h4>\n<ol style=\"caret-color: rgb(0, 0, 0); color: rgb(0, 0, 0);\">\n<li><font style=\"font-size: 12px;\"><strong>Aplikacja<\/strong>: Na\u0142\u00f3\u017c odpowiedni\u0105 ilo\u015b\u0107 produktu na poduszk\u0119 aplikacyjn\u0105.<\/font><\/li>\n<li><font style=\"font-size: 12px;\"><strong>Rozprowadzenie<\/strong>: Delikatnie wklep produkt na sk\u00f3r\u0119 twarzy, r\u00f3wnomiernie go rozprowadzaj\u0105c.<\/font><\/li>\n<li><font style=\"font-size: 12px;\"><strong>Ponowne aplikacje<\/strong>: Powtarzaj aplikacj\u0119 co 2-3 godziny, zw\u0142aszcza po kontakcie z wod\u0105, spoceniem si\u0119 lub wytarciem r\u0119cznikiem, aby zapewni\u0107 ci\u0105g\u0142\u0105 ochron\u0119 przeciws\u0142oneczn\u0105.<\/font><\/li>\n<\/ol>\n","protected":false},"excerpt":{"rendered":"<p>Mary&amp;May Vegan Niacinamide Panthenol Sun Cushion to wega\u0144ski krem przeciws\u0142oneczny w formie poduszki, kt\u00f3ry zapewnia wysok\u0105 ochron\u0119 SPF50+ PA++++ przed promieniowaniem UV. Jego formu\u0142a zawiera niacynamid i pantenol, kt\u00f3re wspomagaj\u0105 piel\u0119gnacj\u0119 sk\u00f3ry, \u0142agodzenie podra\u017cnie\u0144 oraz nawil\u017cenie. Korzy\u015bci dla sk\u00f3ry: Wysoka ochrona przeciws\u0142oneczna: Chroni sk\u00f3r\u0119 przed szkodliwym dzia\u0142aniem promieni UV. Rozja\u015bnienie i wyr\u00f3wnanie kolorytu: Dzi\u0119ki niacynamidowi &#8230; <a title=\"Mary&#038;May Vegan Niacinamide Panthenol Sun Cushion SPF50+ PA++++ 25 g &#8211; Krem ochronny w formie cushion\" class=\"read-more\" href=\"https:\/\/admincentral.selleetools.com\/pl\/product\/marymay-vegan-niacinamide-panthenol-sun-cushion-spf50-pa-25-g-krem-ochronny-w-formie-cushion\/\">Read more<span class=\"screen-reader-text\">Mary&#038;May Vegan Niacinamide Panthenol Sun Cushion SPF50+ PA++++ 25 g &#8211; Krem ochronny w formie cushion<\/span><\/a><\/p>\n","protected":false},"featured_media":599503,"comment_status":"open","ping_status":"closed","template":"","meta":{"_links_to":"","_links_to_target":""},"yoast_head":"<!-- This site is optimized with the Yoast SEO plugin v19.4 - https:\/\/yoast.com\/wordpress\/plugins\/seo\/ -->\n<title>Mary&amp;May Vegan Niacinamide Panthenol Sun Cushion SPF50+ PA++++ 25 g - Krem ochronny w formie cushion - Selleetools.com<\/title>\n<meta name=\"robots\" content=\"index, follow, max-snippet:-1, max-image-preview:large, max-video-preview:-1\" \/>\n<link rel=\"canonical\" href=\"https:\/\/admincentral.selleetools.com\/pl\/product\/marymay-vegan-niacinamide-panthenol-sun-cushion-spf50-pa-25-g-krem-ochronny-w-formie-cushion\/\" \/>\n<meta property=\"og:locale\" content=\"pl_PL\" \/>\n<meta property=\"og:type\" content=\"article\" \/>\n<meta property=\"og:title\" content=\"Mary&amp;May Vegan Niacinamide Panthenol Sun Cushion SPF50+ PA++++ 25 g - Krem ochronny w formie cushion - Selleetools.com\" \/>\n<meta property=\"og:description\" content=\"Mary&amp;May Vegan Niacinamide Panthenol Sun Cushion to wega\u0144ski krem przeciws\u0142oneczny w formie poduszki, kt\u00f3ry zapewnia wysok\u0105 ochron\u0119 SPF50+ PA++++ przed promieniowaniem UV. Jego formu\u0142a zawiera niacynamid i pantenol, kt\u00f3re wspomagaj\u0105 piel\u0119gnacj\u0119 sk\u00f3ry, \u0142agodzenie podra\u017cnie\u0144 oraz nawil\u017cenie. Korzy\u015bci dla sk\u00f3ry: Wysoka ochrona przeciws\u0142oneczna: Chroni sk\u00f3r\u0119 przed szkodliwym dzia\u0142aniem promieni UV. Rozja\u015bnienie i wyr\u00f3wnanie kolorytu: Dzi\u0119ki niacynamidowi ... Read moreMary&#038;May Vegan Niacinamide Panthenol Sun Cushion SPF50+ PA++++ 25 g &#8211; Krem ochronny w formie cushion\" \/>\n<meta property=\"og:url\" content=\"https:\/\/admincentral.selleetools.com\/pl\/product\/marymay-vegan-niacinamide-panthenol-sun-cushion-spf50-pa-25-g-krem-ochronny-w-formie-cushion\/\" \/>\n<meta property=\"og:site_name\" content=\"Selleetools.com\" \/>\n<meta property=\"article:modified_time\" content=\"2025-10-22T12:09:35+00:00\" \/>\n<meta property=\"og:image\" content=\"https:\/\/selleetools.com\/wp-content\/uploads\/2025\/10\/848a8dedd6fdc4e0ce1057d04acf0a26.jpg\" \/>\n\t<meta property=\"og:image:width\" content=\"1080\" \/>\n\t<meta property=\"og:image:height\" content=\"1080\" \/>\n\t<meta property=\"og:image:type\" content=\"image\/jpeg\" \/>\n<meta name=\"twitter:card\" content=\"summary_large_image\" \/>\n<meta name=\"twitter:label1\" content=\"Est. reading time\" \/>\n\t<meta name=\"twitter:data1\" content=\"1 minuta\" \/>\n<!-- \/ Yoast SEO plugin. -->","yoast_head_json":{"title":"Mary&May Vegan Niacinamide Panthenol Sun Cushion SPF50+ PA++++ 25 g - Krem ochronny w formie cushion - Selleetools.com","robots":{"index":"index","follow":"follow","max-snippet":"max-snippet:-1","max-image-preview":"max-image-preview:large","max-video-preview":"max-video-preview:-1"},"canonical":"https:\/\/admincentral.selleetools.com\/pl\/product\/marymay-vegan-niacinamide-panthenol-sun-cushion-spf50-pa-25-g-krem-ochronny-w-formie-cushion\/","og_locale":"pl_PL","og_type":"article","og_title":"Mary&May Vegan Niacinamide Panthenol Sun Cushion SPF50+ PA++++ 25 g - Krem ochronny w formie cushion - Selleetools.com","og_description":"Mary&amp;May Vegan Niacinamide Panthenol Sun Cushion to wega\u0144ski krem przeciws\u0142oneczny w formie poduszki, kt\u00f3ry zapewnia wysok\u0105 ochron\u0119 SPF50+ PA++++ przed promieniowaniem UV. Jego formu\u0142a zawiera niacynamid i pantenol, kt\u00f3re wspomagaj\u0105 piel\u0119gnacj\u0119 sk\u00f3ry, \u0142agodzenie podra\u017cnie\u0144 oraz nawil\u017cenie. Korzy\u015bci dla sk\u00f3ry: Wysoka ochrona przeciws\u0142oneczna: Chroni sk\u00f3r\u0119 przed szkodliwym dzia\u0142aniem promieni UV. Rozja\u015bnienie i wyr\u00f3wnanie kolorytu: Dzi\u0119ki niacynamidowi ... Read moreMary&#038;May Vegan Niacinamide Panthenol Sun Cushion SPF50+ PA++++ 25 g &#8211; Krem ochronny w formie cushion","og_url":"https:\/\/admincentral.selleetools.com\/pl\/product\/marymay-vegan-niacinamide-panthenol-sun-cushion-spf50-pa-25-g-krem-ochronny-w-formie-cushion\/","og_site_name":"Selleetools.com","article_modified_time":"2025-10-22T12:09:35+00:00","og_image":[{"width":1080,"height":1080,"url":"https:\/\/selleetools.com\/wp-content\/uploads\/2025\/10\/848a8dedd6fdc4e0ce1057d04acf0a26.jpg","type":"image\/jpeg"}],"twitter_card":"summary_large_image","twitter_misc":{"Est. reading time":"1 minuta"},"schema":{"@context":"https:\/\/schema.org","@graph":[{"@type":"Organization","@id":"https:\/\/selleetools.com\/#organization","name":"Selleetools","url":"https:\/\/selleetools.com\/","sameAs":[],"logo":{"@type":"ImageObject","inLanguage":"pl-PL","@id":"https:\/\/selleetools.com\/#\/schema\/logo\/image\/","url":"https:\/\/selleetools.com\/wp-content\/uploads\/2021\/10\/logo-dark.png","contentUrl":"https:\/\/selleetools.com\/wp-content\/uploads\/2021\/10\/logo-dark.png","width":320,"height":76,"caption":"Selleetools"},"image":{"@id":"https:\/\/selleetools.com\/#\/schema\/logo\/image\/"}},{"@type":"WebSite","@id":"https:\/\/selleetools.com\/#website","url":"https:\/\/selleetools.com\/","name":"Selleetools.com","description":"","publisher":{"@id":"https:\/\/selleetools.com\/#organization"},"potentialAction":[{"@type":"SearchAction","target":{"@type":"EntryPoint","urlTemplate":"https:\/\/selleetools.com\/?s={search_term_string}"},"query-input":"required name=search_term_string"}],"inLanguage":"pl-PL"},{"@type":"WebPage","@id":"https:\/\/admincentral.selleetools.com\/pl\/product\/marymay-vegan-niacinamide-panthenol-sun-cushion-spf50-pa-25-g-krem-ochronny-w-formie-cushion\/","url":"https:\/\/admincentral.selleetools.com\/pl\/product\/marymay-vegan-niacinamide-panthenol-sun-cushion-spf50-pa-25-g-krem-ochronny-w-formie-cushion\/","name":"Mary&May Vegan Niacinamide Panthenol Sun Cushion SPF50+ PA++++ 25 g - Krem ochronny w formie cushion - Selleetools.com","isPartOf":{"@id":"https:\/\/selleetools.com\/#website"},"datePublished":"2025-10-22T07:08:36+00:00","dateModified":"2025-10-22T12:09:35+00:00","breadcrumb":{"@id":"https:\/\/admincentral.selleetools.com\/pl\/product\/marymay-vegan-niacinamide-panthenol-sun-cushion-spf50-pa-25-g-krem-ochronny-w-formie-cushion\/#breadcrumb"},"inLanguage":"pl-PL","potentialAction":[{"@type":"ReadAction","target":["https:\/\/admincentral.selleetools.com\/pl\/product\/marymay-vegan-niacinamide-panthenol-sun-cushion-spf50-pa-25-g-krem-ochronny-w-formie-cushion\/"]}]},{"@type":"BreadcrumbList","@id":"https:\/\/admincentral.selleetools.com\/pl\/product\/marymay-vegan-niacinamide-panthenol-sun-cushion-spf50-pa-25-g-krem-ochronny-w-formie-cushion\/#breadcrumb","itemListElement":[{"@type":"ListItem","position":1,"name":"Home","item":"https:\/\/selleetools.com\/pl\/"},{"@type":"ListItem","position":2,"name":"Katalog","item":"https:\/\/selleetools.com\/pl\/katalog\/"},{"@type":"ListItem","position":3,"name":"Mary&#038;May Vegan Niacinamide Panthenol Sun Cushion SPF50+ PA++++ 25 g &#8211; Krem ochronny w formie cushion"}]}]}},"_links":{"self":[{"href":"https:\/\/admincentral.selleetools.com\/pl\/wp-json\/wp\/v2\/product\/599511"}],"collection":[{"href":"https:\/\/admincentral.selleetools.com\/pl\/wp-json\/wp\/v2\/product"}],"about":[{"href":"https:\/\/admincentral.selleetools.com\/pl\/wp-json\/wp\/v2\/types\/product"}],"replies":[{"embeddable":true,"href":"https:\/\/admincentral.selleetools.com\/pl\/wp-json\/wp\/v2\/comments?post=599511"}],"wp:featuredmedia":[{"embeddable":true,"href":"https:\/\/admincentral.selleetools.com\/pl\/wp-json\/wp\/v2\/media\/599503"}],"wp:attachment":[{"href":"https:\/\/admincentral.selleetools.com\/pl\/wp-json\/wp\/v2\/media?parent=599511"}],"curies":[{"name":"wp","href":"https:\/\/api.w.org\/{rel}","templated":true}]}}