{"id":599665,"date":"2025-10-22T09:10:49","date_gmt":"2025-10-22T07:10:49","guid":{"rendered":"https:\/\/selleetools.com\/?post_type=product&#038;p=599665"},"modified":"2025-10-30T16:35:59","modified_gmt":"2025-10-30T15:35:59","slug":"romnd-better-than-palette-08-peach-dahlia-garden-8-1g-paleta-cieni-do-powiek","status":"publish","type":"product","link":"https:\/\/admincentral.selleetools.com\/pl\/product\/romnd-better-than-palette-08-peach-dahlia-garden-8-1g-paleta-cieni-do-powiek\/","title":{"rendered":"rom&#038;nd Better Than Palette 08 Peach Dahlia Garden 8.1g &#8211; Paleta cieni do powiek"},"content":{"rendered":"<p>Paleta cieni rom&#038;nd Better Than Palette 08 Peach Dahlia Garden to idealne rozwi\u0105zanie dla mi\u0142o\u015bniczek subtelnych, ale jednocze\u015bnie wyrazistych makija\u017cy. Zestaw sk\u0142ada si\u0119 z harmonijnie dobranych odcieni brzoskwiniowych i kwiatowych, kt\u00f3re dodadz\u0105 \u015bwie\u017co\u015bci i promienno\u015bci ka\u017cdemu spojrzeniu.<\/p>\n<p>Korzy\u015bci dla sk\u00f3ry:<br \/>\nWysokiej jako\u015bci formu\u0142a cieni zapewnia d\u0142ugotrwa\u0142y efekt bez potrzeby poprawek.<br \/>\nDelikatne sk\u0142adniki od\u017cywcze w sk\u0142adzie pomagaj\u0105 utrzyma\u0107 sk\u00f3r\u0119 powiek w dobrej kondycji, nie podra\u017cniaj\u0105c jej.<br \/>\nCienie s\u0105 \u0142atwe do blendowania, co pozwala na stworzenie r\u00f3\u017cnych, pi\u0119knych stylizacji makija\u017cu.<\/p>\n<p>Spos\u00f3b u\u017cycia:<br \/>\nNa\u0142\u00f3\u017c baz\u0119 pod cienie, aby zapewni\u0107 lepsz\u0105 trwa\u0142o\u015b\u0107 makija\u017cu.<br \/>\nWybierz wybrany odcie\u0144 i na\u0142\u00f3\u017c go na powieki przy u\u017cyciu p\u0119dzla do cieni lub palca.<br \/>\nBlenduj kolory, aby uzyska\u0107 po\u017c\u0105dany efekt przej\u015bcia i g\u0142\u0119bi.<br \/>\nU\u017cyj jasnych odcieni do podkre\u015blenia wewn\u0119trznych k\u0105cik\u00f3w oczu oraz \u0142uku brwiowego.<br \/>\nZako\u0144cz makija\u017c, stosuj\u0105c tusz do rz\u0119s i ewentualnie eyeliner dla dodatkowego podkre\u015blenia spojrzenia.<\/p>\n","protected":false},"excerpt":{"rendered":"<p>Paleta cieni rom&#038;nd Better Than Palette 08 Peach Dahlia Garden to idealne rozwi\u0105zanie dla mi\u0142o\u015bniczek subtelnych, ale jednocze\u015bnie wyrazistych makija\u017cy. Zestaw sk\u0142ada si\u0119 z harmonijnie dobranych odcieni brzoskwiniowych i kwiatowych, kt\u00f3re dodadz\u0105 \u015bwie\u017co\u015bci i promienno\u015bci ka\u017cdemu spojrzeniu. Korzy\u015bci dla sk\u00f3ry: Wysokiej jako\u015bci formu\u0142a cieni zapewnia d\u0142ugotrwa\u0142y efekt bez potrzeby poprawek. Delikatne sk\u0142adniki od\u017cywcze w sk\u0142adzie &#8230; <a title=\"rom&#038;nd Better Than Palette 08 Peach Dahlia Garden 8.1g &#8211; Paleta cieni do powiek\" class=\"read-more\" href=\"https:\/\/admincentral.selleetools.com\/pl\/product\/romnd-better-than-palette-08-peach-dahlia-garden-8-1g-paleta-cieni-do-powiek\/\">Read more<span class=\"screen-reader-text\">rom&#038;nd Better Than Palette 08 Peach Dahlia Garden 8.1g &#8211; Paleta cieni do powiek<\/span><\/a><\/p>\n","protected":false},"featured_media":599661,"comment_status":"open","ping_status":"closed","template":"","meta":{"_links_to":"","_links_to_target":""},"yoast_head":"<!-- This site is optimized with the Yoast SEO plugin v19.4 - https:\/\/yoast.com\/wordpress\/plugins\/seo\/ -->\n<title>rom&amp;nd Better Than Palette 08 Peach Dahlia Garden 8.1g - Paleta cieni do powiek - Selleetools.com<\/title>\n<meta name=\"robots\" content=\"index, follow, max-snippet:-1, max-image-preview:large, max-video-preview:-1\" \/>\n<link rel=\"canonical\" href=\"https:\/\/admincentral.selleetools.com\/pl\/product\/romnd-better-than-palette-08-peach-dahlia-garden-8-1g-paleta-cieni-do-powiek\/\" \/>\n<meta property=\"og:locale\" content=\"pl_PL\" \/>\n<meta property=\"og:type\" content=\"article\" \/>\n<meta property=\"og:title\" content=\"rom&amp;nd Better Than Palette 08 Peach Dahlia Garden 8.1g - Paleta cieni do powiek - Selleetools.com\" \/>\n<meta property=\"og:description\" content=\"Paleta cieni rom&#038;nd Better Than Palette 08 Peach Dahlia Garden to idealne rozwi\u0105zanie dla mi\u0142o\u015bniczek subtelnych, ale jednocze\u015bnie wyrazistych makija\u017cy. Zestaw sk\u0142ada si\u0119 z harmonijnie dobranych odcieni brzoskwiniowych i kwiatowych, kt\u00f3re dodadz\u0105 \u015bwie\u017co\u015bci i promienno\u015bci ka\u017cdemu spojrzeniu. Korzy\u015bci dla sk\u00f3ry: Wysokiej jako\u015bci formu\u0142a cieni zapewnia d\u0142ugotrwa\u0142y efekt bez potrzeby poprawek. Delikatne sk\u0142adniki od\u017cywcze w sk\u0142adzie ... Read morerom&#038;nd Better Than Palette 08 Peach Dahlia Garden 8.1g &#8211; Paleta cieni do powiek\" \/>\n<meta property=\"og:url\" content=\"https:\/\/admincentral.selleetools.com\/pl\/product\/romnd-better-than-palette-08-peach-dahlia-garden-8-1g-paleta-cieni-do-powiek\/\" \/>\n<meta property=\"og:site_name\" content=\"Selleetools.com\" \/>\n<meta property=\"article:modified_time\" content=\"2025-10-30T15:35:59+00:00\" \/>\n<meta property=\"og:image\" content=\"https:\/\/selleetools.com\/wp-content\/uploads\/2025\/10\/6b57af2830e33437ce126a298c50dcdd.jpg\" \/>\n\t<meta property=\"og:image:width\" content=\"450\" \/>\n\t<meta property=\"og:image:height\" content=\"227\" \/>\n\t<meta property=\"og:image:type\" content=\"image\/jpeg\" \/>\n<meta name=\"twitter:card\" content=\"summary_large_image\" \/>\n<meta name=\"twitter:label1\" content=\"Est. reading time\" \/>\n\t<meta name=\"twitter:data1\" content=\"1 minuta\" \/>\n<!-- \/ Yoast SEO plugin. -->","yoast_head_json":{"title":"rom&nd Better Than Palette 08 Peach Dahlia Garden 8.1g - Paleta cieni do powiek - Selleetools.com","robots":{"index":"index","follow":"follow","max-snippet":"max-snippet:-1","max-image-preview":"max-image-preview:large","max-video-preview":"max-video-preview:-1"},"canonical":"https:\/\/admincentral.selleetools.com\/pl\/product\/romnd-better-than-palette-08-peach-dahlia-garden-8-1g-paleta-cieni-do-powiek\/","og_locale":"pl_PL","og_type":"article","og_title":"rom&nd Better Than Palette 08 Peach Dahlia Garden 8.1g - Paleta cieni do powiek - Selleetools.com","og_description":"Paleta cieni rom&#038;nd Better Than Palette 08 Peach Dahlia Garden to idealne rozwi\u0105zanie dla mi\u0142o\u015bniczek subtelnych, ale jednocze\u015bnie wyrazistych makija\u017cy. Zestaw sk\u0142ada si\u0119 z harmonijnie dobranych odcieni brzoskwiniowych i kwiatowych, kt\u00f3re dodadz\u0105 \u015bwie\u017co\u015bci i promienno\u015bci ka\u017cdemu spojrzeniu. Korzy\u015bci dla sk\u00f3ry: Wysokiej jako\u015bci formu\u0142a cieni zapewnia d\u0142ugotrwa\u0142y efekt bez potrzeby poprawek. Delikatne sk\u0142adniki od\u017cywcze w sk\u0142adzie ... Read morerom&#038;nd Better Than Palette 08 Peach Dahlia Garden 8.1g &#8211; Paleta cieni do powiek","og_url":"https:\/\/admincentral.selleetools.com\/pl\/product\/romnd-better-than-palette-08-peach-dahlia-garden-8-1g-paleta-cieni-do-powiek\/","og_site_name":"Selleetools.com","article_modified_time":"2025-10-30T15:35:59+00:00","og_image":[{"width":450,"height":227,"url":"https:\/\/selleetools.com\/wp-content\/uploads\/2025\/10\/6b57af2830e33437ce126a298c50dcdd.jpg","type":"image\/jpeg"}],"twitter_card":"summary_large_image","twitter_misc":{"Est. reading time":"1 minuta"},"schema":{"@context":"https:\/\/schema.org","@graph":[{"@type":"Organization","@id":"https:\/\/selleetools.com\/#organization","name":"Selleetools","url":"https:\/\/selleetools.com\/","sameAs":[],"logo":{"@type":"ImageObject","inLanguage":"pl-PL","@id":"https:\/\/selleetools.com\/#\/schema\/logo\/image\/","url":"https:\/\/selleetools.com\/wp-content\/uploads\/2021\/10\/logo-dark.png","contentUrl":"https:\/\/selleetools.com\/wp-content\/uploads\/2021\/10\/logo-dark.png","width":320,"height":76,"caption":"Selleetools"},"image":{"@id":"https:\/\/selleetools.com\/#\/schema\/logo\/image\/"}},{"@type":"WebSite","@id":"https:\/\/selleetools.com\/#website","url":"https:\/\/selleetools.com\/","name":"Selleetools.com","description":"","publisher":{"@id":"https:\/\/selleetools.com\/#organization"},"potentialAction":[{"@type":"SearchAction","target":{"@type":"EntryPoint","urlTemplate":"https:\/\/selleetools.com\/?s={search_term_string}"},"query-input":"required name=search_term_string"}],"inLanguage":"pl-PL"},{"@type":"WebPage","@id":"https:\/\/admincentral.selleetools.com\/pl\/product\/romnd-better-than-palette-08-peach-dahlia-garden-8-1g-paleta-cieni-do-powiek\/","url":"https:\/\/admincentral.selleetools.com\/pl\/product\/romnd-better-than-palette-08-peach-dahlia-garden-8-1g-paleta-cieni-do-powiek\/","name":"rom&nd Better Than Palette 08 Peach Dahlia Garden 8.1g - Paleta cieni do powiek - Selleetools.com","isPartOf":{"@id":"https:\/\/selleetools.com\/#website"},"datePublished":"2025-10-22T07:10:49+00:00","dateModified":"2025-10-30T15:35:59+00:00","breadcrumb":{"@id":"https:\/\/admincentral.selleetools.com\/pl\/product\/romnd-better-than-palette-08-peach-dahlia-garden-8-1g-paleta-cieni-do-powiek\/#breadcrumb"},"inLanguage":"pl-PL","potentialAction":[{"@type":"ReadAction","target":["https:\/\/admincentral.selleetools.com\/pl\/product\/romnd-better-than-palette-08-peach-dahlia-garden-8-1g-paleta-cieni-do-powiek\/"]}]},{"@type":"BreadcrumbList","@id":"https:\/\/admincentral.selleetools.com\/pl\/product\/romnd-better-than-palette-08-peach-dahlia-garden-8-1g-paleta-cieni-do-powiek\/#breadcrumb","itemListElement":[{"@type":"ListItem","position":1,"name":"Home","item":"https:\/\/selleetools.com\/pl\/"},{"@type":"ListItem","position":2,"name":"Katalog","item":"https:\/\/selleetools.com\/pl\/katalog\/"},{"@type":"ListItem","position":3,"name":"rom&#038;nd Better Than Palette 08 Peach Dahlia Garden 8.1g &#8211; Paleta cieni do powiek"}]}]}},"_links":{"self":[{"href":"https:\/\/admincentral.selleetools.com\/pl\/wp-json\/wp\/v2\/product\/599665"}],"collection":[{"href":"https:\/\/admincentral.selleetools.com\/pl\/wp-json\/wp\/v2\/product"}],"about":[{"href":"https:\/\/admincentral.selleetools.com\/pl\/wp-json\/wp\/v2\/types\/product"}],"replies":[{"embeddable":true,"href":"https:\/\/admincentral.selleetools.com\/pl\/wp-json\/wp\/v2\/comments?post=599665"}],"wp:featuredmedia":[{"embeddable":true,"href":"https:\/\/admincentral.selleetools.com\/pl\/wp-json\/wp\/v2\/media\/599661"}],"wp:attachment":[{"href":"https:\/\/admincentral.selleetools.com\/pl\/wp-json\/wp\/v2\/media?parent=599665"}],"curies":[{"name":"wp","href":"https:\/\/api.w.org\/{rel}","templated":true}]}}