{"id":599708,"date":"2025-10-22T09:11:32","date_gmt":"2025-10-22T07:11:32","guid":{"rendered":"https:\/\/selleetools.com\/?post_type=product&#038;p=599708"},"modified":"2025-12-26T16:54:56","modified_gmt":"2025-12-26T15:54:56","slug":"purederm-firming-repair-hand-mask-30-g-ujedrniajaco-regenerujaca-maseczka-do-dloni","status":"publish","type":"product","link":"https:\/\/admincentral.selleetools.com\/pl\/product\/purederm-firming-repair-hand-mask-30-g-ujedrniajaco-regenerujaca-maseczka-do-dloni\/","title":{"rendered":"PUREDERM Firming Repair Hand Mask, 30 g &#8211; Uj\u0119drniaj\u0105co-regeneruj\u0105ca maseczka do d\u0142oni"},"content":{"rendered":"<p>PUREDERM &#8211; Firming Repair Hand Mask, 30g<br \/>\nUj\u0119drniaj\u0105co-regeneruj\u0105ca maseczka do d\u0142oni, zaprojektowana, aby intensywnie nawil\u017ca\u0107, wyg\u0142adza\u0107 i przywraca\u0107 elastyczno\u015b\u0107 sk\u00f3rze r\u0105k. Maska dzia\u0142a jak intensywna terapia, kt\u00f3ra regeneruje such\u0105 i zniszczon\u0105 sk\u00f3r\u0119, pozostawiaj\u0105c d\u0142onie mi\u0119kkie, g\u0142adkie i zrewitalizowane. Jednorazowa maseczka w formie r\u0119kawiczek, nas\u0105czona bogat\u0105 formu\u0142\u0105 sk\u0142adnik\u00f3w od\u017cywczych. Produkt jest \u0142atwy w u\u017cyciu i idealny do intensywnej piel\u0119gnacji d\u0142oni, zw\u0142aszcza dla os\u00f3b borykaj\u0105cych si\u0119 z such\u0105, szorstk\u0105 i pozbawion\u0105 elastyczno\u015bci sk\u00f3r\u0105. Maska pomaga w poprawie j\u0119drno\u015bci sk\u00f3ry, wspieraj\u0105c jej naturaln\u0105 elastyczno\u015b\u0107.  Sk\u0142adniki regeneruj\u0105ce intensywnie odbudowuj\u0105 zniszczon\u0105 sk\u00f3r\u0119 d\u0142oni, poprawiaj\u0105c jej kondycj\u0119. Maska g\u0142\u0119boko nawil\u017ca sk\u00f3r\u0119, przeciwdzia\u0142aj\u0105c sucho\u015bci i szorstko\u015bci.<\/p>\n<p>Korzy\u015bci dla sk\u00f3ry:<br \/>\nMi\u0119kkie i g\u0142adkie d\u0142onie: Sk\u00f3ra staje si\u0119 jedwabi\u015bcie g\u0142adka i mi\u0119kka ju\u017c po pierwszym u\u017cyciu.<br \/>\nOchrona przed starzeniem: Regularne stosowanie maski pomaga chroni\u0107 sk\u00f3r\u0119 przed przedwczesnym starzeniem si\u0119, przywracaj\u0105c jej zdrowy wygl\u0105d.<br \/>\nIntensywne nawil\u017cenie: Sk\u00f3ra d\u0142oni jest g\u0142\u0119boko nawil\u017cona, co zmniejsza uczucie sucho\u015bci i napi\u0119cia.<\/p>\n<p>Spos\u00f3b u\u017cycia: Umyj i osusz d\u0142onie przed na\u0142o\u017ceniem maski. Otw\u00f3rz opakowanie i na\u0142\u00f3\u017c r\u0119kawiczki-mask\u0119 na d\u0142onie. Pozostaw mask\u0119 na 20-30 minut, aby sk\u0142adniki aktywne mia\u0142y czas na dzia\u0142anie. Po up\u0142ywie czasu zdejmij r\u0119kawiczki i delikatnie wmasuj pozosta\u0142o\u015bci produktu w sk\u00f3r\u0119, a\u017c do ca\u0142kowitego wch\u0142oni\u0119cia.<\/p>\n","protected":false},"excerpt":{"rendered":"<p>PUREDERM &#8211; Firming Repair Hand Mask, 30g Uj\u0119drniaj\u0105co-regeneruj\u0105ca maseczka do d\u0142oni, zaprojektowana, aby intensywnie nawil\u017ca\u0107, wyg\u0142adza\u0107 i przywraca\u0107 elastyczno\u015b\u0107 sk\u00f3rze r\u0105k. Maska dzia\u0142a jak intensywna terapia, kt\u00f3ra regeneruje such\u0105 i zniszczon\u0105 sk\u00f3r\u0119, pozostawiaj\u0105c d\u0142onie mi\u0119kkie, g\u0142adkie i zrewitalizowane. Jednorazowa maseczka w formie r\u0119kawiczek, nas\u0105czona bogat\u0105 formu\u0142\u0105 sk\u0142adnik\u00f3w od\u017cywczych. Produkt jest \u0142atwy w u\u017cyciu i idealny &#8230; <a title=\"PUREDERM Firming Repair Hand Mask, 30 g &#8211; Uj\u0119drniaj\u0105co-regeneruj\u0105ca maseczka do d\u0142oni\" class=\"read-more\" href=\"https:\/\/admincentral.selleetools.com\/pl\/product\/purederm-firming-repair-hand-mask-30-g-ujedrniajaco-regenerujaca-maseczka-do-dloni\/\">Read more<span class=\"screen-reader-text\">PUREDERM Firming Repair Hand Mask, 30 g &#8211; Uj\u0119drniaj\u0105co-regeneruj\u0105ca maseczka do d\u0142oni<\/span><\/a><\/p>\n","protected":false},"featured_media":599706,"comment_status":"open","ping_status":"closed","template":"","meta":{"_links_to":"","_links_to_target":""},"yoast_head":"<!-- This site is optimized with the Yoast SEO plugin v19.4 - https:\/\/yoast.com\/wordpress\/plugins\/seo\/ -->\n<title>PUREDERM Firming Repair Hand Mask, 30 g - Uj\u0119drniaj\u0105co-regeneruj\u0105ca maseczka do d\u0142oni - Selleetools.com<\/title>\n<meta name=\"robots\" content=\"index, follow, max-snippet:-1, max-image-preview:large, max-video-preview:-1\" \/>\n<link rel=\"canonical\" href=\"https:\/\/selleetools.com\/pl\/product\/purederm-firming-repair-hand-mask-30-g-ujedrniajaco-regenerujaca-maseczka-do-dloni\/\" \/>\n<meta property=\"og:locale\" content=\"pl_PL\" \/>\n<meta property=\"og:type\" content=\"article\" \/>\n<meta property=\"og:title\" content=\"PUREDERM Firming Repair Hand Mask, 30 g - Uj\u0119drniaj\u0105co-regeneruj\u0105ca maseczka do d\u0142oni - Selleetools.com\" \/>\n<meta property=\"og:description\" content=\"PUREDERM &#8211; Firming Repair Hand Mask, 30g Uj\u0119drniaj\u0105co-regeneruj\u0105ca maseczka do d\u0142oni, zaprojektowana, aby intensywnie nawil\u017ca\u0107, wyg\u0142adza\u0107 i przywraca\u0107 elastyczno\u015b\u0107 sk\u00f3rze r\u0105k. Maska dzia\u0142a jak intensywna terapia, kt\u00f3ra regeneruje such\u0105 i zniszczon\u0105 sk\u00f3r\u0119, pozostawiaj\u0105c d\u0142onie mi\u0119kkie, g\u0142adkie i zrewitalizowane. Jednorazowa maseczka w formie r\u0119kawiczek, nas\u0105czona bogat\u0105 formu\u0142\u0105 sk\u0142adnik\u00f3w od\u017cywczych. Produkt jest \u0142atwy w u\u017cyciu i idealny ... Read morePUREDERM Firming Repair Hand Mask, 30 g &#8211; Uj\u0119drniaj\u0105co-regeneruj\u0105ca maseczka do d\u0142oni\" \/>\n<meta property=\"og:url\" content=\"https:\/\/selleetools.com\/pl\/product\/purederm-firming-repair-hand-mask-30-g-ujedrniajaco-regenerujaca-maseczka-do-dloni\/\" \/>\n<meta property=\"og:site_name\" content=\"Selleetools.com\" \/>\n<meta property=\"article:modified_time\" content=\"2025-12-26T15:54:56+00:00\" \/>\n<meta property=\"og:image\" content=\"https:\/\/selleetools.com\/wp-content\/uploads\/2025\/10\/4860de99c8fd3327bd5474ab2a35ae88.png\" \/>\n\t<meta property=\"og:image:width\" content=\"580\" \/>\n\t<meta property=\"og:image:height\" content=\"580\" \/>\n\t<meta property=\"og:image:type\" content=\"image\/png\" \/>\n<meta name=\"twitter:card\" content=\"summary_large_image\" \/>\n<meta name=\"twitter:label1\" content=\"Est. reading time\" \/>\n\t<meta name=\"twitter:data1\" content=\"1 minuta\" \/>\n<!-- \/ Yoast SEO plugin. -->","yoast_head_json":{"title":"PUREDERM Firming Repair Hand Mask, 30 g - Uj\u0119drniaj\u0105co-regeneruj\u0105ca maseczka do d\u0142oni - Selleetools.com","robots":{"index":"index","follow":"follow","max-snippet":"max-snippet:-1","max-image-preview":"max-image-preview:large","max-video-preview":"max-video-preview:-1"},"canonical":"https:\/\/selleetools.com\/pl\/product\/purederm-firming-repair-hand-mask-30-g-ujedrniajaco-regenerujaca-maseczka-do-dloni\/","og_locale":"pl_PL","og_type":"article","og_title":"PUREDERM Firming Repair Hand Mask, 30 g - Uj\u0119drniaj\u0105co-regeneruj\u0105ca maseczka do d\u0142oni - Selleetools.com","og_description":"PUREDERM &#8211; Firming Repair Hand Mask, 30g Uj\u0119drniaj\u0105co-regeneruj\u0105ca maseczka do d\u0142oni, zaprojektowana, aby intensywnie nawil\u017ca\u0107, wyg\u0142adza\u0107 i przywraca\u0107 elastyczno\u015b\u0107 sk\u00f3rze r\u0105k. Maska dzia\u0142a jak intensywna terapia, kt\u00f3ra regeneruje such\u0105 i zniszczon\u0105 sk\u00f3r\u0119, pozostawiaj\u0105c d\u0142onie mi\u0119kkie, g\u0142adkie i zrewitalizowane. Jednorazowa maseczka w formie r\u0119kawiczek, nas\u0105czona bogat\u0105 formu\u0142\u0105 sk\u0142adnik\u00f3w od\u017cywczych. Produkt jest \u0142atwy w u\u017cyciu i idealny ... Read morePUREDERM Firming Repair Hand Mask, 30 g &#8211; Uj\u0119drniaj\u0105co-regeneruj\u0105ca maseczka do d\u0142oni","og_url":"https:\/\/selleetools.com\/pl\/product\/purederm-firming-repair-hand-mask-30-g-ujedrniajaco-regenerujaca-maseczka-do-dloni\/","og_site_name":"Selleetools.com","article_modified_time":"2025-12-26T15:54:56+00:00","og_image":[{"width":580,"height":580,"url":"https:\/\/selleetools.com\/wp-content\/uploads\/2025\/10\/4860de99c8fd3327bd5474ab2a35ae88.png","type":"image\/png"}],"twitter_card":"summary_large_image","twitter_misc":{"Est. reading time":"1 minuta"},"schema":{"@context":"https:\/\/schema.org","@graph":[{"@type":"Organization","@id":"https:\/\/selleetools.com\/#organization","name":"Selleetools","url":"https:\/\/selleetools.com\/","sameAs":[],"logo":{"@type":"ImageObject","inLanguage":"pl-PL","@id":"https:\/\/selleetools.com\/#\/schema\/logo\/image\/","url":"https:\/\/selleetools.com\/wp-content\/uploads\/2021\/10\/logo-dark.png","contentUrl":"https:\/\/selleetools.com\/wp-content\/uploads\/2021\/10\/logo-dark.png","width":320,"height":76,"caption":"Selleetools"},"image":{"@id":"https:\/\/selleetools.com\/#\/schema\/logo\/image\/"}},{"@type":"WebSite","@id":"https:\/\/selleetools.com\/#website","url":"https:\/\/selleetools.com\/","name":"Selleetools.com","description":"","publisher":{"@id":"https:\/\/selleetools.com\/#organization"},"potentialAction":[{"@type":"SearchAction","target":{"@type":"EntryPoint","urlTemplate":"https:\/\/selleetools.com\/?s={search_term_string}"},"query-input":"required name=search_term_string"}],"inLanguage":"pl-PL"},{"@type":"WebPage","@id":"https:\/\/selleetools.com\/pl\/product\/purederm-firming-repair-hand-mask-30-g-ujedrniajaco-regenerujaca-maseczka-do-dloni\/","url":"https:\/\/selleetools.com\/pl\/product\/purederm-firming-repair-hand-mask-30-g-ujedrniajaco-regenerujaca-maseczka-do-dloni\/","name":"PUREDERM Firming Repair Hand Mask, 30 g - Uj\u0119drniaj\u0105co-regeneruj\u0105ca maseczka do d\u0142oni - Selleetools.com","isPartOf":{"@id":"https:\/\/selleetools.com\/#website"},"datePublished":"2025-10-22T07:11:32+00:00","dateModified":"2025-12-26T15:54:56+00:00","breadcrumb":{"@id":"https:\/\/selleetools.com\/pl\/product\/purederm-firming-repair-hand-mask-30-g-ujedrniajaco-regenerujaca-maseczka-do-dloni\/#breadcrumb"},"inLanguage":"pl-PL","potentialAction":[{"@type":"ReadAction","target":["https:\/\/selleetools.com\/pl\/product\/purederm-firming-repair-hand-mask-30-g-ujedrniajaco-regenerujaca-maseczka-do-dloni\/"]}]},{"@type":"BreadcrumbList","@id":"https:\/\/selleetools.com\/pl\/product\/purederm-firming-repair-hand-mask-30-g-ujedrniajaco-regenerujaca-maseczka-do-dloni\/#breadcrumb","itemListElement":[{"@type":"ListItem","position":1,"name":"Home","item":"https:\/\/selleetools.com\/pl\/"},{"@type":"ListItem","position":2,"name":"Katalog","item":"https:\/\/selleetools.com\/pl\/katalog\/"},{"@type":"ListItem","position":3,"name":"PUREDERM Firming Repair Hand Mask, 30 g &#8211; Uj\u0119drniaj\u0105co-regeneruj\u0105ca maseczka do d\u0142oni"}]}]}},"_links":{"self":[{"href":"https:\/\/admincentral.selleetools.com\/pl\/wp-json\/wp\/v2\/product\/599708"}],"collection":[{"href":"https:\/\/admincentral.selleetools.com\/pl\/wp-json\/wp\/v2\/product"}],"about":[{"href":"https:\/\/admincentral.selleetools.com\/pl\/wp-json\/wp\/v2\/types\/product"}],"replies":[{"embeddable":true,"href":"https:\/\/admincentral.selleetools.com\/pl\/wp-json\/wp\/v2\/comments?post=599708"}],"wp:featuredmedia":[{"embeddable":true,"href":"https:\/\/admincentral.selleetools.com\/pl\/wp-json\/wp\/v2\/media\/599706"}],"wp:attachment":[{"href":"https:\/\/admincentral.selleetools.com\/pl\/wp-json\/wp\/v2\/media?parent=599708"}],"curies":[{"name":"wp","href":"https:\/\/api.w.org\/{rel}","templated":true}]}}