{"id":599711,"date":"2025-10-22T09:11:35","date_gmt":"2025-10-22T07:11:35","guid":{"rendered":"https:\/\/selleetools.com\/?post_type=product&#038;p=599711"},"modified":"2025-12-26T16:54:58","modified_gmt":"2025-12-26T15:54:58","slug":"purederm-heating-moisture-foot-mask-1-para-2-x-17-g-rozgrzewajaca-maska-do-stop-w-postaci-skarpetek","status":"publish","type":"product","link":"https:\/\/admincentral.selleetools.com\/pl\/product\/purederm-heating-moisture-foot-mask-1-para-2-x-17-g-rozgrzewajaca-maska-do-stop-w-postaci-skarpetek\/","title":{"rendered":"PUREDERM Heating, moisture foot mask 1 para 2 x 17 g &#8211; rozgrzewaj\u0105ca maska do st\u00f3p w postaci skarpetek"},"content":{"rendered":"<p>PUREDERM &#8211; Heating Moisture Foot Mask (1 para, 2x17g)<br \/>\nRozgrzewaj\u0105ca maska do st\u00f3p w formie skarpetek, kt\u00f3ra zapewnia intensywne nawil\u017cenie i relaks. Dzi\u0119ki swojej innowacyjnej formule, maska dzia\u0142a rozgrzewaj\u0105co, co pomaga w poprawie kr\u0105\u017cenia i odpr\u0119\u017ceniu zm\u0119czonych st\u00f3p. Specjalnie zaprojektowane skarpetki wype\u0142nione od\u017cywcz\u0105 esencj\u0105, kt\u00f3ra zapewnia ciep\u0142o i nawil\u017cenie dla Twoich st\u00f3p. Produkt ten \u0142\u0105czy dzia\u0142anie rozgrzewaj\u0105ce z intensywn\u0105 piel\u0119gnacj\u0105, co sprawia, \u017ce jest idealny do relaksuj\u0105cych wieczor\u00f3w i zabieg\u00f3w SPA w domu. Maska generuje delikatne ciep\u0142o, kt\u00f3re pomaga w rozlu\u017anieniu mi\u0119\u015bni st\u00f3p i poprawie kr\u0105\u017cenia krwi. Esencja zawarta w masce intensywnie nawil\u017ca sk\u00f3r\u0119 st\u00f3p, przeciwdzia\u0142aj\u0105c sucho\u015bci i szorstko\u015bci.   Ciep\u0142o i nawil\u017cenie wspieraj\u0105 odpr\u0119\u017cenie i regeneracj\u0119 zm\u0119czonych st\u00f3p.<\/p>\n<p>Korzy\u015bci dla sk\u00f3ry:<br \/>\nMi\u0119kko\u015b\u0107 i g\u0142adko\u015b\u0107: Sk\u00f3ra st\u00f3p staje si\u0119 mi\u0119kka i g\u0142adka dzi\u0119ki intensywnemu nawil\u017ceniu.<br \/>\nRelaksacja: Ciep\u0142o maski sprzyja relaksowi, \u0142agodz\u0105c napi\u0119cie i zm\u0119czenie.<br \/>\nPoprawa kr\u0105\u017cenia: Rozgrzewaj\u0105ce dzia\u0142anie mo\u017ce wspiera\u0107 lepsze kr\u0105\u017cenie krwi w stopach, co jest korzystne dla zdrowia sk\u00f3ry.<\/p>\n<p>Spos\u00f3b u\u017cycia: Umyj i osusz stopy przed na\u0142o\u017ceniem maski. Otw\u00f3rz opakowanie i za\u0142\u00f3\u017c skarpetki-mask\u0119 na stopy, upewniaj\u0105c si\u0119, \u017ce s\u0105 dobrze dopasowane. Pozostaw mask\u0119 na 20-30 minut, aby sk\u0142adniki aktywne mog\u0142y zadzia\u0142a\u0107 i ciep\u0142o mia\u0142o czas na dzia\u0142anie. Po up\u0142ywie czasu zdejmij skarpetki i delikatnie wmasuj pozosta\u0142\u0105 esencj\u0119 w sk\u00f3r\u0119 st\u00f3p, a\u017c do ca\u0142kowitego wch\u0142oni\u0119cia.<\/p>\n","protected":false},"excerpt":{"rendered":"<p>PUREDERM &#8211; Heating Moisture Foot Mask (1 para, 2x17g) Rozgrzewaj\u0105ca maska do st\u00f3p w formie skarpetek, kt\u00f3ra zapewnia intensywne nawil\u017cenie i relaks. Dzi\u0119ki swojej innowacyjnej formule, maska dzia\u0142a rozgrzewaj\u0105co, co pomaga w poprawie kr\u0105\u017cenia i odpr\u0119\u017ceniu zm\u0119czonych st\u00f3p. Specjalnie zaprojektowane skarpetki wype\u0142nione od\u017cywcz\u0105 esencj\u0105, kt\u00f3ra zapewnia ciep\u0142o i nawil\u017cenie dla Twoich st\u00f3p. Produkt ten \u0142\u0105czy &#8230; <a title=\"PUREDERM Heating, moisture foot mask 1 para 2 x 17 g &#8211; rozgrzewaj\u0105ca maska do st\u00f3p w postaci skarpetek\" class=\"read-more\" href=\"https:\/\/admincentral.selleetools.com\/pl\/product\/purederm-heating-moisture-foot-mask-1-para-2-x-17-g-rozgrzewajaca-maska-do-stop-w-postaci-skarpetek\/\">Read more<span class=\"screen-reader-text\">PUREDERM Heating, moisture foot mask 1 para 2 x 17 g &#8211; rozgrzewaj\u0105ca maska do st\u00f3p w postaci skarpetek<\/span><\/a><\/p>\n","protected":false},"featured_media":599709,"comment_status":"open","ping_status":"closed","template":"","meta":{"_links_to":"","_links_to_target":""},"yoast_head":"<!-- This site is optimized with the Yoast SEO plugin v19.4 - https:\/\/yoast.com\/wordpress\/plugins\/seo\/ -->\n<title>PUREDERM Heating, moisture foot mask 1 para 2 x 17 g - rozgrzewaj\u0105ca maska do st\u00f3p w postaci skarpetek - Selleetools.com<\/title>\n<meta name=\"robots\" content=\"index, follow, max-snippet:-1, max-image-preview:large, max-video-preview:-1\" \/>\n<link rel=\"canonical\" href=\"https:\/\/selleetools.com\/product\/purederm-heating-moisture-foot-mask-1-para-2-x-17-g-rozgrzewajaca-maska-do-stop-w-postaci-skarpetek\/\" \/>\n<meta property=\"og:locale\" content=\"pl_PL\" \/>\n<meta property=\"og:type\" content=\"article\" \/>\n<meta property=\"og:title\" content=\"PUREDERM Heating, moisture foot mask 1 para 2 x 17 g - rozgrzewaj\u0105ca maska do st\u00f3p w postaci skarpetek - Selleetools.com\" \/>\n<meta property=\"og:description\" content=\"PUREDERM &#8211; Heating Moisture Foot Mask (1 para, 2x17g) Rozgrzewaj\u0105ca maska do st\u00f3p w formie skarpetek, kt\u00f3ra zapewnia intensywne nawil\u017cenie i relaks. Dzi\u0119ki swojej innowacyjnej formule, maska dzia\u0142a rozgrzewaj\u0105co, co pomaga w poprawie kr\u0105\u017cenia i odpr\u0119\u017ceniu zm\u0119czonych st\u00f3p. Specjalnie zaprojektowane skarpetki wype\u0142nione od\u017cywcz\u0105 esencj\u0105, kt\u00f3ra zapewnia ciep\u0142o i nawil\u017cenie dla Twoich st\u00f3p. Produkt ten \u0142\u0105czy ... Read morePUREDERM Heating, moisture foot mask 1 para 2 x 17 g &#8211; rozgrzewaj\u0105ca maska do st\u00f3p w postaci skarpetek\" \/>\n<meta property=\"og:url\" content=\"https:\/\/selleetools.com\/product\/purederm-heating-moisture-foot-mask-1-para-2-x-17-g-rozgrzewajaca-maska-do-stop-w-postaci-skarpetek\/\" \/>\n<meta property=\"og:site_name\" content=\"Selleetools.com\" \/>\n<meta property=\"article:modified_time\" content=\"2025-12-26T15:54:58+00:00\" \/>\n<meta property=\"og:image\" content=\"https:\/\/selleetools.com\/wp-content\/uploads\/2025\/10\/bba93384c1323da4e8bcb9ac3f8d8ec9.png\" \/>\n\t<meta property=\"og:image:width\" content=\"580\" \/>\n\t<meta property=\"og:image:height\" content=\"580\" \/>\n\t<meta property=\"og:image:type\" content=\"image\/png\" \/>\n<meta name=\"twitter:card\" content=\"summary_large_image\" \/>\n<meta name=\"twitter:label1\" content=\"Est. reading time\" \/>\n\t<meta name=\"twitter:data1\" content=\"1 minuta\" \/>\n<!-- \/ Yoast SEO plugin. -->","yoast_head_json":{"title":"PUREDERM Heating, moisture foot mask 1 para 2 x 17 g - rozgrzewaj\u0105ca maska do st\u00f3p w postaci skarpetek - Selleetools.com","robots":{"index":"index","follow":"follow","max-snippet":"max-snippet:-1","max-image-preview":"max-image-preview:large","max-video-preview":"max-video-preview:-1"},"canonical":"https:\/\/selleetools.com\/product\/purederm-heating-moisture-foot-mask-1-para-2-x-17-g-rozgrzewajaca-maska-do-stop-w-postaci-skarpetek\/","og_locale":"pl_PL","og_type":"article","og_title":"PUREDERM Heating, moisture foot mask 1 para 2 x 17 g - rozgrzewaj\u0105ca maska do st\u00f3p w postaci skarpetek - Selleetools.com","og_description":"PUREDERM &#8211; Heating Moisture Foot Mask (1 para, 2x17g) Rozgrzewaj\u0105ca maska do st\u00f3p w formie skarpetek, kt\u00f3ra zapewnia intensywne nawil\u017cenie i relaks. Dzi\u0119ki swojej innowacyjnej formule, maska dzia\u0142a rozgrzewaj\u0105co, co pomaga w poprawie kr\u0105\u017cenia i odpr\u0119\u017ceniu zm\u0119czonych st\u00f3p. Specjalnie zaprojektowane skarpetki wype\u0142nione od\u017cywcz\u0105 esencj\u0105, kt\u00f3ra zapewnia ciep\u0142o i nawil\u017cenie dla Twoich st\u00f3p. Produkt ten \u0142\u0105czy ... Read morePUREDERM Heating, moisture foot mask 1 para 2 x 17 g &#8211; rozgrzewaj\u0105ca maska do st\u00f3p w postaci skarpetek","og_url":"https:\/\/selleetools.com\/product\/purederm-heating-moisture-foot-mask-1-para-2-x-17-g-rozgrzewajaca-maska-do-stop-w-postaci-skarpetek\/","og_site_name":"Selleetools.com","article_modified_time":"2025-12-26T15:54:58+00:00","og_image":[{"width":580,"height":580,"url":"https:\/\/selleetools.com\/wp-content\/uploads\/2025\/10\/bba93384c1323da4e8bcb9ac3f8d8ec9.png","type":"image\/png"}],"twitter_card":"summary_large_image","twitter_misc":{"Est. reading time":"1 minuta"},"schema":{"@context":"https:\/\/schema.org","@graph":[{"@type":"Organization","@id":"https:\/\/selleetools.com\/#organization","name":"Selleetools","url":"https:\/\/selleetools.com\/","sameAs":[],"logo":{"@type":"ImageObject","inLanguage":"pl-PL","@id":"https:\/\/selleetools.com\/#\/schema\/logo\/image\/","url":"https:\/\/selleetools.com\/wp-content\/uploads\/2021\/10\/logo-dark.png","contentUrl":"https:\/\/selleetools.com\/wp-content\/uploads\/2021\/10\/logo-dark.png","width":320,"height":76,"caption":"Selleetools"},"image":{"@id":"https:\/\/selleetools.com\/#\/schema\/logo\/image\/"}},{"@type":"WebSite","@id":"https:\/\/selleetools.com\/#website","url":"https:\/\/selleetools.com\/","name":"Selleetools.com","description":"","publisher":{"@id":"https:\/\/selleetools.com\/#organization"},"potentialAction":[{"@type":"SearchAction","target":{"@type":"EntryPoint","urlTemplate":"https:\/\/selleetools.com\/?s={search_term_string}"},"query-input":"required name=search_term_string"}],"inLanguage":"pl-PL"},{"@type":"WebPage","@id":"https:\/\/selleetools.com\/product\/purederm-heating-moisture-foot-mask-1-para-2-x-17-g-rozgrzewajaca-maska-do-stop-w-postaci-skarpetek\/","url":"https:\/\/selleetools.com\/product\/purederm-heating-moisture-foot-mask-1-para-2-x-17-g-rozgrzewajaca-maska-do-stop-w-postaci-skarpetek\/","name":"PUREDERM Heating, moisture foot mask 1 para 2 x 17 g - rozgrzewaj\u0105ca maska do st\u00f3p w postaci skarpetek - Selleetools.com","isPartOf":{"@id":"https:\/\/selleetools.com\/#website"},"datePublished":"2025-10-22T07:11:35+00:00","dateModified":"2025-12-26T15:54:58+00:00","breadcrumb":{"@id":"https:\/\/selleetools.com\/product\/purederm-heating-moisture-foot-mask-1-para-2-x-17-g-rozgrzewajaca-maska-do-stop-w-postaci-skarpetek\/#breadcrumb"},"inLanguage":"pl-PL","potentialAction":[{"@type":"ReadAction","target":["https:\/\/selleetools.com\/product\/purederm-heating-moisture-foot-mask-1-para-2-x-17-g-rozgrzewajaca-maska-do-stop-w-postaci-skarpetek\/"]}]},{"@type":"BreadcrumbList","@id":"https:\/\/selleetools.com\/product\/purederm-heating-moisture-foot-mask-1-para-2-x-17-g-rozgrzewajaca-maska-do-stop-w-postaci-skarpetek\/#breadcrumb","itemListElement":[{"@type":"ListItem","position":1,"name":"Home","item":"https:\/\/selleetools.com\/pl\/"},{"@type":"ListItem","position":2,"name":"Katalog","item":"https:\/\/selleetools.com\/pl\/katalog\/"},{"@type":"ListItem","position":3,"name":"PUREDERM Heating, moisture foot mask 1 para 2 x 17 g &#8211; rozgrzewaj\u0105ca maska do st\u00f3p w postaci skarpetek"}]}]}},"_links":{"self":[{"href":"https:\/\/admincentral.selleetools.com\/pl\/wp-json\/wp\/v2\/product\/599711"}],"collection":[{"href":"https:\/\/admincentral.selleetools.com\/pl\/wp-json\/wp\/v2\/product"}],"about":[{"href":"https:\/\/admincentral.selleetools.com\/pl\/wp-json\/wp\/v2\/types\/product"}],"replies":[{"embeddable":true,"href":"https:\/\/admincentral.selleetools.com\/pl\/wp-json\/wp\/v2\/comments?post=599711"}],"wp:featuredmedia":[{"embeddable":true,"href":"https:\/\/admincentral.selleetools.com\/pl\/wp-json\/wp\/v2\/media\/599709"}],"wp:attachment":[{"href":"https:\/\/admincentral.selleetools.com\/pl\/wp-json\/wp\/v2\/media?parent=599711"}],"curies":[{"name":"wp","href":"https:\/\/api.w.org\/{rel}","templated":true}]}}